{"id":82477,"date":"2024-06-11T13:23:31","date_gmt":"2024-06-11T11:23:31","guid":{"rendered":"https:\/\/astridlindgrensvarld.se\/?page_id=82477"},"modified":"2024-06-25T12:58:09","modified_gmt":"2024-06-25T10:58:09","slug":"midsummer","status":"publish","type":"page","link":"https:\/\/astridlindgrensvarld.se\/en\/opening-hours-and-calendar\/midsummer\/","title":{"rendered":"Midsummer 2024"},"content":{"rendered":"\n<div class=\"relative flex flex-col items-center  w-full h-screen max-h-[960px] mobile:mb-[200px] desktop:max-h-[780px] min-h-[700px] mobile:min-h-[500px] justify-start mobile:max-h-none mobile:h-full\">\n\t\t\t\t\t\t\t<img decoding=\"async\" class=\"top-0 object-cover w-full h-[60vh]  max-h-[746px] desktop:max-h-[650px] min-h-[700px] mobile:min-h-[540px] mobile:hidden\" src=\"https:\/\/astridlindgrensvarld.se\/wp-content\/uploads\/2023\/12\/midsommar2-1-3200x1440px.jpg\" alt=\"\">\n\t<img decoding=\"async\" class=\"top-0 object-cover w-full h-[60vh] min-h-[700px] mobile:min-h-[540px] hidden mobile:block\" src=\"https:\/\/astridlindgrensvarld.se\/wp-content\/uploads\/2024\/02\/midsommar2-1-810x1440-1.jpg\" alt=\"\">\n\t\t\t\t\t\t\t<div class=\"absolute bottom-0 mobile:bottom-[-200px] z-10 flex flex-col items-center w-full inner-contain gap-7 desktop-sm:px-4 mobile:px-2\">\n\t\t\t\t<div class=\"bg-whiteish px-[80px] py-6 mobile:p-2 flex flex-col items-center gap-4 mobile:gap-4 text-black text-center rounded-lg lg-shadow w-full\">\n\t\t\t\t\t<div class=\"flex flex-col items-center justify-start gap-1\">\n\n\t\t\t\t\t\t<h1 class=\"text-brightRed -hero\">Midsummer&#8217;s Eve, Friday, June 21<\/h1>\n\t\t\t\t\t\t\t\t\t\t\t<\/div>\n\n\t\t\t\t\t<p class=\"-large text-darkRed mobile:!text-[16px]\">A Midsummer&#8217;s Eve in Astrid Lindgren&#8217;s World doesn&#8217;t really look like any other day in the park.<\/p>\n\t\t\t\t\t\t\t\t\t\t\t\t\t\t<\/div>\n\t\t\t<\/div>\n\t\t\t<\/div>\n\n\n<div data-aos=\"\" data-aos-duration=\"\" class=\"tablet:px-4 mobile-sm:px-2\">\n\t<div class=\"flex flex-col items-center w-full px-6 m-auto rounded-md mobile:px-5 inner-contain bg-whiteish my-7\">\n\n\t\t\t\t<div class=\"flex flex-col items-center justify-center w-full m-auto py-7 desktop-sm:px-4 tablet:px-0 text-contain\">\n\t\t\t<div class=\"flex flex-col items-center justify-center w-full\">\n\n\t\t\t\t\t\t\t\t\t\t\t\t\t\t\t<div class=\"flex flex-col items-center justify-center w-full pb-5\">\n\n\t\t\t\t\t\t\t<div class=\"wysiwyg-style text-center\">\n\t\t\t\t\t\t\t\t<p>From 14:30 we meet in Bj\u00f6rkdungen to help each other dress the maypole and decorate the wreaths with flowers.<\/p>\n<p><strong>14:50-15:00 Raising of the midsummer pole.<\/strong><\/p>\n<p><strong>15:00-15:55 Dancing and playing around the maypole.<\/strong><\/p>\n<p><strong><br \/>\n<\/strong>Miss Prysselius leads the games and of course she has good and stable help from our policemen, Kling and Klang, and our very own orchestra. Pippi, Emil, Ronja, Mardie, the Brothers Lionheart, Rasmus and the vagabond and their friends and families are all part of the Midsummer celebrations. So during the celebration, <strong>15:00-15:55<\/strong>, the regular stage programs are cancelled. The rest of the time, the program is in the park as usual.<\/p>\n\t\t\t\t\t\t\t<\/div>\n\t\t\t\t\t\t\t\t\t\t\t\t\t<\/div>\n\t\t\t\t\t\t\t\t\t\n\t\t\t<\/div>\n\n\t\t<\/div>\n\n\t<\/div>\n<\/div>\n\n<div class=\"flex flex-col w-full m-auto py-7 fp-image-contain \">\n\t\t\t<div class=\"w-full min-h-[900px] mobile:min-h-[590px] overflow-hidden rounded-xl desktop-md:rounded-none flex justify-start items-center tablet:items-end mobile:px-0 fp-image-contain relative\">\n\t\t\t\t\t\t\t<img decoding=\"async\" data-aos=\"\" data-aos-duration=\"\" class=\"absolute object-cover w-full min-h-[900px] mobile:min-h-[590px] \" src=\"https:\/\/astridlindgrensvarld.se\/wp-content\/uploads\/2023\/11\/villa-linnea2.jpg\" alt=\"\">\n\t\t\t\t\t\t<div class=\"relative z-10 flex items-center w-full h-full m-auto outer-contain tablet:max-w-[90%] mobile:max-w-none tablet:mb-7 mobile:mb-0\">\n\t\t\t\t<div class=\"flex  w-full\">\n\t\t\t\t\t<div class=\"flex flex-col items-center max-w-[50%] bg-whiteish lg-shadow p-6 mobile:px-4 mobile:mb-4 mobile:py-3 mobile:mx-4 rounded-lg gap-5 tablet:max-w-none mobile:w-full desktop-sm:mr-4 tablet:mr-0\">\n\t\t\t\t\t\t\t\t\t\t\t\t\t<h3 class=\"text-darkRed -demi mobile:text-center\">V\u00e4lkommen till Villa Linn\u00e9a<\/h3>\n\t\t\t\t\t\t\t\t\t\t\t\t<p class=\"text-blackish mobile:text-center\">Onsdagen den 26 juni \u00f6ppnar v\u00e5r nya restaurang Villa Linn\u00e9a. <\/p>\n\t\t\t\t\t\t\t\t\t\t\t<\/div>\n\t\t\t\t<\/div>\n\t\t\t<\/div>\n\t\t<\/div>\n\t\n<\/div>","protected":false},"excerpt":{"rendered":"","protected":false},"author":5,"featured_media":0,"parent":81163,"menu_order":0,"comment_status":"closed","ping_status":"closed","template":"","meta":{"_acf_changed":false,"footnotes":""},"class_list":["post-82477","page","type-page","status-publish","hentry"],"acf":[],"yoast_head":"<!-- This site is optimized with the Yoast SEO plugin v27.4 - https:\/\/yoast.com\/product\/yoast-seo-wordpress\/ -->\n<title>Midsummer 2024 | Astrid Lindgrens V\u00e4rld<\/title>\n<meta name=\"robots\" content=\"index, follow, max-snippet:-1, max-image-preview:large, max-video-preview:-1\" \/>\n<link rel=\"canonical\" href=\"https:\/\/astridlindgrensvarld.se\/en\/opening-hours-and-calendar\/midsummer\/\" \/>\n<meta property=\"og:locale\" content=\"en_GB\" \/>\n<meta property=\"og:type\" content=\"article\" \/>\n<meta property=\"og:title\" content=\"Midsummer 2024 | Astrid Lindgrens V\u00e4rld\" \/>\n<meta property=\"og:url\" content=\"https:\/\/astridlindgrensvarld.se\/en\/opening-hours-and-calendar\/midsummer\/\" \/>\n<meta property=\"og:site_name\" content=\"Astrid Lindgrens V\u00e4rld\" \/>\n<meta property=\"article:modified_time\" content=\"2024-06-25T10:58:09+00:00\" \/>\n<meta name=\"twitter:card\" content=\"summary_large_image\" \/>\n<script type=\"application\/ld+json\" class=\"yoast-schema-graph\">{\"@context\":\"https:\\\/\\\/schema.org\",\"@graph\":[{\"@type\":\"WebPage\",\"@id\":\"https:\\\/\\\/astridlindgrensvarld.se\\\/en\\\/opening-hours-and-calendar\\\/midsummer\\\/\",\"url\":\"https:\\\/\\\/astridlindgrensvarld.se\\\/en\\\/opening-hours-and-calendar\\\/midsummer\\\/\",\"name\":\"Midsummer 2024 | Astrid Lindgrens V\u00e4rld\",\"isPartOf\":{\"@id\":\"https:\\\/\\\/astridlindgrensvarld.se\\\/#website\"},\"datePublished\":\"2024-06-11T11:23:31+00:00\",\"dateModified\":\"2024-06-25T10:58:09+00:00\",\"breadcrumb\":{\"@id\":\"https:\\\/\\\/astridlindgrensvarld.se\\\/en\\\/opening-hours-and-calendar\\\/midsummer\\\/#breadcrumb\"},\"inLanguage\":\"en-GB\",\"potentialAction\":[{\"@type\":\"ReadAction\",\"target\":[\"https:\\\/\\\/astridlindgrensvarld.se\\\/en\\\/opening-hours-and-calendar\\\/midsummer\\\/\"]}]},{\"@type\":\"BreadcrumbList\",\"@id\":\"https:\\\/\\\/astridlindgrensvarld.se\\\/en\\\/opening-hours-and-calendar\\\/midsummer\\\/#breadcrumb\",\"itemListElement\":[{\"@type\":\"ListItem\",\"position\":1,\"name\":\"Home\",\"item\":\"https:\\\/\\\/astridlindgrensvarld.se\\\/en\\\/\"},{\"@type\":\"ListItem\",\"position\":2,\"name\":\"Opening hours and calendar\",\"item\":\"https:\\\/\\\/astridlindgrensvarld.se\\\/en\\\/opening-hours-and-calendar\\\/\"},{\"@type\":\"ListItem\",\"position\":3,\"name\":\"Midsummer 2024\"}]},{\"@type\":\"WebSite\",\"@id\":\"https:\\\/\\\/astridlindgrensvarld.se\\\/#website\",\"url\":\"https:\\\/\\\/astridlindgrensvarld.se\\\/\",\"name\":\"Astrid Lindgrens V\u00e4rld\",\"description\":\"\",\"potentialAction\":[{\"@type\":\"SearchAction\",\"target\":{\"@type\":\"EntryPoint\",\"urlTemplate\":\"https:\\\/\\\/astridlindgrensvarld.se\\\/?s={search_term_string}\"},\"query-input\":{\"@type\":\"PropertyValueSpecification\",\"valueRequired\":true,\"valueName\":\"search_term_string\"}}],\"inLanguage\":\"en-GB\"}]}<\/script>\n<!-- \/ Yoast SEO plugin. -->","yoast_head_json":{"title":"Midsummer 2024 | Astrid Lindgrens V\u00e4rld","robots":{"index":"index","follow":"follow","max-snippet":"max-snippet:-1","max-image-preview":"max-image-preview:large","max-video-preview":"max-video-preview:-1"},"canonical":"https:\/\/astridlindgrensvarld.se\/en\/opening-hours-and-calendar\/midsummer\/","og_locale":"en_GB","og_type":"article","og_title":"Midsummer 2024 | Astrid Lindgrens V\u00e4rld","og_url":"https:\/\/astridlindgrensvarld.se\/en\/opening-hours-and-calendar\/midsummer\/","og_site_name":"Astrid Lindgrens V\u00e4rld","article_modified_time":"2024-06-25T10:58:09+00:00","twitter_card":"summary_large_image","schema":{"@context":"https:\/\/schema.org","@graph":[{"@type":"WebPage","@id":"https:\/\/astridlindgrensvarld.se\/en\/opening-hours-and-calendar\/midsummer\/","url":"https:\/\/astridlindgrensvarld.se\/en\/opening-hours-and-calendar\/midsummer\/","name":"Midsummer 2024 | Astrid Lindgrens V\u00e4rld","isPartOf":{"@id":"https:\/\/astridlindgrensvarld.se\/#website"},"datePublished":"2024-06-11T11:23:31+00:00","dateModified":"2024-06-25T10:58:09+00:00","breadcrumb":{"@id":"https:\/\/astridlindgrensvarld.se\/en\/opening-hours-and-calendar\/midsummer\/#breadcrumb"},"inLanguage":"en-GB","potentialAction":[{"@type":"ReadAction","target":["https:\/\/astridlindgrensvarld.se\/en\/opening-hours-and-calendar\/midsummer\/"]}]},{"@type":"BreadcrumbList","@id":"https:\/\/astridlindgrensvarld.se\/en\/opening-hours-and-calendar\/midsummer\/#breadcrumb","itemListElement":[{"@type":"ListItem","position":1,"name":"Home","item":"https:\/\/astridlindgrensvarld.se\/en\/"},{"@type":"ListItem","position":2,"name":"Opening hours and calendar","item":"https:\/\/astridlindgrensvarld.se\/en\/opening-hours-and-calendar\/"},{"@type":"ListItem","position":3,"name":"Midsummer 2024"}]},{"@type":"WebSite","@id":"https:\/\/astridlindgrensvarld.se\/#website","url":"https:\/\/astridlindgrensvarld.se\/","name":"Astrid Lindgrens V\u00e4rld","description":"","potentialAction":[{"@type":"SearchAction","target":{"@type":"EntryPoint","urlTemplate":"https:\/\/astridlindgrensvarld.se\/?s={search_term_string}"},"query-input":{"@type":"PropertyValueSpecification","valueRequired":true,"valueName":"search_term_string"}}],"inLanguage":"en-GB"}]}},"_links":{"self":[{"href":"https:\/\/astridlindgrensvarld.se\/en\/wp-json\/wp\/v2\/pages\/82477","targetHints":{"allow":["GET"]}}],"collection":[{"href":"https:\/\/astridlindgrensvarld.se\/en\/wp-json\/wp\/v2\/pages"}],"about":[{"href":"https:\/\/astridlindgrensvarld.se\/en\/wp-json\/wp\/v2\/types\/page"}],"author":[{"embeddable":true,"href":"https:\/\/astridlindgrensvarld.se\/en\/wp-json\/wp\/v2\/users\/5"}],"replies":[{"embeddable":true,"href":"https:\/\/astridlindgrensvarld.se\/en\/wp-json\/wp\/v2\/comments?post=82477"}],"version-history":[{"count":4,"href":"https:\/\/astridlindgrensvarld.se\/en\/wp-json\/wp\/v2\/pages\/82477\/revisions"}],"predecessor-version":[{"id":82564,"href":"https:\/\/astridlindgrensvarld.se\/en\/wp-json\/wp\/v2\/pages\/82477\/revisions\/82564"}],"up":[{"embeddable":true,"href":"https:\/\/astridlindgrensvarld.se\/en\/wp-json\/wp\/v2\/pages\/81163"}],"wp:attachment":[{"href":"https:\/\/astridlindgrensvarld.se\/en\/wp-json\/wp\/v2\/media?parent=82477"}],"curies":[{"name":"wp","href":"https:\/\/api.w.org\/{rel}","templated":true}]}}