{"id":80890,"date":"2024-03-25T16:42:56","date_gmt":"2024-03-25T14:42:56","guid":{"rendered":"https:\/\/astridlindgrensvarld.se\/accommodation\/offers-and-packages\/"},"modified":"2026-01-01T09:39:25","modified_gmt":"2026-01-01T07:39:25","slug":"offers-and-packages","status":"publish","type":"page","link":"https:\/\/astridlindgrensvarld.se\/en\/accommodation\/offers-and-packages\/","title":{"rendered":"Offers and packages"},"content":{"rendered":"\n<div class=\"relative flex flex-col items-center  w-full h-screen max-h-[960px] mobile:mb-[200px] desktop:max-h-[780px] min-h-[700px] mobile:min-h-[500px] justify-start mobile:max-h-none mobile:h-full\">\n\t\t\t\t\t\t\t<img decoding=\"async\" class=\"top-0 object-cover w-full h-[60vh] max-h-[800px] min-h-[700px]  mobile:min-h-[540px]\" src=\"https:\/\/astridlindgrensvarld.se\/wp-content\/uploads\/2025\/01\/Den-lilla-staden-3.jpg\" alt=\"\">\n\t\t\t\t<div class=\"relative top-[-128px] z-10 flex flex-col items-center w-full inner-contain gap-7 desktop-sm:px-4 mobile-sm:px-2\">\n\t\t\t<div class=\"bg-whiteish px-[80px] py-6 mobile:p-4 flex flex-col items-center gap-4 mobile:gap-4 text-black text-center rounded-lg lg-shadow w-full\">\n\t\t\t\t<div class=\"flex flex-col items-center justify-start gap-1\">\n\t\t\t\t\t<h1 class=\"text-brightRed -hero\">Offers and packages<\/h1>\n\t\t\t\t<\/div>\n\n\t\t\t\t<div class=\"text-left wysiwyg-style\"><p>Below we have gathered our packages and offers that include accommodation during the autumn break opening. We have put together several different options, allowing you to discover more of Astrid Lindgren\u2019s World at the pace that suits you best.<\/p>\n<\/div>\n\t\t\t\t\t\t\t\t\t<div class=\"flex items-center justify-center w-full gap-3\">\n\n\t\t\t\t\t\t\t\t\t\t\t\t\t<a class=\"btn\" href=\"https:\/\/astridlindgrensvarld.se\/en\/offer\/the-small-town-offer\/\" target=\"\">\n\t\t\t\t\t\t\t\t<p class=\"-button\">\n\t\t\t\t\t\t\t\t\tThe Small Town Offer\t\t\t\t\t\t\t\t<\/p>\n\t\t\t\t\t\t\t<\/a>\n\t\t\t\t\t\t\t\t\t\t\t\t\t\t\t\t\t\t\t<a class=\"btn bg-darkRed hover:bg-black\" href=\"https:\/\/astridlindgrensvarld.se\/en\/offer\/oxgarden-offer\/\" target=\"\">\n\t\t\t\t\t\t\t\t<p class=\"-button\">\n\t\t\t\t\t\t\t\t\tOxg\u00e5rden Offer\t\t\t\t\t\t\t\t<\/p>\n\t\t\t\t\t\t\t<\/a>\n\t\t\t\t\t\t\t\t\t\t\t<\/div>\n\t\t\t\t\t\t\t<\/div>\n\t\t<\/div>\n\t<\/div>\n\n\n<div class=\"flex items-center justify-center w-full px-4 py-7\">\n\t<div data-aos=\"\" data-aos-duration=\"\" class=\"flex flex-col w-full gap-5 m-auto text-center inner-contain\">\n\t\t\t\t<p class=\"-large text-red\"><\/p>\n\t\t\t<\/div>\n<\/div>\n\n<div class=\"w-full py-7\">\n\t<div class=\"w-full m-auto outer-contain desktop-sm:px-4\">\n\t\t<div class=\"flex items-stretch justify-center w-full gap-4 tablet:grid tablet:grid-cols-2 tablet-sm:grid-cols-1 place-content-center\">\n\t\t\t\t\t\t\t\t\t\t\t\t<div class=\"flex flex-col items-center justify-between pb-5 w-full max-w-[35rem]  tablet:max-w-[45rem] bg-whiteish rounded-lg\">\n\t\t\t\t\t\t<div class=\"flex flex-col items-start w-full\">\n\n\t\t\t\t\t\t\t<img decoding=\"async\" class=\"h-[19rem] mobile:h-[11rem] object-cover w-full rounded-t-lg\" src=\"https:\/\/astridlindgrensvarld.se\/wp-content\/uploads\/2023\/12\/den-lilla-staden-15.jpg\" alt=\"\">\n\t\t\t\t\t\t\t<div class=\"flex flex-col gap-3 px-5 py-4\">\n\t\t\t\t\t\t\t\t<div class=\"flex flex-col gap-2\">\n\n\t\t\t\t\t\t\t\t\t<p class=\"text-brightRed -demi text-[14px]\">\n\t\t\t\t\t\t\t\t\t\tAstrid Lindgrens N\u00e4s, Astrid Lindgrens V\u00e4rld, Den lilla staden\t\t\t\t\t\t\t\t\t\t<\/h5>\n\t\t\t\t\t\t\t\t\t<h3 class=\"text-red -demi -small\">3 Nights for the Price of 2<\/h5>\n\t\t\t\t\t\t\t\t<\/div>\n\n\t\t\t\t\t\t\t\t<p>Discover Astrid Lindgren\u2019s World and Astrid Lindgren\u2019s N\u00e4s while staying overnight in our guest accommodation, located right next to the park. Enjoy some extra time in the charming surroundings of our unique guest accommodation \u2013 the last night is on us!<\/p>\n\t\t\t\t\t\t\t\t\t\t\t\t\t\t\t\t\t<div class=\"flex flex-col\">\n\t\t\t\t\t\t\t\t\t\t<p class=\"uppercase text-red -demi text-[14px] pb-1\">What\u2019s included?\n<\/h5>\n\t\t\t\t\t\t\t\t\t\t<ul class=\"list-disc list-outside pl-3 max-w-[25rem] text-brightRed \">\n\t\t\t\t\t\t\t\t\t\t\t\t\t\t\t\t\t\t\t\t\t\t\t<li class=\"text-black marker:text-brightRed marker:text-[1.4rem] pl-1 leading-[1.2] text-[14px]\">\n\t\t\t\t\t\t\t\t\t\t\t\t\tThree nights in Astrid Lindgren\u2019s World guest accommodation for the price of two.\t\t\t\t\t\t\t\t\t\t\t\t<\/li>\n\t\t\t\t\t\t\t\t\t\t\t\t\t\t\t\t\t\t\t\t\t\t\t<li class=\"text-black marker:text-brightRed marker:text-[1.4rem] pl-1 leading-[1.2] text-[14px]\">\n\t\t\t\t\t\t\t\t\t\t\t\t\t2-day entry to Astrid Lindgren\u2019s World.\t\t\t\t\t\t\t\t\t\t\t\t<\/li>\n\t\t\t\t\t\t\t\t\t\t\t\t\t\t\t\t\t\t\t\t\t\t\t<li class=\"text-black marker:text-brightRed marker:text-[1.4rem] pl-1 leading-[1.2] text-[14px]\">\n\t\t\t\t\t\t\t\t\t\t\t\t\t1-day entry to Astrid Lindgren\u2019s N\u00e4s (children 0\u201314 years free).\t\t\t\t\t\t\t\t\t\t\t\t<\/li>\n\t\t\t\t\t\t\t\t\t\t\t\t\t\t\t\t\t\t\t\t\t<\/ul>\n\t\t\t\t\t\t\t\t\t<\/div>\n\t\t\t\t\t\t\t\t\t\t\t\t\t\t\t<\/div>\n\t\t\t\t\t\t<\/div>\n\n\t\t\t\t\t\t<div class=\"flex w-full px-5\">\n\n\t\t\t\t\t\t\t\t\t\t\t\t\t\t\t<a href=\"https:\/\/astridlindgrensvarld.se\/en\/offer\/3-nights-for-the-price-of-2\/\" class=\"w-full mt-3 text-center btn\">\n\t\t\t\t\t\t\t\t\t<p class=\"-button\">\n\t\t\t\t\t\t\t\t\t\tRead more and book\t\t\t\t\t\t\t\t\t<\/p>\n\t\t\t\t\t\t\t\t<\/a>\n\t\t\t\t\t\t\t\t\t\t\t\t\t<\/div>\n\n\t\t\t\t\t<\/div>\n\t\t\t\t\t\t\t\t\t<div class=\"flex flex-col items-center justify-between pb-5 w-full max-w-[35rem]  tablet:max-w-[45rem] bg-whiteish rounded-lg\">\n\t\t\t\t\t\t<div class=\"flex flex-col items-start w-full\">\n\n\t\t\t\t\t\t\t<img decoding=\"async\" class=\"h-[19rem] mobile:h-[11rem] object-cover w-full rounded-t-lg\" src=\"https:\/\/astridlindgrensvarld.se\/wp-content\/uploads\/2025\/11\/1.jpg\" alt=\"\">\n\t\t\t\t\t\t\t<div class=\"flex flex-col gap-3 px-5 py-4\">\n\t\t\t\t\t\t\t\t<div class=\"flex flex-col gap-2\">\n\n\t\t\t\t\t\t\t\t\t<p class=\"text-brightRed -demi text-[14px]\">\n\t\t\t\t\t\t\t\t\t\tAstrid Lindgrens N\u00e4s, Astrid Lindgrens V\u00e4rld, Oxg\u00e5rden\t\t\t\t\t\t\t\t\t\t<\/h5>\n\t\t\t\t\t\t\t\t\t<h3 class=\"text-red -demi -small\">3 nights for the price of 2 at Oxg\u00e5rden<\/h5>\n\t\t\t\t\t\t\t\t<\/div>\n\n\t\t\t\t\t\t\t\t<p>Discover Astrid Lindgren\u2019s World and Astrid Lindgren\u2019s N\u00e4s, and stay overnight at Oxg\u00e5rden.\r\n<\/p>\n\t\t\t\t\t\t\t\t\t\t\t\t\t\t\t\t\t<div class=\"flex flex-col\">\n\t\t\t\t\t\t\t\t\t\t<p class=\"uppercase text-red -demi text-[14px] pb-1\">What\u2019s included?\n<\/h5>\n\t\t\t\t\t\t\t\t\t\t<ul class=\"list-disc list-outside pl-3 max-w-[25rem] text-brightRed \">\n\t\t\t\t\t\t\t\t\t\t\t\t\t\t\t\t\t\t\t\t\t\t\t<li class=\"text-black marker:text-brightRed marker:text-[1.4rem] pl-1 leading-[1.2] text-[14px]\">\n\t\t\t\t\t\t\t\t\t\t\t\t\tThree nights at Astrid Lindgren\u2019s World guest accommodation\t\t\t\t\t\t\t\t\t\t\t\t<\/li>\n\t\t\t\t\t\t\t\t\t\t\t\t\t\t\t\t\t\t\t\t\t\t\t<li class=\"text-black marker:text-brightRed marker:text-[1.4rem] pl-1 leading-[1.2] text-[14px]\">\n\t\t\t\t\t\t\t\t\t\t\t\t\t2-day admission to Astrid Lindgren\u2019s World\t\t\t\t\t\t\t\t\t\t\t\t<\/li>\n\t\t\t\t\t\t\t\t\t\t\t\t\t\t\t\t\t\t\t\t\t\t\t<li class=\"text-black marker:text-brightRed marker:text-[1.4rem] pl-1 leading-[1.2] text-[14px]\">\n\t\t\t\t\t\t\t\t\t\t\t\t\t1-day admission to Astrid Lindgren\u2019s N\u00e4s (children enter free)\t\t\t\t\t\t\t\t\t\t\t\t<\/li>\n\t\t\t\t\t\t\t\t\t\t\t\t\t\t\t\t\t\t\t\t\t<\/ul>\n\t\t\t\t\t\t\t\t\t<\/div>\n\t\t\t\t\t\t\t\t\t\t\t\t\t\t\t<\/div>\n\t\t\t\t\t\t<\/div>\n\n\t\t\t\t\t\t<div class=\"flex w-full px-5\">\n\n\t\t\t\t\t\t\t\t\t\t\t\t\t\t\t<a href=\"https:\/\/astridlindgrensvarld.se\/en\/offer\/3-nights-for-the-price-of-2-at-oxgarden\/\" class=\"w-full mt-3 text-center btn\">\n\t\t\t\t\t\t\t\t\t<p class=\"-button\">\n\t\t\t\t\t\t\t\t\t\tRead more and book\t\t\t\t\t\t\t\t\t<\/p>\n\t\t\t\t\t\t\t\t<\/a>\n\t\t\t\t\t\t\t\t\t\t\t\t\t<\/div>\n\n\t\t\t\t\t<\/div>\n\t\t\t\t\t\t\t\t\t<div class=\"flex flex-col items-center justify-between pb-5 w-full max-w-[35rem] tablet:!max-w-[50rem] tablet:place-content-center tablet:m-auto tablet:col-span-2 tablet-sm:col-span-1 tablet:max-w-[45rem] bg-whiteish rounded-lg\">\n\t\t\t\t\t\t<div class=\"flex flex-col items-start w-full\">\n\n\t\t\t\t\t\t\t<img decoding=\"async\" class=\"h-[19rem] mobile:h-[11rem] object-cover w-full rounded-t-lg\" src=\"https:\/\/astridlindgrensvarld.se\/wp-content\/uploads\/2025\/01\/Den-lilla-staden.jpg\" alt=\"\">\n\t\t\t\t\t\t\t<div class=\"flex flex-col gap-3 px-5 py-4\">\n\t\t\t\t\t\t\t\t<div class=\"flex flex-col gap-2\">\n\n\t\t\t\t\t\t\t\t\t<p class=\"text-brightRed -demi text-[14px]\">\n\t\t\t\t\t\t\t\t\t\tAstrid Lindgrens V\u00e4rld, Den lilla staden\t\t\t\t\t\t\t\t\t\t<\/h5>\n\t\t\t\t\t\t\t\t\t<h3 class=\"text-red -demi -small\">Sunday Offer \u2013 1 Night<\/h5>\n\t\t\t\t\t\t\t\t<\/div>\n\n\t\t\t\t\t\t\t\t<p>Discover Astrid Lindgren\u2019s World for two days and stay overnight in our guest accommodation, located right next to the park. Get a 40% discount on your stay from Sunday to Monday during selected weekend endings.<\/p>\n\t\t\t\t\t\t\t\t\t\t\t\t\t\t\t\t\t<div class=\"flex flex-col\">\n\t\t\t\t\t\t\t\t\t\t<p class=\"uppercase text-red -demi text-[14px] pb-1\">What\u2019s included?\n<\/h5>\n\t\t\t\t\t\t\t\t\t\t<ul class=\"list-disc list-outside pl-3 max-w-[25rem] text-brightRed \">\n\t\t\t\t\t\t\t\t\t\t\t\t\t\t\t\t\t\t\t\t\t\t\t<li class=\"text-black marker:text-brightRed marker:text-[1.4rem] pl-1 leading-[1.2] text-[14px]\">\n\t\t\t\t\t\t\t\t\t\t\t\t\t2-day entry to Astrid Lindgren\u2019s World at regular price.\t\t\t\t\t\t\t\t\t\t\t\t<\/li>\n\t\t\t\t\t\t\t\t\t\t\t\t\t\t\t\t\t\t\t\t\t\t\t<li class=\"text-black marker:text-brightRed marker:text-[1.4rem] pl-1 leading-[1.2] text-[14px]\">\n\t\t\t\t\t\t\t\t\t\t\t\t\tOne night in Astrid Lindgren\u2019s World guest accommodation from Sunday to Monday, with a 40% discount.\t\t\t\t\t\t\t\t\t\t\t\t<\/li>\n\t\t\t\t\t\t\t\t\t\t\t\t\t\t\t\t\t\t\t\t\t<\/ul>\n\t\t\t\t\t\t\t\t\t<\/div>\n\t\t\t\t\t\t\t\t\t\t\t\t\t\t\t<\/div>\n\t\t\t\t\t\t<\/div>\n\n\t\t\t\t\t\t<div class=\"flex w-full px-5\">\n\n\t\t\t\t\t\t\t\t\t\t\t\t\t\t\t<a href=\"https:\/\/astridlindgrensvarld.se\/en\/offer\/sunday-offer-1-night\/\" class=\"w-full mt-3 text-center btn\">\n\t\t\t\t\t\t\t\t\t<p class=\"-button\">\n\t\t\t\t\t\t\t\t\t\tRead more and book\t\t\t\t\t\t\t\t\t<\/p>\n\t\t\t\t\t\t\t\t<\/a>\n\t\t\t\t\t\t\t\t\t\t\t\t\t<\/div>\n\n\t\t\t\t\t<\/div>\n\t\t\t\t\t\t\t\t\t<\/div>\n\t<\/div>\n<\/div>\n\n\n<div class=\"flex items-center justify-center w-full px-4 py-7\">\n\t<div data-aos=\"\" data-aos-duration=\"\" class=\"flex flex-col w-full gap-5 m-auto text-center inner-contain\">\n\t\t\t\t\t<h2 class=\"text-brightRed\">Didn\u2019t find an offer that suits you?<\/h2>\n\t\t\t\t<p class=\"-large text-red\">If you didn\u2019t find what you were looking for, please visit our accommodation page to explore our full range of options. We\u2019ll be happy to help you find the accommodation that best suits your needs.<br \/>\r\n<\/p>\n\t\t\t\t\t<div class=\"flex items-center justify-center w-full\">\n\t\t\t\t<a class=\"mt-4 btn\" href=\"https:\/\/astridlindgrensvarld.se\/en\/accommodation\/\" target=\"\">\n\t\t\t\t\t<p class=\"-button\">\n\t\t\t\t\t\tAccommodation\t\t\t\t\t<\/p>\n\t\t\t\t<\/a>\n\t\t\t<\/div>\n\t\t\t<\/div>\n<\/div>","protected":false},"excerpt":{"rendered":"","protected":false},"author":8,"featured_media":78416,"parent":80880,"menu_order":0,"comment_status":"closed","ping_status":"closed","template":"","meta":{"_acf_changed":false,"footnotes":""},"class_list":["post-80890","page","type-page","status-publish","has-post-thumbnail","hentry"],"acf":[],"yoast_head":"<!-- This site is optimized with the Yoast SEO plugin v27.3 - https:\/\/yoast.com\/product\/yoast-seo-wordpress\/ -->\n<title>Offers and packages | Astrid Lindgrens V\u00e4rld<\/title>\n<meta name=\"robots\" content=\"index, follow, max-snippet:-1, max-image-preview:large, max-video-preview:-1\" \/>\n<link rel=\"canonical\" href=\"https:\/\/astridlindgrensvarld.se\/en\/accommodation\/offers-and-packages\/\" \/>\n<meta property=\"og:locale\" content=\"en_GB\" \/>\n<meta property=\"og:type\" content=\"article\" \/>\n<meta property=\"og:title\" content=\"Offers and packages | Astrid Lindgrens V\u00e4rld\" \/>\n<meta property=\"og:url\" content=\"https:\/\/astridlindgrensvarld.se\/en\/accommodation\/offers-and-packages\/\" \/>\n<meta property=\"og:site_name\" content=\"Astrid Lindgrens V\u00e4rld\" \/>\n<meta property=\"article:modified_time\" content=\"2026-01-01T07:39:25+00:00\" \/>\n<meta property=\"og:image\" content=\"https:\/\/astridlindgrensvarld.se\/wp-content\/uploads\/2023\/12\/avbokning-1-1440x1440px.jpg\" \/>\n\t<meta property=\"og:image:width\" content=\"1440\" \/>\n\t<meta property=\"og:image:height\" content=\"1440\" \/>\n\t<meta property=\"og:image:type\" content=\"image\/jpeg\" \/>\n<meta name=\"twitter:card\" content=\"summary_large_image\" \/>\n<meta name=\"twitter:label1\" content=\"Estimated reading time\" \/>\n\t<meta name=\"twitter:data1\" content=\"1 minute\" \/>\n<script type=\"application\/ld+json\" class=\"yoast-schema-graph\">{\"@context\":\"https:\\\/\\\/schema.org\",\"@graph\":[{\"@type\":\"WebPage\",\"@id\":\"https:\\\/\\\/astridlindgrensvarld.se\\\/en\\\/accommodation\\\/offers-and-packages\\\/\",\"url\":\"https:\\\/\\\/astridlindgrensvarld.se\\\/en\\\/accommodation\\\/offers-and-packages\\\/\",\"name\":\"Offers and packages | Astrid Lindgrens V\u00e4rld\",\"isPartOf\":{\"@id\":\"https:\\\/\\\/astridlindgrensvarld.se\\\/#website\"},\"primaryImageOfPage\":{\"@id\":\"https:\\\/\\\/astridlindgrensvarld.se\\\/en\\\/accommodation\\\/offers-and-packages\\\/#primaryimage\"},\"image\":{\"@id\":\"https:\\\/\\\/astridlindgrensvarld.se\\\/en\\\/accommodation\\\/offers-and-packages\\\/#primaryimage\"},\"thumbnailUrl\":\"https:\\\/\\\/astridlindgrensvarld.se\\\/wp-content\\\/uploads\\\/2023\\\/12\\\/avbokning-1-1440x1440px.jpg\",\"datePublished\":\"2024-03-25T14:42:56+00:00\",\"dateModified\":\"2026-01-01T07:39:25+00:00\",\"breadcrumb\":{\"@id\":\"https:\\\/\\\/astridlindgrensvarld.se\\\/en\\\/accommodation\\\/offers-and-packages\\\/#breadcrumb\"},\"inLanguage\":\"en-GB\",\"potentialAction\":[{\"@type\":\"ReadAction\",\"target\":[\"https:\\\/\\\/astridlindgrensvarld.se\\\/en\\\/accommodation\\\/offers-and-packages\\\/\"]}]},{\"@type\":\"ImageObject\",\"inLanguage\":\"en-GB\",\"@id\":\"https:\\\/\\\/astridlindgrensvarld.se\\\/en\\\/accommodation\\\/offers-and-packages\\\/#primaryimage\",\"url\":\"https:\\\/\\\/astridlindgrensvarld.se\\\/wp-content\\\/uploads\\\/2023\\\/12\\\/avbokning-1-1440x1440px.jpg\",\"contentUrl\":\"https:\\\/\\\/astridlindgrensvarld.se\\\/wp-content\\\/uploads\\\/2023\\\/12\\\/avbokning-1-1440x1440px.jpg\",\"width\":1440,\"height\":1440},{\"@type\":\"BreadcrumbList\",\"@id\":\"https:\\\/\\\/astridlindgrensvarld.se\\\/en\\\/accommodation\\\/offers-and-packages\\\/#breadcrumb\",\"itemListElement\":[{\"@type\":\"ListItem\",\"position\":1,\"name\":\"Home\",\"item\":\"https:\\\/\\\/astridlindgrensvarld.se\\\/en\\\/\"},{\"@type\":\"ListItem\",\"position\":2,\"name\":\"Accommodation\",\"item\":\"https:\\\/\\\/astridlindgrensvarld.se\\\/en\\\/accommodation\\\/\"},{\"@type\":\"ListItem\",\"position\":3,\"name\":\"Offers and packages\"}]},{\"@type\":\"WebSite\",\"@id\":\"https:\\\/\\\/astridlindgrensvarld.se\\\/#website\",\"url\":\"https:\\\/\\\/astridlindgrensvarld.se\\\/\",\"name\":\"Astrid Lindgrens V\u00e4rld\",\"description\":\"\",\"potentialAction\":[{\"@type\":\"SearchAction\",\"target\":{\"@type\":\"EntryPoint\",\"urlTemplate\":\"https:\\\/\\\/astridlindgrensvarld.se\\\/?s={search_term_string}\"},\"query-input\":{\"@type\":\"PropertyValueSpecification\",\"valueRequired\":true,\"valueName\":\"search_term_string\"}}],\"inLanguage\":\"en-GB\"}]}<\/script>\n<!-- \/ Yoast SEO plugin. -->","yoast_head_json":{"title":"Offers and packages | Astrid Lindgrens V\u00e4rld","robots":{"index":"index","follow":"follow","max-snippet":"max-snippet:-1","max-image-preview":"max-image-preview:large","max-video-preview":"max-video-preview:-1"},"canonical":"https:\/\/astridlindgrensvarld.se\/en\/accommodation\/offers-and-packages\/","og_locale":"en_GB","og_type":"article","og_title":"Offers and packages | Astrid Lindgrens V\u00e4rld","og_url":"https:\/\/astridlindgrensvarld.se\/en\/accommodation\/offers-and-packages\/","og_site_name":"Astrid Lindgrens V\u00e4rld","article_modified_time":"2026-01-01T07:39:25+00:00","og_image":[{"width":1440,"height":1440,"url":"https:\/\/astridlindgrensvarld.se\/wp-content\/uploads\/2023\/12\/avbokning-1-1440x1440px.jpg","type":"image\/jpeg"}],"twitter_card":"summary_large_image","twitter_misc":{"Estimated reading time":"1 minute"},"schema":{"@context":"https:\/\/schema.org","@graph":[{"@type":"WebPage","@id":"https:\/\/astridlindgrensvarld.se\/en\/accommodation\/offers-and-packages\/","url":"https:\/\/astridlindgrensvarld.se\/en\/accommodation\/offers-and-packages\/","name":"Offers and packages | Astrid Lindgrens V\u00e4rld","isPartOf":{"@id":"https:\/\/astridlindgrensvarld.se\/#website"},"primaryImageOfPage":{"@id":"https:\/\/astridlindgrensvarld.se\/en\/accommodation\/offers-and-packages\/#primaryimage"},"image":{"@id":"https:\/\/astridlindgrensvarld.se\/en\/accommodation\/offers-and-packages\/#primaryimage"},"thumbnailUrl":"https:\/\/astridlindgrensvarld.se\/wp-content\/uploads\/2023\/12\/avbokning-1-1440x1440px.jpg","datePublished":"2024-03-25T14:42:56+00:00","dateModified":"2026-01-01T07:39:25+00:00","breadcrumb":{"@id":"https:\/\/astridlindgrensvarld.se\/en\/accommodation\/offers-and-packages\/#breadcrumb"},"inLanguage":"en-GB","potentialAction":[{"@type":"ReadAction","target":["https:\/\/astridlindgrensvarld.se\/en\/accommodation\/offers-and-packages\/"]}]},{"@type":"ImageObject","inLanguage":"en-GB","@id":"https:\/\/astridlindgrensvarld.se\/en\/accommodation\/offers-and-packages\/#primaryimage","url":"https:\/\/astridlindgrensvarld.se\/wp-content\/uploads\/2023\/12\/avbokning-1-1440x1440px.jpg","contentUrl":"https:\/\/astridlindgrensvarld.se\/wp-content\/uploads\/2023\/12\/avbokning-1-1440x1440px.jpg","width":1440,"height":1440},{"@type":"BreadcrumbList","@id":"https:\/\/astridlindgrensvarld.se\/en\/accommodation\/offers-and-packages\/#breadcrumb","itemListElement":[{"@type":"ListItem","position":1,"name":"Home","item":"https:\/\/astridlindgrensvarld.se\/en\/"},{"@type":"ListItem","position":2,"name":"Accommodation","item":"https:\/\/astridlindgrensvarld.se\/en\/accommodation\/"},{"@type":"ListItem","position":3,"name":"Offers and packages"}]},{"@type":"WebSite","@id":"https:\/\/astridlindgrensvarld.se\/#website","url":"https:\/\/astridlindgrensvarld.se\/","name":"Astrid Lindgrens V\u00e4rld","description":"","potentialAction":[{"@type":"SearchAction","target":{"@type":"EntryPoint","urlTemplate":"https:\/\/astridlindgrensvarld.se\/?s={search_term_string}"},"query-input":{"@type":"PropertyValueSpecification","valueRequired":true,"valueName":"search_term_string"}}],"inLanguage":"en-GB"}]}},"_links":{"self":[{"href":"https:\/\/astridlindgrensvarld.se\/en\/wp-json\/wp\/v2\/pages\/80890","targetHints":{"allow":["GET"]}}],"collection":[{"href":"https:\/\/astridlindgrensvarld.se\/en\/wp-json\/wp\/v2\/pages"}],"about":[{"href":"https:\/\/astridlindgrensvarld.se\/en\/wp-json\/wp\/v2\/types\/page"}],"author":[{"embeddable":true,"href":"https:\/\/astridlindgrensvarld.se\/en\/wp-json\/wp\/v2\/users\/8"}],"replies":[{"embeddable":true,"href":"https:\/\/astridlindgrensvarld.se\/en\/wp-json\/wp\/v2\/comments?post=80890"}],"version-history":[{"count":14,"href":"https:\/\/astridlindgrensvarld.se\/en\/wp-json\/wp\/v2\/pages\/80890\/revisions"}],"predecessor-version":[{"id":86305,"href":"https:\/\/astridlindgrensvarld.se\/en\/wp-json\/wp\/v2\/pages\/80890\/revisions\/86305"}],"up":[{"embeddable":true,"href":"https:\/\/astridlindgrensvarld.se\/en\/wp-json\/wp\/v2\/pages\/80880"}],"wp:featuredmedia":[{"embeddable":true,"href":"https:\/\/astridlindgrensvarld.se\/en\/wp-json\/wp\/v2\/media\/78416"}],"wp:attachment":[{"href":"https:\/\/astridlindgrensvarld.se\/en\/wp-json\/wp\/v2\/media?parent=80890"}],"curies":[{"name":"wp","href":"https:\/\/api.w.org\/{rel}","templated":true}]}}