{"id":79214,"date":"2024-02-13T14:50:22","date_gmt":"2024-02-13T12:50:22","guid":{"rendered":"https:\/\/astridlindgrensvarld.se\/meet-the-characters\/"},"modified":"2024-04-10T10:05:24","modified_gmt":"2024-04-10T08:05:24","slug":"meet-the-characters","status":"publish","type":"page","link":"https:\/\/astridlindgrensvarld.se\/en\/meet-the-characters\/","title":{"rendered":"Meet the characters"},"content":{"rendered":"\n<div class=\"relative flex flex-col items-center  w-full h-screen max-h-[960px] mobile:mb-[200px] desktop:max-h-[780px] min-h-[700px] mobile:min-h-[500px] justify-start mobile:max-h-none mobile:h-full\">\n\t\t\t\t\t\t\t<img decoding=\"async\" class=\"top-0 object-cover w-full h-[60vh] max-h-[800px] min-h-[700px]  mobile:min-h-[540px]\" src=\"https:\/\/astridlindgrensvarld.se\/wp-content\/uploads\/2023\/10\/emil-mote1-3200x1440px.jpg\" alt=\"\">\n\t\t\t\t\t\t\t<div class=\"absolute bottom-0 mobile:bottom-[-200px] z-10 flex flex-col items-center w-full inner-contain gap-7 desktop-sm:px-4 mobile:px-2\">\n\t\t\t\t<div class=\"bg-whiteish px-[80px] py-6 mobile:p-2 flex flex-col items-center gap-4 mobile:gap-4 text-black text-center rounded-lg lg-shadow w-full\">\n\t\t\t\t\t<div class=\"flex flex-col items-center justify-start gap-1\">\n\n\t\t\t\t\t\t<h1 class=\"text-brightRed -hero\">Here, adventure awaits<\/h1>\n\t\t\t\t\t\t\t\t\t\t\t<\/div>\n\n\t\t\t\t\t<p class=\"-large text-darkRed mobile:!text-[16px]\">For a child, it\u2019s a great experience to be at the centre of the action, with their favourite characters close enough to reach out and touch them. That\u2019s exactly what it\u2019s like here at Astrid Lindgren&#8217;s World. Between performances, you can meet Pippi, Emil and the others in their home settings. For children, meeting Astrid Lindgren\u2019s characters is the greatest adventure of all and what makes a visit truly memorable. <\/p>\n\t\t\t\t\t\t\t\t\t\t\t\t\t\t<\/div>\n\t\t\t<\/div>\n\t\t\t<\/div>\n\n<div data-aos=\"\" data-aos-duration=\"\" class=\"flex flex-col items-start justify-center w-full mb-[-64px] tablet-lg:px-0 tablet-lg:mb-0 py-7\">\n\t<div class=\"relative z-0 items-center w-full m-auto inner-contain tablet-lg:max-w-none tablet-lg:px-0 tablet-lg:gap-4\">\n\t\t\t\t\t<div data-sliderid=\"traffa\" class=\"tablet-lg:px-4 mb-4 w-full rounded-lg tablet-lg:rounded-none justify-start flex overflow-hidden traffa tablet:mb-2 image-slider\">\n\t\t\t\t<div class=\"flex justify-center mobile:gap-0 swiper-wrapper tablet-lg:justify-start\">\n\t\t\t\t\t\t\t\t\t\t\t<img decoding=\"async\" src=\"https:\/\/astridlindgrensvarld.se\/wp-content\/uploads\/2023\/12\/resan-1-1440x1440px.jpg\" alt=\"\" class=\"object-cover w-full rounded-lg mobile:max-w-full tablet-lg:mx-0 aspect-square swiper-slide\" \/>\n\t\t\t\t\t\t\t\t\t\t\t<img decoding=\"async\" src=\"https:\/\/astridlindgrensvarld.se\/wp-content\/uploads\/2023\/11\/junibacken-4-1440x1440px.jpg\" alt=\"\" class=\"object-cover w-full rounded-lg mobile:max-w-full tablet-lg:mx-0 aspect-square swiper-slide\" \/>\n\t\t\t\t\t\t\t\t\t\t\t<img decoding=\"async\" src=\"https:\/\/astridlindgrensvarld.se\/wp-content\/uploads\/2023\/11\/mattisborgen-4-1440x1440px.jpg\" alt=\"\" class=\"object-cover w-full rounded-lg mobile:max-w-full tablet-lg:mx-0 aspect-square swiper-slide\" \/>\n\t\t\t\t\t\t\t\t\t<\/div>\n\t\t\t<\/div>\n\t\t\t<div class=\"!w-1\/2 !m-auto swiper-scrollbar traffa-scrollbar\"><\/div>\n\t\t\t<!-- <div class=\"swiper-pagination\"><\/div> -->\n\t\t\t\t\t\t\t<div class=\"flex justify-end tablet-lg:justify-center w-full relative top-[-64px] z-10 tablet-lg:top-4 tablet-lg:px-4\">\n\t\t\t\t<div class=\"flex flex-col items-start max-w-[50%] bg-whiteish p-6 mr-8 rounded-lg gap-5 mobile:px-4 mobile:py-5 tablet-lg:max-w-[90%] mobile:max-w-none mobile:w-full tablet-lg:mr-0 lg-shadow\">\n\t\t\t\t\t<h3 class=\"text-darkRed -demi\">Be part of the story and adventure<\/h3>\n\t\t\t\t\t<p class=\"text-blackish text-[20px]\">Throughout the day, this living theatre is taking place all over the park and anyone can jump in and be a part of it. For example, if you want to enter Wild Rose Valley, expect to be stopped by Tengil\u2019s men at the gate. If you know the password, no problem. Otherwise, Jonathan Lionheart will probably come and whisper it in your ear.<\/p>\n\t\t\t\t\t\t\t\t\t\t\t<a class=\"text-brightRed group\" href=\"https:\/\/astridlindgrensvarld.se\/en\/characters\/\" target=\"\">\n\t\t\t\t\t\t\t<div class=\"flex items-center gap-5\">\n\t\t\t\t\t\t\t\t<p class=\"-pippi-poster\">To all the characters<\/p>\n\t\t\t\t\t\t\t\t\t\t\t\t\t\t\t\t\t<img decoding=\"async\" class=\"hover-animation mobile:max-w-[2rem]\" src=\"https:\/\/astridlindgrensvarld.se\/wp-content\/uploads\/2023\/09\/alv-arrow.svg\" alt=\"\">\n\t\t\t\t\t\t\t\t\t\t\t\t\t\t\t<\/div>\n\t\t\t\t\t\t<\/a>\n\t\t\t\t\t\t\t\t\t<\/div>\n\t\t\t<\/div>\n\t\t\t<\/div>\n<\/div>\n\n<div class=\"flex flex-col w-full m-auto py-7 fp-image-contain mb-[-64px]\">\n\t\t\t\t\t\t<img decoding=\"async\" data-aos=\"\" data-aos-duration=\"\" class=\"top-0 object-cover w-full max-h-[900px] min-h-[600px] rounded-xl desktop-md:rounded-none\" src=\"https:\/\/astridlindgrensvarld.se\/wp-content\/uploads\/2023\/10\/ronja-lek1-3200x1440px.jpg\" alt=\"\">\n\t\t\t\t<div class=\"flex\">\n\t\t\t<div class=\"flex  w-full relative top-[-64px] z-10 ml-8 tablet:w-[90%] tablet:m-auto\">\n\t\t\t\t<div class=\"flex flex-col items-start max-w-[50%] tablet:items-center bg-whiteish p-6 tablet:px-4 mr-8 rounded-lg gap-5 tablet:max-w-none mobile:w-full tablet:mr-0 lg-shadow\">\n\t\t\t\t\t\t\t\t\t\t\t<h3 class=\"text-darkRed mobile:text-center -demi\">Step right into the stories<\/h3>\n\t\t\t\t\t\t\t\t\t\t<p class=\"text-blackish tablet:text-center\">Tr\u00e4ffa Pippi L\u00e5ngstrump, Emil i L\u00f6nneberga och Ronja R\u00f6vardotter. Bes\u00f6k K\u00f6rsb\u00e4rs- och T\u00f6rnrosdalen, Junibacken eller Bullerbyn. H\u00e4r i Vimmerby i Sm\u00e5land kliver du rakt in i Astrid Lindgrens V\u00e4rld, en v\u00e4rld d\u00e4r barnen alltid st\u00e5r i centrum. <\/p>\n\t\t\t\t\t\t\t\t\t\t\t<a class=\"text-brightRed group w-fit\" href=\"https:\/\/astridlindgrensvarld.se\/en\/space-for-play\/\" target=\"\">\n\t\t\t\t\t\t\t<div class=\"flex items-center gap-5\">\n\t\t\t\t\t\t\t\t<p class=\"-pippi-poster\">Discover the park<\/p>\n\t\t\t\t\t\t\t\t<img decoding=\"async\" class=\"hover-animation mobile:max-w-[2rem]\" src=\"https:\/\/astridlindgrensvarld.se\/wp-content\/uploads\/2023\/09\/alv-arrow.svg\" alt=\"\">\n\t\t\t\t\t\t\t<\/div>\n\t\t\t\t\t\t<\/a>\n\t\t\t\t\t\t\t\t\t<\/div>\n\t\t\t<\/div>\n\t\t<\/div>\n\t\n<\/div>","protected":false},"excerpt":{"rendered":"","protected":false},"author":5,"featured_media":0,"parent":0,"menu_order":0,"comment_status":"closed","ping_status":"closed","template":"","meta":{"_acf_changed":false,"footnotes":""},"class_list":["post-79214","page","type-page","status-publish","hentry"],"acf":[],"yoast_head":"<!-- This site is optimized with the Yoast SEO plugin v27.4 - https:\/\/yoast.com\/product\/yoast-seo-wordpress\/ -->\n<title>Meet the characters | Astrid Lindgrens V\u00e4rld<\/title>\n<meta name=\"robots\" content=\"index, follow, max-snippet:-1, max-image-preview:large, max-video-preview:-1\" \/>\n<link rel=\"canonical\" href=\"https:\/\/astridlindgrensvarld.se\/en\/meet-the-characters\/\" \/>\n<meta property=\"og:locale\" content=\"en_GB\" \/>\n<meta property=\"og:type\" content=\"article\" \/>\n<meta property=\"og:title\" content=\"Meet the characters | Astrid Lindgrens V\u00e4rld\" \/>\n<meta property=\"og:url\" content=\"https:\/\/astridlindgrensvarld.se\/en\/meet-the-characters\/\" \/>\n<meta property=\"og:site_name\" content=\"Astrid Lindgrens V\u00e4rld\" \/>\n<meta property=\"article:modified_time\" content=\"2024-04-10T08:05:24+00:00\" \/>\n<meta name=\"twitter:card\" content=\"summary_large_image\" \/>\n<script type=\"application\/ld+json\" class=\"yoast-schema-graph\">{\"@context\":\"https:\\\/\\\/schema.org\",\"@graph\":[{\"@type\":\"WebPage\",\"@id\":\"https:\\\/\\\/astridlindgrensvarld.se\\\/en\\\/meet-the-characters\\\/\",\"url\":\"https:\\\/\\\/astridlindgrensvarld.se\\\/en\\\/meet-the-characters\\\/\",\"name\":\"Meet the characters | Astrid Lindgrens V\u00e4rld\",\"isPartOf\":{\"@id\":\"https:\\\/\\\/astridlindgrensvarld.se\\\/#website\"},\"datePublished\":\"2024-02-13T12:50:22+00:00\",\"dateModified\":\"2024-04-10T08:05:24+00:00\",\"breadcrumb\":{\"@id\":\"https:\\\/\\\/astridlindgrensvarld.se\\\/en\\\/meet-the-characters\\\/#breadcrumb\"},\"inLanguage\":\"en-GB\",\"potentialAction\":[{\"@type\":\"ReadAction\",\"target\":[\"https:\\\/\\\/astridlindgrensvarld.se\\\/en\\\/meet-the-characters\\\/\"]}]},{\"@type\":\"BreadcrumbList\",\"@id\":\"https:\\\/\\\/astridlindgrensvarld.se\\\/en\\\/meet-the-characters\\\/#breadcrumb\",\"itemListElement\":[{\"@type\":\"ListItem\",\"position\":1,\"name\":\"Home\",\"item\":\"https:\\\/\\\/astridlindgrensvarld.se\\\/en\\\/\"},{\"@type\":\"ListItem\",\"position\":2,\"name\":\"Meet the characters\"}]},{\"@type\":\"WebSite\",\"@id\":\"https:\\\/\\\/astridlindgrensvarld.se\\\/#website\",\"url\":\"https:\\\/\\\/astridlindgrensvarld.se\\\/\",\"name\":\"Astrid Lindgrens V\u00e4rld\",\"description\":\"\",\"potentialAction\":[{\"@type\":\"SearchAction\",\"target\":{\"@type\":\"EntryPoint\",\"urlTemplate\":\"https:\\\/\\\/astridlindgrensvarld.se\\\/?s={search_term_string}\"},\"query-input\":{\"@type\":\"PropertyValueSpecification\",\"valueRequired\":true,\"valueName\":\"search_term_string\"}}],\"inLanguage\":\"en-GB\"}]}<\/script>\n<!-- \/ Yoast SEO plugin. -->","yoast_head_json":{"title":"Meet the characters | Astrid Lindgrens V\u00e4rld","robots":{"index":"index","follow":"follow","max-snippet":"max-snippet:-1","max-image-preview":"max-image-preview:large","max-video-preview":"max-video-preview:-1"},"canonical":"https:\/\/astridlindgrensvarld.se\/en\/meet-the-characters\/","og_locale":"en_GB","og_type":"article","og_title":"Meet the characters | Astrid Lindgrens V\u00e4rld","og_url":"https:\/\/astridlindgrensvarld.se\/en\/meet-the-characters\/","og_site_name":"Astrid Lindgrens V\u00e4rld","article_modified_time":"2024-04-10T08:05:24+00:00","twitter_card":"summary_large_image","schema":{"@context":"https:\/\/schema.org","@graph":[{"@type":"WebPage","@id":"https:\/\/astridlindgrensvarld.se\/en\/meet-the-characters\/","url":"https:\/\/astridlindgrensvarld.se\/en\/meet-the-characters\/","name":"Meet the characters | Astrid Lindgrens V\u00e4rld","isPartOf":{"@id":"https:\/\/astridlindgrensvarld.se\/#website"},"datePublished":"2024-02-13T12:50:22+00:00","dateModified":"2024-04-10T08:05:24+00:00","breadcrumb":{"@id":"https:\/\/astridlindgrensvarld.se\/en\/meet-the-characters\/#breadcrumb"},"inLanguage":"en-GB","potentialAction":[{"@type":"ReadAction","target":["https:\/\/astridlindgrensvarld.se\/en\/meet-the-characters\/"]}]},{"@type":"BreadcrumbList","@id":"https:\/\/astridlindgrensvarld.se\/en\/meet-the-characters\/#breadcrumb","itemListElement":[{"@type":"ListItem","position":1,"name":"Home","item":"https:\/\/astridlindgrensvarld.se\/en\/"},{"@type":"ListItem","position":2,"name":"Meet the characters"}]},{"@type":"WebSite","@id":"https:\/\/astridlindgrensvarld.se\/#website","url":"https:\/\/astridlindgrensvarld.se\/","name":"Astrid Lindgrens V\u00e4rld","description":"","potentialAction":[{"@type":"SearchAction","target":{"@type":"EntryPoint","urlTemplate":"https:\/\/astridlindgrensvarld.se\/?s={search_term_string}"},"query-input":{"@type":"PropertyValueSpecification","valueRequired":true,"valueName":"search_term_string"}}],"inLanguage":"en-GB"}]}},"_links":{"self":[{"href":"https:\/\/astridlindgrensvarld.se\/en\/wp-json\/wp\/v2\/pages\/79214","targetHints":{"allow":["GET"]}}],"collection":[{"href":"https:\/\/astridlindgrensvarld.se\/en\/wp-json\/wp\/v2\/pages"}],"about":[{"href":"https:\/\/astridlindgrensvarld.se\/en\/wp-json\/wp\/v2\/types\/page"}],"author":[{"embeddable":true,"href":"https:\/\/astridlindgrensvarld.se\/en\/wp-json\/wp\/v2\/users\/5"}],"replies":[{"embeddable":true,"href":"https:\/\/astridlindgrensvarld.se\/en\/wp-json\/wp\/v2\/comments?post=79214"}],"version-history":[{"count":2,"href":"https:\/\/astridlindgrensvarld.se\/en\/wp-json\/wp\/v2\/pages\/79214\/revisions"}],"predecessor-version":[{"id":81953,"href":"https:\/\/astridlindgrensvarld.se\/en\/wp-json\/wp\/v2\/pages\/79214\/revisions\/81953"}],"wp:attachment":[{"href":"https:\/\/astridlindgrensvarld.se\/en\/wp-json\/wp\/v2\/media?parent=79214"}],"curies":[{"name":"wp","href":"https:\/\/api.w.org\/{rel}","templated":true}]}}