{"id":79190,"date":"2024-02-13T14:50:14","date_gmt":"2024-02-13T12:50:14","guid":{"rendered":"https:\/\/astridlindgrensvarld.se\/other-accommodation\/"},"modified":"2024-04-03T14:38:15","modified_gmt":"2024-04-03T12:38:15","slug":"other-accommodation","status":"publish","type":"page","link":"https:\/\/astridlindgrensvarld.se\/en\/accommodation\/other-accommodation\/","title":{"rendered":"Other accommodation"},"content":{"rendered":"\n<div class=\"relative flex flex-col items-center  w-full h-screen max-h-[960px] mobile:mb-[200px] desktop:max-h-[780px] min-h-[700px] mobile:min-h-[500px] justify-start mobile:max-h-none mobile:h-full\">\n\t\t\t\t\t\t\t<img decoding=\"async\" class=\"top-0 object-cover w-full h-[60vh]  max-h-[746px] desktop:max-h-[650px] min-h-[700px] mobile:min-h-[540px] mobile:hidden\" src=\"https:\/\/astridlindgrensvarld.se\/wp-content\/uploads\/2023\/12\/dscf9434-1.jpg\" alt=\"\">\n\t<img decoding=\"async\" class=\"top-0 object-cover w-full h-[60vh] min-h-[700px] mobile:min-h-[540px] hidden mobile:block\" src=\"https:\/\/astridlindgrensvarld.se\/wp-content\/uploads\/2023\/12\/hulingen41440x1440px.jpg\" alt=\"\">\n\t\t\t\t\t\t\t<div class=\"absolute bottom-0 mobile:bottom-[-200px] z-10 flex flex-col items-center w-full inner-contain gap-7 desktop-sm:px-4 mobile:px-2\">\n\t\t\t\t<div class=\"bg-whiteish px-[80px] py-6 mobile:p-2 flex flex-col items-center gap-4 mobile:gap-4 text-black text-center rounded-lg lg-shadow w-full\">\n\t\t\t\t\t<div class=\"flex flex-col items-center justify-start gap-1\">\n\n\t\t\t\t\t\t<h1 class=\"text-brightRed -hero\">You can also stay here&#8230;<\/h1>\n\t\t\t\t\t\t\t\t\t\t\t<\/div>\n\n\t\t\t\t\t<p class=\"-large text-darkRed mobile:!text-[16px]\">In addition to our own guest accommodation, there are a large number of pleasant accommodation options to choose from in the surrounding area or within easy driving distance of Astrid Lindgren\u2019s World \u2013 everything from hotels and flats to campsites and hostels.<\/p>\n\t\t\t\t\t\t\t\t\t\t\t\t\t\t<\/div>\n\t\t\t<\/div>\n\t\t\t<\/div>\n\n\n<div class=\"flex flex-col items-center justify-center w-full gap-5 py-7 tablet:py-7  desktop-sm:px-4 tablet-lg:px-0\">\n\t\t\t\t<div class=\"grid justify-center w-full h-full grid-cols-3 tablet-sm:grid-cols-1 desktop-sm:grid-cols-2 gap-5 m-auto mobile:pt-7 inner-contain desktop-sm:px-4 mobile:px-2\">\n\t\t\t\n\t\t\t\t\t\n\n<!-- now I am complete! -->\n\n\n\t<!-- \/\/MOBILE -->\n\t<a href=\"https:\/\/astridlindgrensvarld.se\/en\/accommodation\/reside\/vimmerby-vandrarhem\/\" class=\"relative flex-col items-stretch justify-between hidden group sm-shadow tablet-sm:!flex\">\n\t\t<div class=\"flex items-center justify-center w-full\">\n\t\t\t<div class=\" max-w-[9rem] w-full h-full\">\n\t\t\t\t<img decoding=\"async\" class=\"object-cover w-full h-full rounded-l-md aspect-square\" src=\"https:\/\/astridlindgrensvarld.se\/wp-content\/uploads\/2023\/12\/vandrar1.jpg\" alt=\"Vimmerby Vandrarhem\">\n\t\t\t<\/div>\n\t\t\t<div class=\"flex flex-col items-start justify-center w-full h-full gap-1 p-4 rounded-r-md bg-whiteish\">\n\t\t\t\t<div class=\"flex flex-col\">\n\t\t\t\t\t\t\t\t\t\t<h4 class=\"text-red text-[20px]\">Vimmerby Vandrarhem<\/h4>\n\t\t\t\t<\/div>\n\t\t\t\t<!-- <p class=\"text-blackish mobile:text-[14px]\">Vimmerby Vandrarhem is Vimmerby\u2019s nearest hostel.<\/p> -->\n\t\t\t\t<div class=\"flex flex-col items-start gap-1 pt-2\">\n\t\t\t\t\t\t\t\t\t\t\t\t\t\t<\/div>\n\t\t\t<\/div>\n\t\t<\/div>\n\t<\/a>\n\t<!-- DESKTOP -->\n\t<a href=\"https:\/\/astridlindgrensvarld.se\/en\/accommodation\/reside\/vimmerby-vandrarhem\/\" class=\"relative flex flex-col items-center justify-between group max-h-[40rem] max-w-[38rem] tablet-sm:hidden\">\n\n\t\t<div class=\"mb-5 overflow-hidden rounded-lg\">\n\t\t\t<img decoding=\"async\" class=\"object-cover w-full transition-all duration-700 aspect-standing group-hover:scale-110\" src=\"https:\/\/astridlindgrensvarld.se\/wp-content\/uploads\/2023\/12\/vandrar1.jpg\" alt=\"Vimmerby Vandrarhem\">\n\t\t<\/div>\n\t\t<div class=\"absolute bottom-0 flex flex-col gap-3 p-5 mx-4 rounded-lg bg-whiteish sm-shadow mobile:px-4 w-[90%]\">\n\t\t\t<div class=\"flex flex-col\">\n\t\t\t\t\t\t\t\t<h4 class=\"text-red\">Vimmerby Vandrarhem<\/h4>\n\t\t\t<\/div>\n\t\t\t<p class=\"text-blackish\">Vimmerby Vandrarhem is Vimmerby\u2019s nearest hostel.<\/p>\n\t\t\t<div class=\"flex items-start gap-3\">\n                \t\t\t\t\t\t\t<\/div>\n\t\t<\/div>\n\t<\/a>\n\n\t\t\t\t\n\t\t\t\t\t\n\n<!-- now I am complete! -->\n\n\n\t<!-- \/\/MOBILE -->\n\t<a href=\"https:\/\/astridlindgrensvarld.se\/en\/accommodation\/reside\/vastervik-resort\/\" class=\"relative flex-col items-stretch justify-between hidden group sm-shadow tablet-sm:!flex\">\n\t\t<div class=\"flex items-center justify-center w-full\">\n\t\t\t<div class=\" max-w-[9rem] w-full h-full\">\n\t\t\t\t<img decoding=\"async\" class=\"object-cover w-full h-full rounded-l-md aspect-square\" src=\"https:\/\/astridlindgrensvarld.se\/wp-content\/uploads\/2023\/12\/resort2.jpg\" alt=\"\">\n\t\t\t<\/div>\n\t\t\t<div class=\"flex flex-col items-start justify-center w-full h-full gap-1 p-4 rounded-r-md bg-whiteish\">\n\t\t\t\t<div class=\"flex flex-col\">\n\t\t\t\t\t\t\t\t\t\t<h4 class=\"text-red text-[20px]\">V\u00e4stervik Resort<\/h4>\n\t\t\t\t<\/div>\n\t\t\t\t<!-- <p class=\"text-blackish mobile:text-[14px]\">An all-in-one resort, in the middle of the most beautiful archipelago in Sm\u00e5land, with the summer town of V\u00e4stervik within walking distance.<\/p> -->\n\t\t\t\t<div class=\"flex flex-col items-start gap-1 pt-2\">\n\t\t\t\t\t\t\t\t\t\t\t\t\t\t<\/div>\n\t\t\t<\/div>\n\t\t<\/div>\n\t<\/a>\n\t<!-- DESKTOP -->\n\t<a href=\"https:\/\/astridlindgrensvarld.se\/en\/accommodation\/reside\/vastervik-resort\/\" class=\"relative flex flex-col items-center justify-between group max-h-[40rem] max-w-[38rem] tablet-sm:hidden\">\n\n\t\t<div class=\"mb-5 overflow-hidden rounded-lg\">\n\t\t\t<img decoding=\"async\" class=\"object-cover w-full transition-all duration-700 aspect-standing group-hover:scale-110\" src=\"https:\/\/astridlindgrensvarld.se\/wp-content\/uploads\/2023\/12\/resort2.jpg\" alt=\"\">\n\t\t<\/div>\n\t\t<div class=\"absolute bottom-0 flex flex-col gap-3 p-5 mx-4 rounded-lg bg-whiteish sm-shadow mobile:px-4 w-[90%]\">\n\t\t\t<div class=\"flex flex-col\">\n\t\t\t\t\t\t\t\t<h4 class=\"text-red\">V\u00e4stervik Resort<\/h4>\n\t\t\t<\/div>\n\t\t\t<p class=\"text-blackish\">An all-in-one resort, in the middle of the most beautiful archipelago in Sm\u00e5land, with the summer town of V\u00e4stervik within walking distance.<\/p>\n\t\t\t<div class=\"flex items-start gap-3\">\n                \t\t\t\t\t\t\t<\/div>\n\t\t<\/div>\n\t<\/a>\n\n\t\t\t\t\n\t\t\t\t\t\n\n<!-- now I am complete! -->\n\n\n\t<!-- \/\/MOBILE -->\n\t<a href=\"https:\/\/astridlindgrensvarld.se\/en\/accommodation\/reside\/kustcamp-gamleby\/\" class=\"relative flex-col items-stretch justify-between hidden group sm-shadow tablet-sm:!flex\">\n\t\t<div class=\"flex items-center justify-center w-full\">\n\t\t\t<div class=\" max-w-[9rem] w-full h-full\">\n\t\t\t\t<img decoding=\"async\" class=\"object-cover w-full h-full rounded-l-md aspect-square\" src=\"https:\/\/astridlindgrensvarld.se\/wp-content\/uploads\/2023\/12\/kustcamp-strand-2.jpg\" alt=\"\">\n\t\t\t<\/div>\n\t\t\t<div class=\"flex flex-col items-start justify-center w-full h-full gap-1 p-4 rounded-r-md bg-whiteish\">\n\t\t\t\t<div class=\"flex flex-col\">\n\t\t\t\t\t\t\t\t\t\t<h4 class=\"text-red text-[20px]\">KustCamp Gamleby<\/h4>\n\t\t\t\t<\/div>\n\t\t\t\t<!-- <p class=\"text-blackish mobile:text-[14px]\">KustCamp offers the closest campsite and cottages to Astrid Lindgren\u2019s World for when you want to stay by the sea.<\/p> -->\n\t\t\t\t<div class=\"flex flex-col items-start gap-1 pt-2\">\n\t\t\t\t\t\t\t\t\t\t\t\t\t\t<\/div>\n\t\t\t<\/div>\n\t\t<\/div>\n\t<\/a>\n\t<!-- DESKTOP -->\n\t<a href=\"https:\/\/astridlindgrensvarld.se\/en\/accommodation\/reside\/kustcamp-gamleby\/\" class=\"relative flex flex-col items-center justify-between group max-h-[40rem] max-w-[38rem] tablet-sm:hidden\">\n\n\t\t<div class=\"mb-5 overflow-hidden rounded-lg\">\n\t\t\t<img decoding=\"async\" class=\"object-cover w-full transition-all duration-700 aspect-standing group-hover:scale-110\" src=\"https:\/\/astridlindgrensvarld.se\/wp-content\/uploads\/2023\/12\/kustcamp-strand-2.jpg\" alt=\"\">\n\t\t<\/div>\n\t\t<div class=\"absolute bottom-0 flex flex-col gap-3 p-5 mx-4 rounded-lg bg-whiteish sm-shadow mobile:px-4 w-[90%]\">\n\t\t\t<div class=\"flex flex-col\">\n\t\t\t\t\t\t\t\t<h4 class=\"text-red\">KustCamp Gamleby<\/h4>\n\t\t\t<\/div>\n\t\t\t<p class=\"text-blackish\">KustCamp offers the closest campsite and cottages to Astrid Lindgren\u2019s World for when you want to stay by the sea.<\/p>\n\t\t\t<div class=\"flex items-start gap-3\">\n                \t\t\t\t\t\t\t<\/div>\n\t\t<\/div>\n\t<\/a>\n\n\t\t\t\t\n\t\t\t\t\t\n\n<!-- now I am complete! -->\n\n\n\t<!-- \/\/MOBILE -->\n\t<a href=\"https:\/\/astridlindgrensvarld.se\/en\/accommodation\/reside\/hotell-hulingen\/\" class=\"relative flex-col items-stretch justify-between hidden group sm-shadow tablet-sm:!flex\">\n\t\t<div class=\"flex items-center justify-center w-full\">\n\t\t\t<div class=\" max-w-[9rem] w-full h-full\">\n\t\t\t\t<img decoding=\"async\" class=\"object-cover w-full h-full rounded-l-md aspect-square\" src=\"https:\/\/astridlindgrensvarld.se\/wp-content\/uploads\/2023\/12\/hulingen41440x1440px.jpg\" alt=\"\">\n\t\t\t<\/div>\n\t\t\t<div class=\"flex flex-col items-start justify-center w-full h-full gap-1 p-4 rounded-r-md bg-whiteish\">\n\t\t\t\t<div class=\"flex flex-col\">\n\t\t\t\t\t\t\t\t\t\t<h4 class=\"text-red text-[20px]\">Hotell Hulingen<\/h4>\n\t\t\t\t<\/div>\n\t\t\t\t<!-- <p class=\"text-blackish mobile:text-[14px]\">A family-run hotel in the centre of Hultsfred with a beautiful view of Lake Hulingen.<\/p> -->\n\t\t\t\t<div class=\"flex flex-col items-start gap-1 pt-2\">\n\t\t\t\t\t\t\t\t\t\t\t\t\t\t<\/div>\n\t\t\t<\/div>\n\t\t<\/div>\n\t<\/a>\n\t<!-- DESKTOP -->\n\t<a href=\"https:\/\/astridlindgrensvarld.se\/en\/accommodation\/reside\/hotell-hulingen\/\" class=\"relative flex flex-col items-center justify-between group max-h-[40rem] max-w-[38rem] tablet-sm:hidden\">\n\n\t\t<div class=\"mb-5 overflow-hidden rounded-lg\">\n\t\t\t<img decoding=\"async\" class=\"object-cover w-full transition-all duration-700 aspect-standing group-hover:scale-110\" src=\"https:\/\/astridlindgrensvarld.se\/wp-content\/uploads\/2023\/12\/hulingen41440x1440px.jpg\" alt=\"\">\n\t\t<\/div>\n\t\t<div class=\"absolute bottom-0 flex flex-col gap-3 p-5 mx-4 rounded-lg bg-whiteish sm-shadow mobile:px-4 w-[90%]\">\n\t\t\t<div class=\"flex flex-col\">\n\t\t\t\t\t\t\t\t<h4 class=\"text-red\">Hotell Hulingen<\/h4>\n\t\t\t<\/div>\n\t\t\t<p class=\"text-blackish\">A family-run hotel in the centre of Hultsfred with a beautiful view of Lake Hulingen.<\/p>\n\t\t\t<div class=\"flex items-start gap-3\">\n                \t\t\t\t\t\t\t<\/div>\n\t\t<\/div>\n\t<\/a>\n\n\t\t\t\t\n\t\t\t\t\t\n\n<!-- now I am complete! -->\n\n\n\t<!-- \/\/MOBILE -->\n\t<a href=\"https:\/\/astridlindgrensvarld.se\/en\/accommodation\/reside\/hotell-hogland\/\" class=\"relative flex-col items-stretch justify-between hidden group sm-shadow tablet-sm:!flex\">\n\t\t<div class=\"flex items-center justify-center w-full\">\n\t\t\t<div class=\" max-w-[9rem] w-full h-full\">\n\t\t\t\t<img decoding=\"async\" class=\"object-cover w-full h-full rounded-l-md aspect-square\" src=\"https:\/\/astridlindgrensvarld.se\/wp-content\/uploads\/2023\/12\/hogland-6.jpg\" alt=\"\">\n\t\t\t<\/div>\n\t\t\t<div class=\"flex flex-col items-start justify-center w-full h-full gap-1 p-4 rounded-r-md bg-whiteish\">\n\t\t\t\t<div class=\"flex flex-col\">\n\t\t\t\t\t\t\t\t\t\t<h4 class=\"text-red text-[20px]\">Hotell H\u00f6gland<\/h4>\n\t\t\t\t<\/div>\n\t\t\t\t<!-- <p class=\"text-blackish mobile:text-[14px]\">Hotell H\u00f6gland is located in the centre of N\u00e4ssj\u00f6. It is close to a beautiful town park with a playground and wonderful nature.<\/p> -->\n\t\t\t\t<div class=\"flex flex-col items-start gap-1 pt-2\">\n\t\t\t\t\t\t\t\t\t\t\t\t\t\t<\/div>\n\t\t\t<\/div>\n\t\t<\/div>\n\t<\/a>\n\t<!-- DESKTOP -->\n\t<a href=\"https:\/\/astridlindgrensvarld.se\/en\/accommodation\/reside\/hotell-hogland\/\" class=\"relative flex flex-col items-center justify-between group max-h-[40rem] max-w-[38rem] tablet-sm:hidden\">\n\n\t\t<div class=\"mb-5 overflow-hidden rounded-lg\">\n\t\t\t<img decoding=\"async\" class=\"object-cover w-full transition-all duration-700 aspect-standing group-hover:scale-110\" src=\"https:\/\/astridlindgrensvarld.se\/wp-content\/uploads\/2023\/12\/hogland-6.jpg\" alt=\"\">\n\t\t<\/div>\n\t\t<div class=\"absolute bottom-0 flex flex-col gap-3 p-5 mx-4 rounded-lg bg-whiteish sm-shadow mobile:px-4 w-[90%]\">\n\t\t\t<div class=\"flex flex-col\">\n\t\t\t\t\t\t\t\t<h4 class=\"text-red\">Hotell H\u00f6gland<\/h4>\n\t\t\t<\/div>\n\t\t\t<p class=\"text-blackish\">Hotell H\u00f6gland is located in the centre of N\u00e4ssj\u00f6. It is close to a beautiful town park with a playground and wonderful nature.<\/p>\n\t\t\t<div class=\"flex items-start gap-3\">\n                \t\t\t\t\t\t\t<\/div>\n\t\t<\/div>\n\t<\/a>\n\n\t\t\t\t\n\t\t\t\t\t\n\n<!-- now I am complete! -->\n\n\n\t<!-- \/\/MOBILE -->\n\t<a href=\"https:\/\/astridlindgrensvarld.se\/en\/accommodation\/reside\/fredensborg-manor\/\" class=\"relative flex-col items-stretch justify-between hidden group sm-shadow tablet-sm:!flex\">\n\t\t<div class=\"flex items-center justify-center w-full\">\n\t\t\t<div class=\" max-w-[9rem] w-full h-full\">\n\t\t\t\t<img decoding=\"async\" class=\"object-cover w-full h-full rounded-l-md aspect-square\" src=\"https:\/\/astridlindgrensvarld.se\/wp-content\/uploads\/2023\/12\/frb-bildspel3.jpg\" alt=\"\">\n\t\t\t<\/div>\n\t\t\t<div class=\"flex flex-col items-start justify-center w-full h-full gap-1 p-4 rounded-r-md bg-whiteish\">\n\t\t\t\t<div class=\"flex flex-col\">\n\t\t\t\t\t\t\t\t\t\t<h4 class=\"text-red text-[20px]\">Fredensborg Manor<\/h4>\n\t\t\t\t<\/div>\n\t\t\t\t<!-- <p class=\"text-blackish mobile:text-[14px]\">Fredensborg is wonderfully located in a scenic environment near our swimming and fishing lake Gissen, just 10  km south of Vimmerby.<\/p> -->\n\t\t\t\t<div class=\"flex flex-col items-start gap-1 pt-2\">\n\t\t\t\t\t\t\t\t\t\t\t\t\t\t<\/div>\n\t\t\t<\/div>\n\t\t<\/div>\n\t<\/a>\n\t<!-- DESKTOP -->\n\t<a href=\"https:\/\/astridlindgrensvarld.se\/en\/accommodation\/reside\/fredensborg-manor\/\" class=\"relative flex flex-col items-center justify-between group max-h-[40rem] max-w-[38rem] tablet-sm:hidden\">\n\n\t\t<div class=\"mb-5 overflow-hidden rounded-lg\">\n\t\t\t<img decoding=\"async\" class=\"object-cover w-full transition-all duration-700 aspect-standing group-hover:scale-110\" src=\"https:\/\/astridlindgrensvarld.se\/wp-content\/uploads\/2023\/12\/frb-bildspel3.jpg\" alt=\"\">\n\t\t<\/div>\n\t\t<div class=\"absolute bottom-0 flex flex-col gap-3 p-5 mx-4 rounded-lg bg-whiteish sm-shadow mobile:px-4 w-[90%]\">\n\t\t\t<div class=\"flex flex-col\">\n\t\t\t\t\t\t\t\t<h4 class=\"text-red\">Fredensborg Manor<\/h4>\n\t\t\t<\/div>\n\t\t\t<p class=\"text-blackish\">Fredensborg is wonderfully located in a scenic environment near our swimming and fishing lake Gissen, just 10  km south of Vimmerby.<\/p>\n\t\t\t<div class=\"flex items-start gap-3\">\n                \t\t\t\t\t\t\t<\/div>\n\t\t<\/div>\n\t<\/a>\n\n\t\t\t\t\t\t<\/div>\n\t<\/div>","protected":false},"excerpt":{"rendered":"","protected":false},"author":5,"featured_media":0,"parent":80880,"menu_order":0,"comment_status":"closed","ping_status":"closed","template":"","meta":{"_acf_changed":false,"footnotes":""},"class_list":["post-79190","page","type-page","status-publish","hentry"],"acf":[],"yoast_head":"<!-- This site is optimized with the Yoast SEO plugin v27.4 - https:\/\/yoast.com\/product\/yoast-seo-wordpress\/ -->\n<title>Other accommodation | Astrid Lindgrens V\u00e4rld<\/title>\n<meta name=\"robots\" content=\"index, follow, max-snippet:-1, max-image-preview:large, max-video-preview:-1\" \/>\n<link rel=\"canonical\" href=\"https:\/\/astridlindgrensvarld.se\/en\/accommodation\/other-accommodation\/\" \/>\n<meta property=\"og:locale\" content=\"en_GB\" \/>\n<meta property=\"og:type\" content=\"article\" \/>\n<meta property=\"og:title\" content=\"Other accommodation | Astrid Lindgrens V\u00e4rld\" \/>\n<meta property=\"og:url\" content=\"https:\/\/astridlindgrensvarld.se\/en\/accommodation\/other-accommodation\/\" \/>\n<meta property=\"og:site_name\" content=\"Astrid Lindgrens V\u00e4rld\" \/>\n<meta property=\"article:modified_time\" content=\"2024-04-03T12:38:15+00:00\" \/>\n<meta name=\"twitter:card\" content=\"summary_large_image\" \/>\n<script type=\"application\/ld+json\" class=\"yoast-schema-graph\">{\"@context\":\"https:\\\/\\\/schema.org\",\"@graph\":[{\"@type\":\"WebPage\",\"@id\":\"https:\\\/\\\/astridlindgrensvarld.se\\\/en\\\/accommodation\\\/other-accommodation\\\/\",\"url\":\"https:\\\/\\\/astridlindgrensvarld.se\\\/en\\\/accommodation\\\/other-accommodation\\\/\",\"name\":\"Other accommodation | Astrid Lindgrens V\u00e4rld\",\"isPartOf\":{\"@id\":\"https:\\\/\\\/astridlindgrensvarld.se\\\/#website\"},\"datePublished\":\"2024-02-13T12:50:14+00:00\",\"dateModified\":\"2024-04-03T12:38:15+00:00\",\"breadcrumb\":{\"@id\":\"https:\\\/\\\/astridlindgrensvarld.se\\\/en\\\/accommodation\\\/other-accommodation\\\/#breadcrumb\"},\"inLanguage\":\"en-GB\",\"potentialAction\":[{\"@type\":\"ReadAction\",\"target\":[\"https:\\\/\\\/astridlindgrensvarld.se\\\/en\\\/accommodation\\\/other-accommodation\\\/\"]}]},{\"@type\":\"BreadcrumbList\",\"@id\":\"https:\\\/\\\/astridlindgrensvarld.se\\\/en\\\/accommodation\\\/other-accommodation\\\/#breadcrumb\",\"itemListElement\":[{\"@type\":\"ListItem\",\"position\":1,\"name\":\"Home\",\"item\":\"https:\\\/\\\/astridlindgrensvarld.se\\\/en\\\/\"},{\"@type\":\"ListItem\",\"position\":2,\"name\":\"Accommodation\",\"item\":\"https:\\\/\\\/astridlindgrensvarld.se\\\/en\\\/accommodation\\\/\"},{\"@type\":\"ListItem\",\"position\":3,\"name\":\"Other accommodation\"}]},{\"@type\":\"WebSite\",\"@id\":\"https:\\\/\\\/astridlindgrensvarld.se\\\/#website\",\"url\":\"https:\\\/\\\/astridlindgrensvarld.se\\\/\",\"name\":\"Astrid Lindgrens V\u00e4rld\",\"description\":\"\",\"potentialAction\":[{\"@type\":\"SearchAction\",\"target\":{\"@type\":\"EntryPoint\",\"urlTemplate\":\"https:\\\/\\\/astridlindgrensvarld.se\\\/?s={search_term_string}\"},\"query-input\":{\"@type\":\"PropertyValueSpecification\",\"valueRequired\":true,\"valueName\":\"search_term_string\"}}],\"inLanguage\":\"en-GB\"}]}<\/script>\n<!-- \/ Yoast SEO plugin. -->","yoast_head_json":{"title":"Other accommodation | Astrid Lindgrens V\u00e4rld","robots":{"index":"index","follow":"follow","max-snippet":"max-snippet:-1","max-image-preview":"max-image-preview:large","max-video-preview":"max-video-preview:-1"},"canonical":"https:\/\/astridlindgrensvarld.se\/en\/accommodation\/other-accommodation\/","og_locale":"en_GB","og_type":"article","og_title":"Other accommodation | Astrid Lindgrens V\u00e4rld","og_url":"https:\/\/astridlindgrensvarld.se\/en\/accommodation\/other-accommodation\/","og_site_name":"Astrid Lindgrens V\u00e4rld","article_modified_time":"2024-04-03T12:38:15+00:00","twitter_card":"summary_large_image","schema":{"@context":"https:\/\/schema.org","@graph":[{"@type":"WebPage","@id":"https:\/\/astridlindgrensvarld.se\/en\/accommodation\/other-accommodation\/","url":"https:\/\/astridlindgrensvarld.se\/en\/accommodation\/other-accommodation\/","name":"Other accommodation | Astrid Lindgrens V\u00e4rld","isPartOf":{"@id":"https:\/\/astridlindgrensvarld.se\/#website"},"datePublished":"2024-02-13T12:50:14+00:00","dateModified":"2024-04-03T12:38:15+00:00","breadcrumb":{"@id":"https:\/\/astridlindgrensvarld.se\/en\/accommodation\/other-accommodation\/#breadcrumb"},"inLanguage":"en-GB","potentialAction":[{"@type":"ReadAction","target":["https:\/\/astridlindgrensvarld.se\/en\/accommodation\/other-accommodation\/"]}]},{"@type":"BreadcrumbList","@id":"https:\/\/astridlindgrensvarld.se\/en\/accommodation\/other-accommodation\/#breadcrumb","itemListElement":[{"@type":"ListItem","position":1,"name":"Home","item":"https:\/\/astridlindgrensvarld.se\/en\/"},{"@type":"ListItem","position":2,"name":"Accommodation","item":"https:\/\/astridlindgrensvarld.se\/en\/accommodation\/"},{"@type":"ListItem","position":3,"name":"Other accommodation"}]},{"@type":"WebSite","@id":"https:\/\/astridlindgrensvarld.se\/#website","url":"https:\/\/astridlindgrensvarld.se\/","name":"Astrid Lindgrens V\u00e4rld","description":"","potentialAction":[{"@type":"SearchAction","target":{"@type":"EntryPoint","urlTemplate":"https:\/\/astridlindgrensvarld.se\/?s={search_term_string}"},"query-input":{"@type":"PropertyValueSpecification","valueRequired":true,"valueName":"search_term_string"}}],"inLanguage":"en-GB"}]}},"_links":{"self":[{"href":"https:\/\/astridlindgrensvarld.se\/en\/wp-json\/wp\/v2\/pages\/79190","targetHints":{"allow":["GET"]}}],"collection":[{"href":"https:\/\/astridlindgrensvarld.se\/en\/wp-json\/wp\/v2\/pages"}],"about":[{"href":"https:\/\/astridlindgrensvarld.se\/en\/wp-json\/wp\/v2\/types\/page"}],"author":[{"embeddable":true,"href":"https:\/\/astridlindgrensvarld.se\/en\/wp-json\/wp\/v2\/users\/5"}],"replies":[{"embeddable":true,"href":"https:\/\/astridlindgrensvarld.se\/en\/wp-json\/wp\/v2\/comments?post=79190"}],"version-history":[{"count":1,"href":"https:\/\/astridlindgrensvarld.se\/en\/wp-json\/wp\/v2\/pages\/79190\/revisions"}],"predecessor-version":[{"id":81278,"href":"https:\/\/astridlindgrensvarld.se\/en\/wp-json\/wp\/v2\/pages\/79190\/revisions\/81278"}],"up":[{"embeddable":true,"href":"https:\/\/astridlindgrensvarld.se\/en\/wp-json\/wp\/v2\/pages\/80880"}],"wp:attachment":[{"href":"https:\/\/astridlindgrensvarld.se\/en\/wp-json\/wp\/v2\/media?parent=79190"}],"curies":[{"name":"wp","href":"https:\/\/api.w.org\/{rel}","templated":true}]}}