{"id":84321,"date":"2025-03-25T10:59:30","date_gmt":"2025-03-25T08:59:30","guid":{"rendered":"https:\/\/astridlindgrensvarld.se\/?page_id=84321"},"modified":"2025-05-19T13:28:05","modified_gmt":"2025-05-19T11:28:05","slug":"unterkunftsfuehrer-oxgaarden","status":"publish","type":"page","link":"https:\/\/astridlindgrensvarld.se\/de\/unterkunftsfuehrer-oxgaarden\/","title":{"rendered":"Unterkunftsf\u00fchrer \u2013 Oxg\u00e5rden"},"content":{"rendered":"\n<div class=\"relative flex flex-col items-center  w-full h-screen max-h-[960px] mobile:mb-[200px] desktop:max-h-[780px] min-h-[700px] mobile:min-h-[500px] justify-start mobile:max-h-none mobile:h-full\">\n\t\t\t\t\t\t\t<img decoding=\"async\" class=\"top-0 object-cover w-full h-[60vh] max-h-[800px] min-h-[700px]  mobile:min-h-[540px]\" src=\"https:\/\/astridlindgrensvarld.se\/wp-content\/uploads\/2024\/11\/oxgarden4.webp\" alt=\"\">\n\t\t\t\t\t\t\t<div class=\"absolute bottom-0 mobile:bottom-[-200px] z-10 flex flex-col items-center w-full inner-contain gap-7 desktop-sm:px-4 mobile:px-2\">\n\t\t\t\t<div class=\"bg-whiteish px-[80px] py-6 mobile:p-2 flex flex-col items-center gap-4 mobile:gap-4 text-black text-center rounded-lg lg-shadow w-full\">\n\t\t\t\t\t<div class=\"flex flex-col items-center justify-start gap-1\">\n\n\t\t\t\t\t\t<h1 class=\"text-brightRed -hero\">Willkommen!<\/h1>\n\t\t\t\t\t\t\t\t\t\t\t<\/div>\n\n\t\t\t\t\t<p class=\"-large text-darkRed mobile:!text-[16px]\">Wir hoffen, dass Sie Ihren Aufenthalt bei uns genie\u00dfen und gut schlafen. Sollten Sie Fragen haben oder zus\u00e4tzliche Optionen zu Ihrer Unterkunft w\u00fcnschen, k\u00f6nnen Sie sich jederzeit an die Rezeption wenden \u2013 wir helfen Ihnen gerne weiter.<\/p>\n\t\t\t\t\t\t\t\t\t\t\t\t\t\t<\/div>\n\t\t\t<\/div>\n\t\t\t<\/div>\n\n\n<div class=\"flex items-center justify-center w-full px-4 py-7\">\n\t<div data-aos=\"\" data-aos-duration=\"\" class=\"flex flex-col w-full gap-5 m-auto text-center inner-contain\">\n\t\t\t\t<p class=\"-large text-red\">Falls Sie in Ihrer Unterkunft irgendwelche M\u00e4ngel oder Unzul\u00e4nglichkeiten feststellen, melden Sie diese bitte umgehend an der Rezeption, damit wir sie beheben k\u00f6nnen. Falls die Rezeption geschlossen ist, dokumentieren Sie den Vorfall und benachrichtigen Sie uns bis sp\u00e4testens 10:00 Uhr am folgenden Tag. Bei dringenden Problemen rufen Sie bitte den Hausmeisterservice an. Die Telefonnummer finden Sie in Ihrem Ankunftsumschlag.<\/p>\n\t\t\t<\/div>\n<\/div>\n\n\n<div data-aos=\"\" data-aos-duration=\"\" class=\"tablet:px-4 mobile-sm:px-2\">\n\t<div class=\"flex flex-col items-center w-full px-6 m-auto rounded-md mobile:px-5 inner-contain bg-whiteish my-7\">\n\n\t\t\t\t\t<h2 class=\"w-3\/4 text-center pt-7 text-red tablet:w-full\">Gut zu wissen von A bis Z<\/h2>\n\t\t\t\t<div class=\"flex flex-col items-center justify-center w-full m-auto py-7 desktop-sm:px-4 tablet:px-0 text-contain\">\n\t\t\t<div class=\"flex flex-col items-center justify-center w-full\">\n\n\t\t\t\t\t\t\t\t\t\t\t\t\t\t\t<div class=\"flex flex-col items-start justify-center w-full pb-5\">\n\n\t\t\t\t\t\t\t<div class=\"wysiwyg-style \">\n\t\t\t\t\t\t\t\t<p>&nbsp;<\/p>\n<p><strong>Abfallentsorgung<\/strong><br \/>\nIm Oxg\u00e5rden gibt es zwei ausgewiesene Bereiche f\u00fcr die Abfallentsorgung. Diese sind auf der Karte auf unserer Website sowie auf Ihrem Ankunftsumschlag markiert.<\/p>\n<p>&nbsp;<\/p>\n<hr \/>\n<p><strong>Abreise<\/strong><br \/>\nBitte \u00fcberpr\u00fcfen Sie die Reinigungsliste vor der Abreise. Beachten Sie, dass es auch eine Liste f\u00fcr diejenigen gibt, die die Endreinigung gebucht haben.<\/p>\n<p>&nbsp;<\/p>\n<hr \/>\n<p><strong>Allergien<\/strong><br \/>\nKeine unserer Unterk\u00fcnfte ist allergiezertifiziert. Haustiere sind nur in den Aspen-Apartments erlaubt. Wir k\u00f6nnen keine vollst\u00e4ndig haustierfreien\/allergiezertifizierten Unterk\u00fcnfte garantieren.<\/p>\n<p>&nbsp;<\/p>\n<hr \/>\n<p><strong>Auschecken<\/strong><br \/>\nDer Check-out erfolgt bis sp\u00e4testens 10:00 Uhr, wenn Sie die Endreinigung gebucht haben, bzw. bis 11:00 Uhr, wenn Sie selbst reinigen. Bitte hinterlassen Sie beim Auschecken den Schl\u00fcssel an der Rezeption oder in unserem Express-Postfach, das sich au\u00dferhalb der Rezeption befindet. Vergessen Sie nicht, vor der Abreise die Ihnen bei der Ankunft ausgeh\u00e4ndigte Liste zu \u00fcberpr\u00fcfen.<\/p>\n<p>&nbsp;<\/p>\n<hr \/>\n<p><strong>Bettw\u00e4sche-Set<\/strong><br \/>\nFalls Sie vergessen haben, eigene Bettw\u00e4sche oder Handt\u00fccher mitzubringen, k\u00f6nnen Sie diese an der Rezeption f\u00fcr 185 SEK pro Set mieten. Bitte legen Sie die Bettw\u00e4sche beim Auschecken in die T\u00fcr Ihrer Unterkunft.<\/p>\n<p>&nbsp;<\/p>\n<hr \/>\n<p><strong>Brandmelder<\/strong><br \/>\nDer Brandmelder in Oxg\u00e5rden ist direkt mit den Notdiensten (SOS) verbunden und darf nicht deaktiviert werden! Bitte sorgen Sie beim Kochen f\u00fcr eine gute Bel\u00fcftung.<\/p>\n<p>&nbsp;<\/p>\n<hr \/>\n<p><strong>Eintrittskarten f\u00fcr Astrid Lindgrens Welt<\/strong><br \/>\nWenn Sie Ihre Eintrittskarten als Zusatzoption zu Ihrer Unterkunftsbuchung erworben haben, haben Sie neben dem Haupteingang auch Zugang zum Eingangstor des Restaurants Villa Linn\u00e9a, das ausschlie\u00dflich unseren Unterkunftsg\u00e4sten vorbehalten ist und direkt an \u201eDen lilla staden\u201c (\u201eDie kleine Stadt\u201c) angrenzt. Mit diesen Tickets k\u00f6nnen Sie mehrmals t\u00e4glich eintreten.<br \/>\nAlle anderen Eintrittskarten gelten ausschlie\u00dflich f\u00fcr den Haupteingang. Falls Sie den Park tags\u00fcber \u00fcber den Haupteingang verlassen m\u00fcssen, wenden Sie sich bitte an die Gastgeber am Informationsschalter, um ein Wiedereintrittsticket zu erhalten.<\/p>\n<p>&nbsp;<\/p>\n<hr \/>\n<p><strong>Express-Checkout<\/strong><br \/>\nWenn Sie fr\u00fcher auschecken m\u00fcssen und\/oder alle Angelegenheiten Ihrer Buchung erledigt sind, k\u00f6nnen Sie gerne unseren Express-Checkout nutzen. Legen Sie Ihren Schl\u00fcssel einfach in den daf\u00fcr vorgesehenen Briefkasten am Eingang der Rezeption.<\/p>\n<p>&nbsp;<\/p>\n<hr \/>\n<p><strong>Fr\u00fchst\u00fcck<\/strong><br \/>\nIm Oxg\u00e5rden wird kein Fr\u00fchst\u00fcck serviert. Stattdessen verweisen wir Sie an das Restaurant Villa Linn\u00e9a in Astrid Lindgrens Welt, das an \u201eDen lilla staden\u201c angrenzt, wo jeden Morgen ein k\u00f6stliches und s\u00e4ttigendes Fr\u00fchst\u00fccksbuffet f\u00fcr unsere Unterkunftsg\u00e4ste bereitsteht.<br \/>\nUnser Fr\u00fchst\u00fcck ist sehr beliebt und oft schnell ausgebucht; falls Sie vergessen haben zu reservieren, fragen Sie bitte an der Rezeption nach, ob noch Pl\u00e4tze verf\u00fcgbar sind. Das Fr\u00fchst\u00fcck wird in erster Linie nur f\u00fcr G\u00e4ste unserer G\u00e4steunterkunft angeboten.<br \/>\n<em>(Hinweis: Ein Parkeintritt \u00fcber den Fr\u00fchst\u00fccksservice ist vor der \u00d6ffnungszeit des Parks nicht m\u00f6glich.)<\/em><\/p>\n<p>&nbsp;<\/p>\n<hr \/>\n<p><strong>Grillm\u00f6glichkeiten<\/strong><br \/>\nEs gibt mehrere Gemeinschafts-Grillpl\u00e4tze, die Sie gerne nutzen k\u00f6nnen. Holzkohle und Anz\u00fcndfl\u00fcssigkeit k\u00f6nnen an der Rezeption erworben werden. Wir empfehlen, diese Grillpl\u00e4tze zu nutzen, um die Sicherheit aller zu gew\u00e4hrleisten. Einweggrills sind auf dem Gel\u00e4nde nicht gestattet.<\/p>\n<p>&nbsp;<\/p>\n<hr \/>\n<p><strong>Handwagen<\/strong><br \/>\nWenn Sie beim Besuch von Astrid Lindgrens Welt viel zu tragen haben, k\u00f6nnen Sie an der Rezeption einen Handwagen mieten, den Sie dann im Oxg\u00e5rden zur\u00fcckgeben. Auch in Astrid Lindgrens Welt stehen Handwagen zur Miete zur Verf\u00fcgung, die ausschlie\u00dflich vor Ort genutzt werden k\u00f6nnen.<\/p>\n<p>&nbsp;<\/p>\n<hr \/>\n<p><strong>Haustiere<\/strong><br \/>\nHaustiere sind nur in den Aspen-Apartments erlaubt. Aus R\u00fccksicht auf Allergiker sind die \u00fcbrigen Apartments sowie der Empfangsbereich haustierfrei.<\/p>\n<p>&nbsp;<\/p>\n<hr \/>\n<p><strong>Internet<\/strong><br \/>\nNetzwerk: Oxg\u00e5rdens guest WIFI<br \/>\nPasswort: oxgardenwifi<\/p>\n<p>&nbsp;<\/p>\n<hr \/>\n<p><strong>Kinderbett\/Hochstuhl<\/strong><br \/>\nWir verf\u00fcgen \u00fcber eine begrenzte Anzahl an Kinderbetten und Hochst\u00fchlen. Kontaktieren Sie bitte die Rezeption, wenn Sie einen Hochstuhl ausleihen m\u00f6chten. Ein Kinderbett kann f\u00fcr 150 SEK pro Nacht gemietet werden.<\/p>\n<p>&nbsp;<\/p>\n<hr \/>\n<p><strong>Laden<\/strong><br \/>\nAn der Rezeption bieten wir eine kleine Auswahl an Artikeln an, die Ihren Bedarf erg\u00e4nzen k\u00f6nnen. Dazu geh\u00f6ren grundlegende Fr\u00fchst\u00fccksvorr\u00e4te, Toilettenartikel, Eis &amp; S\u00fc\u00dfigkeiten, Kaffee, Getr\u00e4nke und mehr. Falls Sie gr\u00f6\u00dfere Eink\u00e4ufe t\u00e4tigen m\u00f6chten, gibt es gut sortierte Lebensmittelgesch\u00e4fte, die etwa 5 Autominuten von Oxg\u00e5rden entfernt liegen.<\/p>\n<p>&nbsp;<\/p>\n<hr \/>\n<p><strong>M\u00e4ngel und Unzul\u00e4nglichkeiten in der Unterkunft<\/strong><br \/>\nSollten Sie M\u00e4ngel oder Unzul\u00e4nglichkeiten in Ihrer Unterkunft feststellen oder Unklarheiten bez\u00fcglich Ihrer Buchung haben, wenden Sie sich bitte direkt bei Ihrer Ankunft an die Rezeption, damit wir das Problem beheben k\u00f6nnen. Falls die Rezeption geschlossen ist, melden Sie den Mangel bitte bis sp\u00e4testens 10:00 Uhr am folgenden Tag. Bei dringenden Problemen rufen Sie bitte den Hausmeisterservice an \u2013 die Telefonnummer finden Sie in Ihrem Ankunftsumschlag.<\/p>\n<p>&nbsp;<\/p>\n<hr \/>\n<p><strong>Parkplatz<\/strong><br \/>\nAls Gast im Oxg\u00e5rden k\u00f6nnen Sie w\u00e4hrend Ihres Aufenthalts kostenlos auf dem ausgewiesenen Parkplatz parken. Falls Sie an Ihrem Abreisetag Astrid Lindgrens Welt besuchen m\u00f6chten, d\u00fcrfen Sie kostenlos auf dem Hauptparkplatz von Astrid Lindgrens Welt parken. An der Rezeption erhalten Sie beim Auschecken ein Parkticket f\u00fcr diesen Parkplatz. Falls Sie mit mehreren Fahrzeugen anreisen, gelten die gleichen Bedingungen f\u00fcr alle Fahrzeuge.<\/p>\n<p>&nbsp;<\/p>\n<hr \/>\n<p><strong>Rauchen<\/strong><br \/>\nIn keinem unserer Apartments oder Gemeinschaftsbereiche ist das Rauchen gestattet. Bitte nutzen Sie den ausgewiesenen Raucherbereich in der N\u00e4he des Parkplatzes.<\/p>\n<p>&nbsp;<\/p>\n<hr \/>\n<p><strong>Reinigung<\/strong><br \/>\nSie sind daf\u00fcr verantwortlich, Ihre Unterkunft vor der Abreise zu reinigen. Jede Unterkunft ist mit eigenem Geschirrsp\u00fcl- und Reinigungsmaterial ausgestattet. Bitte beachten Sie die Reinigungsliste, die Ihnen beim Check-in ausgeh\u00e4ndigt wurde. Falls Sie die Endreinigung gebucht haben, \u00fcbernehmen wir den Gro\u00dfteil der Reinigung f\u00fcr Sie, jedoch gibt es einige Punkte auf der Liste, die Sie vor der Abreise selbst erledigen m\u00fcssen.<br \/>\nBitte beachten Sie, dass das Geschirrsp\u00fclen nicht in der gebuchten Endreinigung enthalten ist. Wird das Geschirr bei gebuchter Endreinigung nicht gesp\u00fclt, f\u00e4llt eine Geb\u00fchr von 300 SEK an. Wird die Unterkunft unrein verlassen, wird eine Nachbereinigungsgeb\u00fchr von 2000 SEK erhoben.<\/p>\n<p>&nbsp;<\/p>\n<hr \/>\n<p><strong>Tiefk\u00fchlprodukte<\/strong><br \/>\nSie k\u00f6nnen Ihre Tiefk\u00fchlprodukte kostenlos an der Rezeption abgeben und einfrieren.<\/p>\n<p>&nbsp;<\/p>\n<hr \/>\n<p><strong>Verpflegung<\/strong><br \/>\nUnsere Apartments sind mit K\u00fcchen und Utensilien ausgestattet, damit Sie Ihr eigenes Abendessen zubereiten k\u00f6nnen. Es werden keine Mahlzeiten im Oxg\u00e5rden serviert. Stattdessen verweisen wir Sie an das Restaurant Villa Linn\u00e9a in Astrid Lindgrens Welt, wo an den meisten Sommerabenden ein Abendmen\u00fc angeboten wird. Dieses k\u00f6nnen Sie entweder bei der Buchung oder an der Rezeption reservieren. \u00d6ffnungszeiten und Preise erhalten Sie an der Rezeption.<\/p>\n<p>&nbsp;<\/p>\n<hr \/>\n<p><strong>Waschm\u00f6glichkeiten<\/strong><br \/>\nBitte kontaktieren Sie die Rezeption, um einen Termin zu vereinbaren.<\/p>\n<p>&nbsp;<\/p>\n<p>&nbsp;<\/p>\n\t\t\t\t\t\t\t<\/div>\n\t\t\t\t\t\t\t\t\t\t\t\t\t<\/div>\n\t\t\t\t\t\t\t\t\t\n\t\t\t<\/div>\n\n\t\t<\/div>\n\n\t<\/div>\n<\/div>\n\n\n<div data-aos=\"\" data-aos-duration=\"\" class=\"tablet:px-4 mobile-sm:px-2\">\n\t<div class=\"flex flex-col items-center w-full px-6 m-auto rounded-md mobile:px-5 inner-contain bg-whiteish my-7\">\n\n\t\t\t\t\t<h2 class=\"w-3\/4 text-center pt-7 text-red tablet:w-full\">Sonstiges \u2013 Regeln<\/h2>\n\t\t\t\t<div class=\"flex flex-col items-center justify-center w-full m-auto py-7 desktop-sm:px-4 tablet:px-0 text-contain\">\n\t\t\t<div class=\"flex flex-col items-center justify-center w-full\">\n\n\t\t\t\t\t\t\t\t\t\t\t\t\t\t\t<div class=\"flex flex-col items-start justify-center w-full pb-5\">\n\n\t\t\t\t\t\t\t<div class=\"wysiwyg-style \">\n\t\t\t\t\t\t\t\t<ul>\n<li>Die Anzahl der f\u00fcr die Unterkunft gebuchten G\u00e4ste entspricht auch der Zahl, die \u2013 unter anderem aus Sicherheitsgr\u00fcnden \u2013 \u00fcber Nacht bleiben darf. Falls zus\u00e4tzliche G\u00e4ste erwartet werden, benachrichtigen Sie bitte die Rezeption.<\/li>\n<li>Oxg\u00e5rden ist ein Familienbetrieb. Zwischen 22:00 und 07:00 Uhr m\u00fcssen alle G\u00e4ste die gr\u00f6\u00dftm\u00f6gliche R\u00fccksicht nehmen und gegen\u00fcber anderen G\u00e4sten Ruhe bewahren.<\/li>\n<li>Haustiere sind nur in den daf\u00fcr vorgesehenen Unterk\u00fcnften erlaubt. Bei Verst\u00f6\u00dfen, die eine Reinigung erforderlich machen, wird eine Geb\u00fchr von 5.000\u201310.000 SEK f\u00e4llig. Alle Tiere m\u00fcssen auf dem Gel\u00e4nde an der Leine gef\u00fchrt werden.<\/li>\n<li>Wir k\u00f6nnen keine vollst\u00e4ndig haustierfreien bzw. allergiezertifizierten Unterk\u00fcnfte garantieren.<\/li>\n<li>Das Rauchen ist in allen Unterk\u00fcnften und R\u00e4umlichkeiten strengstens untersagt. Bei Verst\u00f6\u00dfen, die eine Reinigung erforderlich machen, wird eine Geb\u00fchr von 5.000\u201310.000 SEK f\u00e4llig.<\/li>\n<li>Als Gast haften Sie f\u00fcr alle Sch\u00e4den an der Immobilie oder am Inventar, die w\u00e4hrend Ihres Aufenthalts entstehen. Im Falle verlorener Schl\u00fcssel, die einen Schlosstausch erfordern, haften Sie ebenfalls.<\/li>\n<\/ul>\n\t\t\t\t\t\t\t<\/div>\n\t\t\t\t\t\t\t\t\t\t\t\t\t<\/div>\n\t\t\t\t\t\t\t\t\t\n\t\t\t<\/div>\n\n\t\t<\/div>\n\n\t<\/div>\n<\/div>\n\n\n<div class=\"w-full\">\n\t<div class=\"flex flex-col w-full m-auto py-7 gap-7 inner-contain\">\n\t\t\t\t\t\t\t\t\t<div data-aos=\"\" data-aos-duration=\"\" class=\"flex relative items-center justify-between w-full m-auto tablet:w-3\/4 tablet-sm:w-full tablet:flex-col-reverse desktop-sm:px-4 gap-7 \">\n\t\t\t\t\t<div class=\"flex flex-col items-start justify-center w-full gap-5 max-w-[40%] tablet:max-w-full\">\n\t\t\t\t\t\t<h3 class=\"-demi text-darkRed\">Contact us.<\/h3>\n\t\t\t\t\t\t\t\t\t\t\t\t\t<div class=\"wysiwyg-style\">\n\t\t\t\t\t\t\t\t<ul>\n<li>Sie erreichen uns an der Rezeption unter der Telefonnummer 0492-564 799.<\/li>\n<li>Weitere wichtige Telefonnummern: Medizinische Beratung 1177, Notruf \u2013 112.<\/li>\n<\/ul>\n\t\t\t\t\t\t\t<\/div>\n\t\t\t\t\t\t\t\t\t\t\t\t\t\t\t\t\t<\/div>\n\t\t\t\t\t<div class=\"flex items-center justify-center w-full\">\n\t\t\t\t\t\t<img decoding=\"async\" class=\"object-cover w-full h-[30rem] mobile-sm:h-[16rem] mobile:h-[18rem] rounded-lg\" src=\"https:\/\/astridlindgrensvarld.se\/wp-content\/uploads\/2025\/03\/hero-7.webp\" alt=\"\">\n\t\t\t\t\t<\/div>\n\n\t\t\t\t<\/div>\n\t\t\t\t\t\t<\/div>\n<\/div>","protected":false},"excerpt":{"rendered":"","protected":false},"author":2,"featured_media":0,"parent":0,"menu_order":0,"comment_status":"closed","ping_status":"closed","template":"","meta":{"_acf_changed":false,"footnotes":""},"class_list":["post-84321","page","type-page","status-publish","hentry"],"acf":[],"yoast_head":"<!-- This site is optimized with the Yoast SEO plugin v27.3 - https:\/\/yoast.com\/product\/yoast-seo-wordpress\/ -->\n<title>Unterkunftsf\u00fchrer \u2013 Oxg\u00e5rden | Astrid Lindgrens V\u00e4rld<\/title>\n<meta name=\"robots\" content=\"index, follow, max-snippet:-1, max-image-preview:large, max-video-preview:-1\" \/>\n<link rel=\"canonical\" href=\"https:\/\/astridlindgrensvarld.se\/de\/unterkunftsfuehrer-oxgaarden\/\" \/>\n<meta property=\"og:locale\" content=\"de_DE\" \/>\n<meta property=\"og:type\" content=\"article\" \/>\n<meta property=\"og:title\" content=\"Unterkunftsf\u00fchrer \u2013 Oxg\u00e5rden | Astrid Lindgrens V\u00e4rld\" \/>\n<meta property=\"og:url\" content=\"https:\/\/astridlindgrensvarld.se\/de\/unterkunftsfuehrer-oxgaarden\/\" \/>\n<meta property=\"og:site_name\" content=\"Astrid Lindgrens V\u00e4rld\" \/>\n<meta property=\"article:modified_time\" content=\"2025-05-19T11:28:05+00:00\" \/>\n<meta name=\"twitter:card\" content=\"summary_large_image\" \/>\n<script type=\"application\/ld+json\" class=\"yoast-schema-graph\">{\"@context\":\"https:\\\/\\\/schema.org\",\"@graph\":[{\"@type\":\"WebPage\",\"@id\":\"https:\\\/\\\/astridlindgrensvarld.se\\\/de\\\/unterkunftsfuehrer-oxgaarden\\\/\",\"url\":\"https:\\\/\\\/astridlindgrensvarld.se\\\/de\\\/unterkunftsfuehrer-oxgaarden\\\/\",\"name\":\"Unterkunftsf\u00fchrer \u2013 Oxg\u00e5rden | Astrid Lindgrens V\u00e4rld\",\"isPartOf\":{\"@id\":\"https:\\\/\\\/astridlindgrensvarld.se\\\/#website\"},\"datePublished\":\"2025-03-25T08:59:30+00:00\",\"dateModified\":\"2025-05-19T11:28:05+00:00\",\"breadcrumb\":{\"@id\":\"https:\\\/\\\/astridlindgrensvarld.se\\\/de\\\/unterkunftsfuehrer-oxgaarden\\\/#breadcrumb\"},\"inLanguage\":\"de\",\"potentialAction\":[{\"@type\":\"ReadAction\",\"target\":[\"https:\\\/\\\/astridlindgrensvarld.se\\\/de\\\/unterkunftsfuehrer-oxgaarden\\\/\"]}]},{\"@type\":\"BreadcrumbList\",\"@id\":\"https:\\\/\\\/astridlindgrensvarld.se\\\/de\\\/unterkunftsfuehrer-oxgaarden\\\/#breadcrumb\",\"itemListElement\":[{\"@type\":\"ListItem\",\"position\":1,\"name\":\"Home\",\"item\":\"https:\\\/\\\/astridlindgrensvarld.se\\\/de\\\/\"},{\"@type\":\"ListItem\",\"position\":2,\"name\":\"Unterkunftsf\u00fchrer \u2013 Oxg\u00e5rden\"}]},{\"@type\":\"WebSite\",\"@id\":\"https:\\\/\\\/astridlindgrensvarld.se\\\/#website\",\"url\":\"https:\\\/\\\/astridlindgrensvarld.se\\\/\",\"name\":\"Astrid Lindgrens V\u00e4rld\",\"description\":\"\",\"potentialAction\":[{\"@type\":\"SearchAction\",\"target\":{\"@type\":\"EntryPoint\",\"urlTemplate\":\"https:\\\/\\\/astridlindgrensvarld.se\\\/?s={search_term_string}\"},\"query-input\":{\"@type\":\"PropertyValueSpecification\",\"valueRequired\":true,\"valueName\":\"search_term_string\"}}],\"inLanguage\":\"de\"}]}<\/script>\n<!-- \/ Yoast SEO plugin. -->","yoast_head_json":{"title":"Unterkunftsf\u00fchrer \u2013 Oxg\u00e5rden | Astrid Lindgrens V\u00e4rld","robots":{"index":"index","follow":"follow","max-snippet":"max-snippet:-1","max-image-preview":"max-image-preview:large","max-video-preview":"max-video-preview:-1"},"canonical":"https:\/\/astridlindgrensvarld.se\/de\/unterkunftsfuehrer-oxgaarden\/","og_locale":"de_DE","og_type":"article","og_title":"Unterkunftsf\u00fchrer \u2013 Oxg\u00e5rden | Astrid Lindgrens V\u00e4rld","og_url":"https:\/\/astridlindgrensvarld.se\/de\/unterkunftsfuehrer-oxgaarden\/","og_site_name":"Astrid Lindgrens V\u00e4rld","article_modified_time":"2025-05-19T11:28:05+00:00","twitter_card":"summary_large_image","schema":{"@context":"https:\/\/schema.org","@graph":[{"@type":"WebPage","@id":"https:\/\/astridlindgrensvarld.se\/de\/unterkunftsfuehrer-oxgaarden\/","url":"https:\/\/astridlindgrensvarld.se\/de\/unterkunftsfuehrer-oxgaarden\/","name":"Unterkunftsf\u00fchrer \u2013 Oxg\u00e5rden | Astrid Lindgrens V\u00e4rld","isPartOf":{"@id":"https:\/\/astridlindgrensvarld.se\/#website"},"datePublished":"2025-03-25T08:59:30+00:00","dateModified":"2025-05-19T11:28:05+00:00","breadcrumb":{"@id":"https:\/\/astridlindgrensvarld.se\/de\/unterkunftsfuehrer-oxgaarden\/#breadcrumb"},"inLanguage":"de","potentialAction":[{"@type":"ReadAction","target":["https:\/\/astridlindgrensvarld.se\/de\/unterkunftsfuehrer-oxgaarden\/"]}]},{"@type":"BreadcrumbList","@id":"https:\/\/astridlindgrensvarld.se\/de\/unterkunftsfuehrer-oxgaarden\/#breadcrumb","itemListElement":[{"@type":"ListItem","position":1,"name":"Home","item":"https:\/\/astridlindgrensvarld.se\/de\/"},{"@type":"ListItem","position":2,"name":"Unterkunftsf\u00fchrer \u2013 Oxg\u00e5rden"}]},{"@type":"WebSite","@id":"https:\/\/astridlindgrensvarld.se\/#website","url":"https:\/\/astridlindgrensvarld.se\/","name":"Astrid Lindgrens V\u00e4rld","description":"","potentialAction":[{"@type":"SearchAction","target":{"@type":"EntryPoint","urlTemplate":"https:\/\/astridlindgrensvarld.se\/?s={search_term_string}"},"query-input":{"@type":"PropertyValueSpecification","valueRequired":true,"valueName":"search_term_string"}}],"inLanguage":"de"}]}},"_links":{"self":[{"href":"https:\/\/astridlindgrensvarld.se\/de\/wp-json\/wp\/v2\/pages\/84321","targetHints":{"allow":["GET"]}}],"collection":[{"href":"https:\/\/astridlindgrensvarld.se\/de\/wp-json\/wp\/v2\/pages"}],"about":[{"href":"https:\/\/astridlindgrensvarld.se\/de\/wp-json\/wp\/v2\/types\/page"}],"author":[{"embeddable":true,"href":"https:\/\/astridlindgrensvarld.se\/de\/wp-json\/wp\/v2\/users\/2"}],"replies":[{"embeddable":true,"href":"https:\/\/astridlindgrensvarld.se\/de\/wp-json\/wp\/v2\/comments?post=84321"}],"version-history":[{"count":5,"href":"https:\/\/astridlindgrensvarld.se\/de\/wp-json\/wp\/v2\/pages\/84321\/revisions"}],"predecessor-version":[{"id":84704,"href":"https:\/\/astridlindgrensvarld.se\/de\/wp-json\/wp\/v2\/pages\/84321\/revisions\/84704"}],"wp:attachment":[{"href":"https:\/\/astridlindgrensvarld.se\/de\/wp-json\/wp\/v2\/media?parent=84321"}],"curies":[{"name":"wp","href":"https:\/\/api.w.org\/{rel}","templated":true}]}}