{"id":83779,"date":"2024-11-14T15:48:01","date_gmt":"2024-11-14T13:48:01","guid":{"rendered":"https:\/\/astridlindgrensvarld.se\/unterkunft\/bokningsregler\/"},"modified":"2024-12-04T14:57:18","modified_gmt":"2024-12-04T12:57:18","slug":"bokningsregler","status":"publish","type":"page","link":"https:\/\/astridlindgrensvarld.se\/de\/unterkunft\/bokningsregler\/","title":{"rendered":"Mietbedingungen"},"content":{"rendered":"\n<div class=\"flex items-center justify-center w-full py-7\">\n\t<div data-aos=\"\" data-aos-duration=\"\" class=\"flex flex-col items-center justify-center w-full gap-6 m-auto text-contain\">\n\t\t\t\t\t<div class=\"w-full\">\n\t\t\t\t<h2 class=\"text-center text-brightRed px-6\">Mietbedingungen<\/h2>\n\t\t\t<\/div>\n\t\t\t\t<div class=\"w-full px-6 wysiwyg-style mobile:px-4\">\n\t\t\t<p><strong>Mietbedingungen<\/strong><\/p>\n<p>Diese Mietbedingungen gelten f\u00fcr die Buchung einer Unterkunft \u00fcber astridlingrensvarld.se. Mit der abgeschlossenen Buchung akzeptieren Sie unsere Mietbedingungen.<\/p>\n<p><strong>Buchung und Bezahlung.<\/strong><br \/>\nEine Buchungsbest\u00e4tigung Ihrer Buchung wird schnellstm\u00f6glich nach Abschluss der Buchung an Ihre E-Mail-Adresse gesendet. Der Preis f\u00fcr Ihre Buchung wird zum Zeitpunkt der Buchung und in der Buchungsbest\u00e4tigung angegeben. Die Buchung ist f\u00fcr die Parteien verbindlich, wenn die in der Buchungsbest\u00e4tigung genannte Anzahlung beglichen wurde. Die Anzahlung und eine etwaiger Reiser\u00fccktrittsversicherung m\u00fcssen sp\u00e4testens zehn (10) Tage nach der Buchung der bei der G\u00e4steunterkunft von Astrid Lindgrens Welt eingegangen sein.<\/p>\n<p>Der Restbetrag muss sp\u00e4testens 30 Tage vor Anreise bei der G\u00e4steunterkunft von Astrid Lindgrens Welt eingegangen sein. Bei Nichtzahlung wird Ihre Buchung storniert. Bitte beachten Sie, dass Sie auch bei einer Stornierung Ihrer Buchung durch uns keinen Anspruch auf R\u00fcckerstattung der Anzahlung haben.<\/p>\n<p>BITTE BEACHTEN SIE: Bei einer Buchung mit Anreise innerhalb von vier Wochen ist die Zahlung per Kreditkarte erforderlich.<\/p>\n<p>STORNIERUNG VON H\u00c4USCHEN, H\u00c4USERN UND WOHNUNGEN:<br \/>\n<strong>Stornierung ohne Reiser\u00fccktrittsversicherung<\/strong><br \/>\nDie Anzahlung wird nicht zur\u00fcckerstattet, unabh\u00e4ngig davon, wann die Stornierung erfolgt.<br \/>\nBei Stornierung weniger als 30 Tage vor Ankunft werden nur eventuelle Eintrittskarten zur\u00fcckerstattet.<\/p>\n<p><strong>Stornierung mit Reiser\u00fccktrittsversicherung<\/strong><br \/>\nWenn Sie sich f\u00fcr den Abschluss einer Reiser\u00fccktrittsversicherung f\u00fcr Ihre Buchung entschieden haben, k\u00f6nnen Sie aus folgenden Gr\u00fcnden, die zum Zeitpunkt der Buchung noch nicht bekannt sein d\u00fcrfen, bis zum Tag vor Anreise stornieren:<br \/>\na) Tod, Krankheit oder Unfall, der Sie selbst, Ihre\/n Ehepartner*in, Partner*in, Ihre Familie oder Ihre\/n Mitreisende\/n betrifft,<br \/>\nb) wenn ein anderes schwerwiegendes Ereignis eintritt, dass au\u00dferhalb Ihrer Kontrolle liegt und das zum Zeitpunkt der Buchung nicht vorhersehbar war und das dazu f\u00fchrt, dass es nicht angemessen w\u00e4re zu verlangen, dass Sie die Buchung einhalten, z. B. Gro\u00dfbrand oder \u00dcberschwemmung Ihre Wohnung.<\/p>\n<p>Sie m\u00fcssen Ihre Verhinderung mit einem Attest z. B. eines Arztes oder einer \u00c4rztin, einer Beh\u00f6rde oder einer Versicherungsgesellschaft belegen k\u00f6nnen.<\/p>\n<p>Sie m\u00fcssen bei Stornierung Ihre Buchungsnummer und Ihren Namen angeben. Ein eventuelles Attest muss sp\u00e4testens 30 Tage nach Stornierung bei uns eingegangen sein. Der bezahlte Buchungsbetrag wird zur\u00fcckerstattet, sobald best\u00e4tigte Atteste bei Astrid Lindgrens Welt eingegangen sind. Die Versicherungspr\u00e4mie der Reiser\u00fccktrittsversicherung wird nicht zur\u00fcckerstattet.<\/p>\n<p>STORNIERUNG VON STELLPL\u00c4TZEN:<br \/>\n<strong>Stornierung und Umbuchung<\/strong><br \/>\nEine Stornierung ist bis 18:00 Uhr am Tag vor der Ankunft gegen eine Stornogeb\u00fchr von 175 SEK m\u00f6glich. Wir erstatten Ihnen dann den gesamten bezahlten Betrag abz\u00fcglich der Stornogeb\u00fchr. Die R\u00fcckerstattung erfolgt innerhalb weniger Tage, sp\u00e4testens jedoch innerhalb von 30 Tagen. Ein abgebrochener Aufenthalt wird nicht zur\u00fcckerstattet.<\/p>\n<p>Eine kostenfreie Umbuchung ist bis 14 Tage vor Anreise m\u00f6glich, danach ist eine Umbuchung nicht mehr m\u00f6glich und wir verweisen stattdessen auf die Stornierungsbedingungen.<\/p>\n<p>Wenden Sie sich zwecks Stornierung oder Umbuchung bitte an bokning@astridlindgrensvarld.se oder +46-(0)492-798 00<\/p>\n<p>IHRE RECHTE<br \/>\nWenn Sie im Zusammenhang mit Ihrer Anreise mit Ihrer Unterkunft unzufrieden sind oder Beschwerden haben, m\u00fcssen Sie uns dies schnellstm\u00f6glich, sp\u00e4testens jedoch am Tag nach dem Anreisetag, mitteilen. Fehler\/M\u00e4ngel, die w\u00e4hrend Ihres Aufenthalts auftreten, m\u00fcssen uns umgehend gemeldet werden, damit wir die M\u00f6glichkeit haben, diese zu beheben.<\/p>\n<p>IHRE PFLICHTEN<br \/>\nSie sind daf\u00fcr verantwortlich, die Unterkunft\/den Stellplatz gut zu pflegen und die geltenden Regeln, Anweisungen und Vorschriften zu befolgen. Sie haften selbst f\u00fcr alle Sch\u00e4den, die in\/an der Unterkunft\/dem Stellplatz durch Fahrl\u00e4ssigkeit von Ihnen oder jemandem in Ihrer Reisegruppe entstehen.<br \/>\nSie d\u00fcrfen die Unterkunft zu keinem anderen als dem bei der Buchung vereinbarten Zweck nutzen (in der Regel Freizeitzwecke) und Sie d\u00fcrfen nicht mehr Personen in der Unterkunft \u00fcbernachten lassen, als bei der Buchung angegeben wurde.<br \/>\nSie m\u00fcssen das H\u00e4uschen\/das Haus\/die Wohnung vor der Abreise ordnungsgem\u00e4\u00df reinigen. Wenn Sie die Reinigung vers\u00e4umen, f\u00fchren wir die Reinigung auf Ihre Kosten durch.<\/p>\n<p>HAFTUNGSAUSSCHLUSS<br \/>\nSowohl Sie als auch wir haben das Recht, vom Vertrag zur\u00fcckzutreten, wenn die Unterkunft\/der Stellplatz aufgrund von Arbeitskonflikten, Krieg, Feuer, Stromausfall, beh\u00f6rdlicher Anordnung, Terroranschlag, schwerer Infektionsausbreitung oder anderen Umst\u00e4nden, die die Vertragserf\u00fcllung durch die Partei erheblich erschweren und die die Partei vern\u00fcnftigerweise nicht vorhersehen oder \u00fcberwinden konnte. Wenn ein solcher Umstand vorliegt, erstatten wir Ihnen schnellst m\u00f6glich den von Ihnen gezahlten Betrag, abz\u00fcglich des eventuellen Nutzens, den Sie aus der Unterkunft\/dem Stellplatz hatten, zur\u00fcck. Wir erstatten keine Kosten, die durch eine vorzeitige Absage des Aufenthaltes entstehen.<\/p>\n<p>PERSONENBEZOGENE DATEN<br \/>\nWenn Sie Ihre Unterkunft bei uns buchen, erfassen wir bestimmte personenbezogene Daten \u00fcber Sie. Die Verarbeitung dieser Daten erfolgt zum Zwecke der Durchf\u00fchrung Ihrer Buchung. Weitere Informationen dar\u00fcber, wie wir personenbezogene Daten verarbeiten, finden Sie in unserer Datenschutzerkl\u00e4rung, die auf unserer Website verf\u00fcgbar ist. https:\/\/astridlindgrensvarld.se\/de\/datenschutzerklaerung\/<\/p>\n\t\t<\/div>\n\t<\/div>\n<\/div>","protected":false},"excerpt":{"rendered":"","protected":false},"author":2,"featured_media":0,"parent":80959,"menu_order":0,"comment_status":"closed","ping_status":"closed","template":"","meta":{"_acf_changed":false,"footnotes":""},"class_list":["post-83779","page","type-page","status-publish","hentry"],"acf":[],"yoast_head":"<!-- This site is optimized with the Yoast SEO plugin v27.3 - https:\/\/yoast.com\/product\/yoast-seo-wordpress\/ -->\n<title>Mietbedingungen | Astrid Lindgrens V\u00e4rld<\/title>\n<meta name=\"robots\" content=\"index, follow, max-snippet:-1, max-image-preview:large, max-video-preview:-1\" \/>\n<link rel=\"canonical\" href=\"https:\/\/astridlindgrensvarld.se\/de\/unterkunft\/bokningsregler\/\" \/>\n<meta property=\"og:locale\" content=\"de_DE\" \/>\n<meta property=\"og:type\" content=\"article\" \/>\n<meta property=\"og:title\" content=\"Mietbedingungen | Astrid Lindgrens V\u00e4rld\" \/>\n<meta property=\"og:url\" content=\"https:\/\/astridlindgrensvarld.se\/de\/unterkunft\/bokningsregler\/\" \/>\n<meta property=\"og:site_name\" content=\"Astrid Lindgrens V\u00e4rld\" \/>\n<meta property=\"article:modified_time\" content=\"2024-12-04T12:57:18+00:00\" \/>\n<meta name=\"twitter:card\" content=\"summary_large_image\" \/>\n<script type=\"application\/ld+json\" class=\"yoast-schema-graph\">{\"@context\":\"https:\\\/\\\/schema.org\",\"@graph\":[{\"@type\":\"WebPage\",\"@id\":\"https:\\\/\\\/astridlindgrensvarld.se\\\/de\\\/unterkunft\\\/bokningsregler\\\/\",\"url\":\"https:\\\/\\\/astridlindgrensvarld.se\\\/de\\\/unterkunft\\\/bokningsregler\\\/\",\"name\":\"Mietbedingungen | Astrid Lindgrens V\u00e4rld\",\"isPartOf\":{\"@id\":\"https:\\\/\\\/astridlindgrensvarld.se\\\/#website\"},\"datePublished\":\"2024-11-14T13:48:01+00:00\",\"dateModified\":\"2024-12-04T12:57:18+00:00\",\"breadcrumb\":{\"@id\":\"https:\\\/\\\/astridlindgrensvarld.se\\\/de\\\/unterkunft\\\/bokningsregler\\\/#breadcrumb\"},\"inLanguage\":\"de\",\"potentialAction\":[{\"@type\":\"ReadAction\",\"target\":[\"https:\\\/\\\/astridlindgrensvarld.se\\\/de\\\/unterkunft\\\/bokningsregler\\\/\"]}]},{\"@type\":\"BreadcrumbList\",\"@id\":\"https:\\\/\\\/astridlindgrensvarld.se\\\/de\\\/unterkunft\\\/bokningsregler\\\/#breadcrumb\",\"itemListElement\":[{\"@type\":\"ListItem\",\"position\":1,\"name\":\"Home\",\"item\":\"https:\\\/\\\/astridlindgrensvarld.se\\\/de\\\/\"},{\"@type\":\"ListItem\",\"position\":2,\"name\":\"Unterkunft\",\"item\":\"https:\\\/\\\/astridlindgrensvarld.se\\\/de\\\/unterkunft\\\/\"},{\"@type\":\"ListItem\",\"position\":3,\"name\":\"Mietbedingungen\"}]},{\"@type\":\"WebSite\",\"@id\":\"https:\\\/\\\/astridlindgrensvarld.se\\\/#website\",\"url\":\"https:\\\/\\\/astridlindgrensvarld.se\\\/\",\"name\":\"Astrid Lindgrens V\u00e4rld\",\"description\":\"\",\"potentialAction\":[{\"@type\":\"SearchAction\",\"target\":{\"@type\":\"EntryPoint\",\"urlTemplate\":\"https:\\\/\\\/astridlindgrensvarld.se\\\/?s={search_term_string}\"},\"query-input\":{\"@type\":\"PropertyValueSpecification\",\"valueRequired\":true,\"valueName\":\"search_term_string\"}}],\"inLanguage\":\"de\"}]}<\/script>\n<!-- \/ Yoast SEO plugin. -->","yoast_head_json":{"title":"Mietbedingungen | Astrid Lindgrens V\u00e4rld","robots":{"index":"index","follow":"follow","max-snippet":"max-snippet:-1","max-image-preview":"max-image-preview:large","max-video-preview":"max-video-preview:-1"},"canonical":"https:\/\/astridlindgrensvarld.se\/de\/unterkunft\/bokningsregler\/","og_locale":"de_DE","og_type":"article","og_title":"Mietbedingungen | Astrid Lindgrens V\u00e4rld","og_url":"https:\/\/astridlindgrensvarld.se\/de\/unterkunft\/bokningsregler\/","og_site_name":"Astrid Lindgrens V\u00e4rld","article_modified_time":"2024-12-04T12:57:18+00:00","twitter_card":"summary_large_image","schema":{"@context":"https:\/\/schema.org","@graph":[{"@type":"WebPage","@id":"https:\/\/astridlindgrensvarld.se\/de\/unterkunft\/bokningsregler\/","url":"https:\/\/astridlindgrensvarld.se\/de\/unterkunft\/bokningsregler\/","name":"Mietbedingungen | Astrid Lindgrens V\u00e4rld","isPartOf":{"@id":"https:\/\/astridlindgrensvarld.se\/#website"},"datePublished":"2024-11-14T13:48:01+00:00","dateModified":"2024-12-04T12:57:18+00:00","breadcrumb":{"@id":"https:\/\/astridlindgrensvarld.se\/de\/unterkunft\/bokningsregler\/#breadcrumb"},"inLanguage":"de","potentialAction":[{"@type":"ReadAction","target":["https:\/\/astridlindgrensvarld.se\/de\/unterkunft\/bokningsregler\/"]}]},{"@type":"BreadcrumbList","@id":"https:\/\/astridlindgrensvarld.se\/de\/unterkunft\/bokningsregler\/#breadcrumb","itemListElement":[{"@type":"ListItem","position":1,"name":"Home","item":"https:\/\/astridlindgrensvarld.se\/de\/"},{"@type":"ListItem","position":2,"name":"Unterkunft","item":"https:\/\/astridlindgrensvarld.se\/de\/unterkunft\/"},{"@type":"ListItem","position":3,"name":"Mietbedingungen"}]},{"@type":"WebSite","@id":"https:\/\/astridlindgrensvarld.se\/#website","url":"https:\/\/astridlindgrensvarld.se\/","name":"Astrid Lindgrens V\u00e4rld","description":"","potentialAction":[{"@type":"SearchAction","target":{"@type":"EntryPoint","urlTemplate":"https:\/\/astridlindgrensvarld.se\/?s={search_term_string}"},"query-input":{"@type":"PropertyValueSpecification","valueRequired":true,"valueName":"search_term_string"}}],"inLanguage":"de"}]}},"_links":{"self":[{"href":"https:\/\/astridlindgrensvarld.se\/de\/wp-json\/wp\/v2\/pages\/83779","targetHints":{"allow":["GET"]}}],"collection":[{"href":"https:\/\/astridlindgrensvarld.se\/de\/wp-json\/wp\/v2\/pages"}],"about":[{"href":"https:\/\/astridlindgrensvarld.se\/de\/wp-json\/wp\/v2\/types\/page"}],"author":[{"embeddable":true,"href":"https:\/\/astridlindgrensvarld.se\/de\/wp-json\/wp\/v2\/users\/2"}],"replies":[{"embeddable":true,"href":"https:\/\/astridlindgrensvarld.se\/de\/wp-json\/wp\/v2\/comments?post=83779"}],"version-history":[{"count":1,"href":"https:\/\/astridlindgrensvarld.se\/de\/wp-json\/wp\/v2\/pages\/83779\/revisions"}],"predecessor-version":[{"id":83780,"href":"https:\/\/astridlindgrensvarld.se\/de\/wp-json\/wp\/v2\/pages\/83779\/revisions\/83780"}],"up":[{"embeddable":true,"href":"https:\/\/astridlindgrensvarld.se\/de\/wp-json\/wp\/v2\/pages\/80959"}],"wp:attachment":[{"href":"https:\/\/astridlindgrensvarld.se\/de\/wp-json\/wp\/v2\/media?parent=83779"}],"curies":[{"name":"wp","href":"https:\/\/api.w.org\/{rel}","templated":true}]}}