{"id":83604,"date":"2024-11-08T14:19:19","date_gmt":"2024-11-08T12:19:19","guid":{"rendered":"https:\/\/astridlindgrensvarld.se\/?page_id=83604"},"modified":"2024-11-08T14:19:34","modified_gmt":"2024-11-08T12:19:34","slug":"unsere-apartments","status":"publish","type":"page","link":"https:\/\/astridlindgrensvarld.se\/de\/unterkunft\/unsere-apartments\/","title":{"rendered":"Unsere Apartments"},"content":{"rendered":"\n\n<div class=\"relative z-10 flex items-center justify-center w-full\">\n\t<div class=\"flex flex-col w-full gap-5 m-auto overflow-auto text-center bg-whiteish\">\n\t\t\t\t\t<div class=\"flex flex-col items-center w-full gap-4 pt-8 m-auto text-center text-contain tablet:px-4\">\n\t\t\t\t<h2 class=\"text-brightRed\">Unsere Apartments<\/h2>\n\t\t\t\t<p class=\"text-red -large\">Linden verf\u00fcgt \u00fcber 24 Apartments mit 5-8 Betten sowie ein Obergeschoss mit Platz f\u00fcr bis zu 10 Personen.  \r\nBj\u00f6rken bietet 3-Zimmer-Apartments mit 12 Betten und ein 4-Bett-Apartment.  \r\nAspen verf\u00fcgt \u00fcber 14 Zwei-Zimmer-Apartments, geeignet f\u00fcr 4 Erwachsene und 4 Kinder.  \r\nHier wohnen Sie mit Selbstverpflegung, da jedes Apartment \u00fcber eine voll ausgestattete K\u00fcche sowie ein Badezimmer mit Dusche und WC verf\u00fcgt.<\/p>\n\t\t\t<\/div>\n\t\t\t\t<iframe data-aos=\"\" data-aos-duration=\"\" class=\"min-h-[40rem] \" id=\"comersInfoIframe\" src=\"\" height=\"900\" frameborder=\"0\" data-mce-fragment=\"1\"><\/iframe>\n\t\t<script type=\"text\/javascript\" data-cookieconsent=\"ignore\">\n\t\t\tvar iframeUrl = sessionStorage.getItem('searchUrl');\n\t\t\tif (iframeUrl === null) {\n\t\t\t\t\t\t\t\t\tiframeUrl = 'https:\/\/iframeoxg.comers.se\/?lang_cd=en';\n\t\t\t\t\t\t\t} else {\n\t\t\t\tsessionStorage.removeItem('searchUrl');\n\t\t\t}\n\t\t\tdocument.getElementById('comersInfoIframe').src = iframeUrl;\n\t\t<\/script>\n\t<\/div>\n<\/div>\n<div class=\"relative bottom-0 w-full\">\n\t<div class=\"bg-whiteish w-full h-[15rem] absolute top-0 z-[2] pointer-events-none\">\n\n\t<\/div>\n<\/div>\n<script type=\"text\/javascript\">\n\tiFrameResize({\n\t\tlog: false,\n\t\tscrolling: true\n\t}, '#comersInfoIframe');\n<\/script>","protected":false},"excerpt":{"rendered":"","protected":false},"author":2,"featured_media":0,"parent":80959,"menu_order":0,"comment_status":"closed","ping_status":"closed","template":"","meta":{"_acf_changed":false,"footnotes":""},"class_list":["post-83604","page","type-page","status-publish","hentry"],"acf":[],"yoast_head":"<!-- This site is optimized with the Yoast SEO plugin v27.4 - https:\/\/yoast.com\/product\/yoast-seo-wordpress\/ -->\n<title>Unsere Apartments | Astrid Lindgrens V\u00e4rld<\/title>\n<meta name=\"robots\" content=\"index, follow, max-snippet:-1, max-image-preview:large, max-video-preview:-1\" \/>\n<link rel=\"canonical\" href=\"https:\/\/astridlindgrensvarld.se\/de\/unterkunft\/unsere-apartments\/\" \/>\n<meta property=\"og:locale\" content=\"de_DE\" \/>\n<meta property=\"og:type\" content=\"article\" \/>\n<meta property=\"og:title\" content=\"Unsere Apartments | Astrid Lindgrens V\u00e4rld\" \/>\n<meta property=\"og:url\" content=\"https:\/\/astridlindgrensvarld.se\/de\/unterkunft\/unsere-apartments\/\" \/>\n<meta property=\"og:site_name\" content=\"Astrid Lindgrens V\u00e4rld\" \/>\n<meta property=\"article:modified_time\" content=\"2024-11-08T12:19:34+00:00\" \/>\n<meta name=\"twitter:card\" content=\"summary_large_image\" \/>\n<script type=\"application\/ld+json\" class=\"yoast-schema-graph\">{\"@context\":\"https:\\\/\\\/schema.org\",\"@graph\":[{\"@type\":\"WebPage\",\"@id\":\"https:\\\/\\\/astridlindgrensvarld.se\\\/de\\\/unterkunft\\\/unsere-apartments\\\/\",\"url\":\"https:\\\/\\\/astridlindgrensvarld.se\\\/de\\\/unterkunft\\\/unsere-apartments\\\/\",\"name\":\"Unsere Apartments | Astrid Lindgrens V\u00e4rld\",\"isPartOf\":{\"@id\":\"https:\\\/\\\/astridlindgrensvarld.se\\\/#website\"},\"datePublished\":\"2024-11-08T12:19:19+00:00\",\"dateModified\":\"2024-11-08T12:19:34+00:00\",\"breadcrumb\":{\"@id\":\"https:\\\/\\\/astridlindgrensvarld.se\\\/de\\\/unterkunft\\\/unsere-apartments\\\/#breadcrumb\"},\"inLanguage\":\"de\",\"potentialAction\":[{\"@type\":\"ReadAction\",\"target\":[\"https:\\\/\\\/astridlindgrensvarld.se\\\/de\\\/unterkunft\\\/unsere-apartments\\\/\"]}]},{\"@type\":\"BreadcrumbList\",\"@id\":\"https:\\\/\\\/astridlindgrensvarld.se\\\/de\\\/unterkunft\\\/unsere-apartments\\\/#breadcrumb\",\"itemListElement\":[{\"@type\":\"ListItem\",\"position\":1,\"name\":\"Home\",\"item\":\"https:\\\/\\\/astridlindgrensvarld.se\\\/de\\\/\"},{\"@type\":\"ListItem\",\"position\":2,\"name\":\"Unterkunft\",\"item\":\"https:\\\/\\\/astridlindgrensvarld.se\\\/de\\\/unterkunft\\\/\"},{\"@type\":\"ListItem\",\"position\":3,\"name\":\"Unsere Apartments\"}]},{\"@type\":\"WebSite\",\"@id\":\"https:\\\/\\\/astridlindgrensvarld.se\\\/#website\",\"url\":\"https:\\\/\\\/astridlindgrensvarld.se\\\/\",\"name\":\"Astrid Lindgrens V\u00e4rld\",\"description\":\"\",\"potentialAction\":[{\"@type\":\"SearchAction\",\"target\":{\"@type\":\"EntryPoint\",\"urlTemplate\":\"https:\\\/\\\/astridlindgrensvarld.se\\\/?s={search_term_string}\"},\"query-input\":{\"@type\":\"PropertyValueSpecification\",\"valueRequired\":true,\"valueName\":\"search_term_string\"}}],\"inLanguage\":\"de\"}]}<\/script>\n<!-- \/ Yoast SEO plugin. -->","yoast_head_json":{"title":"Unsere Apartments | Astrid Lindgrens V\u00e4rld","robots":{"index":"index","follow":"follow","max-snippet":"max-snippet:-1","max-image-preview":"max-image-preview:large","max-video-preview":"max-video-preview:-1"},"canonical":"https:\/\/astridlindgrensvarld.se\/de\/unterkunft\/unsere-apartments\/","og_locale":"de_DE","og_type":"article","og_title":"Unsere Apartments | Astrid Lindgrens V\u00e4rld","og_url":"https:\/\/astridlindgrensvarld.se\/de\/unterkunft\/unsere-apartments\/","og_site_name":"Astrid Lindgrens V\u00e4rld","article_modified_time":"2024-11-08T12:19:34+00:00","twitter_card":"summary_large_image","schema":{"@context":"https:\/\/schema.org","@graph":[{"@type":"WebPage","@id":"https:\/\/astridlindgrensvarld.se\/de\/unterkunft\/unsere-apartments\/","url":"https:\/\/astridlindgrensvarld.se\/de\/unterkunft\/unsere-apartments\/","name":"Unsere Apartments | Astrid Lindgrens V\u00e4rld","isPartOf":{"@id":"https:\/\/astridlindgrensvarld.se\/#website"},"datePublished":"2024-11-08T12:19:19+00:00","dateModified":"2024-11-08T12:19:34+00:00","breadcrumb":{"@id":"https:\/\/astridlindgrensvarld.se\/de\/unterkunft\/unsere-apartments\/#breadcrumb"},"inLanguage":"de","potentialAction":[{"@type":"ReadAction","target":["https:\/\/astridlindgrensvarld.se\/de\/unterkunft\/unsere-apartments\/"]}]},{"@type":"BreadcrumbList","@id":"https:\/\/astridlindgrensvarld.se\/de\/unterkunft\/unsere-apartments\/#breadcrumb","itemListElement":[{"@type":"ListItem","position":1,"name":"Home","item":"https:\/\/astridlindgrensvarld.se\/de\/"},{"@type":"ListItem","position":2,"name":"Unterkunft","item":"https:\/\/astridlindgrensvarld.se\/de\/unterkunft\/"},{"@type":"ListItem","position":3,"name":"Unsere Apartments"}]},{"@type":"WebSite","@id":"https:\/\/astridlindgrensvarld.se\/#website","url":"https:\/\/astridlindgrensvarld.se\/","name":"Astrid Lindgrens V\u00e4rld","description":"","potentialAction":[{"@type":"SearchAction","target":{"@type":"EntryPoint","urlTemplate":"https:\/\/astridlindgrensvarld.se\/?s={search_term_string}"},"query-input":{"@type":"PropertyValueSpecification","valueRequired":true,"valueName":"search_term_string"}}],"inLanguage":"de"}]}},"_links":{"self":[{"href":"https:\/\/astridlindgrensvarld.se\/de\/wp-json\/wp\/v2\/pages\/83604","targetHints":{"allow":["GET"]}}],"collection":[{"href":"https:\/\/astridlindgrensvarld.se\/de\/wp-json\/wp\/v2\/pages"}],"about":[{"href":"https:\/\/astridlindgrensvarld.se\/de\/wp-json\/wp\/v2\/types\/page"}],"author":[{"embeddable":true,"href":"https:\/\/astridlindgrensvarld.se\/de\/wp-json\/wp\/v2\/users\/2"}],"replies":[{"embeddable":true,"href":"https:\/\/astridlindgrensvarld.se\/de\/wp-json\/wp\/v2\/comments?post=83604"}],"version-history":[{"count":1,"href":"https:\/\/astridlindgrensvarld.se\/de\/wp-json\/wp\/v2\/pages\/83604\/revisions"}],"predecessor-version":[{"id":83605,"href":"https:\/\/astridlindgrensvarld.se\/de\/wp-json\/wp\/v2\/pages\/83604\/revisions\/83605"}],"up":[{"embeddable":true,"href":"https:\/\/astridlindgrensvarld.se\/de\/wp-json\/wp\/v2\/pages\/80959"}],"wp:attachment":[{"href":"https:\/\/astridlindgrensvarld.se\/de\/wp-json\/wp\/v2\/media?parent=83604"}],"curies":[{"name":"wp","href":"https:\/\/api.w.org\/{rel}","templated":true}]}}