{"id":82483,"date":"2023-12-12T12:27:28","date_gmt":"2023-12-12T10:27:28","guid":{"rendered":"https:\/\/astridlindgrensvarld.se\/oeffnungszeiten-und-kalender\/midsommar\/"},"modified":"2026-04-30T09:38:54","modified_gmt":"2026-04-30T07:38:54","slug":"mittsommerabend","status":"publish","type":"page","link":"https:\/\/astridlindgrensvarld.se\/de\/oeffnungszeiten-und-kalender\/mittsommerabend\/","title":{"rendered":"Mittsommerabend 2026"},"content":{"rendered":"\n<div class=\"relative flex flex-col items-center  w-full h-screen max-h-[960px] mobile:mb-[200px] desktop:max-h-[780px] min-h-[700px] mobile:min-h-[500px] justify-start mobile:max-h-none mobile:h-full\">\n\t\t\t\t\t\t\t<img decoding=\"async\" class=\"top-0 object-cover w-full h-[60vh]  max-h-[746px] desktop:max-h-[650px] min-h-[700px] mobile:min-h-[540px] mobile:hidden\" src=\"https:\/\/astridlindgrensvarld.se\/wp-content\/uploads\/2023\/12\/midsommar2-1-3200x1440px.jpg\" alt=\"\">\n\t<img decoding=\"async\" class=\"top-0 object-cover w-full h-[60vh] min-h-[700px] mobile:min-h-[540px] hidden mobile:block\" src=\"https:\/\/astridlindgrensvarld.se\/wp-content\/uploads\/2024\/02\/midsommar2-1-810x1440-1.jpg\" alt=\"\">\n\t\t\t\t\t\t\t<div class=\"absolute bottom-0 mobile:bottom-[-200px] z-10 flex flex-col items-center w-full inner-contain gap-7 desktop-sm:px-4 mobile:px-2\">\n\t\t\t\t<div class=\"bg-whiteish px-[80px] py-6 mobile:p-2 flex flex-col items-center gap-4 mobile:gap-4 text-black text-center rounded-lg lg-shadow w-full\">\n\t\t\t\t\t<div class=\"flex flex-col items-center justify-start gap-1\">\n\n\t\t\t\t\t\t<h1 class=\"text-brightRed -hero\">Mittsommerabend, Freitag, 19. Juni<\/h1>\n\t\t\t\t\t\t\t\t\t\t\t<\/div>\n\n\t\t\t\t\t<p class=\"-large text-darkRed mobile:!text-[16px]\">Ein Mittsommerabend in Astrid Lindgrens Welt sieht nicht wirklich aus wie jeder andere Tag im Park.<\/p>\n\t\t\t\t\t\t\t\t\t\t\t\t\t\t<\/div>\n\t\t\t<\/div>\n\t\t\t<\/div>\n\n\n<div data-aos=\"\" data-aos-duration=\"\" class=\"tablet:px-4 mobile-sm:px-2\">\n\t<div class=\"flex flex-col items-center w-full px-6 m-auto rounded-md mobile:px-5 inner-contain bg-whiteish my-7\">\n\n\t\t\t\t<div class=\"flex flex-col items-center justify-center w-full m-auto py-7 desktop-sm:px-4 tablet:px-0 text-contain\">\n\t\t\t<div class=\"flex flex-col items-center justify-center w-full\">\n\n\t\t\t\t\t\t\t\t\t\t\t\t\t\t\t<div class=\"flex flex-col items-center justify-center w-full pb-5\">\n\n\t\t\t\t\t\t\t<div class=\"wysiwyg-style text-center\">\n\t\t\t\t\t\t\t\t<p>Ab <strong>13:15<\/strong>\u00a0Uhr treffen wir uns in Bj\u00f6rkdungen, um uns gegenseitig beim Schm\u00fccken des Maibaums und beim Schm\u00fccken der Kr\u00e4nze mit Blumen zu helfen.<\/p>\n<p><strong>14:10 &#8211; Hissen des Maibaum.<\/strong><\/p>\n<p><strong>14:15-15:00 Tanzen und Spielen um den Maibaum.<\/strong><\/p>\n<p>Fr\u00e4ulein Prysselius leitet die Spiele und hat nat\u00fcrlich gute und stabile Hilfe von unseren Polizisten Kling und Klang und unserem eigenen Orchester. Pippi, Emil, Ronja, Mardie, die Br\u00fcder L\u00f6wenherz, Rasmus auf dem Landstreicher und ihre Freunde und Familien sind alle Teil der Mittsommerfeierlichkeiten. <strong>W\u00e4hrend der Feierlichkeiten von 14:00 bis 15:30 Uhr<\/strong> <strong>fallen die regul\u00e4ren B\u00fchnenprogramme aus.<\/strong> Den Rest der Zeit findet das Programm wie gewohnt im Park statt.<\/p>\n\t\t\t\t\t\t\t<\/div>\n\t\t\t\t\t\t\t\t\t\t\t\t\t<\/div>\n\t\t\t\t\t\t\t\t\t\n\t\t\t<\/div>\n\n\t\t<\/div>\n\n\t<\/div>\n<\/div>\n\n\n<div data-aos=\"\" data-aos-duration=\"\" class=\"tablet:px-4 mobile-sm:px-2\">\n\t<div class=\"flex flex-col items-center w-full px-6 m-auto rounded-md mobile:px-5 inner-contain bg-whiteish my-7\">\n\n\t\t\t\t\t<h2 class=\"w-3\/4 text-center pt-7 text-red tablet:w-full\">Abgesagte Vorstellungen<\/h2>\n\t\t\t\t<div class=\"flex flex-col items-center justify-center w-full m-auto py-7 desktop-sm:px-4 tablet:px-0 text-contain\">\n\t\t\t<div class=\"flex flex-col items-center justify-center w-full\">\n\n\t\t\t\t\t\t\t\t\t\t\t\t\t\t\t<div class=\"flex flex-col items-start justify-center w-full pb-5\">\n\n\t\t\t\t\t\t\t<div class=\"wysiwyg-style \">\n\t\t\t\t\t\t\t\t<section class=\"text-token-text-primary w-full focus:outline-none [--shadow-height:45px] has-data-writing-block:pointer-events-none has-data-writing-block:-mt-(--shadow-height) has-data-writing-block:pt-(--shadow-height) [&amp;:has([data-writing-block])&gt;*]:pointer-events-auto [content-visibility:auto] supports-[content-visibility:auto]:[contain-intrinsic-size:auto_100lvh] R6Vx5W_threadScrollVars scroll-mb-[calc(var(--scroll-root-safe-area-inset-bottom,0px)+var(--thread-response-height))] scroll-mt-[calc(var(--header-height)+min(200px,max(70px,20svh)))]\" dir=\"auto\" data-turn-id=\"request-WEB:6e40b48a-46b8-47aa-8780-c37dc74ac686-23\" data-testid=\"conversation-turn-32\" data-scroll-anchor=\"false\" data-turn=\"assistant\">\n<div class=\"text-base my-auto mx-auto pb-10 [--thread-content-margin:var(--thread-content-margin-xs,calc(var(--spacing)*4))] @w-sm\/main:[--thread-content-margin:var(--thread-content-margin-sm,calc(var(--spacing)*6))] @w-lg\/main:[--thread-content-margin:var(--thread-content-margin-lg,calc(var(--spacing)*16))] px-(--thread-content-margin)\">\n<div class=\"[--thread-content-max-width:40rem] @w-lg\/main:[--thread-content-max-width:48rem] mx-auto max-w-(--thread-content-max-width) flex-1 group\/turn-messages focus-visible:outline-hidden relative flex w-full min-w-0 flex-col agent-turn\">\n<div class=\"flex max-w-full flex-col gap-4 grow\">\n<div class=\"min-h-8 text-message relative flex w-full flex-col items-end gap-2 text-start break-words whitespace-normal outline-none keyboard-focused:focus-ring [.text-message+&amp;]:mt-1\" dir=\"auto\" tabindex=\"0\" data-message-author-role=\"assistant\" data-message-id=\"73386a19-47c3-4ba5-b7b5-8e5112358796\" data-message-model-slug=\"gpt-5-3\" data-turn-start-message=\"true\">\n<div class=\"flex w-full flex-col gap-1 empty:hidden\">\n<div class=\"markdown prose dark:prose-invert w-full wrap-break-word light markdown-new-styling\">\n<p><strong>Folgende Vorstellungen sind w\u00e4hrend unserer Mittsommerfeier abgesagt:<\/strong><\/p>\n<p><strong>14.10 Rasmus trifft Gottes Zaunk\u00f6nig <\/strong>\u00a0(Rasmus barn)<\/p>\n<p><strong>14.15 Pfui \u00fcber dich! <\/strong>\u00a0(Mattisburg)<\/p>\n<p><strong>14.35 Singen mit Fr\u00e4ulein Prysselius <\/strong>(Lilla scenen)<\/p>\n<p><strong>14.40 Michel in der Suppensch\u00fcssel <\/strong>(Katthult)<\/p>\n<\/div>\n<\/div>\n<\/div>\n<\/div>\n<\/div>\n<\/div>\n<\/section>\n\t\t\t\t\t\t\t<\/div>\n\t\t\t\t\t\t\t\t\t\t\t\t\t<\/div>\n\t\t\t\t\t\t\t\t\t\n\t\t\t<\/div>\n\n\t\t<\/div>\n\n\t<\/div>\n<\/div>","protected":false},"excerpt":{"rendered":"","protected":false},"author":5,"featured_media":0,"parent":81161,"menu_order":0,"comment_status":"closed","ping_status":"closed","template":"","meta":{"_acf_changed":false,"footnotes":""},"class_list":["post-82483","page","type-page","status-publish","hentry"],"acf":[],"yoast_head":"<!-- This site is optimized with the Yoast SEO plugin v27.6 - https:\/\/yoast.com\/product\/yoast-seo-wordpress\/ -->\n<title>Mittsommerabend 2026 | Astrid Lindgrens V\u00e4rld<\/title>\n<meta name=\"robots\" content=\"index, follow, max-snippet:-1, max-image-preview:large, max-video-preview:-1\" \/>\n<link rel=\"canonical\" href=\"https:\/\/astridlindgrensvarld.se\/de\/oeffnungszeiten-und-kalender\/mittsommerabend\/\" \/>\n<meta property=\"og:locale\" content=\"de_DE\" \/>\n<meta property=\"og:type\" content=\"article\" \/>\n<meta property=\"og:title\" content=\"Mittsommerabend 2026 | Astrid Lindgrens V\u00e4rld\" \/>\n<meta property=\"og:url\" content=\"https:\/\/astridlindgrensvarld.se\/de\/oeffnungszeiten-und-kalender\/mittsommerabend\/\" \/>\n<meta property=\"og:site_name\" content=\"Astrid Lindgrens V\u00e4rld\" \/>\n<meta property=\"article:modified_time\" content=\"2026-04-30T07:38:54+00:00\" \/>\n<meta name=\"twitter:card\" content=\"summary_large_image\" \/>\n<script type=\"application\/ld+json\" class=\"yoast-schema-graph\">{\"@context\":\"https:\\\/\\\/schema.org\",\"@graph\":[{\"@type\":\"WebPage\",\"@id\":\"https:\\\/\\\/astridlindgrensvarld.se\\\/de\\\/oeffnungszeiten-und-kalender\\\/mittsommerabend\\\/\",\"url\":\"https:\\\/\\\/astridlindgrensvarld.se\\\/de\\\/oeffnungszeiten-und-kalender\\\/mittsommerabend\\\/\",\"name\":\"Mittsommerabend 2026 | Astrid Lindgrens V\u00e4rld\",\"isPartOf\":{\"@id\":\"https:\\\/\\\/astridlindgrensvarld.se\\\/#website\"},\"datePublished\":\"2023-12-12T10:27:28+00:00\",\"dateModified\":\"2026-04-30T07:38:54+00:00\",\"breadcrumb\":{\"@id\":\"https:\\\/\\\/astridlindgrensvarld.se\\\/de\\\/oeffnungszeiten-und-kalender\\\/mittsommerabend\\\/#breadcrumb\"},\"inLanguage\":\"de\",\"potentialAction\":[{\"@type\":\"ReadAction\",\"target\":[\"https:\\\/\\\/astridlindgrensvarld.se\\\/de\\\/oeffnungszeiten-und-kalender\\\/mittsommerabend\\\/\"]}]},{\"@type\":\"BreadcrumbList\",\"@id\":\"https:\\\/\\\/astridlindgrensvarld.se\\\/de\\\/oeffnungszeiten-und-kalender\\\/mittsommerabend\\\/#breadcrumb\",\"itemListElement\":[{\"@type\":\"ListItem\",\"position\":1,\"name\":\"Home\",\"item\":\"https:\\\/\\\/astridlindgrensvarld.se\\\/de\\\/\"},{\"@type\":\"ListItem\",\"position\":2,\"name\":\"\u00d6ffnungszeiten und Kalender\",\"item\":\"https:\\\/\\\/astridlindgrensvarld.se\\\/de\\\/oeffnungszeiten-und-kalender\\\/\"},{\"@type\":\"ListItem\",\"position\":3,\"name\":\"Mittsommerabend 2026\"}]},{\"@type\":\"WebSite\",\"@id\":\"https:\\\/\\\/astridlindgrensvarld.se\\\/#website\",\"url\":\"https:\\\/\\\/astridlindgrensvarld.se\\\/\",\"name\":\"Astrid Lindgrens V\u00e4rld\",\"description\":\"\",\"potentialAction\":[{\"@type\":\"SearchAction\",\"target\":{\"@type\":\"EntryPoint\",\"urlTemplate\":\"https:\\\/\\\/astridlindgrensvarld.se\\\/?s={search_term_string}\"},\"query-input\":{\"@type\":\"PropertyValueSpecification\",\"valueRequired\":true,\"valueName\":\"search_term_string\"}}],\"inLanguage\":\"de\"}]}<\/script>\n<!-- \/ Yoast SEO plugin. -->","yoast_head_json":{"title":"Mittsommerabend 2026 | Astrid Lindgrens V\u00e4rld","robots":{"index":"index","follow":"follow","max-snippet":"max-snippet:-1","max-image-preview":"max-image-preview:large","max-video-preview":"max-video-preview:-1"},"canonical":"https:\/\/astridlindgrensvarld.se\/de\/oeffnungszeiten-und-kalender\/mittsommerabend\/","og_locale":"de_DE","og_type":"article","og_title":"Mittsommerabend 2026 | Astrid Lindgrens V\u00e4rld","og_url":"https:\/\/astridlindgrensvarld.se\/de\/oeffnungszeiten-und-kalender\/mittsommerabend\/","og_site_name":"Astrid Lindgrens V\u00e4rld","article_modified_time":"2026-04-30T07:38:54+00:00","twitter_card":"summary_large_image","schema":{"@context":"https:\/\/schema.org","@graph":[{"@type":"WebPage","@id":"https:\/\/astridlindgrensvarld.se\/de\/oeffnungszeiten-und-kalender\/mittsommerabend\/","url":"https:\/\/astridlindgrensvarld.se\/de\/oeffnungszeiten-und-kalender\/mittsommerabend\/","name":"Mittsommerabend 2026 | Astrid Lindgrens V\u00e4rld","isPartOf":{"@id":"https:\/\/astridlindgrensvarld.se\/#website"},"datePublished":"2023-12-12T10:27:28+00:00","dateModified":"2026-04-30T07:38:54+00:00","breadcrumb":{"@id":"https:\/\/astridlindgrensvarld.se\/de\/oeffnungszeiten-und-kalender\/mittsommerabend\/#breadcrumb"},"inLanguage":"de","potentialAction":[{"@type":"ReadAction","target":["https:\/\/astridlindgrensvarld.se\/de\/oeffnungszeiten-und-kalender\/mittsommerabend\/"]}]},{"@type":"BreadcrumbList","@id":"https:\/\/astridlindgrensvarld.se\/de\/oeffnungszeiten-und-kalender\/mittsommerabend\/#breadcrumb","itemListElement":[{"@type":"ListItem","position":1,"name":"Home","item":"https:\/\/astridlindgrensvarld.se\/de\/"},{"@type":"ListItem","position":2,"name":"\u00d6ffnungszeiten und Kalender","item":"https:\/\/astridlindgrensvarld.se\/de\/oeffnungszeiten-und-kalender\/"},{"@type":"ListItem","position":3,"name":"Mittsommerabend 2026"}]},{"@type":"WebSite","@id":"https:\/\/astridlindgrensvarld.se\/#website","url":"https:\/\/astridlindgrensvarld.se\/","name":"Astrid Lindgrens V\u00e4rld","description":"","potentialAction":[{"@type":"SearchAction","target":{"@type":"EntryPoint","urlTemplate":"https:\/\/astridlindgrensvarld.se\/?s={search_term_string}"},"query-input":{"@type":"PropertyValueSpecification","valueRequired":true,"valueName":"search_term_string"}}],"inLanguage":"de"}]}},"_links":{"self":[{"href":"https:\/\/astridlindgrensvarld.se\/de\/wp-json\/wp\/v2\/pages\/82483","targetHints":{"allow":["GET"]}}],"collection":[{"href":"https:\/\/astridlindgrensvarld.se\/de\/wp-json\/wp\/v2\/pages"}],"about":[{"href":"https:\/\/astridlindgrensvarld.se\/de\/wp-json\/wp\/v2\/types\/page"}],"author":[{"embeddable":true,"href":"https:\/\/astridlindgrensvarld.se\/de\/wp-json\/wp\/v2\/users\/5"}],"replies":[{"embeddable":true,"href":"https:\/\/astridlindgrensvarld.se\/de\/wp-json\/wp\/v2\/comments?post=82483"}],"version-history":[{"count":6,"href":"https:\/\/astridlindgrensvarld.se\/de\/wp-json\/wp\/v2\/pages\/82483\/revisions"}],"predecessor-version":[{"id":86874,"href":"https:\/\/astridlindgrensvarld.se\/de\/wp-json\/wp\/v2\/pages\/82483\/revisions\/86874"}],"up":[{"embeddable":true,"href":"https:\/\/astridlindgrensvarld.se\/de\/wp-json\/wp\/v2\/pages\/81161"}],"wp:attachment":[{"href":"https:\/\/astridlindgrensvarld.se\/de\/wp-json\/wp\/v2\/media?parent=82483"}],"curies":[{"name":"wp","href":"https:\/\/api.w.org\/{rel}","templated":true}]}}