{"id":82451,"date":"2023-12-12T11:54:54","date_gmt":"2023-12-12T09:54:54","guid":{"rendered":"https:\/\/astridlindgrensvarld.se\/oeffnungszeiten-und-kalender\/hostlovsoppet\/"},"modified":"2025-11-13T12:22:50","modified_gmt":"2025-11-13T10:22:50","slug":"herbstferien","status":"publish","type":"page","link":"https:\/\/astridlindgrensvarld.se\/de\/oeffnungszeiten-und-kalender\/herbstferien\/","title":{"rendered":"Herbstferien ge\u00f6ffnet"},"content":{"rendered":"\n<div class=\"relative flex flex-col items-center  w-full justify-center\">\n\t\t<div class=\"w-full h-[60vh] min-h-[500px] tablet:max-h-[700px] bg-gradient-to-t opacity-60 from-blackish absolute bottom-0\">\n\n\t<\/div>\n\t\t\t\t\t\t\t\n\t\t<div class=\"local-video-hero tablet:max-h-[700px] min-h-[700px] mobile:min-h-[540px] mobile:hidden\">\n\t\t\t<video src=\"https:\/\/astridlindgrensvarld.se\/wp-content\/uploads\/2025\/10\/web-hosten-2025-wide.mov\" autoplay muted loop playsinline \/>\n\t\t\t\t\t\t\t<img decoding=\"async\" class=\"object-cover w-full h-full\" src=\"https:\/\/astridlindgrensvarld.se\/wp-content\/uploads\/2025\/09\/host_pippi-bred.jpg\" alt=\"\">\n\t\t\t\n\t\t<\/div>\n\t\t<div class=\"local-video-hero tablet:max-h-[700px] min-h-[700px] mobile:min-h-[540px] hidden mobile:block\">\n\t\t\t<video src=\"https:\/\/astridlindgrensvarld.se\/wp-content\/uploads\/2025\/10\/host-web-mobil.mov\" autoplay muted loop playsinline \/>\n\t\t\t\t\t\t\t<img decoding=\"async\" class=\"object-cover w-full h-full\" src=\"https:\/\/astridlindgrensvarld.se\/wp-content\/uploads\/2025\/09\/host_pippi-bred.jpg\" alt=\"\">\n\t\t\t\t\t<\/div>\n\t\t\t\t\t<div class=\"w-full m-auto text-center absolute bottom-[80px]\">\n\t\t<h1 class=\"text-darkWhite\">Wenn der Herbst in Astrid Lindgrens Welt Einzug h\u00e4lt<\/h1>\n\t<\/div>\n<\/div>\n\n\n<div class=\"flex items-center justify-center w-full px-4 py-7\">\n\t<div data-aos=\"\" data-aos-duration=\"\" class=\"flex flex-col w-full gap-5 m-auto text-center inner-contain\">\n\t\t\t\t<p class=\"-large text-red\">W\u00e4hrend der Herbstferien ist Astrid Lindgrens welt ein ganz anderes Erlebnis als im Sommer. Die B\u00e4ume leuchten in gelben und roten Farbt\u00f6nen, und wenn die D\u00e4mmerung einsetzt, werden Feuerk\u00f6rbe und Laternen entz\u00fcndet, die den Park erhellen. Die frische, klare Luft mischt sich mit dem Duft von brennenden Grills und frisch ger\u00f6steten Mandeln. \u00dcber 50 Handwerker und Aussteller sind vor Ort und bieten eine gro\u00dfe Auswahl an Kunsthandwerk und k\u00f6stlichen Delikatessen an \u2013 und nat\u00fcrlich gibt es auch viele M\u00f6glichkeiten, etwas Leckeres und W\u00e4rmendes zu essen oder zu trinken.<br \/>\r\n<\/p>\n\t\t\t<\/div>\n<\/div>\n\n\n<div class=\"relative flex flex-col items-center  w-full h-screen max-h-[960px] mobile:mb-[200px] desktop:max-h-[780px] min-h-[700px] mobile:min-h-[500px] justify-start mobile:max-h-none mobile:h-full\">\n\t\t\t\t\t\t\t<img decoding=\"async\" class=\"top-0 object-cover w-full h-[60vh] max-h-[800px] min-h-[700px]  mobile:min-h-[540px]\" src=\"https:\/\/astridlindgrensvarld.se\/wp-content\/uploads\/2024\/05\/blixten-slar-ner.jpg\" alt=\"\">\n\t\t\t\t\t\t\t<div class=\"absolute bottom-0 mobile:bottom-[-200px] z-10 flex flex-col items-center w-full inner-contain gap-7 desktop-sm:px-4 mobile:px-2\">\n\t\t\t\t<div class=\"bg-whiteish px-[80px] py-6 mobile:p-2 flex flex-col items-center gap-4 mobile:gap-4 text-black text-center rounded-lg lg-shadow w-full\">\n\t\t\t\t\t<div class=\"flex flex-col items-center justify-start gap-1\">\n\n\t\t\t\t\t\t<h1 class=\"text-brightRed -hero\">Theaterprogramm<\/h1>\n\t\t\t\t\t\t\t\t\t\t\t<\/div>\n\n\t\t\t\t\t<p class=\"-large text-darkRed mobile:!text-[16px]\">Alle, die m\u00f6chten, k\u00f6nnen Pippi Langstrumpf, Michel aus L\u00f6nneberga, Madita, Ronja R\u00e4ubertochter sowie Rasmus und Paradies-Oskar treffen, die w\u00e4hrend der gesamten Herbstferien mit ihren Familien und Freunden hier sind. Du begegnest ihnen sowohl in ihren eigenen Umgebungen, wo sie Szenen aus den Geschichten auff\u00fchren, auf der Kleinen B\u00fchne als auch \u00fcberall auf dem Marktplatz.<br \/>\r\n<\/p>\n\t\t\t\t\t\t\t\t\t\t\t\t\t\t\t\t<div class=\"flex items-center justify-center w-full gap-3\">\n\n\t\t\t\t\t\t\t\t\t\t\t\t\t\t\t<a class=\"btn\" href=\"https:\/\/astridlindgrensvarld.se\/de\/oeffnungszeiten-und-kalender\/\" target=\"\">\n\t\t\t\t\t\t\t\t\t<p class=\"-button\">\n\t\t\t\t\t\t\t\t\t\t\u00d6ffnungszeiten und Kalender\t\t\t\t\t\t\t\t\t<\/p>\n\t\t\t\t\t\t\t\t<\/a>\n\t\t\t\t\t\t\t\t\t\t\t\t\t\t\t\t\t\t\t\t<\/div>\n\t\t\t\t\t\t\t\t\t<\/div>\n\t\t\t<\/div>\n\t\t\t<\/div>\n\n<div data-aos=\"\" data-aos-duration=\"\" class=\"flex flex-col items-start justify-center w-full mb-[-64px] tablet-lg:px-0 tablet-lg:mb-0 py-7\">\n\t<div class=\"relative z-0 items-center w-full m-auto inner-contain tablet-lg:max-w-none tablet-lg:px-0 tablet-lg:gap-4\">\n\t\t\t\t\t<div data-sliderid=\"smalanadsk-marknad\" class=\"tablet-lg:px-4 mb-4 w-full rounded-lg tablet-lg:rounded-none justify-start flex overflow-hidden smalanadsk-marknad tablet:mb-2 image-slider\">\n\t\t\t\t<div class=\"flex justify-center mobile:gap-0 swiper-wrapper tablet-lg:justify-start\">\n\t\t\t\t\t\t\t\t\t\t\t<img decoding=\"async\" src=\"https:\/\/astridlindgrensvarld.se\/wp-content\/uploads\/2024\/05\/pilbage1.jpg\" alt=\"\" class=\"object-cover w-full rounded-lg mobile:max-w-full tablet-lg:mx-0 aspect-square swiper-slide\" \/>\n\t\t\t\t\t\t\t\t\t\t\t<img decoding=\"async\" src=\"https:\/\/astridlindgrensvarld.se\/wp-content\/uploads\/2024\/05\/rida-hast.jpg\" alt=\"\" class=\"object-cover w-full rounded-lg mobile:max-w-full tablet-lg:mx-0 aspect-square swiper-slide\" \/>\n\t\t\t\t\t\t\t\t\t\t\t<img decoding=\"async\" src=\"https:\/\/astridlindgrensvarld.se\/wp-content\/uploads\/2024\/05\/pippi-dans.jpg\" alt=\"\" class=\"object-cover w-full rounded-lg mobile:max-w-full tablet-lg:mx-0 aspect-square swiper-slide\" \/>\n\t\t\t\t\t\t\t\t\t<\/div>\n\t\t\t<\/div>\n\t\t\t<div class=\"!w-1\/2 !m-auto swiper-scrollbar smalanadsk-marknad-scrollbar\"><\/div>\n\t\t\t<!-- <div class=\"swiper-pagination\"><\/div> -->\n\t\t\t\t\t\t\t<div class=\"flex justify-end tablet-lg:justify-center w-full relative top-[-64px] z-10 tablet-lg:top-4 tablet-lg:px-4\">\n\t\t\t\t<div class=\"flex flex-col items-start max-w-[50%] bg-whiteish p-6 mr-8 rounded-lg gap-5 mobile:px-4 mobile:py-5 tablet-lg:max-w-[90%] mobile:max-w-none mobile:w-full tablet-lg:mr-0 lg-shadow\">\n\t\t\t\t\t<h3 class=\"text-darkRed -demi\">Ein sm\u00e5l\u00e4ndischer Markt<\/h3>\n\t\t\t\t\t<p class=\"text-blackish text-[20px]\">Auch in diesem Jahr veranstalten wir einen traditionellen Herbstmarkt hier in Astrid Lindgrens welt. Wie auf einem altmodischen Jahrmarkt gibt es hier viele spannende, sch\u00f6ne, hochwertige und manchmal auch au\u00dfergew\u00f6hnliche Waren von unseren 50 ausgew\u00e4hlten Ausstellern. Sie pr\u00e4sentieren ihre Produkte, und viele zeigen auch ihr handwerkliches K\u00f6nnen.<br \/>\r\nNeben all den interessanten Dingen, die die Aussteller in den Park mitbringen, gibt es auch in unseren eigenen Gesch\u00e4ften, die an allen Markttagen ge\u00f6ffnet sind \u2013 ebenso wie mehrere unserer Restaurants und Caf\u00e9s \u2013 vieles zu entdecken und zu genie\u00dfen.<br \/>\r\n<br \/>\r\n<\/p>\n\t\t\t\t\t\t\t\t\t\t\t<a class=\"text-brightRed group\" href=\"https:\/\/astridlindgrensvarld.se\/de\/oeffnungszeiten-und-kalender\/\" target=\"\">\n\t\t\t\t\t\t\t<div class=\"flex items-center gap-5\">\n\t\t\t\t\t\t\t\t<p class=\"-pippi-poster\">\u00d6ffnungszeiten und Kalender<\/p>\n\t\t\t\t\t\t\t\t\t\t\t\t\t\t\t\t\t<img decoding=\"async\" class=\"hover-animation mobile:max-w-[2rem]\" src=\"https:\/\/astridlindgrensvarld.se\/wp-content\/uploads\/2023\/09\/alv-arrow.svg\" alt=\"\">\n\t\t\t\t\t\t\t\t\t\t\t\t\t\t\t<\/div>\n\t\t\t\t\t\t<\/a>\n\t\t\t\t\t\t\t\t\t<\/div>\n\t\t\t<\/div>\n\t\t\t<\/div>\n<\/div>\n\n<div class=\"flex flex-col w-full m-auto pb-7 pt-8 fp-image-contain \">\n\t\t\t<div class=\"w-full min-h-[900px] mobile:min-h-[590px] overflow-hidden rounded-xl desktop-md:rounded-none flex justify-center items-center tablet:items-end tablet:px-4 mobile:px-0 fp-image-contain m-auto relative\">\n\t\t\t\t\t\t\t<img decoding=\"async\" data-aos=\"\" data-aos-duration=\"\" class=\"object-cover w-full max-h-[860px] min-h-[700px] mobile:min-h-[430px] rounded-xl desktop-md:rounded-none\" src=\"https:\/\/astridlindgrensvarld.se\/wp-content\/uploads\/2023\/09\/Natten-da-Ronja-foddes_2_3200x1440px.jpg\" alt=\"\">\n\t\t\t\t\t<\/div>\n\t\n<\/div>","protected":false},"excerpt":{"rendered":"","protected":false},"author":5,"featured_media":82245,"parent":81161,"menu_order":0,"comment_status":"closed","ping_status":"closed","template":"","meta":{"_acf_changed":false,"footnotes":""},"class_list":["post-82451","page","type-page","status-publish","has-post-thumbnail","hentry"],"acf":[],"yoast_head":"<!-- This site is optimized with the Yoast SEO plugin v27.4 - https:\/\/yoast.com\/product\/yoast-seo-wordpress\/ -->\n<title>Herbstferien ge\u00f6ffnet | Astrid Lindgrens V\u00e4rld<\/title>\n<meta name=\"robots\" content=\"index, follow, max-snippet:-1, max-image-preview:large, max-video-preview:-1\" \/>\n<link rel=\"canonical\" href=\"https:\/\/astridlindgrensvarld.se\/de\/oeffnungszeiten-und-kalender\/herbstferien\/\" \/>\n<meta property=\"og:locale\" content=\"de_DE\" \/>\n<meta property=\"og:type\" content=\"article\" \/>\n<meta property=\"og:title\" content=\"Herbstferien ge\u00f6ffnet | Astrid Lindgrens V\u00e4rld\" \/>\n<meta property=\"og:url\" content=\"https:\/\/astridlindgrensvarld.se\/de\/oeffnungszeiten-und-kalender\/herbstferien\/\" \/>\n<meta property=\"og:site_name\" content=\"Astrid Lindgrens V\u00e4rld\" \/>\n<meta property=\"article:modified_time\" content=\"2025-11-13T10:22:50+00:00\" \/>\n<meta property=\"og:image\" content=\"https:\/\/astridlindgrensvarld.se\/wp-content\/uploads\/2024\/05\/ronja-kvall1.jpg\" \/>\n\t<meta property=\"og:image:width\" content=\"2160\" \/>\n\t<meta property=\"og:image:height\" content=\"1440\" \/>\n\t<meta property=\"og:image:type\" content=\"image\/jpeg\" \/>\n<meta name=\"twitter:card\" content=\"summary_large_image\" \/>\n<meta name=\"twitter:label1\" content=\"Gesch\u00e4tzte Lesezeit\" \/>\n\t<meta name=\"twitter:data1\" content=\"1\u00a0Minute\" \/>\n<script type=\"application\/ld+json\" class=\"yoast-schema-graph\">{\"@context\":\"https:\\\/\\\/schema.org\",\"@graph\":[{\"@type\":\"WebPage\",\"@id\":\"https:\\\/\\\/astridlindgrensvarld.se\\\/de\\\/oeffnungszeiten-und-kalender\\\/herbstferien\\\/\",\"url\":\"https:\\\/\\\/astridlindgrensvarld.se\\\/de\\\/oeffnungszeiten-und-kalender\\\/herbstferien\\\/\",\"name\":\"Herbstferien ge\u00f6ffnet | Astrid Lindgrens V\u00e4rld\",\"isPartOf\":{\"@id\":\"https:\\\/\\\/astridlindgrensvarld.se\\\/#website\"},\"primaryImageOfPage\":{\"@id\":\"https:\\\/\\\/astridlindgrensvarld.se\\\/de\\\/oeffnungszeiten-und-kalender\\\/herbstferien\\\/#primaryimage\"},\"image\":{\"@id\":\"https:\\\/\\\/astridlindgrensvarld.se\\\/de\\\/oeffnungszeiten-und-kalender\\\/herbstferien\\\/#primaryimage\"},\"thumbnailUrl\":\"https:\\\/\\\/astridlindgrensvarld.se\\\/wp-content\\\/uploads\\\/2024\\\/05\\\/ronja-kvall1.jpg\",\"datePublished\":\"2023-12-12T09:54:54+00:00\",\"dateModified\":\"2025-11-13T10:22:50+00:00\",\"breadcrumb\":{\"@id\":\"https:\\\/\\\/astridlindgrensvarld.se\\\/de\\\/oeffnungszeiten-und-kalender\\\/herbstferien\\\/#breadcrumb\"},\"inLanguage\":\"de\",\"potentialAction\":[{\"@type\":\"ReadAction\",\"target\":[\"https:\\\/\\\/astridlindgrensvarld.se\\\/de\\\/oeffnungszeiten-und-kalender\\\/herbstferien\\\/\"]}]},{\"@type\":\"ImageObject\",\"inLanguage\":\"de\",\"@id\":\"https:\\\/\\\/astridlindgrensvarld.se\\\/de\\\/oeffnungszeiten-und-kalender\\\/herbstferien\\\/#primaryimage\",\"url\":\"https:\\\/\\\/astridlindgrensvarld.se\\\/wp-content\\\/uploads\\\/2024\\\/05\\\/ronja-kvall1.jpg\",\"contentUrl\":\"https:\\\/\\\/astridlindgrensvarld.se\\\/wp-content\\\/uploads\\\/2024\\\/05\\\/ronja-kvall1.jpg\",\"width\":2160,\"height\":1440},{\"@type\":\"BreadcrumbList\",\"@id\":\"https:\\\/\\\/astridlindgrensvarld.se\\\/de\\\/oeffnungszeiten-und-kalender\\\/herbstferien\\\/#breadcrumb\",\"itemListElement\":[{\"@type\":\"ListItem\",\"position\":1,\"name\":\"Home\",\"item\":\"https:\\\/\\\/astridlindgrensvarld.se\\\/de\\\/\"},{\"@type\":\"ListItem\",\"position\":2,\"name\":\"\u00d6ffnungszeiten und Kalender\",\"item\":\"https:\\\/\\\/astridlindgrensvarld.se\\\/de\\\/oeffnungszeiten-und-kalender\\\/\"},{\"@type\":\"ListItem\",\"position\":3,\"name\":\"Herbstferien ge\u00f6ffnet\"}]},{\"@type\":\"WebSite\",\"@id\":\"https:\\\/\\\/astridlindgrensvarld.se\\\/#website\",\"url\":\"https:\\\/\\\/astridlindgrensvarld.se\\\/\",\"name\":\"Astrid Lindgrens V\u00e4rld\",\"description\":\"\",\"potentialAction\":[{\"@type\":\"SearchAction\",\"target\":{\"@type\":\"EntryPoint\",\"urlTemplate\":\"https:\\\/\\\/astridlindgrensvarld.se\\\/?s={search_term_string}\"},\"query-input\":{\"@type\":\"PropertyValueSpecification\",\"valueRequired\":true,\"valueName\":\"search_term_string\"}}],\"inLanguage\":\"de\"}]}<\/script>\n<!-- \/ Yoast SEO plugin. -->","yoast_head_json":{"title":"Herbstferien ge\u00f6ffnet | Astrid Lindgrens V\u00e4rld","robots":{"index":"index","follow":"follow","max-snippet":"max-snippet:-1","max-image-preview":"max-image-preview:large","max-video-preview":"max-video-preview:-1"},"canonical":"https:\/\/astridlindgrensvarld.se\/de\/oeffnungszeiten-und-kalender\/herbstferien\/","og_locale":"de_DE","og_type":"article","og_title":"Herbstferien ge\u00f6ffnet | Astrid Lindgrens V\u00e4rld","og_url":"https:\/\/astridlindgrensvarld.se\/de\/oeffnungszeiten-und-kalender\/herbstferien\/","og_site_name":"Astrid Lindgrens V\u00e4rld","article_modified_time":"2025-11-13T10:22:50+00:00","og_image":[{"width":2160,"height":1440,"url":"https:\/\/astridlindgrensvarld.se\/wp-content\/uploads\/2024\/05\/ronja-kvall1.jpg","type":"image\/jpeg"}],"twitter_card":"summary_large_image","twitter_misc":{"Gesch\u00e4tzte Lesezeit":"1\u00a0Minute"},"schema":{"@context":"https:\/\/schema.org","@graph":[{"@type":"WebPage","@id":"https:\/\/astridlindgrensvarld.se\/de\/oeffnungszeiten-und-kalender\/herbstferien\/","url":"https:\/\/astridlindgrensvarld.se\/de\/oeffnungszeiten-und-kalender\/herbstferien\/","name":"Herbstferien ge\u00f6ffnet | Astrid Lindgrens V\u00e4rld","isPartOf":{"@id":"https:\/\/astridlindgrensvarld.se\/#website"},"primaryImageOfPage":{"@id":"https:\/\/astridlindgrensvarld.se\/de\/oeffnungszeiten-und-kalender\/herbstferien\/#primaryimage"},"image":{"@id":"https:\/\/astridlindgrensvarld.se\/de\/oeffnungszeiten-und-kalender\/herbstferien\/#primaryimage"},"thumbnailUrl":"https:\/\/astridlindgrensvarld.se\/wp-content\/uploads\/2024\/05\/ronja-kvall1.jpg","datePublished":"2023-12-12T09:54:54+00:00","dateModified":"2025-11-13T10:22:50+00:00","breadcrumb":{"@id":"https:\/\/astridlindgrensvarld.se\/de\/oeffnungszeiten-und-kalender\/herbstferien\/#breadcrumb"},"inLanguage":"de","potentialAction":[{"@type":"ReadAction","target":["https:\/\/astridlindgrensvarld.se\/de\/oeffnungszeiten-und-kalender\/herbstferien\/"]}]},{"@type":"ImageObject","inLanguage":"de","@id":"https:\/\/astridlindgrensvarld.se\/de\/oeffnungszeiten-und-kalender\/herbstferien\/#primaryimage","url":"https:\/\/astridlindgrensvarld.se\/wp-content\/uploads\/2024\/05\/ronja-kvall1.jpg","contentUrl":"https:\/\/astridlindgrensvarld.se\/wp-content\/uploads\/2024\/05\/ronja-kvall1.jpg","width":2160,"height":1440},{"@type":"BreadcrumbList","@id":"https:\/\/astridlindgrensvarld.se\/de\/oeffnungszeiten-und-kalender\/herbstferien\/#breadcrumb","itemListElement":[{"@type":"ListItem","position":1,"name":"Home","item":"https:\/\/astridlindgrensvarld.se\/de\/"},{"@type":"ListItem","position":2,"name":"\u00d6ffnungszeiten und Kalender","item":"https:\/\/astridlindgrensvarld.se\/de\/oeffnungszeiten-und-kalender\/"},{"@type":"ListItem","position":3,"name":"Herbstferien ge\u00f6ffnet"}]},{"@type":"WebSite","@id":"https:\/\/astridlindgrensvarld.se\/#website","url":"https:\/\/astridlindgrensvarld.se\/","name":"Astrid Lindgrens V\u00e4rld","description":"","potentialAction":[{"@type":"SearchAction","target":{"@type":"EntryPoint","urlTemplate":"https:\/\/astridlindgrensvarld.se\/?s={search_term_string}"},"query-input":{"@type":"PropertyValueSpecification","valueRequired":true,"valueName":"search_term_string"}}],"inLanguage":"de"}]}},"_links":{"self":[{"href":"https:\/\/astridlindgrensvarld.se\/de\/wp-json\/wp\/v2\/pages\/82451","targetHints":{"allow":["GET"]}}],"collection":[{"href":"https:\/\/astridlindgrensvarld.se\/de\/wp-json\/wp\/v2\/pages"}],"about":[{"href":"https:\/\/astridlindgrensvarld.se\/de\/wp-json\/wp\/v2\/types\/page"}],"author":[{"embeddable":true,"href":"https:\/\/astridlindgrensvarld.se\/de\/wp-json\/wp\/v2\/users\/5"}],"replies":[{"embeddable":true,"href":"https:\/\/astridlindgrensvarld.se\/de\/wp-json\/wp\/v2\/comments?post=82451"}],"version-history":[{"count":14,"href":"https:\/\/astridlindgrensvarld.se\/de\/wp-json\/wp\/v2\/pages\/82451\/revisions"}],"predecessor-version":[{"id":85975,"href":"https:\/\/astridlindgrensvarld.se\/de\/wp-json\/wp\/v2\/pages\/82451\/revisions\/85975"}],"up":[{"embeddable":true,"href":"https:\/\/astridlindgrensvarld.se\/de\/wp-json\/wp\/v2\/pages\/81161"}],"wp:featuredmedia":[{"embeddable":true,"href":"https:\/\/astridlindgrensvarld.se\/de\/wp-json\/wp\/v2\/media\/82245"}],"wp:attachment":[{"href":"https:\/\/astridlindgrensvarld.se\/de\/wp-json\/wp\/v2\/media?parent=82451"}],"curies":[{"name":"wp","href":"https:\/\/api.w.org\/{rel}","templated":true}]}}