{"id":81161,"date":"2024-04-02T14:01:22","date_gmt":"2024-04-02T12:01:22","guid":{"rendered":"https:\/\/astridlindgrensvarld.se\/oeffnungszeiten-und-kalender\/"},"modified":"2026-01-20T13:57:52","modified_gmt":"2026-01-20T11:57:52","slug":"oeffnungszeiten-und-kalender","status":"publish","type":"page","link":"https:\/\/astridlindgrensvarld.se\/de\/oeffnungszeiten-und-kalender\/","title":{"rendered":"\u00d6ffnungszeiten und Kalender"},"content":{"rendered":"\n\t\n\n<div class=\"flex flex-col items-center justify-center w-full gap-5 px-8 pt-8 pb-7 desktop-sm:px-4 mobile:px-2\">\n\t<div class=\"flex flex-col items-center w-full m-auto gap-7 mobile:gap-6 inner-contain\">\n\t\t<div class=\"flex flex-col items-center justify-center w-full gap-5 px-4 mobile:px-0\">\n\t\t\t<h1 class=\"text-center text-brightRed\">\u00d6ffnungszeiten und Kalender<\/h1>\n\t\t\t<div class=\"w-3\/4 text-center mobile:w-full tablet:w-3\/4\">\n\t\t\t\t<p class=\"text-red -large\">An einem Tag in Astrid Lindgrens Welt gibt es viel zu sehen und zu erleben. Hier finden Sie unsere \u00d6ffnungszeiten sowie Informationen \u00fcber die Ereignisse im Park. \u00d6ffnungszeiten und Preise k\u00f6nnen je nach Saison unterschiedlich sein.<br \/>\r\n<br \/>\r\n<span style=\"display:inline; font-weight:700;\">NEU 2026!<\/span><br \/>\r\nWir bauen Birkenlund um, und die neue Umgebung er\u00f6ffnet am 19. Juni.<br \/>\r\n<\/p>\n\t\t\t<\/div>\n\t\t<\/div>\n\t\t<div class=\"flex flex-col items-center justify-start w-full gap-7 mobile:gap-5\">\n\t\t\t<div class=\"flex items-stretch justify-center w-full gap-6 px-4 mobile:px-0 tablet:flex-col tablet:max-w-[35rem] tablet:m-auto\">\n\t\t\t\t<div class=\"flex flex-col w-full rounded-md bg-whiteish sm-shadow\">\n\t\t\t\t\t<div id=\"calendar\" class=\"flex justify-center items-center w-full rounded-md bg-whiteish min-h-[20rem]\">\n\t\t\t\t\t\t<div id=\"loaderContainerCalendar\" class=\"flex items-center justify-center w-full h-full\">\n\t\t\t\t\t\t\t<img decoding=\"async\" class=\"w-[5rem]\" src=\"\/wp-content\/themes\/alv-sultan\/assets\/loading.gif\" alt=\"Laden ...\" \/>\n\t\t\t\t\t\t<\/div>\n\t\t\t\t\t<\/div>\n\t\t\t\t<\/div>\n\t\t\t\t<div class=\"flex flex-col justify-between w-full gap-3 py-5 rounded-md px-7 mobile:p-4 bg-whiteish sm-shadow min-h-[20rem] tablet:min-h-0\">\n\t\t\t\t\t<div class=\"flex flex-col items-start h-full gap-3\">\n\t\t\t\t\t\t<h4 id=\"activeDate\" class=\"text-darkRed\"><\/h4>\n\t\t\t\t\t\t<div id=\"loaderContainer\" class=\"flex items-center justify-center w-full h-full\">\n\t\t\t\t\t\t\t<img decoding=\"async\" class=\"w-[5rem]\" src=\"\/wp-content\/themes\/alv-sultan\/assets\/loading.gif\" alt=\"Laden ...\" \/>\n\t\t\t\t\t\t<\/div>\n\t\t\t\t\t\t<div id=\"info-container\" class=\"flex-col justify-between hidden w-full h-full gap-3\">\n\t\t\t\t\t\t\t<div class=\"flex flex-col w-full gap-3\">\n\n\t\t\t\t\t\t\t\t<div class=\"flex items-center justify-start gap-7 mobile:gap-5\">\n\t\t\t\t\t\t\t\t\t<p id=\"openTitle\" class=\" text-darkRed -button  min-w-[7rem]\">Ge\u00f6ffnet<\/p>\n\t\t\t\t\t\t\t\t\t<div class=\"flex items-center w-full gap-2\">\n\t\t\t\t\t\t\t\t\t\t<svg xmlns=\"http:\/\/www.w3.org\/2000\/svg\" xmlns:xlink=\"http:\/\/www.w3.org\/1999\/xlink\" width=\"24.727\" height=\"24.728\" viewBox=\"0 0 25 25\">\n\t\t\t\t\t\t\t\t\t\t\t<defs>\n\t\t\t\t\t\t\t\t\t\t\t\t<clipPath id=\"clip-path\">\n\t\t\t\t\t\t\t\t\t\t\t\t\t<rect id=\"Rectangle_771\" data-name=\"Rectangle 771\" width=\"24.727\" height=\"24.728\" fill=\"#55140c\" \/>\n\t\t\t\t\t\t\t\t\t\t\t\t<\/clipPath>\n\t\t\t\t\t\t\t\t\t\t\t<\/defs>\n\t\t\t\t\t\t\t\t\t\t\t<g id=\"Group_619\" data-name=\"Group 619\" clip-path=\"url(#clip-path)\">\n\t\t\t\t\t\t\t\t\t\t\t\t<path id=\"Path_79\" data-name=\"Path 79\" d=\"M12.363,24.729A12.364,12.364,0,1,1,24.727,12.363,12.378,12.378,0,0,1,12.363,24.729m0-22.18a9.815,9.815,0,1,0,9.814,9.814,9.825,9.825,0,0,0-9.814-9.814\" transform=\"translate(0 0)\" fill=\"#55140c\" \/>\n\t\t\t\t\t\t\t\t\t\t\t\t<path id=\"Path_80\" data-name=\"Path 80\" d=\"M16.85,17.145H8.116a1.229,1.229,0,1,1,0-2.458H14.39V7.206a1.23,1.23,0,0,1,2.461,0Z\" transform=\"translate(-2.605 -2.261)\" fill=\"#55140c\" \/>\n\t\t\t\t\t\t\t\t\t\t\t<\/g>\n\t\t\t\t\t\t\t\t\t\t<\/svg>\n\t\t\t\t\t\t\t\t\t\t<div id=\"seasonHours\" class=\"leading-none -button text-darkRed\"><\/div>\n\t\t\t\t\t\t\t\t\t\t<p id=\"closedMessage\" class=\"hidden -button text-darkRed\">An diesem Tag ist der Park geschlossen.<\/p>\n\t\t\t\t\t\t\t\t\t<\/div>\n\t\t\t\t\t\t\t\t<\/div>\n\t\t\t\t\t\t\t\t<div id=\"guestInfoContainer\" class=\"flex items-center justify-start gap-7 mobile:gap-5\">\n\n\t\t\t\t\t\t\t\t\t<p class=\" text-darkRed -button min-w-[7rem]\">Besucher<\/p>\n\n\t\t\t\t\t\t\t\t\t<div class=\"flex items-center w-full gap-2\">\n\t\t\t\t\t\t\t\t\t\t<svg xmlns=\"http:\/\/www.w3.org\/2000\/svg\" xmlns:xlink=\"http:\/\/www.w3.org\/1999\/xlink\" width=\"22.412\" height=\"26.033\" viewBox=\"0 0 22.412 26.033\">\n\t\t\t\t\t\t\t\t\t\t\t<defs>\n\t\t\t\t\t\t\t\t\t\t\t\t<clipPath id=\"clip-path\">\n\t\t\t\t\t\t\t\t\t\t\t\t\t<rect id=\"Rectangle_770\" data-name=\"Rectangle 770\" width=\"22.412\" height=\"26.033\" fill=\"#55140c\" \/>\n\t\t\t\t\t\t\t\t\t\t\t\t<\/clipPath>\n\t\t\t\t\t\t\t\t\t\t\t<\/defs>\n\t\t\t\t\t\t\t\t\t\t\t<g id=\"Group_616\" data-name=\"Group 616\" clip-path=\"url(#clip-path)\">\n\t\t\t\t\t\t\t\t\t\t\t\t<path id=\"Path_73\" data-name=\"Path 73\" d=\"M3.46,3.065c.3.89.916,1.621,1.517,1.621S6.19,3.957,6.494,3.071h0c.213,0,.575-.23.575-.512s-.171-.513-.384-.513h0c0-.029,0-.058,0-.086A1.786,1.786,0,0,0,4.977,0,1.785,1.785,0,0,0,3.268,1.962c0,.031,0,.062,0,.093a.485.485,0,0,0-.327.5c0,.258.3.471.515.5\" transform=\"translate(-1.017 0)\" fill=\"#55140c\" \/>\n\t\t\t\t\t\t\t\t\t\t\t\t<path id=\"Path_74\" data-name=\"Path 74\" d=\"M5.075,19.162V9.434l.424-.31a10.391,10.391,0,0,1,2.076-1.1,8.079,8.079,0,0,0-2.1-.9A29.172,29.172,0,0,1,3.99,9.878S2.79,7.564,2.562,7.092A8.038,8.038,0,0,0,0,8.245v7.809a.686.686,0,0,0,.685.687h.9v6.785H6.4V20.918a1.838,1.838,0,0,1-1.321-1.755\" transform=\"translate(0 -2.45)\" fill=\"#55140c\" \/>\n\t\t\t\t\t\t\t\t\t\t\t\t<path id=\"Path_75\" data-name=\"Path 75\" d=\"M25.6,3.065c.3.89.916,1.621,1.516,1.621s1.212-.729,1.515-1.615h.005c.212,0,.574-.23.574-.512s-.171-.513-.384-.513h0c0-.029,0-.058,0-.086a1.726,1.726,0,1,0-3.42,0c0,.031,0,.062,0,.093a.486.486,0,0,0-.326.5c0,.258.3.471.516.5\" transform=\"translate(-8.665 0)\" fill=\"#55140c\" \/>\n\t\t\t\t\t\t\t\t\t\t\t\t<path id=\"Path_76\" data-name=\"Path 76\" d=\"M27.831,7.12a28.6,28.6,0,0,1-1.483,2.759s-1.2-2.314-1.428-2.787a8.139,8.139,0,0,0-2.147.886,10.288,10.288,0,0,1,2.18,1.147l.423.308v9.729a1.844,1.844,0,0,1-1.433,1.795v2.568h4.81V16.74h.84a.685.685,0,0,0,.685-.687V8.245A8.022,8.022,0,0,0,27.831,7.12\" transform=\"translate(-7.867 -2.45)\" fill=\"#55140c\" \/>\n\t\t\t\t\t\t\t\t\t\t\t\t<path id=\"Path_77\" data-name=\"Path 77\" d=\"M16.571,10.215a34.167,34.167,0,0,1-1.748,3.252s-1.416-2.729-1.683-3.285a9.5,9.5,0,0,0-3.021,1.358v9.206a.807.807,0,0,0,.809.807h1.06v8h5.672v-8h.989a.809.809,0,0,0,.809-.807V11.541a9.511,9.511,0,0,0-2.887-1.325\" transform=\"translate(-3.496 -3.518)\" fill=\"#55140c\" \/>\n\t\t\t\t\t\t\t\t\t\t\t\t<path id=\"Path_78\" data-name=\"Path 78\" d=\"M15.432,7.177a1.091,1.091,0,0,0,.555.17,1.267,1.267,0,0,0,.791-.336,3.045,3.045,0,0,0,.666-.835,4.343,4.343,0,0,0,.329-.732h.005c.249,0,.676-.271.676-.6s-.2-.6-.451-.6h0c0-.035,0-.068,0-.1a2.035,2.035,0,1,0-4.031,0c0,.035,0,.072,0,.108a.571.571,0,0,0-.385.594c0,.306.355.556.609.6a4.38,4.38,0,0,0,.335.75,2.682,2.682,0,0,0,.9.991\" transform=\"translate(-4.695 -0.63)\" fill=\"#55140c\" \/>\n\t\t\t\t\t\t\t\t\t\t\t<\/g>\n\t\t\t\t\t\t\t\t\t\t<\/svg>\n\n\t\t\t\t\t\t\t\t\t\t<div id=\"seasonGuests\" class=\"leading-none -button text-darkRed\">\n\n\n\t\t\t\t\t\t\t\t\t\t<\/div>\n\t\t\t\t\t\t\t\t\t<\/div>\n\t\t\t\t\t\t\t\t<\/div>\n\t\t\t\t\t\t\t\t<div id=\"specialLinkContainer\">\n\t\t\t\t\t\t\t\t\t<a id=\"specialLinkURL\" href=\"#\" class=\"underline text-brightRed\">\n\t\t\t\t\t\t\t\t\t\t<p id=\"specialLinkTitle\" class=\"font-bold\"><\/p>\n\t\t\t\t\t\t\t\t\t<\/a>\n\t\t\t\t\t\t\t\t<\/div>\n\t\t\t\t\t\t\t<\/div>\n\n\t\t\t\t\t\t\t<a id=\"calendar-cta\" href=\"\" class=\"btn tablet:w-full\" target=\"_blank\">\n\t\t\t\t\t\t\t\t<p class=\"-button tablet:text-center\">\n\t\t\t\t\t\t\t\t\tTickets kaufen\t\t\t\t\t\t\t\t<\/p>\n\t\t\t\t\t\t\t<\/a>\n\t\t\t\t\t\t<\/div>\n\n\n\t\t\t\t\t<\/div>\n\n\t\t\t\t<\/div>\n\t\t\t<\/div>\n\t\t<\/div>\n\t\t<div class=\"flex items-center justify-between w-full px-4 mobile:px-0 tablet:flex-col tablet:items-start tablet:gap-5\">\n\t\t\t<h4 class=\"text-darkRed\">Programm<\/h4>\n\t\t\t\t\t\t<div class=\"flex gap-3 max-w-[80%] justify-end tablet:justify-start w-full tablet:flex-wrap tablet:w-full tablet:max-w-none\">\n\t\t\t\t<div id=\"filter-all-btn\" data-type=\"alla\" data-slug=\"alla\" class=\"px-5 py-2 transition-all duration-150 ease-in-out rounded-lg cursor-pointer sm-shadow bg-darkRed text-whiteish program-list_item active\">\n\t\t\t\t\t<p class=\"leading-none -button\">Alle<\/p>\n\t\t\t\t<\/div>\n\t\t\t\t\t\t\t\t\t<div data-type=\"shows\" data-slug=\"shows\" class=\"px-5 py-2 transition-all duration-150 ease-in-out rounded-lg cursor-pointer sm-shadow text-darkRed program-list_item bg-whiteish\">\n\t\t\t\t\t\t\t\t\t\t\t\t\t<p class=\"leading-none -button\">Vorstellungen<\/p>\n\t\t\t\t\t\t\t\t\t\t\t<\/div>\n\t\t\t\t\t\t\t\t\t<div data-type=\"food\" data-slug=\"food\" class=\"px-5 py-2 transition-all duration-150 ease-in-out rounded-lg cursor-pointer sm-shadow text-darkRed program-list_item bg-whiteish\">\n\t\t\t\t\t\t\t\t\t\t\t\t\t<p class=\"leading-none -button\">Speisen und Getr\u00e4nke<\/p>\n\t\t\t\t\t\t\t\t\t\t\t<\/div>\n\t\t\t\t\t\t\t\t\t<div data-type=\"stores\" data-slug=\"stores\" class=\"px-5 py-2 transition-all duration-150 ease-in-out rounded-lg cursor-pointer sm-shadow text-darkRed program-list_item bg-whiteish\">\n\t\t\t\t\t\t\t\t\t\t\t\t\t<p class=\"leading-none -button\">Shop<\/p>\n\t\t\t\t\t\t\t\t\t\t\t<\/div>\n\t\t\t\t\t\t\t\t\t<div data-type=\"locations\" data-slug=\"locations\" class=\"px-5 py-2 transition-all duration-150 ease-in-out rounded-lg cursor-pointer sm-shadow text-darkRed program-list_item bg-whiteish\">\n\t\t\t\t\t\t\t\t\t\t\t\t\t<p class=\"leading-none -button\">Spielpl\u00e4tze<\/p>\n\t\t\t\t\t\t\t\t\t\t\t<\/div>\n\t\t\t\t\t\t\t<\/div>\n\t\t<\/div>\n\t\t<div class=\"grid w-full h-full grid-cols-3 gap-5 m-auto calendar-grid tablet-sm:grid-cols-1 desktop-sm:grid-cols-2 desktop-sm:px-4 mobile:p-0\">\n\t\t<\/div>\n\t\t<div id=\"empty-message\" class=\"hidden w-full\">\n\t\t\t<div class=\"flex justify-center w-full m-auto contain\">\n\t\t\t\t<div class=\"p-4 px-7 bg-whiteish rounded-2xl h-[8rem] flex justify-center items-center\">\n\t\t\t\t\t<h4 class=\"text-center text-red\">Heute ist das Programm leider leer. Versuchen Sie es an einem anderen Tag!<\/h4>\n\t\t\t\t<\/div>\n\t\t\t<\/div>\n\t\t<\/div>\n\t<\/div>\n<\/div>\n<\/div>","protected":false},"excerpt":{"rendered":"","protected":false},"author":8,"featured_media":77094,"parent":0,"menu_order":0,"comment_status":"closed","ping_status":"closed","template":"","meta":{"_acf_changed":false,"footnotes":""},"class_list":["post-81161","page","type-page","status-publish","has-post-thumbnail","hentry"],"acf":[],"yoast_head":"<!-- This site is optimized with the Yoast SEO plugin v27.3 - https:\/\/yoast.com\/product\/yoast-seo-wordpress\/ -->\n<title>\u00d6ffnungszeiten und Kalender | Astrid Lindgrens V\u00e4rld<\/title>\n<meta name=\"robots\" content=\"index, follow, max-snippet:-1, max-image-preview:large, max-video-preview:-1\" \/>\n<link rel=\"canonical\" href=\"https:\/\/astridlindgrensvarld.se\/de\/oeffnungszeiten-und-kalender\/\" \/>\n<meta property=\"og:locale\" content=\"de_DE\" \/>\n<meta property=\"og:type\" content=\"article\" \/>\n<meta property=\"og:title\" content=\"\u00d6ffnungszeiten und Kalender | Astrid Lindgrens V\u00e4rld\" \/>\n<meta property=\"og:url\" content=\"https:\/\/astridlindgrensvarld.se\/de\/oeffnungszeiten-und-kalender\/\" \/>\n<meta property=\"og:site_name\" content=\"Astrid Lindgrens V\u00e4rld\" \/>\n<meta property=\"article:modified_time\" content=\"2026-01-20T11:57:52+00:00\" \/>\n<meta property=\"og:image\" content=\"https:\/\/astridlindgrensvarld.se\/wp-content\/uploads\/2023\/12\/vimmerby-1-1440x1440px.jpg\" \/>\n\t<meta property=\"og:image:width\" content=\"1440\" \/>\n\t<meta property=\"og:image:height\" content=\"1440\" \/>\n\t<meta property=\"og:image:type\" content=\"image\/jpeg\" \/>\n<meta name=\"twitter:card\" content=\"summary_large_image\" \/>\n<meta name=\"twitter:label1\" content=\"Gesch\u00e4tzte Lesezeit\" \/>\n\t<meta name=\"twitter:data1\" content=\"1\u00a0Minute\" \/>\n<script type=\"application\/ld+json\" class=\"yoast-schema-graph\">{\"@context\":\"https:\\\/\\\/schema.org\",\"@graph\":[{\"@type\":\"WebPage\",\"@id\":\"https:\\\/\\\/astridlindgrensvarld.se\\\/de\\\/oeffnungszeiten-und-kalender\\\/\",\"url\":\"https:\\\/\\\/astridlindgrensvarld.se\\\/de\\\/oeffnungszeiten-und-kalender\\\/\",\"name\":\"\u00d6ffnungszeiten und Kalender | Astrid Lindgrens V\u00e4rld\",\"isPartOf\":{\"@id\":\"https:\\\/\\\/astridlindgrensvarld.se\\\/#website\"},\"primaryImageOfPage\":{\"@id\":\"https:\\\/\\\/astridlindgrensvarld.se\\\/de\\\/oeffnungszeiten-und-kalender\\\/#primaryimage\"},\"image\":{\"@id\":\"https:\\\/\\\/astridlindgrensvarld.se\\\/de\\\/oeffnungszeiten-und-kalender\\\/#primaryimage\"},\"thumbnailUrl\":\"https:\\\/\\\/astridlindgrensvarld.se\\\/wp-content\\\/uploads\\\/2023\\\/12\\\/vimmerby-1-1440x1440px.jpg\",\"datePublished\":\"2024-04-02T12:01:22+00:00\",\"dateModified\":\"2026-01-20T11:57:52+00:00\",\"breadcrumb\":{\"@id\":\"https:\\\/\\\/astridlindgrensvarld.se\\\/de\\\/oeffnungszeiten-und-kalender\\\/#breadcrumb\"},\"inLanguage\":\"de\",\"potentialAction\":[{\"@type\":\"ReadAction\",\"target\":[\"https:\\\/\\\/astridlindgrensvarld.se\\\/de\\\/oeffnungszeiten-und-kalender\\\/\"]}]},{\"@type\":\"ImageObject\",\"inLanguage\":\"de\",\"@id\":\"https:\\\/\\\/astridlindgrensvarld.se\\\/de\\\/oeffnungszeiten-und-kalender\\\/#primaryimage\",\"url\":\"https:\\\/\\\/astridlindgrensvarld.se\\\/wp-content\\\/uploads\\\/2023\\\/12\\\/vimmerby-1-1440x1440px.jpg\",\"contentUrl\":\"https:\\\/\\\/astridlindgrensvarld.se\\\/wp-content\\\/uploads\\\/2023\\\/12\\\/vimmerby-1-1440x1440px.jpg\",\"width\":1440,\"height\":1440},{\"@type\":\"BreadcrumbList\",\"@id\":\"https:\\\/\\\/astridlindgrensvarld.se\\\/de\\\/oeffnungszeiten-und-kalender\\\/#breadcrumb\",\"itemListElement\":[{\"@type\":\"ListItem\",\"position\":1,\"name\":\"Home\",\"item\":\"https:\\\/\\\/astridlindgrensvarld.se\\\/de\\\/\"},{\"@type\":\"ListItem\",\"position\":2,\"name\":\"\u00d6ffnungszeiten und Kalender\"}]},{\"@type\":\"WebSite\",\"@id\":\"https:\\\/\\\/astridlindgrensvarld.se\\\/#website\",\"url\":\"https:\\\/\\\/astridlindgrensvarld.se\\\/\",\"name\":\"Astrid Lindgrens V\u00e4rld\",\"description\":\"\",\"potentialAction\":[{\"@type\":\"SearchAction\",\"target\":{\"@type\":\"EntryPoint\",\"urlTemplate\":\"https:\\\/\\\/astridlindgrensvarld.se\\\/?s={search_term_string}\"},\"query-input\":{\"@type\":\"PropertyValueSpecification\",\"valueRequired\":true,\"valueName\":\"search_term_string\"}}],\"inLanguage\":\"de\"}]}<\/script>\n<!-- \/ Yoast SEO plugin. -->","yoast_head_json":{"title":"\u00d6ffnungszeiten und Kalender | Astrid Lindgrens V\u00e4rld","robots":{"index":"index","follow":"follow","max-snippet":"max-snippet:-1","max-image-preview":"max-image-preview:large","max-video-preview":"max-video-preview:-1"},"canonical":"https:\/\/astridlindgrensvarld.se\/de\/oeffnungszeiten-und-kalender\/","og_locale":"de_DE","og_type":"article","og_title":"\u00d6ffnungszeiten und Kalender | Astrid Lindgrens V\u00e4rld","og_url":"https:\/\/astridlindgrensvarld.se\/de\/oeffnungszeiten-und-kalender\/","og_site_name":"Astrid Lindgrens V\u00e4rld","article_modified_time":"2026-01-20T11:57:52+00:00","og_image":[{"width":1440,"height":1440,"url":"https:\/\/astridlindgrensvarld.se\/wp-content\/uploads\/2023\/12\/vimmerby-1-1440x1440px.jpg","type":"image\/jpeg"}],"twitter_card":"summary_large_image","twitter_misc":{"Gesch\u00e4tzte Lesezeit":"1\u00a0Minute"},"schema":{"@context":"https:\/\/schema.org","@graph":[{"@type":"WebPage","@id":"https:\/\/astridlindgrensvarld.se\/de\/oeffnungszeiten-und-kalender\/","url":"https:\/\/astridlindgrensvarld.se\/de\/oeffnungszeiten-und-kalender\/","name":"\u00d6ffnungszeiten und Kalender | Astrid Lindgrens V\u00e4rld","isPartOf":{"@id":"https:\/\/astridlindgrensvarld.se\/#website"},"primaryImageOfPage":{"@id":"https:\/\/astridlindgrensvarld.se\/de\/oeffnungszeiten-und-kalender\/#primaryimage"},"image":{"@id":"https:\/\/astridlindgrensvarld.se\/de\/oeffnungszeiten-und-kalender\/#primaryimage"},"thumbnailUrl":"https:\/\/astridlindgrensvarld.se\/wp-content\/uploads\/2023\/12\/vimmerby-1-1440x1440px.jpg","datePublished":"2024-04-02T12:01:22+00:00","dateModified":"2026-01-20T11:57:52+00:00","breadcrumb":{"@id":"https:\/\/astridlindgrensvarld.se\/de\/oeffnungszeiten-und-kalender\/#breadcrumb"},"inLanguage":"de","potentialAction":[{"@type":"ReadAction","target":["https:\/\/astridlindgrensvarld.se\/de\/oeffnungszeiten-und-kalender\/"]}]},{"@type":"ImageObject","inLanguage":"de","@id":"https:\/\/astridlindgrensvarld.se\/de\/oeffnungszeiten-und-kalender\/#primaryimage","url":"https:\/\/astridlindgrensvarld.se\/wp-content\/uploads\/2023\/12\/vimmerby-1-1440x1440px.jpg","contentUrl":"https:\/\/astridlindgrensvarld.se\/wp-content\/uploads\/2023\/12\/vimmerby-1-1440x1440px.jpg","width":1440,"height":1440},{"@type":"BreadcrumbList","@id":"https:\/\/astridlindgrensvarld.se\/de\/oeffnungszeiten-und-kalender\/#breadcrumb","itemListElement":[{"@type":"ListItem","position":1,"name":"Home","item":"https:\/\/astridlindgrensvarld.se\/de\/"},{"@type":"ListItem","position":2,"name":"\u00d6ffnungszeiten und Kalender"}]},{"@type":"WebSite","@id":"https:\/\/astridlindgrensvarld.se\/#website","url":"https:\/\/astridlindgrensvarld.se\/","name":"Astrid Lindgrens V\u00e4rld","description":"","potentialAction":[{"@type":"SearchAction","target":{"@type":"EntryPoint","urlTemplate":"https:\/\/astridlindgrensvarld.se\/?s={search_term_string}"},"query-input":{"@type":"PropertyValueSpecification","valueRequired":true,"valueName":"search_term_string"}}],"inLanguage":"de"}]}},"_links":{"self":[{"href":"https:\/\/astridlindgrensvarld.se\/de\/wp-json\/wp\/v2\/pages\/81161","targetHints":{"allow":["GET"]}}],"collection":[{"href":"https:\/\/astridlindgrensvarld.se\/de\/wp-json\/wp\/v2\/pages"}],"about":[{"href":"https:\/\/astridlindgrensvarld.se\/de\/wp-json\/wp\/v2\/types\/page"}],"author":[{"embeddable":true,"href":"https:\/\/astridlindgrensvarld.se\/de\/wp-json\/wp\/v2\/users\/8"}],"replies":[{"embeddable":true,"href":"https:\/\/astridlindgrensvarld.se\/de\/wp-json\/wp\/v2\/comments?post=81161"}],"version-history":[{"count":3,"href":"https:\/\/astridlindgrensvarld.se\/de\/wp-json\/wp\/v2\/pages\/81161\/revisions"}],"predecessor-version":[{"id":86325,"href":"https:\/\/astridlindgrensvarld.se\/de\/wp-json\/wp\/v2\/pages\/81161\/revisions\/86325"}],"wp:featuredmedia":[{"embeddable":true,"href":"https:\/\/astridlindgrensvarld.se\/de\/wp-json\/wp\/v2\/media\/77094"}],"wp:attachment":[{"href":"https:\/\/astridlindgrensvarld.se\/de\/wp-json\/wp\/v2\/media?parent=81161"}],"curies":[{"name":"wp","href":"https:\/\/api.w.org\/{rel}","templated":true}]}}