{"id":81157,"date":"2024-04-02T11:57:41","date_gmt":"2024-04-02T09:57:41","guid":{"rendered":"https:\/\/astridlindgrensvarld.se\/unterkunft\/boendeguide_de\/"},"modified":"2026-01-22T16:19:23","modified_gmt":"2026-01-22T14:19:23","slug":"boendeguide_de","status":"publish","type":"page","link":"https:\/\/astridlindgrensvarld.se\/de\/unterkunft\/boendeguide_de\/","title":{"rendered":"Boendeguide_DE"},"content":{"rendered":"\n<div class=\"relative flex flex-col items-center  w-full h-screen max-h-[960px] mobile:mb-[200px] desktop:max-h-[780px] min-h-[700px] mobile:min-h-[500px] justify-start mobile:max-h-none mobile:h-full\">\n\t\t\t\t\t\t\t<img decoding=\"async\" class=\"top-0 object-cover w-full h-[60vh]  max-h-[746px] desktop:max-h-[650px] min-h-[700px] mobile:min-h-[540px] mobile:hidden\" src=\"https:\/\/astridlindgrensvarld.se\/wp-content\/uploads\/2023\/12\/avbokning-1-3200x1440px.jpg\" alt=\"\">\n\t<img decoding=\"async\" class=\"top-0 object-cover w-full h-[60vh] min-h-[700px] mobile:min-h-[540px] hidden mobile:block\" src=\"https:\/\/astridlindgrensvarld.se\/wp-content\/uploads\/2023\/12\/avbokning-1-1440x1440px.jpg\" alt=\"\">\n\t\t\t\t\t\t\t<div class=\"absolute bottom-0 mobile:bottom-[-200px] z-10 flex flex-col items-center w-full inner-contain gap-7 desktop-sm:px-4 mobile:px-2\">\n\t\t\t\t<div class=\"bg-whiteish px-[80px] py-6 mobile:p-2 flex flex-col items-center gap-4 mobile:gap-4 text-black text-center rounded-lg lg-shadow w-full\">\n\t\t\t\t\t<div class=\"flex flex-col items-center justify-start gap-1\">\n\n\t\t\t\t\t\t<h1 class=\"text-brightRed -hero\">Willkommen!<\/h1>\n\t\t\t\t\t\t\t\t\t\t\t<\/div>\n\n\t\t\t\t\t<p class=\"-large text-darkRed mobile:!text-[16px]\">Wir hoffen, dass es Ihnen bei uns gefallen wird und Sie nachts gut schlafen werden. <\/p>\n\t\t\t\t\t\t\t\t\t\t\t\t\t\t<\/div>\n\t\t\t<\/div>\n\t\t\t<\/div>\n\n\n<div class=\"flex items-center justify-center w-full px-4 py-7\">\n\t<div data-aos=\"\" data-aos-duration=\"\" class=\"flex flex-col w-full gap-5 m-auto text-center inner-contain\">\n\t\t\t\t<p class=\"-large text-red\">Wenn Sie Fehler oder M\u00e4ngel in Ihrer Unterkunft feststellen, m\u00fcssen Sie diese unverz\u00fcglich an der Rezeption melden, damit wir die M\u00f6glichkeit haben, sie zu beheben. Sollte die Rezeption geschlossen sein, dokumentieren Sie sie und melden Sie sich bis sp\u00e4testens 10.00 Uhr am n\u00e4chsten Tag. Bei akuten Fehlern rufen Sie bitte die Notrufnummer an. Die Telefonnummer finden Sie auf Ihrem Ankunftsumschlag.<\/p>\n\t\t\t<\/div>\n<\/div>\n\n\n<div data-aos=\"\" data-aos-duration=\"\" class=\"tablet:px-4 mobile-sm:px-2\">\n\t<div class=\"flex flex-col items-center w-full px-6 m-auto rounded-md mobile:px-5 inner-contain bg-whiteish my-7\">\n\n\t\t\t\t\t<h2 class=\"w-3\/4 text-center pt-7 text-red tablet:w-full\">Gut zu wissen A-Z<\/h2>\n\t\t\t\t<div class=\"flex flex-col items-center justify-center w-full m-auto py-7 desktop-sm:px-4 tablet:px-0 text-contain\">\n\t\t\t<div class=\"flex flex-col items-center justify-center w-full\">\n\n\t\t\t\t\t\t\t\t\t\t\t\t\t\t\t<div class=\"flex flex-col items-center justify-center w-full pb-5\">\n\n\t\t\t\t\t\t\t<div class=\"wysiwyg-style text-center\">\n\t\t\t\t\t\t\t\t<p><strong>Allergie<\/strong><br \/>\nKeine unserer Unterk\u00fcnfte ist allergiesaniert.<br \/>\nHaustiere sind nur in den angegebenen Unterk\u00fcnften erlaubt. Wir k\u00f6nnen keine vollst\u00e4ndig haustierfreien\/allergiesanierten Unterk\u00fcnfte garantieren.<\/p>\n<p><strong>Abreise<\/strong><br \/>\nGehen Sie vor der Abreise die Checkliste auf der letzten Seite unter dieser Registerkarte durch. Beachten Sie bitte, dass es auch eine Checkliste gibt, wenn Sie Endreinigung bestellt haben.<\/p>\n<p><strong>Gep\u00e4ckwagen<\/strong><br \/>\nLeihen Sie sich gerne einen Gep\u00e4ckwagen aus, wenn Sie viel zu tragen haben. Die Gep\u00e4ckwagen finden Sie auf den Parkpl\u00e4tzen der G\u00e4steunterk\u00fcnfte. Wenn Sie ausgeladen haben, stellen Sie den Wagen wieder zur\u00fcck, damit der n\u00e4chste Gast ihn ausleihen kann. Gep\u00e4ckwagen d\u00fcrfen nur auf dem Gel\u00e4nde der G\u00e4steunterk\u00fcnfte verwendet werden. Im Park k\u00f6nnen Sie stattdessen einen Bollerwagen mieten.<\/p>\n<p><strong>Kinderbett\/Hochstuhl<\/strong><br \/>\nWir haben eine begrenzte Anzahl Kinderbetten und Hochst\u00fchle. In allen Unterk\u00fcnften in der \u201eWinzigen kleinen Stadt\u201c gibt es einen Hochstuhl. In den anderen Unterk\u00fcnften kann ein Hochstuhl bei der Rezeption geliehen werden. Die Miete f\u00fcr ein Kinderbett betr\u00e4gt 175 SEK\/Nacht. Wenden Sie sich an die Rezeption.<\/p>\n<p><strong>Shop<br \/>\n<\/strong>In unserem Mini-Supermarkt im Rezeptionsgeb\u00e4ude finden das Meiste, von Fr\u00fchst\u00fcckszutaten, wie Aufschnitt, Milch und Joghurt, bis hin zu anderen Lebensmitteln. Selbstverst\u00e4ndlich gibt es hier auch K\u00f6rperpflegeartikel, Spielsachen, Kaffee, Tee und Eis sowie Zubeh\u00f6r zum Grillen.\u00a0 Wenn Sie einen gr\u00f6\u00dferen Einkauf machen m\u00fcssen, gibt es einen gut sortierten Supermarkt in ca. 10-15 Minuten Laufabstand von Astrid Lindgrens Welt. Folgen Sie dem Fu\u00dfweg vom Haupteingang des Parks aus.<\/p>\n<p><strong>Feuermelder<\/strong><br \/>\nFeuermelder in \u201eDer winzigen Stadt\u201c gehen direkt an SOS und k\u00f6nnen\/d\u00fcrfen nicht abgeschaltet werden! Die anderen Unterk\u00fcnfte haben batteriebetriebene Alarme.<\/p>\n<p><strong>Eintrittskarten f\u00fcr Astrid Lindgrens Welt<\/strong><br \/>\nSie scannen Ihre Eintrittskarten bei unseren Mitarbeitern am Eingang, und Sie k\u00f6nnen sie sowohl ausgedruckt als auch auf Ihrem Handy mitnehmen. Sollten Sie den Park im Laufe des Tages verlassen m\u00fcssen, wenden Sie sich bitte an die Information, um eine Eintrittskarte zu erhalten, die Ihnen erneut Eintritt gew\u00e4hrt.<br \/>\nWenn Sie Ihre Eintrittskarten als Option bei Ihrer Unterkunftsbuchung erworben haben, haben Sie auch Zugang zum Eingangstor, das nur f\u00fcr unsere Unterkunftsg\u00e4ste gilt und direkt neben Den lilla Staden liegt. Weitere Eintrittskarten beziehen sich auf den Haupteingang.<\/p>\n<p><strong>Express-Auschecken<\/strong><br \/>\nWenn Sie fr\u00fch auschecken m\u00fcssten und\/oder mit allem fertig sind, k\u00f6nnen Sie gerne unseren Express-Auscheck-Service nutzen. Legen Sie den Schl\u00fcssel in den daf\u00fcr bestimmten Briefkasten am Eingang der Rezeption.<\/p>\n<p><strong>Fehler und M\u00e4ngel an der Unterkunft<\/strong><br \/>\nBei eventuellen Fehlern und M\u00e4ngeln an der Unterkunft oder Unklarheiten in Bezug auf Ihre Buchung wenden Sie sich umgehend an die Rezeption, damit wir diese beheben k\u00f6nnen. Ist die Rezeption geschlossen, melden Sie den Fehler sp\u00e4testens um 10:00 Uhr am darauffolgenden Tag. Bei akuten Fehlern rufen Sie die Notrufnummer an, die Sie auf dem Ankunftsumschlag finden.<\/p>\n<p><strong>Fr\u00fchst\u00fcck<\/strong><br \/>\nIn ein Restaurant im Park neben der Unterkunft wird jeden Morgen ein leckeres und reichhaltiges Fr\u00fchst\u00fccksbuffet f\u00fcr die G\u00e4ste unserer Unterk\u00fcnfte serviert. Hier gibt es frisch gebackenes Brot, Milch, verschiedene Sorten Aufschnitt und Fr\u00fchst\u00fcckscerealien, wie beispielsweise Hafergr\u00fctze. Dar\u00fcber hinaus haben wir eine Auswahl f\u00fcr Personen mit einer Gluten- oder Laktoseintoleranz. Unser Fr\u00fchst\u00fcck ist sehr beliebt und meistens schnell ausgebucht. Wenn Sie vergessen haben, es zu buchen, k\u00f6nnen Sie sich selbstverst\u00e4ndlich an unsere Rezeption wenden um zu erfahren, ob es noch freie Pl\u00e4tze gibt.<br \/>\nSie k\u00f6nnen den Park nicht von unserem Fr\u00fchst\u00fccksrestaurant aus vor der \u00d6ffnungszeit betreten.<br \/>\nDas Fr\u00fchst\u00fcck wird in erster Linie nur f\u00fcr G\u00e4ste serviert, die in unserer G\u00e4steunterkunft wohnen.<\/p>\n<p><strong>K\u00fchlelemente<\/strong><br \/>\nSie k\u00f6nnen Ihre K\u00fchlelemente kostenlos abgeben (siehe Karte auf dem Ankunftsumschlag).<\/p>\n<p><strong>Grills<\/strong><br \/>\nEs gibt mehrere gemeinsame Grillpl\u00e4tze, die Sie gerne nutzen k\u00f6nnen. Grillkohle und Anz\u00fcnder sind in unserem Mini-Supermarkt im Rezeptionsgeb\u00e4ude erh\u00e4ltlich.<br \/>\nWir verweisen zur Sicherheit aller auf diese Grillpl\u00e4tze. Einweggrills sind auf dem Gel\u00e4nde nicht erlaubt.<\/p>\n<p><strong>Haustiere<\/strong><br \/>\nAus R\u00fccksicht auf Allergiker sind Haustiere nur in den Unterk\u00fcnften erlaubt, f\u00fcr die dies bei der Buchen explizit angegeben wird.<\/p>\n<p><strong>Internet<\/strong><br \/>\nNetzwerk: ALV_guest<br \/>\nKennwort: pippisnilsson<\/p>\n<p><strong>Bettw\u00e4sche<\/strong><br \/>\nWenn Sie vergessen haben, eigene Bettw\u00e4sche\/Handt\u00fccher mitzunehmen, k\u00f6nnen Sie diese an unserer Rezeption f\u00fcr 190 SEK\/Set leihen. Falls Sie dies erst merken, wenn die Rezeption bereits geschlossen ist, finden Sie zus\u00e4tzliche Bettw\u00e4schesets in der Kiste hinter dem Sanit\u00e4rgeb\u00e4ude. Sie nehmen sich die Bettw\u00e4sche und bezahlen am folgenden Morgen an der Rezeption. Geliehene Bettw\u00e4sche legen Sie innen vor die Eingangst\u00fcr in Ihrem H\u00e4uschen.<\/p>\n<p><strong>Spielplatz<\/strong><br \/>\nVerteilt zwischen den H\u00e4usern gibt es Spielm\u00f6glichkeiten in unterschiedlichen Formen. Hier gibt es u. a. Boote, auf die man klettern und in denen man rutschen kann, Holztiere zum Reiten und F\u00fcttern oder vielleicht m\u00f6chte man sich in den zeitgem\u00e4\u00dfen Kost\u00fcmen verkleiden, die im Rathaus h\u00e4ngen? Erforschen Sie gerne das Gel\u00e4nde auf eigene Faust, um Spiele zu finden, die Ihnen und Ihren Kindern gefallen.<\/p>\n<p><strong>Essen<\/strong><br \/>\nUnsere Unterk\u00fcnfte sind gut ausgestattet mit K\u00fcchen und K\u00fcchenutensilien, damit Sie sich Ihr eigenes Mittagessen zubereiten k\u00f6nnen. In unserem Mini-Supermarkt im Rezeptionsgeb\u00e4ude finden das Meiste zum Kochen.<br \/>\nIm Restaurant Villa Linnea wird an den meisten Abenden im Sommer eine Abendkarte serviert. Sie k\u00f6nnen direkt bei der Buchung oder an der Rezeption reservieren. \u00d6ffnungszeiten und Preise finden Sie an der Rezeption.<\/p>\n<p><strong>Parken<\/strong><br \/>\nDas Gel\u00e4nde mit unseren Unterk\u00fcnften ist autofrei. In der Zeit, in der Sie in der Unterkunft eingecheckt sind, ist ein Parkplatz auf dem Parkplatz gleich nebenan inbegriffen. In der restlichen Zeit parken Sie au\u00dferdem kostenlos auf dem Hauptparkplatz. Zeigen Sie den Parkplatzw\u00e4chtern Ihre Unterkunftsbuchung, dann bekommen Sie einen g\u00fcltigem Parkschein, oder holen Sie sich einen an der Rezeption.<\/p>\n<p><strong>Rauchen<\/strong><br \/>\nRauchen ist in keiner unserer Unterk\u00fcnfte oder den gemeinsamen R\u00e4umen gestattet. Nutzen Sie gerne die Raucherecke bei der Entladezone gleich neben dem Parkplatz.<\/p>\n<p><strong>Abfall<\/strong><br \/>\nM\u00fclltonnen gibt es an drei Stellen zur Abfallentsorgung auf dem Gel\u00e4nde der G\u00e4steunterkunft. Auf dem Parkplatz neben den H\u00e4usern Gran und Ekebo, beim Check-in-Parkplatz und im oberen Unterkunftsbereich neben dem Fu\u00dfweg zum Park. Sie wurden auf der Karte auf unserer Webseite gekennzeichnet.<\/p>\n<p><strong>Reinigung<\/strong><br \/>\nSie reinigen Ihre Unterkunft vor der Abreise selbst. Jede Unterkunft hat eine eigene Putzausstattung. Wir verweisen auf die Checkliste zur Reinigung, die Sie beim Einchecken bekommen haben.<br \/>\nWenn Sie eine Endreinigung bestellt haben, \u00fcbernehmen wir das Meiste f\u00fcr Sie, aber es gibt auch ein paar Zeilen in der Checkliste, die Sie vor der Abreise selbst erledigen m\u00fcssen. Beachten Sie bitte, dass Geschirrsp\u00fclen nicht in der Endreinigung inbegriffen ist. Wenn das Geschirr bei gebuchter Endreinigung nicht abgewaschen wurde, werden 300 SEK nachtr\u00e4glich in Rechnung gestellt. Wenn Sie die Unterkunft nicht gereinigt verlassen, stellen wir Ihnen nachtr\u00e4glich 2000 SEK in Rechnung.<\/p>\n<p><strong>Waschm\u00f6glichkeiten<\/strong><br \/>\nIm Sanit\u00e4rgeb\u00e4ude beim Wohnwagen- und Wohnmobilgel\u00e4nde stehen mehrere Waschmaschinen und W\u00e4schetrockner kostenlos zur Verf\u00fcgung. Wenden Sie sich f\u00fcr Buchung und T\u00fcrcode bitte an die Rezeption.<\/p>\n<p><strong>Auschecken<\/strong><br \/>\nWenn Sie eine Endreinigung gebucht haben, m\u00fcssen Sie sp\u00e4testens um 10:00 Uhr auschecken. Wenn Sie die Endreinigung selbst \u00fcbernehmen, sp\u00e4testens um 11:00 Uhr. Beim Auschecken geben Sie den Schl\u00fcssel an der Rezeption oder in unserer Expressbox au\u00dferhalb der Rezeption ab. Nicht vergessen, vor der Abreise die Checkliste durchzugehen, die Sie bei Ihrer Ankunft bekommen haben.<\/p>\n\t\t\t\t\t\t\t<\/div>\n\t\t\t\t\t\t\t\t\t\t\t\t\t<\/div>\n\t\t\t\t\t\t\t\t\t\n\t\t\t<\/div>\n\n\t\t<\/div>\n\n\t<\/div>\n<\/div>\n\n\n<div data-aos=\"\" data-aos-duration=\"\" class=\"tablet:px-4 mobile-sm:px-2\">\n\t<div class=\"flex flex-col items-center w-full px-6 m-auto rounded-md mobile:px-5 inner-contain bg-whiteish my-7\">\n\n\t\t\t\t\t<h2 class=\"w-3\/4 text-center pt-7 text-red tablet:w-full\">SONSTIGES \u2013 REGELN<\/h2>\n\t\t\t\t<div class=\"flex flex-col items-center justify-center w-full m-auto py-7 desktop-sm:px-4 tablet:px-0 text-contain\">\n\t\t\t<div class=\"flex flex-col items-center justify-center w-full\">\n\n\t\t\t\t\t\t\t\t\t\t\t\t\t\t\t<div class=\"flex flex-col items-start justify-center w-full pb-5\">\n\n\t\t\t\t\t\t\t<div class=\"wysiwyg-style \">\n\t\t\t\t\t\t\t\t<ul>\n<li>Die Anzahl G\u00e4ste, die f\u00fcr die Unterkunft gebucht wurde, ist auch die Anzahl, die u. a. aus Sicherheitsgr\u00fcnden in der Unterkunft \u00fcbernachten darf.\u00a0 Wenn G\u00e4ste hinzukommen, melden Sie dies der Rezeption.<\/li>\n<li>Die G\u00e4steunterk\u00fcnfte von Astrid Lindgrens Welt sind eine Familienanlage. Zwischen 22:00 und 07:00 Uhr m\u00fcssen alle G\u00e4ste gr\u00f6\u00dftm\u00f6gliche R\u00fccksicht und Ruhe gegen\u00fcber anderen G\u00e4sten respektieren.<\/li>\n<li>Auf dem Gel\u00e4nde darf nicht Auto gefahren werden.<\/li>\n<li>Haustiere sind nur in den angegebenen Unterk\u00fcnften erlaubt. Ein Versto\u00df, der eine Sanierung erforderlich macht, wird mit einer Geldstrafe in H\u00f6he von 5 000 \u2013 10 000 SEK geahndet. Alle Tiere m\u00fcssen auf dem Gel\u00e4nde angeleint sein.<\/li>\n<li>Wir k\u00f6nnen keine vollst\u00e4ndig haustierfreien\/ allergiesanierten Unterk\u00fcnfte garantieren.<\/li>\n<li>Rauchen ist in allen Unterk\u00fcnften und R\u00e4umen strengstens untersagt. Ein Versto\u00df, der eine Sanierung erforderlich macht, wird mit einer Geldstrafe in H\u00f6he von 5 000 \u2013 10 000 SEK geahndet.<\/li>\n<li>Sie sind als Gast f\u00fcr eventuelle Sch\u00e4den an Geb\u00e4ude oder Inventarien, die w\u00e4hrend des Aufenthalts entstehen, verantwortlich und haftpflichtig. Sie sind haftpflichtig f\u00fcr verloren gegangene Schl\u00fcssel, die den Austausch des Schlosses erfordern.<\/li>\n<\/ul>\n\t\t\t\t\t\t\t<\/div>\n\t\t\t\t\t\t\t\t\t\t\t\t\t<\/div>\n\t\t\t\t\t\t\t\t\t\n\t\t\t<\/div>\n\n\t\t<\/div>\n\n\t<\/div>\n<\/div>\n\n\n<div class=\"w-full\">\n\t<div class=\"flex flex-col w-full m-auto py-7 gap-7 inner-contain\">\n\t\t\t\t\t\t\t\t\t<div data-aos=\"\" data-aos-duration=\"\" class=\"flex relative items-center justify-between w-full m-auto tablet:w-3\/4 tablet-sm:w-full tablet:flex-col-reverse desktop-sm:px-4 gap-7 \">\n\t\t\t\t\t<div class=\"flex flex-col items-start justify-center w-full gap-5 max-w-[40%] tablet:max-w-full\">\n\t\t\t\t\t\t<h3 class=\"-demi text-darkRed\">Kontakt<\/h3>\n\t\t\t\t\t\t\t\t\t\t\t\t\t<div class=\"wysiwyg-style\">\n\t\t\t\t\t\t\t\t<p>Wichtige Telefonnummern:<br \/>\nRezeption <a href=\"tel:+46492564770\">+46(0)492-56 47 70<\/a><br \/>\nMedizinischer Informationsdienst 1177<br \/>\nSOS \u2013 Alarm 112<\/p>\n<div id=\"gtx-trans\" style=\"position: absolute; left: 75px; top: 62px;\">\n<div class=\"gtx-trans-icon\"><\/div>\n<\/div>\n\t\t\t\t\t\t\t<\/div>\n\t\t\t\t\t\t\t\t\t\t\t\t\t\t\t\t\t<\/div>\n\t\t\t\t\t<div class=\"flex items-center justify-center w-full\">\n\t\t\t\t\t\t<img decoding=\"async\" class=\"object-cover w-full h-[30rem] mobile-sm:h-[16rem] mobile:h-[18rem] rounded-lg\" src=\"https:\/\/astridlindgrensvarld.se\/wp-content\/uploads\/2023\/12\/reception-2-3200x1440px.jpg\" alt=\"\">\n\t\t\t\t\t<\/div>\n\n\t\t\t\t<\/div>\n\t\t\t\t\t\t<\/div>\n<\/div>","protected":false},"excerpt":{"rendered":"","protected":false},"author":5,"featured_media":0,"parent":80959,"menu_order":0,"comment_status":"closed","ping_status":"closed","template":"","meta":{"_acf_changed":false,"footnotes":""},"class_list":["post-81157","page","type-page","status-publish","hentry"],"acf":[],"yoast_head":"<!-- This site is optimized with the Yoast SEO plugin v27.4 - https:\/\/yoast.com\/product\/yoast-seo-wordpress\/ -->\n<title>Boendeguide_DE | Astrid Lindgrens V\u00e4rld<\/title>\n<meta name=\"robots\" content=\"index, follow, max-snippet:-1, max-image-preview:large, max-video-preview:-1\" \/>\n<link rel=\"canonical\" href=\"https:\/\/astridlindgrensvarld.se\/de\/unterkunft\/boendeguide_de\/\" \/>\n<meta property=\"og:locale\" content=\"de_DE\" \/>\n<meta property=\"og:type\" content=\"article\" \/>\n<meta property=\"og:title\" content=\"Boendeguide_DE | Astrid Lindgrens V\u00e4rld\" \/>\n<meta property=\"og:url\" content=\"https:\/\/astridlindgrensvarld.se\/de\/unterkunft\/boendeguide_de\/\" \/>\n<meta property=\"og:site_name\" content=\"Astrid Lindgrens V\u00e4rld\" \/>\n<meta property=\"article:modified_time\" content=\"2026-01-22T14:19:23+00:00\" \/>\n<meta name=\"twitter:card\" content=\"summary_large_image\" \/>\n<script type=\"application\/ld+json\" class=\"yoast-schema-graph\">{\"@context\":\"https:\\\/\\\/schema.org\",\"@graph\":[{\"@type\":\"WebPage\",\"@id\":\"https:\\\/\\\/astridlindgrensvarld.se\\\/de\\\/unterkunft\\\/boendeguide_de\\\/\",\"url\":\"https:\\\/\\\/astridlindgrensvarld.se\\\/de\\\/unterkunft\\\/boendeguide_de\\\/\",\"name\":\"Boendeguide_DE | Astrid Lindgrens V\u00e4rld\",\"isPartOf\":{\"@id\":\"https:\\\/\\\/astridlindgrensvarld.se\\\/#website\"},\"datePublished\":\"2024-04-02T09:57:41+00:00\",\"dateModified\":\"2026-01-22T14:19:23+00:00\",\"breadcrumb\":{\"@id\":\"https:\\\/\\\/astridlindgrensvarld.se\\\/de\\\/unterkunft\\\/boendeguide_de\\\/#breadcrumb\"},\"inLanguage\":\"de\",\"potentialAction\":[{\"@type\":\"ReadAction\",\"target\":[\"https:\\\/\\\/astridlindgrensvarld.se\\\/de\\\/unterkunft\\\/boendeguide_de\\\/\"]}]},{\"@type\":\"BreadcrumbList\",\"@id\":\"https:\\\/\\\/astridlindgrensvarld.se\\\/de\\\/unterkunft\\\/boendeguide_de\\\/#breadcrumb\",\"itemListElement\":[{\"@type\":\"ListItem\",\"position\":1,\"name\":\"Home\",\"item\":\"https:\\\/\\\/astridlindgrensvarld.se\\\/de\\\/\"},{\"@type\":\"ListItem\",\"position\":2,\"name\":\"Unterkunft\",\"item\":\"https:\\\/\\\/astridlindgrensvarld.se\\\/de\\\/unterkunft\\\/\"},{\"@type\":\"ListItem\",\"position\":3,\"name\":\"Boendeguide_DE\"}]},{\"@type\":\"WebSite\",\"@id\":\"https:\\\/\\\/astridlindgrensvarld.se\\\/#website\",\"url\":\"https:\\\/\\\/astridlindgrensvarld.se\\\/\",\"name\":\"Astrid Lindgrens V\u00e4rld\",\"description\":\"\",\"potentialAction\":[{\"@type\":\"SearchAction\",\"target\":{\"@type\":\"EntryPoint\",\"urlTemplate\":\"https:\\\/\\\/astridlindgrensvarld.se\\\/?s={search_term_string}\"},\"query-input\":{\"@type\":\"PropertyValueSpecification\",\"valueRequired\":true,\"valueName\":\"search_term_string\"}}],\"inLanguage\":\"de\"}]}<\/script>\n<!-- \/ Yoast SEO plugin. -->","yoast_head_json":{"title":"Boendeguide_DE | Astrid Lindgrens V\u00e4rld","robots":{"index":"index","follow":"follow","max-snippet":"max-snippet:-1","max-image-preview":"max-image-preview:large","max-video-preview":"max-video-preview:-1"},"canonical":"https:\/\/astridlindgrensvarld.se\/de\/unterkunft\/boendeguide_de\/","og_locale":"de_DE","og_type":"article","og_title":"Boendeguide_DE | Astrid Lindgrens V\u00e4rld","og_url":"https:\/\/astridlindgrensvarld.se\/de\/unterkunft\/boendeguide_de\/","og_site_name":"Astrid Lindgrens V\u00e4rld","article_modified_time":"2026-01-22T14:19:23+00:00","twitter_card":"summary_large_image","schema":{"@context":"https:\/\/schema.org","@graph":[{"@type":"WebPage","@id":"https:\/\/astridlindgrensvarld.se\/de\/unterkunft\/boendeguide_de\/","url":"https:\/\/astridlindgrensvarld.se\/de\/unterkunft\/boendeguide_de\/","name":"Boendeguide_DE | Astrid Lindgrens V\u00e4rld","isPartOf":{"@id":"https:\/\/astridlindgrensvarld.se\/#website"},"datePublished":"2024-04-02T09:57:41+00:00","dateModified":"2026-01-22T14:19:23+00:00","breadcrumb":{"@id":"https:\/\/astridlindgrensvarld.se\/de\/unterkunft\/boendeguide_de\/#breadcrumb"},"inLanguage":"de","potentialAction":[{"@type":"ReadAction","target":["https:\/\/astridlindgrensvarld.se\/de\/unterkunft\/boendeguide_de\/"]}]},{"@type":"BreadcrumbList","@id":"https:\/\/astridlindgrensvarld.se\/de\/unterkunft\/boendeguide_de\/#breadcrumb","itemListElement":[{"@type":"ListItem","position":1,"name":"Home","item":"https:\/\/astridlindgrensvarld.se\/de\/"},{"@type":"ListItem","position":2,"name":"Unterkunft","item":"https:\/\/astridlindgrensvarld.se\/de\/unterkunft\/"},{"@type":"ListItem","position":3,"name":"Boendeguide_DE"}]},{"@type":"WebSite","@id":"https:\/\/astridlindgrensvarld.se\/#website","url":"https:\/\/astridlindgrensvarld.se\/","name":"Astrid Lindgrens V\u00e4rld","description":"","potentialAction":[{"@type":"SearchAction","target":{"@type":"EntryPoint","urlTemplate":"https:\/\/astridlindgrensvarld.se\/?s={search_term_string}"},"query-input":{"@type":"PropertyValueSpecification","valueRequired":true,"valueName":"search_term_string"}}],"inLanguage":"de"}]}},"_links":{"self":[{"href":"https:\/\/astridlindgrensvarld.se\/de\/wp-json\/wp\/v2\/pages\/81157","targetHints":{"allow":["GET"]}}],"collection":[{"href":"https:\/\/astridlindgrensvarld.se\/de\/wp-json\/wp\/v2\/pages"}],"about":[{"href":"https:\/\/astridlindgrensvarld.se\/de\/wp-json\/wp\/v2\/types\/page"}],"author":[{"embeddable":true,"href":"https:\/\/astridlindgrensvarld.se\/de\/wp-json\/wp\/v2\/users\/5"}],"replies":[{"embeddable":true,"href":"https:\/\/astridlindgrensvarld.se\/de\/wp-json\/wp\/v2\/comments?post=81157"}],"version-history":[{"count":5,"href":"https:\/\/astridlindgrensvarld.se\/de\/wp-json\/wp\/v2\/pages\/81157\/revisions"}],"predecessor-version":[{"id":86341,"href":"https:\/\/astridlindgrensvarld.se\/de\/wp-json\/wp\/v2\/pages\/81157\/revisions\/86341"}],"up":[{"embeddable":true,"href":"https:\/\/astridlindgrensvarld.se\/de\/wp-json\/wp\/v2\/pages\/80959"}],"wp:attachment":[{"href":"https:\/\/astridlindgrensvarld.se\/de\/wp-json\/wp\/v2\/media?parent=81157"}],"curies":[{"name":"wp","href":"https:\/\/api.w.org\/{rel}","templated":true}]}}