{"id":80975,"date":"2024-03-25T16:44:41","date_gmt":"2024-03-25T14:44:41","guid":{"rendered":"https:\/\/astridlindgrensvarld.se\/datenschutzerklaerung\/"},"modified":"2024-03-25T16:45:33","modified_gmt":"2024-03-25T14:45:33","slug":"datenschutzerklaerung","status":"publish","type":"page","link":"https:\/\/astridlindgrensvarld.se\/de\/datenschutzerklaerung\/","title":{"rendered":"Datenschutzerkl\u00e4rung"},"content":{"rendered":"\n<div data-aos=\"\" data-aos-duration=\"\" class=\"tablet:px-4 mobile-sm:px-2\">\n\t<div class=\"flex flex-col items-center w-full px-6 m-auto rounded-md mobile:px-5 inner-contain bg-whiteish my-7\">\n\n\t\t\t\t\t<h2 class=\"w-3\/4 text-center pt-7 text-red tablet:w-full\">Datenschutzerkl\u00e4rung<\/h2>\n\t\t\t\t<div class=\"flex flex-col items-center justify-center w-full m-auto py-7 desktop-sm:px-4 tablet:px-0 text-contain\">\n\t\t\t<div class=\"flex flex-col items-center justify-center w-full\">\n\n\t\t\t\t\t\t\t\t\t\t\t\t\t\t\t<div class=\"flex flex-col items-start justify-center w-full pb-5\">\n\n\t\t\t\t\t\t\t<div class=\"wysiwyg-style \">\n\t\t\t\t\t\t\t\t<p>Informationen f\u00fcr Personen, die die Erlebnisaktivit\u00e4ten von Astrid Lindgrens Vimmerby Aktiebolag besucht, gekauft oder an ihnen teilgenommen haben. (Astrid Lindgrens Welt, Astrid Lindgrens N\u00e4s, Astrid Lindgrens Vimmerby konferens och m\u00f6ten). Ihre Privatsph\u00e4re ist uns sehr wichtig und wir m\u00f6chten immer offen dar\u00fcber sein, wie wir Ihre personenbezogenen Daten erfassen, damit Sie sich sicher f\u00fchlen, wenn Sie uns Ihre Daten \u00fcberlassen. In dieser Datenschutzerkl\u00e4rung finden Sie Informationen dar\u00fcber, wie Astrid Lindgrens Vimmerby Aktiebolag (\u201ewir\u201c) Ihre personenbezogenen Daten erfasst.<\/p>\n<p>&nbsp;<\/p>\n<p class=\"width100\"><strong>Wer ist f\u00fcr Ihre personenbezogenen Daten verantwortlich?<\/strong><br \/>\nAstrid Lindgrens Vimmerby Aktiebolag (HR.-Nr. 556303\u20133033) ist f\u00fcr die personenbezogenen Daten verantwortlich, die Sie uns \u00fcberlassen. Bei Fragen dar\u00fcber, wie wir Ihre personenbezogenen Daten erfassen, k\u00f6nnen Sie sich jederzeit per E-Mail an uns wenden unter\u00a0<a href=\"mailto:dataskydd@astridlindgrensvarld.se\">dataskydd@astridlindgrensvarld.se<\/a><\/p>\n<p>&nbsp;<\/p>\n<p><strong>Welche personenbezogenen Daten erfassen wir und zu welchem Zweck?<br \/>\n<\/strong>Wir k\u00f6nnen verschiedene Arten personenbezogener Daten \u00fcber Sie erfassen, unter anderem im Zusammenhang mit Ihrem Besuch unserer Websites, der Anmeldung zu unseren Newslettern, der Teilnahme an Wettbewerben, Veranstaltungen oder der Buchung von Unterk\u00fcnften. Beispiele f\u00fcr personenbezogene Daten, die wir \u00fcber Sie bei dieser Gelegenheit erfassen, sind:<\/p>\n<p>&nbsp;<\/p>\n<ul>\n<li>Name<\/li>\n<li>Kontaktangaben wie Adresse, E-Mail-Adresse und Telefonnummer<\/li>\n<li>Personenkennzahl<\/li>\n<li>Zahlungsangaben<\/li>\n<li>Benutzerdaten (z. B welche Webseiten Sie besuchen\/besucht haben und auf welche Webseiten Sie klicken\/geklickt haben)<\/li>\n<li>IP-Adresse<\/li>\n<li>Korrespondenz mit uns (beispielsweise personenbezogene Daten, die Sie hinterlassen, wenn Sie Kontakt zu uns haben.<\/li>\n<\/ul>\n<p>&nbsp;<\/p>\n<p class=\"width100\">Nachstehend folgen unterschiedlichen Zwecke und Informationen bez\u00fcglich unserer Erfassung von personenbezogenen Daten in diesem Zusammenhang. Daten, die erfasst werden, um Kundenserviceanliegen bearbeiten zu k\u00f6nnen.<br \/>\nWir erfassen personenbezogene Daten von Ihnen, wenn Sie Kontakt zu uns \u00fcber E-Mail, Telefon oder digitale Kan\u00e4le aufnehmen, darunter Social Media. In erster Linie erfassen wir die personenbezogenen Daten, die wir ben\u00f6tigen, um Ihre Fragen beantworten oder Ihr Anliegen bearbeiten zu k\u00f6nnen. Kategorien von personenbezogenen Daten, die bei dieser Gelegenheit erfasst werden: Name, Personenkennzahl, Kontaktangaben (z. B. Adresse, E-Mail-Adresse und Telefonnummer), Buchungsnummer, Ihre Korrespondenz, Angaben zum Kaufzeitpunkt, Kaufstelle, eventuell Mangel\/Beschwerde, Gesundheitsdaten (z. B. Allergien und Gesundheitszustand, \u00fcber die Sie selbst informieren). Gesetzliche Grundlage: Interessenabw\u00e4gung. Die Erfassung erfolgt ausgehend von unserem berechtigten Interesse, unser und Ihr berechtigtes Interesse an der Bearbeitung von Kundenserviceanliegen erf\u00fcllen zu k\u00f6nnen.<\/p>\n<p>&nbsp;<\/p>\n<p class=\"width100\"><strong>Daten, die erfasst werden, um Bestellungen\/K\u00e4ufe bearbeiten zu k\u00f6nnen.<br \/>\n<\/strong>Wenn Sie eine Unterkunft in Astrid Lindgrens Welt buchen, Eintrittskarten kaufen oder eine unserer Dienstleistungen buchen, z. B. F\u00fchrungen und Kurse, erheben wir personenbezogene Daten von Ihnen, um Ihre Bestellung abzuwickeln, z. B. unter anderem um Umbuchungen und Stornierungen, den Versand von Buchungsbest\u00e4tigungen und die Kommunikation \u00fcber die Buchung abwickeln zu k\u00f6nnen. Kategorien von personenbezogenen Daten, die bei dieser Gelegenheit erfasst werden: Name, Personenkennzahl, Kontaktangaben (z. B. Adresse, E-Mail-Adresse und Telefonnummer), Zahlungsgeschichte, Zahlungsinformationen, Bonit\u00e4tsausk\u00fcnfte von Kreditausk\u00fcnften, Kaufinformationen (z. B. welcher Artikel bestellt wurde und ob der Artikel an eine andere Adresse geliefert werden soll). Bei der Buchung einer Unterkunft kommt es vor, dass eine Person personenbezogene Daten \u00fcber eine oder mehrere andere Personen in der Reisegesellschaft angibt. Wir setzen voraus, dass der-\/diejenige, der\/die diese Daten angibt, die Zustimmung aller Reisenden hat, diese personenbezogenen Daten zu verwenden. Wenn die Buchung Kinder umfasst, erfassen wir aufgrund der Preiskategorien Informationen \u00fcber das Alter des Kindes. Gesetzliche Grundlage: Vertrag. Die Erfassung erfolgt, damit wir unsere Verpflichtungen laut Kaufvertrag erf\u00fcllen k\u00f6nnen.<\/p>\n<p>&nbsp;<\/p>\n<p><strong>Daten, die erfasst werden, um Meine Seiten erstellen und verwalten zu k\u00f6nnen.<\/strong><br \/>\nWenn Sie eine Jahreskarte bei uns kaufen, k\u00f6nnen Sie, wenn Sie m\u00f6chten, eine Benutzeridentit\u00e4t bei uns erstellen, um Ihre Kaufgeschichte sehen und Ihre registrierte Jahreskarte selbst verl\u00e4ngern zu k\u00f6nnen. Die Benutzeridentit\u00e4t umfasst die personenbezogenen Daten, die Sie uns beim Kauf \u00fcberlassen, und sie werden unter Ihrem pers\u00f6nlichen Login, Meine Seiten, erfasst.<\/p>\n<p>&nbsp;<\/p>\n<p class=\"width100\"><strong>Daten, die erfasst werden, um die Teilnahme an Preisausschreiben und\/oder Veranstaltungen durchf\u00fchren und bearbeiten zu k\u00f6nnen:<\/strong><br \/>\nWir erfassen personenbezogene Daten \u00fcber Teilnehmer, die wir f\u00fcr die Kommunikation vor und nach der Teilnahme an einem Preisausschreiben oder einer Veranstaltung ben\u00f6tigen. Kategorien von personenbezogenen Daten, die bei dieser Gelegenheit erfasst werden: Name, Personenkennzahl, Kontaktangaben (z. B. Adresse, E-Mail-Adresse und Telefonnummer), Angaben, die in Beitr\u00e4gen von Preisausschreiben gemacht wurden, Angaben, die bei Auswertungen von Veranstaltungen gemacht wurden. Gesetzliche Grundlage: Gesetzliche Verpflichtung. Die Erfassung erfolgt ausgehend von unserem und Ihrem berechtigten Interesse, Ihre Teilnahme an Preisausschreiben und\/oder Veranstaltungen bearbeiten zu k\u00f6nnen.<\/p>\n<p>&nbsp;<\/p>\n<p class=\"width100\"><strong>Daten, die erfasst werden, um die gesetzlichen Verpflichtungen des Unternehmens erf\u00fcllen zu k\u00f6nnen:<\/strong><br \/>\nWir erfassen personenbezogene Daten, um die gesetzlichen Verpflichtungen des Unternehmens laut gesetzlichen Anforderungen, Gerichtsurteil oder beh\u00f6rdlichen Entscheidungen, z. B. dem Buchhaltungsgesetz und den Vorschriften \u00fcber die Produktverantwortung und Produktsicherheit, erf\u00fcllen zu k\u00f6nnen. Kategorien von personenbezogenen Daten, die bei dieser Gelegenheit erfasst werden: Name, Sozialversicherungsnummer, Kontaktangaben (z. B. Adresse, E-Mail-Adresse und Telefonnummer), Zahlungsgeschichte, Zahlungsinformationen, Ihre Korrespondenz, Angaben zum Kaufzeitpunkt, Kaufort, eventuelle Fehler\/Beschwerden. Gesetzliche Grundlage: Gesetzliche Verpflichtung. Die Erfassung erfolgt in \u00dcbereinstimmung mit den gesetzlichen Anforderungen.<\/p>\n<p>&nbsp;<\/p>\n<p class=\"width100\"><strong>Daten, die bei der Verwendung digitaler Dienste erfasst werden.<\/strong><br \/>\nWenn Sie eine unserer Websites oder einen unserer anderen digitalen Dienste nutzen, erfassen wir Informationen \u00fcber Ihre Nutzung des Dienstes. Wir erfassen Daten \u00fcber gezielte G\u00e4ste-\/Kundenumfragen. Wir tun dies, um eine Grundlage f\u00fcr die Bewertung, Weiterentwicklung und Verbesserung unserer Dienste, unserer Produkte und unseres Systems zu schaffen. Kategorien von personenbezogenen Daten, die bei dieser Gelegenheit erfasst werden: Alter, Geschlecht, Wohnort, Korrespondenz und Feedback bez\u00fcglich Ihres Besuches, unserer Dienste und Produkte, kauf- und benutzergenerierte Daten (z. B. Klick- und Besuchsgeschichte), technische Daten in Bezug auf verwendete Ger\u00e4te (z. B. IP-Adresse) sowie Informationen dar\u00fcber, wie Sie mit uns interagiert haben, d. h. wie Sie den Dienst genutzt haben. Gesetzliche Grundlage: Berechtigtes Interesse. Die Erfassung erfolgt ausgehend von unserem berechtigten Interesse und dem berechtigten Interesse unserer Besucher\/Kunden, unser Angebot, unsere Dienste, unsere Produkte und unser System zu bewerten, weiterzuentwickeln und zu verbessern.<\/p>\n<p>&nbsp;<\/p>\n<p class=\"width100\"><strong>Daten, die zu Marketingzwecken erfasst werden<br \/>\n<\/strong>Wir erfassen Ihre personenbezogenen Daten, um beispielsweise unseren Newsletter und Angebote oder Informationen \u00fcber unsere Kurse, Veranstaltungen und Seminare usw. zu verschicken. Kategorien von personenbezogenen Daten, die bei dieser Gelegenheit erfasst werden: Name, Alter, Geschlecht, Kontaktangaben (z. B. Adresse, E-Mail-Adresse und Telefonnummer). Gesetzliche Grundlage: Berechtigtes Interesse. Die Erfassung erfolgt aufgrund unseres berechtigten Interesses daran, Ihnen Direktmarketing \u00fcber unser Angebot schicken zu k\u00f6nnen. Wenn Sie unseren Newsletter abonnieren, erfassen wir Ihre personenbezogenen Daten auf der Grundlage Ihrer Zustimmung. Sie haben das Recht, Ihre erteilte Zustimmung zur\u00fcckzunehmen, indem Sie eine E-Mail schicken an <a href=\"mailto:dataskydd@astridlindgrensvarld.se\">dataskydd@astridlindgrensvarld.se<\/a>. Sie k\u00f6nnen sich auch jederzeit auf unserer jeweiligen Webseite von unseren Sendungen abmelden.<br \/>\n<strong>\u00a0<\/strong><\/p>\n<p class=\"width100\"><strong>Mit wem werden wir Ihre personenbezogenen Daten teilen?<br \/>\n<\/strong><strong><em>Personal Data Assistant<\/em><\/strong><strong><em>.<\/em><\/strong>\u00a0Wenn es notwendig ist, um unsere Dienste anbieten zu k\u00f6nnen, teilen wir Ihre personenbezogenen Daten mit Unternehmen, die so genannte Personal Data Assistant f\u00fcr uns sind. Ein Personal Data Assistant ist ein Unternehmen, das Informationen f\u00fcr unsere Rechnung und nach unseren Anweisungen erfasst. Wir haben Personal Data Assistants, die uns helfen mit:<\/p>\n<ul>\n<li>Transporten (Logistik- und Transportunternehmen).<\/li>\n<li>Zahlungsl\u00f6sungen (Kreditkartenunternehmen, Banken und andere Anbieter von Zahlungsl\u00f6sungen).<\/li>\n<li>Marketing (Druck und Verteilung, Social Media, Medien- oder Werbeagenturen).<\/li>\n<li>IT-Dienste (Unternehmen, die sich um den notwendigen Betrieb, technischen Support und die Wartung unserer IT-L\u00f6sungen k\u00fcmmern).<\/li>\n<\/ul>\n<p class=\"width100\">Wenn Ihre personenbezogenen Daten mit einem Personal Data Assistant geteilt werden, erfolgt dies ausschlie\u00dflich zu Zwecken, die mit den Zwecken vereinbar sind, zu denen wir die Informationen erfasst haben (z. B. um unsere Verpflichtungen gem\u00e4\u00df Kaufvertrag zu erf\u00fcllen).Wir kontrollieren alle Personal Data Assistants um sicherzustellen, dass sie in Bezug auf die Sicherheit und Geheimhaltung von personenbezogenen Daten ausreichende Garantien geben k\u00f6nnen. Wir haben schriftliche Vertr\u00e4ge mit allen Personal Data Assistants, in denen diese die Sicherheit der erfassten personenbezogenen Daten garantieren und sich verpflichten, unsere Sicherheitsanforderungen sowie unsere Einschr\u00e4nkungen und Anforderungen in Bezug auf die internationale \u00dcbertragung personenbezogener Daten einzuhalten.<\/p>\n<p>&nbsp;<\/p>\n<p class=\"width100\"><strong><em>Unternehmen, die selbst f\u00fcr die personenbezogenen Daten verantwortlich sind.<\/em><\/strong>.<br \/>\nWir teilen Ihre personenbezogenen Daten auch mit bestimmten Unternehmen, die selbst f\u00fcr die personenbezogenen Daten verantwortlich sind. Dass ein Unternehmen selbst f\u00fcr die personenbezogenen Daten verantwortlich ist bedeutet, dass es nicht unserer Kontrolle unterliegt, wie die Informationen, die wir dem Unternehmen \u00fcberlassen, erfasst werden. Wir teilen Ihre personenbezogenen Daten mit folgenden Unternehmen, die selbst f\u00fcr die personenbezogenen Daten verantwortlich sind:<\/p>\n<ul>\n<li>Staatliche Beh\u00f6rden (Polizei, Finanzamt oder andere Beh\u00f6rden), wenn wir dazu gesetzlich oder aufgrund des Verdachts auf ein Verbrechen verpflichtet sind.<\/li>\n<li>Unternehmen, die allgemeine Warentransporte ausf\u00fchren (Logistik- und Transportunternehmen).<\/li>\n<li>Unternehmen, die Zahlungsl\u00f6sungen anbieten (Kreditkartenunternehmen, Banken und andere Anbieter von Zahlungsl\u00f6sungen).<\/li>\n<\/ul>\n<p class=\"width100\">Wenn Ihre personenbezogenen Daten mit einem Unternehmen geteilt werden, das selbst f\u00fcr die personenbezogenen Daten verantwortlich ist, gelten die Datenschutzerkl\u00e4rung sowie die Erfassung von personenbezogenen Daten des jeweiligen Unternehmens.<\/p>\n<p>&nbsp;<\/p>\n<p class=\u201cwidth100\u201c><strong>Speicherung<br \/>\n<\/strong>Wir speichern Ihre personenbezogenen Daten nicht l\u00e4nger als zum jeweiligen Zweck notwendig. Die Daten k\u00f6nnen auch f\u00fcr einen Zeitraum gespeichert werden, der laut geltendem Recht erforderlich ist, z. B. sieben (7) Jahre lang, um die Anforderungen des Buchhaltungsgesetzes zu erf\u00fcllen. In sonstigen F\u00e4llen werden wir unsere Erfassung von personenbezogenen Daten regelm\u00e4\u00dfig \u00fcberpr\u00fcfen. Wir k\u00f6nnen Ihre Daten beispielsweise l\u00f6schen, wenn Sie lange keinen Kontakt zu uns hatten. F\u00fcr Informationen \u00fcber die einzelnen Speicherzeiten f\u00fcr den jeweiligen Zweck nehmen Sie bitte Kontakt zu uns auf.<\/p>\n<p>&nbsp;<\/p>\n<p class=\"width100\"><strong>Ihre Rechte<\/strong><\/p>\n<ul>\n<li>Sie haben das Recht, dar\u00fcber informiert zu werden, wie Ihre personenbezogenen Daten bei uns erfasst werden.<\/li>\n<li>Sie haben das Recht, einmal im Jahr eine Abschrift zu beantragen, aus der hervorgeht, wie wir Ihre personenbezogenen Daten erfasst haben.<\/li>\n<li>Sie haben das Recht, eine Berichtigung zur verlangen, wenn wir fehlerhafte Angaben \u00fcber Sie gespeichert haben.<\/li>\n<li>Sie haben das Recht, unter den folgenden Voraussetzungen gel\u00f6scht zu werden:\n<ul>\n<li>Wenn die Angaben nicht l\u00e4nger f\u00fcr den Zweck notwendig sind, zu dem sie erfasst wurden.<\/li>\n<li>Wenn die mit Ihrem Einverst\u00e4ndnis erfasst wurden und Sie das Einverst\u00e4ndnis zur\u00fcckziehen.<\/li>\n<li>Wenn die Erfassung auf einer Interessenabw\u00e4gung beruht und es keinen berechtigten Grund gibt, der st\u00e4rker wiegt, als Ihr Interesse.<\/li>\n<li>Wenn die personenbezogenen Daten illegal erfasst wurden.<\/li>\n<li>Wenn Sie Einw\u00e4nde gegen die Erfassung zu Direktmarketingzwecken haben.<\/li>\n<li>Das Recht, gel\u00f6scht zu werden, gilt nicht, wenn wir gesetzlich verpflichtet sind (z. B. laut Buchhaltungsgesetz), die Angaben zu bewahren.<\/li>\n<\/ul>\n<\/li>\n<li>Sie haben das Recht auf Datenportabilit\u00e4t (das Recht, dass Ihre Daten \u00fcbertragen werden) unter der Voraussetzung, dass die rechtliche Grundlage Zustimmung oder Vertrag ist und das, was \u00fcbertragen werden kann, personenbezogene Daten sind, die Sie betreffen, die Sie selbst zur Verf\u00fcgung gestellt haben oder die durch Ihre Handlungen\/Aktivit\u00e4ten erstellt wurden.<\/li>\n<li>Sie haben das Recht, eine Begrenzung der Erfassung zu verlangen. Diese Forderung wird jedoch nicht erf\u00fcllt, wenn die Erfassung erforderlich ist, damit der Artikel\/Dienst funktioniert.<\/li>\n<li>Sie haben das Recht, einen Einwand gegen die Erfassung der personenbezogenen Daten einzulegen, und wir werden in dem Zeitraum, in dem das Anliegen behandelt wird, mit der Erfassung aufh\u00f6ren.<\/li>\n<li>Sie haben das Recht, bei einer Aufsichtsbeh\u00f6rde eine Beschwerde gegen die durch uns erfolgte Erfassung einzulegen.<\/li>\n<\/ul>\n<p>&nbsp;<\/p>\n<p class=\"width100\"><strong>Wie wir Cookies verwenden und wie Sie deren Anwendung selbst steuern k\u00f6nnen<br \/>\n<\/strong>Cookies sind kleine Textdateien bestehend aus Buchstaben und Zahlen, die von unserem Webserver verschickt und in Ihrem Browser oder auf Ihrem Ger\u00e4t gespeichert werden. Auf unseren Webseiten werden Cookies verwendet, um Ihnen als Benutzer bis zum n\u00e4chsten Mal, wenn sie uns mit demselben Browser besuchen, Zugang zu pers\u00f6nlichen Einstellungen zu geben. Wir registrieren au\u00dferdem eine allgemein Besuchsstatistik. Die Statistiken sind nicht auf einzelne Besucher zur\u00fcckzuf\u00fchren. Manchmal werden sie auch verwendet, um gezielte Werbeanzeigen f\u00fcr die Benutzer anzuzeigen. Drittlieferanten, Google und Webtraffic verwenden Cookies um Anzeigen ausgehend von Ihrem Besuch auf dieser und anderen Webseiten zu zeigen. Sie k\u00f6nnen die Cookies von Webtraffic deaktivieren, indem Sie Werbe-Cookies deaktivieren auf:\u00a0<a href=\"http:\/\/www.webtraffic.se\/optout\">http:\/\/www.webtraffic.se\/optout <\/a>Wenn Sie die Verwendung von Cookies nicht erlauben m\u00f6chten, k\u00f6nnen Sie Cookies in Ihrem Browser ausschalten. Unter Hilfe in Ihrem Browser erfahren Sie, wie Sie vorgehen m\u00fcssen. Beachten Sie bitte, dass wir Cookies nur verwenden, um es Ihnen einfacher zu machen. Wenn Sie die Speicherung von Cookies in Ihrem Browser deaktivieren, k\u00f6nnen wir nicht garantieren, Ihnen den Service bieten zu k\u00f6nnen, nach dem wir streben.<strong>\u00a0<\/strong><\/p>\n<p>&nbsp;<\/p>\n<p class=\"width100\"><strong>Wie werden Ihre personenbezogenen Daten gesch\u00fctzt?<\/strong><br \/>\nWir verwenden IT-Systeme, um die Geheimhaltung, Privatsph\u00e4re und den Zugang zu personenbezogenen Daten zu sch\u00fctzen. Wir haben spezielle Sicherheitsma\u00dfnahmen ergriffen, um Ihre personenbezogenen Daten vor einer illegalen oder unbefugten Erfassung (wie illegalem Zugang, Verlust, Zerst\u00f6rung oder Besch\u00e4digung) zu sch\u00fctzen. Nur Personen, die Ihre personenbezogenen Daten tats\u00e4chlich erfassen m\u00fcssen, damit wir unsere angegebenen Zwecke erf\u00fcllen k\u00f6nnen, haben Zugang zu diesen.<\/p>\n<p>&nbsp;<\/p>\n<p class=\"width100\"><strong>Beschwerden und Aufsichtsbeh\u00f6rde<\/strong><br \/>\nWenn Sie der Ansicht sind, dass wir Ihre personenbezogenen Daten fehlerhaft erfasst haben, haben Sie das Recht, eine Beschwerde bei der schwedischen Datainspektion einzureichen, der Aufsichtsbeh\u00f6rde f\u00fcr die Erfassung von personenbezogenen Daten.<\/p>\n<p>&nbsp;<\/p>\n<p class=\u201cwidth100\u201c><strong>Kontakt<\/strong><br \/>\nF\u00fcr weitere Informationen \u00fcber die Erfassung von personenbezogenen Daten oder wenn Sie Fragen haben, wenden Sie sich bitte per E-Mail an\u00a0<a href=\"mailto:dataskydd@astridlindgrensvarld.se\">dataskydd@astridlindgrensvarld.se<\/a>\u00a0oder an unsere Telefonzentrale unter +46-(0)492\u201379 800.<\/p>\n<p>&nbsp;<\/p>\n<p class=\"width100\"><strong>\u00c4nderungen dieser Datenschutzerkl\u00e4rung<br \/>\n<\/strong>Wir k\u00f6nnen \u00c4nderungen an dieser Datenschutzerkl\u00e4rung anbringen. Die neueste Version der Datenschutzerkl\u00e4rung wird auf dieser Seite ver\u00f6ffentlicht. \u00dcber Aktualisierungen, die von grundlegender Bedeutung f\u00fcr unsere Erfassung personenbezogener Daten sind, informieren wir Sie auf unserer Webseite oder\/und per E-Mail.<\/p>\n<p class=\"width100\"><em>Die Datenschutzerkl\u00e4rung wurde zuletzt am 07.05.2018 aktualisiert<\/em><\/p>\n\t\t\t\t\t\t\t<\/div>\n\t\t\t\t\t\t\t\t\t\t\t\t\t<\/div>\n\t\t\t\t\t\t\t\t\t\n\t\t\t<\/div>\n\n\t\t<\/div>\n\n\t<\/div>\n<\/div>","protected":false},"excerpt":{"rendered":"","protected":false},"author":8,"featured_media":0,"parent":0,"menu_order":0,"comment_status":"closed","ping_status":"closed","template":"","meta":{"_acf_changed":false,"footnotes":""},"class_list":["post-80975","page","type-page","status-publish","hentry"],"acf":[],"yoast_head":"<!-- This site is optimized with the Yoast SEO plugin v27.4 - https:\/\/yoast.com\/product\/yoast-seo-wordpress\/ -->\n<title>Datenschutzerkl\u00e4rung | Astrid Lindgrens V\u00e4rld<\/title>\n<meta name=\"robots\" content=\"index, follow, max-snippet:-1, max-image-preview:large, max-video-preview:-1\" \/>\n<link rel=\"canonical\" href=\"https:\/\/astridlindgrensvarld.se\/de\/datenschutzerklaerung\/\" \/>\n<meta property=\"og:locale\" content=\"de_DE\" \/>\n<meta property=\"og:type\" content=\"article\" \/>\n<meta property=\"og:title\" content=\"Datenschutzerkl\u00e4rung | Astrid Lindgrens V\u00e4rld\" \/>\n<meta property=\"og:url\" content=\"https:\/\/astridlindgrensvarld.se\/de\/datenschutzerklaerung\/\" \/>\n<meta property=\"og:site_name\" content=\"Astrid Lindgrens V\u00e4rld\" \/>\n<meta property=\"article:modified_time\" content=\"2024-03-25T14:45:33+00:00\" \/>\n<meta name=\"twitter:card\" content=\"summary_large_image\" \/>\n<script type=\"application\/ld+json\" class=\"yoast-schema-graph\">{\"@context\":\"https:\\\/\\\/schema.org\",\"@graph\":[{\"@type\":\"WebPage\",\"@id\":\"https:\\\/\\\/astridlindgrensvarld.se\\\/de\\\/datenschutzerklaerung\\\/\",\"url\":\"https:\\\/\\\/astridlindgrensvarld.se\\\/de\\\/datenschutzerklaerung\\\/\",\"name\":\"Datenschutzerkl\u00e4rung | Astrid Lindgrens V\u00e4rld\",\"isPartOf\":{\"@id\":\"https:\\\/\\\/astridlindgrensvarld.se\\\/#website\"},\"datePublished\":\"2024-03-25T14:44:41+00:00\",\"dateModified\":\"2024-03-25T14:45:33+00:00\",\"breadcrumb\":{\"@id\":\"https:\\\/\\\/astridlindgrensvarld.se\\\/de\\\/datenschutzerklaerung\\\/#breadcrumb\"},\"inLanguage\":\"de\",\"potentialAction\":[{\"@type\":\"ReadAction\",\"target\":[\"https:\\\/\\\/astridlindgrensvarld.se\\\/de\\\/datenschutzerklaerung\\\/\"]}]},{\"@type\":\"BreadcrumbList\",\"@id\":\"https:\\\/\\\/astridlindgrensvarld.se\\\/de\\\/datenschutzerklaerung\\\/#breadcrumb\",\"itemListElement\":[{\"@type\":\"ListItem\",\"position\":1,\"name\":\"Home\",\"item\":\"https:\\\/\\\/astridlindgrensvarld.se\\\/de\\\/\"},{\"@type\":\"ListItem\",\"position\":2,\"name\":\"Datenschutzerkl\u00e4rung\"}]},{\"@type\":\"WebSite\",\"@id\":\"https:\\\/\\\/astridlindgrensvarld.se\\\/#website\",\"url\":\"https:\\\/\\\/astridlindgrensvarld.se\\\/\",\"name\":\"Astrid Lindgrens V\u00e4rld\",\"description\":\"\",\"potentialAction\":[{\"@type\":\"SearchAction\",\"target\":{\"@type\":\"EntryPoint\",\"urlTemplate\":\"https:\\\/\\\/astridlindgrensvarld.se\\\/?s={search_term_string}\"},\"query-input\":{\"@type\":\"PropertyValueSpecification\",\"valueRequired\":true,\"valueName\":\"search_term_string\"}}],\"inLanguage\":\"de\"}]}<\/script>\n<!-- \/ Yoast SEO plugin. -->","yoast_head_json":{"title":"Datenschutzerkl\u00e4rung | Astrid Lindgrens V\u00e4rld","robots":{"index":"index","follow":"follow","max-snippet":"max-snippet:-1","max-image-preview":"max-image-preview:large","max-video-preview":"max-video-preview:-1"},"canonical":"https:\/\/astridlindgrensvarld.se\/de\/datenschutzerklaerung\/","og_locale":"de_DE","og_type":"article","og_title":"Datenschutzerkl\u00e4rung | Astrid Lindgrens V\u00e4rld","og_url":"https:\/\/astridlindgrensvarld.se\/de\/datenschutzerklaerung\/","og_site_name":"Astrid Lindgrens V\u00e4rld","article_modified_time":"2024-03-25T14:45:33+00:00","twitter_card":"summary_large_image","schema":{"@context":"https:\/\/schema.org","@graph":[{"@type":"WebPage","@id":"https:\/\/astridlindgrensvarld.se\/de\/datenschutzerklaerung\/","url":"https:\/\/astridlindgrensvarld.se\/de\/datenschutzerklaerung\/","name":"Datenschutzerkl\u00e4rung | Astrid Lindgrens V\u00e4rld","isPartOf":{"@id":"https:\/\/astridlindgrensvarld.se\/#website"},"datePublished":"2024-03-25T14:44:41+00:00","dateModified":"2024-03-25T14:45:33+00:00","breadcrumb":{"@id":"https:\/\/astridlindgrensvarld.se\/de\/datenschutzerklaerung\/#breadcrumb"},"inLanguage":"de","potentialAction":[{"@type":"ReadAction","target":["https:\/\/astridlindgrensvarld.se\/de\/datenschutzerklaerung\/"]}]},{"@type":"BreadcrumbList","@id":"https:\/\/astridlindgrensvarld.se\/de\/datenschutzerklaerung\/#breadcrumb","itemListElement":[{"@type":"ListItem","position":1,"name":"Home","item":"https:\/\/astridlindgrensvarld.se\/de\/"},{"@type":"ListItem","position":2,"name":"Datenschutzerkl\u00e4rung"}]},{"@type":"WebSite","@id":"https:\/\/astridlindgrensvarld.se\/#website","url":"https:\/\/astridlindgrensvarld.se\/","name":"Astrid Lindgrens V\u00e4rld","description":"","potentialAction":[{"@type":"SearchAction","target":{"@type":"EntryPoint","urlTemplate":"https:\/\/astridlindgrensvarld.se\/?s={search_term_string}"},"query-input":{"@type":"PropertyValueSpecification","valueRequired":true,"valueName":"search_term_string"}}],"inLanguage":"de"}]}},"_links":{"self":[{"href":"https:\/\/astridlindgrensvarld.se\/de\/wp-json\/wp\/v2\/pages\/80975","targetHints":{"allow":["GET"]}}],"collection":[{"href":"https:\/\/astridlindgrensvarld.se\/de\/wp-json\/wp\/v2\/pages"}],"about":[{"href":"https:\/\/astridlindgrensvarld.se\/de\/wp-json\/wp\/v2\/types\/page"}],"author":[{"embeddable":true,"href":"https:\/\/astridlindgrensvarld.se\/de\/wp-json\/wp\/v2\/users\/8"}],"replies":[{"embeddable":true,"href":"https:\/\/astridlindgrensvarld.se\/de\/wp-json\/wp\/v2\/comments?post=80975"}],"version-history":[{"count":1,"href":"https:\/\/astridlindgrensvarld.se\/de\/wp-json\/wp\/v2\/pages\/80975\/revisions"}],"predecessor-version":[{"id":80976,"href":"https:\/\/astridlindgrensvarld.se\/de\/wp-json\/wp\/v2\/pages\/80975\/revisions\/80976"}],"wp:attachment":[{"href":"https:\/\/astridlindgrensvarld.se\/de\/wp-json\/wp\/v2\/media?parent=80975"}],"curies":[{"name":"wp","href":"https:\/\/api.w.org\/{rel}","templated":true}]}}