{"id":80973,"date":"2024-03-25T16:44:41","date_gmt":"2024-03-25T14:44:41","guid":{"rendered":"https:\/\/astridlindgrensvarld.se\/cookies\/"},"modified":"2024-04-10T10:02:50","modified_gmt":"2024-04-10T08:02:50","slug":"cookies","status":"publish","type":"page","link":"https:\/\/astridlindgrensvarld.se\/de\/cookies\/","title":{"rendered":"Cookies"},"content":{"rendered":"\n<div data-aos=\"\" data-aos-duration=\"\" class=\"tablet:px-4 mobile-sm:px-2\">\n\t<div class=\"flex flex-col items-center w-full px-6 m-auto rounded-md mobile:px-5 inner-contain bg-whiteish my-7\">\n\n\t\t\t\t\t<h2 class=\"w-3\/4 text-center pt-7 text-red tablet:w-full\">Cookies<\/h2>\n\t\t\t\t<div class=\"flex flex-col items-center justify-center w-full m-auto py-7 desktop-sm:px-4 tablet:px-0 text-contain\">\n\t\t\t<div class=\"flex flex-col items-center justify-center w-full\">\n\n\t\t\t\t\t\t\t\t\t\t\t\t\t\t\t<div class=\"flex flex-col items-start justify-center w-full pb-5\">\n\n\t\t\t\t\t\t\t<div class=\"wysiwyg-style \">\n\t\t\t\t\t\t\t\t<p>Diese Webseite enth\u00e4lt so genannte Cookies, die Ihnen als Besucher*in Zugang zu unterschiedlichen Funktionen oder Diensten auf der Webseite geben.<\/p>\n<p>&nbsp;<\/p>\n<p>Laut dem schwedischen Gesetz \u00fcber die elektronische Kommunikation, das am 25. Juli 2003 in Kraft getreten ist, m\u00fcssen alle, die eine in Schweden registrierte Webseite mit Cookies besuchen, dar\u00fcber informiert werden:<\/p>\n<p>&nbsp;<\/p>\n<ul>\n<li>dass die Webseite Cookies enth\u00e4lt, wof\u00fcr diese Cookies verwendet werden und wie diese Cookies zu vermeiden sind.<\/li>\n<\/ul>\n<p>&nbsp;<\/p>\n<p>Auf dieser Webseite werden Cookies verwendet, um dem\/der Benutzer*in beim n\u00e4chsten Mal, wenn er\/sie uns mit demselben Browser besucht, Zugang zu pers\u00f6nlichen Einstellungen zu geben. Wir registrieren au\u00dferdem eine allgemein Besuchsstatistik. Die Statistiken sind nicht auf einzelne Besucher*innen zur\u00fcckzuf\u00fchren. Manchmal werden sie auch verwendet, um gezielte Werbeanzeigen f\u00fcr die Benutzer*innen anzuzeigen. Drittlieferanten, Google und Webtraffic verwenden Cookies um Anzeigen ausgehend von Ihrem Besuch auf dieser und anderen Webseiten zu zeigen. Sie k\u00f6nnen die Cookies von Webtraffic deaktivieren, indem Sie Werbe-Cookies deaktivieren auf: <a href=\"https:\/\/cookiesandyou.com\/\">cookiesandyou.com.<\/a><\/p>\n<p>&nbsp;<\/p>\n<p>Wenn Sie die Verwendung von Cookies nicht erlauben m\u00f6chten, k\u00f6nnen Sie Cookies in Ihrem Browser ausschalten. Unter Hilfe in Ihrem Browser erfahren Sie, wie Sie vorgehen m\u00fcssen. Beachten Sie bitte, dass diese Webseite Cookies nur verwendet, um es Ihnen einfacher zu machen. Wenn Sie die Speicherung von Cookies in Ihrem Browser deaktivieren, k\u00f6nnen wir nicht garantieren, Ihnen den Service bieten zu k\u00f6nnen, nach dem wir streben.<\/p>\n\t\t\t\t\t\t\t<\/div>\n\t\t\t\t\t\t\t\t\t\t\t\t\t<\/div>\n\t\t\t\t\t\t\t\t\t\n\t\t\t<\/div>\n\n\t\t<\/div>\n\n\t<\/div>\n<\/div>","protected":false},"excerpt":{"rendered":"","protected":false},"author":8,"featured_media":0,"parent":0,"menu_order":0,"comment_status":"closed","ping_status":"closed","template":"","meta":{"_acf_changed":false,"footnotes":""},"class_list":["post-80973","page","type-page","status-publish","hentry"],"acf":[],"yoast_head":"<!-- This site is optimized with the Yoast SEO plugin v27.4 - https:\/\/yoast.com\/product\/yoast-seo-wordpress\/ -->\n<title>Cookies | Astrid Lindgrens V\u00e4rld<\/title>\n<meta name=\"robots\" content=\"index, follow, max-snippet:-1, max-image-preview:large, max-video-preview:-1\" \/>\n<link rel=\"canonical\" href=\"https:\/\/astridlindgrensvarld.se\/de\/cookies\/\" \/>\n<meta property=\"og:locale\" content=\"de_DE\" \/>\n<meta property=\"og:type\" content=\"article\" \/>\n<meta property=\"og:title\" content=\"Cookies | Astrid Lindgrens V\u00e4rld\" \/>\n<meta property=\"og:url\" content=\"https:\/\/astridlindgrensvarld.se\/de\/cookies\/\" \/>\n<meta property=\"og:site_name\" content=\"Astrid Lindgrens V\u00e4rld\" \/>\n<meta property=\"article:modified_time\" content=\"2024-04-10T08:02:50+00:00\" \/>\n<meta name=\"twitter:card\" content=\"summary_large_image\" \/>\n<script type=\"application\/ld+json\" class=\"yoast-schema-graph\">{\"@context\":\"https:\\\/\\\/schema.org\",\"@graph\":[{\"@type\":\"WebPage\",\"@id\":\"https:\\\/\\\/astridlindgrensvarld.se\\\/de\\\/cookies\\\/\",\"url\":\"https:\\\/\\\/astridlindgrensvarld.se\\\/de\\\/cookies\\\/\",\"name\":\"Cookies | Astrid Lindgrens V\u00e4rld\",\"isPartOf\":{\"@id\":\"https:\\\/\\\/astridlindgrensvarld.se\\\/#website\"},\"datePublished\":\"2024-03-25T14:44:41+00:00\",\"dateModified\":\"2024-04-10T08:02:50+00:00\",\"breadcrumb\":{\"@id\":\"https:\\\/\\\/astridlindgrensvarld.se\\\/de\\\/cookies\\\/#breadcrumb\"},\"inLanguage\":\"de\",\"potentialAction\":[{\"@type\":\"ReadAction\",\"target\":[\"https:\\\/\\\/astridlindgrensvarld.se\\\/de\\\/cookies\\\/\"]}]},{\"@type\":\"BreadcrumbList\",\"@id\":\"https:\\\/\\\/astridlindgrensvarld.se\\\/de\\\/cookies\\\/#breadcrumb\",\"itemListElement\":[{\"@type\":\"ListItem\",\"position\":1,\"name\":\"Home\",\"item\":\"https:\\\/\\\/astridlindgrensvarld.se\\\/de\\\/\"},{\"@type\":\"ListItem\",\"position\":2,\"name\":\"Cookies\"}]},{\"@type\":\"WebSite\",\"@id\":\"https:\\\/\\\/astridlindgrensvarld.se\\\/#website\",\"url\":\"https:\\\/\\\/astridlindgrensvarld.se\\\/\",\"name\":\"Astrid Lindgrens V\u00e4rld\",\"description\":\"\",\"potentialAction\":[{\"@type\":\"SearchAction\",\"target\":{\"@type\":\"EntryPoint\",\"urlTemplate\":\"https:\\\/\\\/astridlindgrensvarld.se\\\/?s={search_term_string}\"},\"query-input\":{\"@type\":\"PropertyValueSpecification\",\"valueRequired\":true,\"valueName\":\"search_term_string\"}}],\"inLanguage\":\"de\"}]}<\/script>\n<!-- \/ Yoast SEO plugin. -->","yoast_head_json":{"title":"Cookies | Astrid Lindgrens V\u00e4rld","robots":{"index":"index","follow":"follow","max-snippet":"max-snippet:-1","max-image-preview":"max-image-preview:large","max-video-preview":"max-video-preview:-1"},"canonical":"https:\/\/astridlindgrensvarld.se\/de\/cookies\/","og_locale":"de_DE","og_type":"article","og_title":"Cookies | Astrid Lindgrens V\u00e4rld","og_url":"https:\/\/astridlindgrensvarld.se\/de\/cookies\/","og_site_name":"Astrid Lindgrens V\u00e4rld","article_modified_time":"2024-04-10T08:02:50+00:00","twitter_card":"summary_large_image","schema":{"@context":"https:\/\/schema.org","@graph":[{"@type":"WebPage","@id":"https:\/\/astridlindgrensvarld.se\/de\/cookies\/","url":"https:\/\/astridlindgrensvarld.se\/de\/cookies\/","name":"Cookies | Astrid Lindgrens V\u00e4rld","isPartOf":{"@id":"https:\/\/astridlindgrensvarld.se\/#website"},"datePublished":"2024-03-25T14:44:41+00:00","dateModified":"2024-04-10T08:02:50+00:00","breadcrumb":{"@id":"https:\/\/astridlindgrensvarld.se\/de\/cookies\/#breadcrumb"},"inLanguage":"de","potentialAction":[{"@type":"ReadAction","target":["https:\/\/astridlindgrensvarld.se\/de\/cookies\/"]}]},{"@type":"BreadcrumbList","@id":"https:\/\/astridlindgrensvarld.se\/de\/cookies\/#breadcrumb","itemListElement":[{"@type":"ListItem","position":1,"name":"Home","item":"https:\/\/astridlindgrensvarld.se\/de\/"},{"@type":"ListItem","position":2,"name":"Cookies"}]},{"@type":"WebSite","@id":"https:\/\/astridlindgrensvarld.se\/#website","url":"https:\/\/astridlindgrensvarld.se\/","name":"Astrid Lindgrens V\u00e4rld","description":"","potentialAction":[{"@type":"SearchAction","target":{"@type":"EntryPoint","urlTemplate":"https:\/\/astridlindgrensvarld.se\/?s={search_term_string}"},"query-input":{"@type":"PropertyValueSpecification","valueRequired":true,"valueName":"search_term_string"}}],"inLanguage":"de"}]}},"_links":{"self":[{"href":"https:\/\/astridlindgrensvarld.se\/de\/wp-json\/wp\/v2\/pages\/80973","targetHints":{"allow":["GET"]}}],"collection":[{"href":"https:\/\/astridlindgrensvarld.se\/de\/wp-json\/wp\/v2\/pages"}],"about":[{"href":"https:\/\/astridlindgrensvarld.se\/de\/wp-json\/wp\/v2\/types\/page"}],"author":[{"embeddable":true,"href":"https:\/\/astridlindgrensvarld.se\/de\/wp-json\/wp\/v2\/users\/8"}],"replies":[{"embeddable":true,"href":"https:\/\/astridlindgrensvarld.se\/de\/wp-json\/wp\/v2\/comments?post=80973"}],"version-history":[{"count":2,"href":"https:\/\/astridlindgrensvarld.se\/de\/wp-json\/wp\/v2\/pages\/80973\/revisions"}],"predecessor-version":[{"id":81944,"href":"https:\/\/astridlindgrensvarld.se\/de\/wp-json\/wp\/v2\/pages\/80973\/revisions\/81944"}],"wp:attachment":[{"href":"https:\/\/astridlindgrensvarld.se\/de\/wp-json\/wp\/v2\/media?parent=80973"}],"curies":[{"name":"wp","href":"https:\/\/api.w.org\/{rel}","templated":true}]}}