{"id":80969,"date":"2024-03-25T16:44:39","date_gmt":"2024-03-25T14:44:39","guid":{"rendered":"https:\/\/astridlindgrensvarld.se\/unterkunft\/angebote-und-pakete\/"},"modified":"2026-01-01T09:39:52","modified_gmt":"2026-01-01T07:39:52","slug":"angebote-und-pakete","status":"publish","type":"page","link":"https:\/\/astridlindgrensvarld.se\/de\/unterkunft\/angebote-und-pakete\/","title":{"rendered":"Angebote und Pakete"},"content":{"rendered":"\n<div class=\"relative flex flex-col items-center  w-full h-screen max-h-[960px] mobile:mb-[200px] desktop:max-h-[780px] min-h-[700px] mobile:min-h-[500px] justify-start mobile:max-h-none mobile:h-full\">\n\t\t\t\t\t\t\t<img decoding=\"async\" class=\"top-0 object-cover w-full h-[60vh] max-h-[800px] min-h-[700px]  mobile:min-h-[540px]\" src=\"https:\/\/astridlindgrensvarld.se\/wp-content\/uploads\/2025\/01\/Den-lilla-staden-3.jpg\" alt=\"\">\n\t\t\t\t<div class=\"relative top-[-128px] z-10 flex flex-col items-center w-full inner-contain gap-7 desktop-sm:px-4 mobile-sm:px-2\">\n\t\t\t<div class=\"bg-whiteish px-[80px] py-6 mobile:p-4 flex flex-col items-center gap-4 mobile:gap-4 text-black text-center rounded-lg lg-shadow w-full\">\n\t\t\t\t<div class=\"flex flex-col items-center justify-start gap-1\">\n\t\t\t\t\t<h1 class=\"text-brightRed -hero\">Pakete und Angebote<\/h1>\n\t\t\t\t<\/div>\n\n\t\t\t\t<div class=\"text-left wysiwyg-style\"><p>Hier unten haben wir unsere Pakete und Angebote zusammengestellt, die eine \u00dcbernachtung in unseren beiden Unterk\u00fcnften beinhalten. Direkt neben dem Park liegt \u201eDie kleine Stadt\u201c, wo Sie in einzigartigen H\u00fctten und H\u00e4usern oder in Standardh\u00fctten am Waldrand wohnen k\u00f6nnen. In bequemer Gehweite, 700 m von Astrid Lindgrens Welt und in der N\u00e4he von Astrid Lindgrens N\u00e4s, liegt Oxg\u00e5rden mit Apartments f\u00fcr 4\u201312 Personen.<\/p>\n<\/div>\n\t\t\t\t\t\t\t\t\t<div class=\"flex items-center justify-center w-full gap-3\">\n\n\t\t\t\t\t\t\t\t\t\t\t\t\t<a class=\"btn\" href=\"https:\/\/astridlindgrensvarld.se\/de\/angebot\/angebot-die-kleine-stadt\/\" target=\"\">\n\t\t\t\t\t\t\t\t<p class=\"-button\">\n\t\t\t\t\t\t\t\t\tAngebot in \u201eDie kleine Stadt\u201c\t\t\t\t\t\t\t\t<\/p>\n\t\t\t\t\t\t\t<\/a>\n\t\t\t\t\t\t\t\t\t\t\t\t\t\t\t\t\t\t\t<a class=\"btn bg-darkRed hover:bg-black\" href=\"https:\/\/astridlindgrensvarld.se\/de\/angebot\/angebot-oxgarden\/\" target=\"\">\n\t\t\t\t\t\t\t\t<p class=\"-button\">\n\t\t\t\t\t\t\t\t\tAngebot auf Oxg\u00e5rden\t\t\t\t\t\t\t\t<\/p>\n\t\t\t\t\t\t\t<\/a>\n\t\t\t\t\t\t\t\t\t\t\t<\/div>\n\t\t\t\t\t\t\t<\/div>\n\t\t<\/div>\n\t<\/div>\n\n\n<div class=\"flex items-center justify-center w-full px-4 py-7\">\n\t<div data-aos=\"\" data-aos-duration=\"\" class=\"flex flex-col w-full gap-5 m-auto text-center inner-contain\">\n\t\t\t\t<p class=\"-large text-red\"><\/p>\n\t\t\t<\/div>\n<\/div>\n\n<div class=\"w-full py-7\">\n\t<div class=\"w-full m-auto outer-contain desktop-sm:px-4\">\n\t\t<div class=\"flex items-stretch justify-center w-full gap-4 tablet:grid tablet:grid-cols-2 tablet-sm:grid-cols-1 place-content-center\">\n\t\t\t\t\t\t\t\t\t\t\t\t<div class=\"flex flex-col items-center justify-between pb-5 w-full max-w-[35rem]  tablet:max-w-[45rem] bg-whiteish rounded-lg\">\n\t\t\t\t\t\t<div class=\"flex flex-col items-start w-full\">\n\n\t\t\t\t\t\t\t<img decoding=\"async\" class=\"h-[19rem] mobile:h-[11rem] object-cover w-full rounded-t-lg\" src=\"https:\/\/astridlindgrensvarld.se\/wp-content\/uploads\/2025\/11\/1.jpg\" alt=\"\">\n\t\t\t\t\t\t\t<div class=\"flex flex-col gap-3 px-5 py-4\">\n\t\t\t\t\t\t\t\t<div class=\"flex flex-col gap-2\">\n\n\t\t\t\t\t\t\t\t\t<p class=\"text-brightRed -demi text-[14px]\">\n\t\t\t\t\t\t\t\t\t\tAstrid Lindgrens N\u00e4s, Astrid Lindgrens V\u00e4rld, Oxg\u00e5rden\t\t\t\t\t\t\t\t\t\t<\/h5>\n\t\t\t\t\t\t\t\t\t<h3 class=\"text-red -demi -small\">3 N\u00e4chte zum Preis von 2 im Oxg\u00e5rden<\/h5>\n\t\t\t\t\t\t\t\t<\/div>\n\n\t\t\t\t\t\t\t\t<p>Entdecken Sie Astrid Lindgrens Welt und Astrid Lindgrens N\u00e4s und \u00fcbernachten Sie im Oxg\u00e5rden.\r\n<\/p>\n\t\t\t\t\t\t\t\t\t\t\t\t\t\t\t\t\t<div class=\"flex flex-col\">\n\t\t\t\t\t\t\t\t\t\t<p class=\"uppercase text-red -demi text-[14px] pb-1\">Was ist im Paket enthalten?<\/h5>\n\t\t\t\t\t\t\t\t\t\t<ul class=\"list-disc list-outside pl-3 max-w-[25rem] text-brightRed \">\n\t\t\t\t\t\t\t\t\t\t\t\t\t\t\t\t\t\t\t\t\t\t\t<li class=\"text-black marker:text-brightRed marker:text-[1.4rem] pl-1 leading-[1.2] text-[14px]\">\n\t\t\t\t\t\t\t\t\t\t\t\t\tDrei N\u00e4chte im Oxg\u00e5rden\t\t\t\t\t\t\t\t\t\t\t\t<\/li>\n\t\t\t\t\t\t\t\t\t\t\t\t\t\t\t\t\t\t\t\t\t\t\t<li class=\"text-black marker:text-brightRed marker:text-[1.4rem] pl-1 leading-[1.2] text-[14px]\">\n\t\t\t\t\t\t\t\t\t\t\t\t\t2-Tages-Eintritt in die Astrid Lindgrens Welt\t\t\t\t\t\t\t\t\t\t\t\t<\/li>\n\t\t\t\t\t\t\t\t\t\t\t\t\t\t\t\t\t\t\t\t\t\t\t<li class=\"text-black marker:text-brightRed marker:text-[1.4rem] pl-1 leading-[1.2] text-[14px]\">\n\t\t\t\t\t\t\t\t\t\t\t\t\t1-Tages-Eintritt in Astrid Lindgrens N\u00e4s (Kinder frei)\t\t\t\t\t\t\t\t\t\t\t\t<\/li>\n\t\t\t\t\t\t\t\t\t\t\t\t\t\t\t\t\t\t\t\t\t<\/ul>\n\t\t\t\t\t\t\t\t\t<\/div>\n\t\t\t\t\t\t\t\t\t\t\t\t\t\t\t<\/div>\n\t\t\t\t\t\t<\/div>\n\n\t\t\t\t\t\t<div class=\"flex w-full px-5\">\n\n\t\t\t\t\t\t\t\t\t\t\t\t\t\t\t<a href=\"https:\/\/astridlindgrensvarld.se\/de\/angebot\/3-naechte-zum-preis-von-2-im-oxgarden\/\" class=\"w-full mt-3 text-center btn\">\n\t\t\t\t\t\t\t\t\t<p class=\"-button\">\n\t\t\t\t\t\t\t\t\t\tLesen Sie mehr und buchen\t\t\t\t\t\t\t\t\t<\/p>\n\t\t\t\t\t\t\t\t<\/a>\n\t\t\t\t\t\t\t\t\t\t\t\t\t<\/div>\n\n\t\t\t\t\t<\/div>\n\t\t\t\t\t\t\t\t\t<div class=\"flex flex-col items-center justify-between pb-5 w-full max-w-[35rem]  tablet:max-w-[45rem] bg-whiteish rounded-lg\">\n\t\t\t\t\t\t<div class=\"flex flex-col items-start w-full\">\n\n\t\t\t\t\t\t\t<img decoding=\"async\" class=\"h-[19rem] mobile:h-[11rem] object-cover w-full rounded-t-lg\" src=\"https:\/\/astridlindgrensvarld.se\/wp-content\/uploads\/2025\/01\/Den-lilla-staden.jpg\" alt=\"\">\n\t\t\t\t\t\t\t<div class=\"flex flex-col gap-3 px-5 py-4\">\n\t\t\t\t\t\t\t\t<div class=\"flex flex-col gap-2\">\n\n\t\t\t\t\t\t\t\t\t<p class=\"text-brightRed -demi text-[14px]\">\n\t\t\t\t\t\t\t\t\t\tAstrid Lindgrens V\u00e4rld, Den lilla staden\t\t\t\t\t\t\t\t\t\t<\/h5>\n\t\t\t\t\t\t\t\t\t<h3 class=\"text-red -demi -small\">Sonntagsangebot \u2013 1 Nacht<\/h5>\n\t\t\t\t\t\t\t\t<\/div>\n\n\t\t\t\t\t\t\t\t<p>Entdecken Sie Astrid Lindgrens Welt an zwei Tagen und \u00fcbernachten Sie in unserer G\u00e4steunterkunft direkt neben dem Park. Erhalten Sie 40 % Rabatt auf die \u00dcbernachtung von Sonntag auf Montag an ausgew\u00e4hlten Wochenenden.\r\n<\/p>\n\t\t\t\t\t\t\t\t\t\t\t\t\t\t\t\t\t<div class=\"flex flex-col\">\n\t\t\t\t\t\t\t\t\t\t<p class=\"uppercase text-red -demi text-[14px] pb-1\">Was ist im Paket enthalten?<\/h5>\n\t\t\t\t\t\t\t\t\t\t<ul class=\"list-disc list-outside pl-3 max-w-[25rem] text-brightRed \">\n\t\t\t\t\t\t\t\t\t\t\t\t\t\t\t\t\t\t\t\t\t\t\t<li class=\"text-black marker:text-brightRed marker:text-[1.4rem] pl-1 leading-[1.2] text-[14px]\">\n\t\t\t\t\t\t\t\t\t\t\t\t\t2-Tages-Eintritt in Astrid Lindgrens Welt zum regul\u00e4ren Preis.\t\t\t\t\t\t\t\t\t\t\t\t<\/li>\n\t\t\t\t\t\t\t\t\t\t\t\t\t\t\t\t\t\t\t\t\t\t\t<li class=\"text-black marker:text-brightRed marker:text-[1.4rem] pl-1 leading-[1.2] text-[14px]\">\n\t\t\t\t\t\t\t\t\t\t\t\t\tEine Nacht in der G\u00e4steunterkunft von Astrid Lindgrens Welt, Sonntag\u2013Montag, mit 40 % Rabatt.\t\t\t\t\t\t\t\t\t\t\t\t<\/li>\n\t\t\t\t\t\t\t\t\t\t\t\t\t\t\t\t\t\t\t\t\t<\/ul>\n\t\t\t\t\t\t\t\t\t<\/div>\n\t\t\t\t\t\t\t\t\t\t\t\t\t\t\t<\/div>\n\t\t\t\t\t\t<\/div>\n\n\t\t\t\t\t\t<div class=\"flex w-full px-5\">\n\n\t\t\t\t\t\t\t\t\t\t\t\t\t\t\t<a href=\"https:\/\/astridlindgrensvarld.se\/de\/angebot\/sonntagsangebot-1-nacht\/\" class=\"w-full mt-3 text-center btn\">\n\t\t\t\t\t\t\t\t\t<p class=\"-button\">\n\t\t\t\t\t\t\t\t\t\tLesen Sie mehr und buchen\t\t\t\t\t\t\t\t\t<\/p>\n\t\t\t\t\t\t\t\t<\/a>\n\t\t\t\t\t\t\t\t\t\t\t\t\t<\/div>\n\n\t\t\t\t\t<\/div>\n\t\t\t\t\t\t\t\t\t<div class=\"flex flex-col items-center justify-between pb-5 w-full max-w-[35rem] tablet:!max-w-[50rem] tablet:place-content-center tablet:m-auto tablet:col-span-2 tablet-sm:col-span-1 tablet:max-w-[45rem] bg-whiteish rounded-lg\">\n\t\t\t\t\t\t<div class=\"flex flex-col items-start w-full\">\n\n\t\t\t\t\t\t\t<img decoding=\"async\" class=\"h-[19rem] mobile:h-[11rem] object-cover w-full rounded-t-lg\" src=\"https:\/\/astridlindgrensvarld.se\/wp-content\/uploads\/2025\/01\/AstridLindgrensNas.jpg\" alt=\"\">\n\t\t\t\t\t\t\t<div class=\"flex flex-col gap-3 px-5 py-4\">\n\t\t\t\t\t\t\t\t<div class=\"flex flex-col gap-2\">\n\n\t\t\t\t\t\t\t\t\t<p class=\"text-brightRed -demi text-[14px]\">\n\t\t\t\t\t\t\t\t\t\tAstrid Lindgrens N\u00e4s, Astrid Lindgrens Welt, Die kleine Stadt\t\t\t\t\t\t\t\t\t\t<\/h5>\n\t\t\t\t\t\t\t\t\t<h3 class=\"text-red -demi -small\">Astrid Lindgrens Welt und Astrid Lindgrens N\u00e4s<\/h5>\n\t\t\t\t\t\t\t\t<\/div>\n\n\t\t\t\t\t\t\t\t<p>Entdecken Sie Astrid Lindgrens Welt an einem Tag und \u00fcbernachten Sie in unserer G\u00e4steunterkunft direkt neben dem Park.\r\nAm zweiten Tag besuchen Sie Astrid Lindgrens N\u00e4s, wo Sie die Ausstellung \u00fcber Astrid Lindgrens Leben und Werk sehen, an einer F\u00fchrung durch ihr Elternhaus teilnehmen und einen Spaziergang durch unsere Themeng\u00e4rten machen k\u00f6nnen, die den ganzen Sommer \u00fcber in voller Bl\u00fcte stehen.\r\n<\/p>\n\t\t\t\t\t\t\t\t\t\t\t\t\t\t\t\t\t<div class=\"flex flex-col\">\n\t\t\t\t\t\t\t\t\t\t<p class=\"uppercase text-red -demi text-[14px] pb-1\">Was ist im Paket enthalten?<\/h5>\n\t\t\t\t\t\t\t\t\t\t<ul class=\"list-disc list-outside pl-3 max-w-[25rem] text-brightRed \">\n\t\t\t\t\t\t\t\t\t\t\t\t\t\t\t\t\t\t\t\t\t\t\t<li class=\"text-black marker:text-brightRed marker:text-[1.4rem] pl-1 leading-[1.2] text-[14px]\">\n\t\t\t\t\t\t\t\t\t\t\t\t\t1 Nacht in der G\u00e4steunterkunft von Astrid Lindgrens Welt\t\t\t\t\t\t\t\t\t\t\t\t<\/li>\n\t\t\t\t\t\t\t\t\t\t\t\t\t\t\t\t\t\t\t\t\t\t\t<li class=\"text-black marker:text-brightRed marker:text-[1.4rem] pl-1 leading-[1.2] text-[14px]\">\n\t\t\t\t\t\t\t\t\t\t\t\t\t1-Tages-Eintritt in Astrid Lindgrens Welt\t\t\t\t\t\t\t\t\t\t\t\t<\/li>\n\t\t\t\t\t\t\t\t\t\t\t\t\t\t\t\t\t\t\t\t\t\t\t<li class=\"text-black marker:text-brightRed marker:text-[1.4rem] pl-1 leading-[1.2] text-[14px]\">\n\t\t\t\t\t\t\t\t\t\t\t\t\t1-Tages-Eintritt in Astrid Lindgrens N\u00e4s (Kinder 0\u201314 Jahre kostenlos)\t\t\t\t\t\t\t\t\t\t\t\t<\/li>\n\t\t\t\t\t\t\t\t\t\t\t\t\t\t\t\t\t\t\t\t\t\t\t<li class=\"text-black marker:text-brightRed marker:text-[1.4rem] pl-1 leading-[1.2] text-[14px]\">\n\t\t\t\t\t\t\t\t\t\t\t\t\tFr\u00fchst\u00fccksbuffet\t\t\t\t\t\t\t\t\t\t\t\t<\/li>\n\t\t\t\t\t\t\t\t\t\t\t\t\t\t\t\t\t\t\t\t\t<\/ul>\n\t\t\t\t\t\t\t\t\t<\/div>\n\t\t\t\t\t\t\t\t\t\t\t\t\t\t\t<\/div>\n\t\t\t\t\t\t<\/div>\n\n\t\t\t\t\t\t<div class=\"flex w-full px-5\">\n\n\t\t\t\t\t\t\t\t\t\t\t\t\t\t\t<a href=\"https:\/\/astridlindgrensvarld.se\/de\/angebot\/astrid-lindgrens-welt-und-astrid-lindgrens-naes\/\" class=\"w-full mt-3 text-center btn\">\n\t\t\t\t\t\t\t\t\t<p class=\"-button\">\n\t\t\t\t\t\t\t\t\t\tLesen Sie mehr und buchen\t\t\t\t\t\t\t\t\t<\/p>\n\t\t\t\t\t\t\t\t<\/a>\n\t\t\t\t\t\t\t\t\t\t\t\t\t<\/div>\n\n\t\t\t\t\t<\/div>\n\t\t\t\t\t\t\t\t\t<\/div>\n\t<\/div>\n<\/div>\n\n\n<div class=\"flex items-center justify-center w-full px-4 py-7\">\n\t<div data-aos=\"\" data-aos-duration=\"\" class=\"flex flex-col w-full gap-5 m-auto text-center inner-contain\">\n\t\t\t\t\t<h2 class=\"text-brightRed\">Haben Sie kein passendes Angebot gefunden?<\/h2>\n\t\t\t\t<p class=\"-large text-red\">Wenn Sie nicht gefunden haben, was Sie gesucht haben, besuchen Sie gerne unsere Unterkunftsseite, um unser gesamtes regul\u00e4res Angebot zu entdecken. Wir helfen Ihnen gerne, die Unterkunft zu finden, die am besten zu Ihren Bed\u00fcrfnissen passt.<br \/>\r\n<\/p>\n\t\t\t\t\t<div class=\"flex items-center justify-center w-full\">\n\t\t\t\t<a class=\"mt-4 btn\" href=\"https:\/\/astridlindgrensvarld.se\/de\/unterkunft\/\" target=\"\">\n\t\t\t\t\t<p class=\"-button\">\n\t\t\t\t\t\tBoende\t\t\t\t\t<\/p>\n\t\t\t\t<\/a>\n\t\t\t<\/div>\n\t\t\t<\/div>\n<\/div>","protected":false},"excerpt":{"rendered":"","protected":false},"author":8,"featured_media":78417,"parent":80959,"menu_order":0,"comment_status":"closed","ping_status":"closed","template":"","meta":{"_acf_changed":false,"footnotes":""},"class_list":["post-80969","page","type-page","status-publish","has-post-thumbnail","hentry"],"acf":[],"yoast_head":"<!-- This site is optimized with the Yoast SEO plugin v27.4 - https:\/\/yoast.com\/product\/yoast-seo-wordpress\/ -->\n<title>Angebote und Pakete | Astrid Lindgrens V\u00e4rld<\/title>\n<meta name=\"robots\" content=\"index, follow, max-snippet:-1, max-image-preview:large, max-video-preview:-1\" \/>\n<link rel=\"canonical\" href=\"https:\/\/astridlindgrensvarld.se\/de\/unterkunft\/angebote-und-pakete\/\" \/>\n<meta property=\"og:locale\" content=\"de_DE\" \/>\n<meta property=\"og:type\" content=\"article\" \/>\n<meta property=\"og:title\" content=\"Angebote und Pakete | Astrid Lindgrens V\u00e4rld\" \/>\n<meta property=\"og:url\" content=\"https:\/\/astridlindgrensvarld.se\/de\/unterkunft\/angebote-und-pakete\/\" \/>\n<meta property=\"og:site_name\" content=\"Astrid Lindgrens V\u00e4rld\" \/>\n<meta property=\"article:modified_time\" content=\"2026-01-01T07:39:52+00:00\" \/>\n<meta property=\"og:image\" content=\"https:\/\/astridlindgrensvarld.se\/wp-content\/uploads\/2023\/12\/avbokning-1-1440x1440px.jpg\" \/>\n\t<meta property=\"og:image:width\" content=\"1440\" \/>\n\t<meta property=\"og:image:height\" content=\"1440\" \/>\n\t<meta property=\"og:image:type\" content=\"image\/jpeg\" \/>\n<meta name=\"twitter:card\" content=\"summary_large_image\" \/>\n<meta name=\"twitter:label1\" content=\"Gesch\u00e4tzte Lesezeit\" \/>\n\t<meta name=\"twitter:data1\" content=\"1\u00a0Minute\" \/>\n<script type=\"application\/ld+json\" class=\"yoast-schema-graph\">{\"@context\":\"https:\\\/\\\/schema.org\",\"@graph\":[{\"@type\":\"WebPage\",\"@id\":\"https:\\\/\\\/astridlindgrensvarld.se\\\/de\\\/unterkunft\\\/angebote-und-pakete\\\/\",\"url\":\"https:\\\/\\\/astridlindgrensvarld.se\\\/de\\\/unterkunft\\\/angebote-und-pakete\\\/\",\"name\":\"Angebote und Pakete | Astrid Lindgrens V\u00e4rld\",\"isPartOf\":{\"@id\":\"https:\\\/\\\/astridlindgrensvarld.se\\\/#website\"},\"primaryImageOfPage\":{\"@id\":\"https:\\\/\\\/astridlindgrensvarld.se\\\/de\\\/unterkunft\\\/angebote-und-pakete\\\/#primaryimage\"},\"image\":{\"@id\":\"https:\\\/\\\/astridlindgrensvarld.se\\\/de\\\/unterkunft\\\/angebote-und-pakete\\\/#primaryimage\"},\"thumbnailUrl\":\"https:\\\/\\\/astridlindgrensvarld.se\\\/wp-content\\\/uploads\\\/2023\\\/12\\\/avbokning-1-1440x1440px.jpg\",\"datePublished\":\"2024-03-25T14:44:39+00:00\",\"dateModified\":\"2026-01-01T07:39:52+00:00\",\"breadcrumb\":{\"@id\":\"https:\\\/\\\/astridlindgrensvarld.se\\\/de\\\/unterkunft\\\/angebote-und-pakete\\\/#breadcrumb\"},\"inLanguage\":\"de\",\"potentialAction\":[{\"@type\":\"ReadAction\",\"target\":[\"https:\\\/\\\/astridlindgrensvarld.se\\\/de\\\/unterkunft\\\/angebote-und-pakete\\\/\"]}]},{\"@type\":\"ImageObject\",\"inLanguage\":\"de\",\"@id\":\"https:\\\/\\\/astridlindgrensvarld.se\\\/de\\\/unterkunft\\\/angebote-und-pakete\\\/#primaryimage\",\"url\":\"https:\\\/\\\/astridlindgrensvarld.se\\\/wp-content\\\/uploads\\\/2023\\\/12\\\/avbokning-1-1440x1440px.jpg\",\"contentUrl\":\"https:\\\/\\\/astridlindgrensvarld.se\\\/wp-content\\\/uploads\\\/2023\\\/12\\\/avbokning-1-1440x1440px.jpg\",\"width\":1440,\"height\":1440},{\"@type\":\"BreadcrumbList\",\"@id\":\"https:\\\/\\\/astridlindgrensvarld.se\\\/de\\\/unterkunft\\\/angebote-und-pakete\\\/#breadcrumb\",\"itemListElement\":[{\"@type\":\"ListItem\",\"position\":1,\"name\":\"Home\",\"item\":\"https:\\\/\\\/astridlindgrensvarld.se\\\/de\\\/\"},{\"@type\":\"ListItem\",\"position\":2,\"name\":\"Unterkunft\",\"item\":\"https:\\\/\\\/astridlindgrensvarld.se\\\/de\\\/unterkunft\\\/\"},{\"@type\":\"ListItem\",\"position\":3,\"name\":\"Angebote und Pakete\"}]},{\"@type\":\"WebSite\",\"@id\":\"https:\\\/\\\/astridlindgrensvarld.se\\\/#website\",\"url\":\"https:\\\/\\\/astridlindgrensvarld.se\\\/\",\"name\":\"Astrid Lindgrens V\u00e4rld\",\"description\":\"\",\"potentialAction\":[{\"@type\":\"SearchAction\",\"target\":{\"@type\":\"EntryPoint\",\"urlTemplate\":\"https:\\\/\\\/astridlindgrensvarld.se\\\/?s={search_term_string}\"},\"query-input\":{\"@type\":\"PropertyValueSpecification\",\"valueRequired\":true,\"valueName\":\"search_term_string\"}}],\"inLanguage\":\"de\"}]}<\/script>\n<!-- \/ Yoast SEO plugin. -->","yoast_head_json":{"title":"Angebote und Pakete | Astrid Lindgrens V\u00e4rld","robots":{"index":"index","follow":"follow","max-snippet":"max-snippet:-1","max-image-preview":"max-image-preview:large","max-video-preview":"max-video-preview:-1"},"canonical":"https:\/\/astridlindgrensvarld.se\/de\/unterkunft\/angebote-und-pakete\/","og_locale":"de_DE","og_type":"article","og_title":"Angebote und Pakete | Astrid Lindgrens V\u00e4rld","og_url":"https:\/\/astridlindgrensvarld.se\/de\/unterkunft\/angebote-und-pakete\/","og_site_name":"Astrid Lindgrens V\u00e4rld","article_modified_time":"2026-01-01T07:39:52+00:00","og_image":[{"width":1440,"height":1440,"url":"https:\/\/astridlindgrensvarld.se\/wp-content\/uploads\/2023\/12\/avbokning-1-1440x1440px.jpg","type":"image\/jpeg"}],"twitter_card":"summary_large_image","twitter_misc":{"Gesch\u00e4tzte Lesezeit":"1\u00a0Minute"},"schema":{"@context":"https:\/\/schema.org","@graph":[{"@type":"WebPage","@id":"https:\/\/astridlindgrensvarld.se\/de\/unterkunft\/angebote-und-pakete\/","url":"https:\/\/astridlindgrensvarld.se\/de\/unterkunft\/angebote-und-pakete\/","name":"Angebote und Pakete | Astrid Lindgrens V\u00e4rld","isPartOf":{"@id":"https:\/\/astridlindgrensvarld.se\/#website"},"primaryImageOfPage":{"@id":"https:\/\/astridlindgrensvarld.se\/de\/unterkunft\/angebote-und-pakete\/#primaryimage"},"image":{"@id":"https:\/\/astridlindgrensvarld.se\/de\/unterkunft\/angebote-und-pakete\/#primaryimage"},"thumbnailUrl":"https:\/\/astridlindgrensvarld.se\/wp-content\/uploads\/2023\/12\/avbokning-1-1440x1440px.jpg","datePublished":"2024-03-25T14:44:39+00:00","dateModified":"2026-01-01T07:39:52+00:00","breadcrumb":{"@id":"https:\/\/astridlindgrensvarld.se\/de\/unterkunft\/angebote-und-pakete\/#breadcrumb"},"inLanguage":"de","potentialAction":[{"@type":"ReadAction","target":["https:\/\/astridlindgrensvarld.se\/de\/unterkunft\/angebote-und-pakete\/"]}]},{"@type":"ImageObject","inLanguage":"de","@id":"https:\/\/astridlindgrensvarld.se\/de\/unterkunft\/angebote-und-pakete\/#primaryimage","url":"https:\/\/astridlindgrensvarld.se\/wp-content\/uploads\/2023\/12\/avbokning-1-1440x1440px.jpg","contentUrl":"https:\/\/astridlindgrensvarld.se\/wp-content\/uploads\/2023\/12\/avbokning-1-1440x1440px.jpg","width":1440,"height":1440},{"@type":"BreadcrumbList","@id":"https:\/\/astridlindgrensvarld.se\/de\/unterkunft\/angebote-und-pakete\/#breadcrumb","itemListElement":[{"@type":"ListItem","position":1,"name":"Home","item":"https:\/\/astridlindgrensvarld.se\/de\/"},{"@type":"ListItem","position":2,"name":"Unterkunft","item":"https:\/\/astridlindgrensvarld.se\/de\/unterkunft\/"},{"@type":"ListItem","position":3,"name":"Angebote und Pakete"}]},{"@type":"WebSite","@id":"https:\/\/astridlindgrensvarld.se\/#website","url":"https:\/\/astridlindgrensvarld.se\/","name":"Astrid Lindgrens V\u00e4rld","description":"","potentialAction":[{"@type":"SearchAction","target":{"@type":"EntryPoint","urlTemplate":"https:\/\/astridlindgrensvarld.se\/?s={search_term_string}"},"query-input":{"@type":"PropertyValueSpecification","valueRequired":true,"valueName":"search_term_string"}}],"inLanguage":"de"}]}},"_links":{"self":[{"href":"https:\/\/astridlindgrensvarld.se\/de\/wp-json\/wp\/v2\/pages\/80969","targetHints":{"allow":["GET"]}}],"collection":[{"href":"https:\/\/astridlindgrensvarld.se\/de\/wp-json\/wp\/v2\/pages"}],"about":[{"href":"https:\/\/astridlindgrensvarld.se\/de\/wp-json\/wp\/v2\/types\/page"}],"author":[{"embeddable":true,"href":"https:\/\/astridlindgrensvarld.se\/de\/wp-json\/wp\/v2\/users\/8"}],"replies":[{"embeddable":true,"href":"https:\/\/astridlindgrensvarld.se\/de\/wp-json\/wp\/v2\/comments?post=80969"}],"version-history":[{"count":8,"href":"https:\/\/astridlindgrensvarld.se\/de\/wp-json\/wp\/v2\/pages\/80969\/revisions"}],"predecessor-version":[{"id":86306,"href":"https:\/\/astridlindgrensvarld.se\/de\/wp-json\/wp\/v2\/pages\/80969\/revisions\/86306"}],"up":[{"embeddable":true,"href":"https:\/\/astridlindgrensvarld.se\/de\/wp-json\/wp\/v2\/pages\/80959"}],"wp:featuredmedia":[{"embeddable":true,"href":"https:\/\/astridlindgrensvarld.se\/de\/wp-json\/wp\/v2\/media\/78417"}],"wp:attachment":[{"href":"https:\/\/astridlindgrensvarld.se\/de\/wp-json\/wp\/v2\/media?parent=80969"}],"curies":[{"name":"wp","href":"https:\/\/api.w.org\/{rel}","templated":true}]}}