{"id":80965,"date":"2024-03-25T16:44:39","date_gmt":"2024-03-25T14:44:39","guid":{"rendered":"https:\/\/astridlindgrensvarld.se\/karten\/"},"modified":"2025-08-21T14:31:04","modified_gmt":"2025-08-21T12:31:04","slug":"karten","status":"publish","type":"page","link":"https:\/\/astridlindgrensvarld.se\/de\/karten\/","title":{"rendered":"Karten"},"content":{"rendered":"\n<div class=\"relative flex flex-col items-center  w-full h-screen max-h-[960px] mobile:mb-[200px] desktop:max-h-[780px] min-h-[700px] mobile:min-h-[500px] justify-start mobile:max-h-none mobile:h-full\">\n\t\t\t\t\t\t\t<img decoding=\"async\" class=\"top-0 object-cover w-full h-[60vh] max-h-[800px] min-h-[700px]  mobile:min-h-[540px]\" src=\"https:\/\/astridlindgrensvarld.se\/wp-content\/uploads\/2024\/01\/alv-kartor-2023.jpg\" alt=\"\">\n\t\t\t\t\t\t\t<div class=\"absolute bottom-0 mobile:bottom-[-200px] z-10 flex flex-col items-center w-full inner-contain gap-7 desktop-sm:px-4 mobile:px-2\">\n\t\t\t\t<div class=\"bg-whiteish px-[80px] py-6 mobile:p-2 flex flex-col items-center gap-4 mobile:gap-4 text-black text-center rounded-lg lg-shadow w-full\">\n\t\t\t\t\t<div class=\"flex flex-col items-center justify-start gap-1\">\n\n\t\t\t\t\t\t<h1 class=\"text-brightRed -hero\">Karten der Unterk\u00fcnfte, des Parks und des Stellplatzgel\u00e4ndes<\/h1>\n\t\t\t\t\t\t\t\t\t\t\t<\/div>\n\n\t\t\t\t\t<p class=\"-large text-darkRed mobile:!text-[16px]\">Verschaffen Sie sich einen \u00dcberblick \u00fcber die Lage des Parks im Verh\u00e4ltnis zu unseren Unterk\u00fcnften und dem Bereich mit Stellpl\u00e4tzen.<\/p>\n\t\t\t\t\t\t\t\t\t\t\t\t\t\t\t\t<div class=\"flex items-center justify-center w-full gap-3\">\n\n\t\t\t\t\t\t\t\t\t\t\t\t\t\t\t<a class=\"btn\" href=\"https:\/\/astridlindgrensvarld.se\/wp-content\/uploads\/2025\/08\/ALV-Karta-sensommarhelger-2025.pdf\" target=\"_blank\">\n\t\t\t\t\t\t\t\t\t<p class=\"-button\">\n\t\t\t\t\t\t\t\t\t\t\u00dcbersichtskarte anzeigen\t\t\t\t\t\t\t\t\t<\/p>\n\t\t\t\t\t\t\t\t<\/a>\n\t\t\t\t\t\t\t\t\t\t\t\t\t\t\t\t\t\t\t\t<\/div>\n\t\t\t\t\t\t\t\t\t<\/div>\n\t\t\t<\/div>\n\t\t\t<\/div>\n\n\n<div class=\"flex flex-col items-center justify-center w-full gap-5 py-7 tablet:py-7 desktop-sm:px-4 tablet-lg:px-0\">\n\t\t\t\t<div class=\"grid justify-center w-full h-full grid-cols-3 tablet-sm:grid-cols-1 desktop-sm:grid-cols-2 gap-5 m-auto mobile:pt-7 inner-contain desktop-sm:px-4 mobile:px-2\">\n\n\t\t\t\t\t\t\t\t\t\t\t\t\t\t\t\t\t\t<a href=\"https:\/\/astridlindgrensvarld.se\/de\/unterkunft\/information\/unterkunftsplan\/\" class=\"relative flex-col items-stretch justify-between hidden group sm-shadow tablet-sm:!flex\">\n\t\t\t\t\t\t\t<div class=\"flex items-center justify-center w-full\">\n\t\t\t\t\t\t\t\t<div class=\" max-w-[9rem] w-full h-full\">\n\t\t\t\t\t\t\t\t\t<img decoding=\"async\" class=\"object-cover w-full h-full rounded-l-md aspect-square\" src=\"https:\/\/astridlindgrensvarld.se\/wp-content\/uploads\/2024\/01\/alv-gastboende-2024.jpg\" alt=\"\">\n\t\t\t\t\t\t\t\t<\/div>\n\t\t\t\t\t\t\t\t<div class=\"flex flex-col items-start justify-center w-full h-full gap-1 p-4 rounded-r-md bg-whiteish\">\n\t\t\t\t\t\t\t\t\t<h4 class=\"text-red mobile:text-[16px]\">Unterkunftsplan<\/h4>\n\t\t\t\t\t\t\t\t\t<p class=\"text-blackish mobile:text-[14px]\">Die G\u00e4steunterk\u00fcnfte von Astrid Lindgrens Welt wurden am Waldrand neben dem Park errichtet.<\/p>\n\t\t\t\t\t\t\t\t<\/div>\n\t\t\t\t\t\t\t<\/div>\n\t\t\t\t\t\t<\/a>\n\n\t\t\t\t\t\t<a href=\"https:\/\/astridlindgrensvarld.se\/de\/unterkunft\/information\/unterkunftsplan\/\" class=\"relative flex flex-col items-center justify-between group max-h-[40rem] max-w-[38rem] tablet-sm:hidden\">\n\t\t\t\t\t\t\t<div class=\"mb-5 overflow-hidden rounded-lg\">\n\t\t\t\t\t\t\t\t<img decoding=\"async\" class=\"object-cover w-full transition-all duration-700 aspect-standing group-hover:scale-110\" src=\"https:\/\/astridlindgrensvarld.se\/wp-content\/uploads\/2024\/01\/alv-gastboende-2024.jpg\" alt=\"\">\n\t\t\t\t\t\t\t<\/div>\n\t\t\t\t\t\t\t<div class=\"absolute bottom-0 flex flex-col gap-3 p-5 mx-4 rounded-lg bg-whiteish sm-shadow mobile:px-4 w-[90%]\">\n\t\t\t\t\t\t\t\t<h4 class=\"text-red\">Unterkunftsplan<\/h4>\n\t\t\t\t\t\t\t\t<p class=\"text-blackish\">Die G\u00e4steunterk\u00fcnfte von Astrid Lindgrens Welt wurden am Waldrand neben dem Park errichtet.<\/p>\n\t\t\t\t\t\t\t<\/div>\n\t\t\t\t\t\t<\/a>\n\t\t\t\t\t\t\t\t\t\t\t\t\t\t\t\t\t\t\t\t<a href=\"https:\/\/astridlindgrensvarld.se\/de\/unterkunft\/information\/stellplatzkarte\/\" class=\"relative flex-col items-stretch justify-between hidden group sm-shadow tablet-sm:!flex\">\n\t\t\t\t\t\t\t<div class=\"flex items-center justify-center w-full\">\n\t\t\t\t\t\t\t\t<div class=\" max-w-[9rem] w-full h-full\">\n\t\t\t\t\t\t\t\t\t<img decoding=\"async\" class=\"object-cover w-full h-full rounded-l-md aspect-square\" src=\"https:\/\/astridlindgrensvarld.se\/wp-content\/uploads\/2024\/01\/alv-stallplats-2023.jpg\" alt=\"\">\n\t\t\t\t\t\t\t\t<\/div>\n\t\t\t\t\t\t\t\t<div class=\"flex flex-col items-start justify-center w-full h-full gap-1 p-4 rounded-r-md bg-whiteish\">\n\t\t\t\t\t\t\t\t\t<h4 class=\"text-red mobile:text-[16px]\">Stellplatzkarte<\/h4>\n\t\t\t\t\t\t\t\t\t<p class=\"text-blackish mobile:text-[14px]\">Hier k\u00f6nnen Sie es sich mit Ihrem Wohnwagen oder Wohnmobil gem\u00fctlich machen, nur 150 Meter vom Haupteingang von Astrid Lindgrens Welt entfernt. <\/p>\n\t\t\t\t\t\t\t\t<\/div>\n\t\t\t\t\t\t\t<\/div>\n\t\t\t\t\t\t<\/a>\n\n\t\t\t\t\t\t<a href=\"https:\/\/astridlindgrensvarld.se\/de\/unterkunft\/information\/stellplatzkarte\/\" class=\"relative flex flex-col items-center justify-between group max-h-[40rem] max-w-[38rem] tablet-sm:hidden\">\n\t\t\t\t\t\t\t<div class=\"mb-5 overflow-hidden rounded-lg\">\n\t\t\t\t\t\t\t\t<img decoding=\"async\" class=\"object-cover w-full transition-all duration-700 aspect-standing group-hover:scale-110\" src=\"https:\/\/astridlindgrensvarld.se\/wp-content\/uploads\/2024\/01\/alv-stallplats-2023.jpg\" alt=\"\">\n\t\t\t\t\t\t\t<\/div>\n\t\t\t\t\t\t\t<div class=\"absolute bottom-0 flex flex-col gap-3 p-5 mx-4 rounded-lg bg-whiteish sm-shadow mobile:px-4 w-[90%]\">\n\t\t\t\t\t\t\t\t<h4 class=\"text-red\">Stellplatzkarte<\/h4>\n\t\t\t\t\t\t\t\t<p class=\"text-blackish\">Hier k\u00f6nnen Sie es sich mit Ihrem Wohnwagen oder Wohnmobil gem\u00fctlich machen, nur 150 Meter vom Haupteingang von Astrid Lindgrens Welt entfernt. <\/p>\n\t\t\t\t\t\t\t<\/div>\n\t\t\t\t\t\t<\/a>\n\t\t\t\t\t\t\t\t\t\t\t\t\t\t\t\t\t\t\t\t<a href=\"https:\/\/astridlindgrensvarld.se\/de\/information\/parkkarte\/\" class=\"relative flex-col items-stretch justify-between hidden group sm-shadow tablet-sm:!flex\">\n\t\t\t\t\t\t\t<div class=\"flex items-center justify-center w-full\">\n\t\t\t\t\t\t\t\t<div class=\" max-w-[9rem] w-full h-full\">\n\t\t\t\t\t\t\t\t\t<img decoding=\"async\" class=\"object-cover w-full h-full rounded-l-md aspect-square\" src=\"https:\/\/astridlindgrensvarld.se\/wp-content\/uploads\/2024\/01\/alv-parkkarta-2023.jpg\" alt=\"\">\n\t\t\t\t\t\t\t\t<\/div>\n\t\t\t\t\t\t\t\t<div class=\"flex flex-col items-start justify-center w-full h-full gap-1 p-4 rounded-r-md bg-whiteish\">\n\t\t\t\t\t\t\t\t\t<h4 class=\"text-red mobile:text-[16px]\">Parkkarte<\/h4>\n\t\t\t\t\t\t\t\t\t<p class=\"text-blackish mobile:text-[14px]\">Wo ist was? Lassen Sie sich von unserer umfangreichen Parkkarte helfen, um zum richtigen Ort zu navigieren.<\/p>\n\t\t\t\t\t\t\t\t<\/div>\n\t\t\t\t\t\t\t<\/div>\n\t\t\t\t\t\t<\/a>\n\n\t\t\t\t\t\t<a href=\"https:\/\/astridlindgrensvarld.se\/de\/information\/parkkarte\/\" class=\"relative flex flex-col items-center justify-between group max-h-[40rem] max-w-[38rem] tablet-sm:hidden\">\n\t\t\t\t\t\t\t<div class=\"mb-5 overflow-hidden rounded-lg\">\n\t\t\t\t\t\t\t\t<img decoding=\"async\" class=\"object-cover w-full transition-all duration-700 aspect-standing group-hover:scale-110\" src=\"https:\/\/astridlindgrensvarld.se\/wp-content\/uploads\/2024\/01\/alv-parkkarta-2023.jpg\" alt=\"\">\n\t\t\t\t\t\t\t<\/div>\n\t\t\t\t\t\t\t<div class=\"absolute bottom-0 flex flex-col gap-3 p-5 mx-4 rounded-lg bg-whiteish sm-shadow mobile:px-4 w-[90%]\">\n\t\t\t\t\t\t\t\t<h4 class=\"text-red\">Parkkarte<\/h4>\n\t\t\t\t\t\t\t\t<p class=\"text-blackish\">Wo ist was? Lassen Sie sich von unserer umfangreichen Parkkarte helfen, um zum richtigen Ort zu navigieren.<\/p>\n\t\t\t\t\t\t\t<\/div>\n\t\t\t\t\t\t<\/a>\n\t\t\t\t\t\t\t\t\t\t\t\t\n\n\t\t<\/div>\n\t<\/div>","protected":false},"excerpt":{"rendered":"","protected":false},"author":8,"featured_media":74672,"parent":0,"menu_order":0,"comment_status":"closed","ping_status":"closed","template":"","meta":{"_acf_changed":false,"footnotes":""},"class_list":["post-80965","page","type-page","status-publish","has-post-thumbnail","hentry"],"acf":[],"yoast_head":"<!-- This site is optimized with the Yoast SEO plugin v27.3 - https:\/\/yoast.com\/product\/yoast-seo-wordpress\/ -->\n<title>Karten | Astrid Lindgrens V\u00e4rld<\/title>\n<meta name=\"robots\" content=\"index, follow, max-snippet:-1, max-image-preview:large, max-video-preview:-1\" \/>\n<link rel=\"canonical\" href=\"https:\/\/astridlindgrensvarld.se\/de\/karten\/\" \/>\n<meta property=\"og:locale\" content=\"de_DE\" \/>\n<meta property=\"og:type\" content=\"article\" \/>\n<meta property=\"og:title\" content=\"Karten | Astrid Lindgrens V\u00e4rld\" \/>\n<meta property=\"og:url\" content=\"https:\/\/astridlindgrensvarld.se\/de\/karten\/\" \/>\n<meta property=\"og:site_name\" content=\"Astrid Lindgrens V\u00e4rld\" \/>\n<meta property=\"article:modified_time\" content=\"2025-08-21T12:31:04+00:00\" \/>\n<meta property=\"og:image\" content=\"https:\/\/astridlindgrensvarld.se\/wp-content\/uploads\/2023\/12\/alv-karta-comers-2023.jpg\" \/>\n\t<meta property=\"og:image:width\" content=\"2086\" \/>\n\t<meta property=\"og:image:height\" content=\"1440\" \/>\n\t<meta property=\"og:image:type\" content=\"image\/jpeg\" \/>\n<meta name=\"twitter:card\" content=\"summary_large_image\" \/>\n<meta name=\"twitter:label1\" content=\"Gesch\u00e4tzte Lesezeit\" \/>\n\t<meta name=\"twitter:data1\" content=\"1\u00a0Minute\" \/>\n<script type=\"application\/ld+json\" class=\"yoast-schema-graph\">{\"@context\":\"https:\\\/\\\/schema.org\",\"@graph\":[{\"@type\":\"WebPage\",\"@id\":\"https:\\\/\\\/astridlindgrensvarld.se\\\/de\\\/karten\\\/\",\"url\":\"https:\\\/\\\/astridlindgrensvarld.se\\\/de\\\/karten\\\/\",\"name\":\"Karten | Astrid Lindgrens V\u00e4rld\",\"isPartOf\":{\"@id\":\"https:\\\/\\\/astridlindgrensvarld.se\\\/#website\"},\"primaryImageOfPage\":{\"@id\":\"https:\\\/\\\/astridlindgrensvarld.se\\\/de\\\/karten\\\/#primaryimage\"},\"image\":{\"@id\":\"https:\\\/\\\/astridlindgrensvarld.se\\\/de\\\/karten\\\/#primaryimage\"},\"thumbnailUrl\":\"https:\\\/\\\/astridlindgrensvarld.se\\\/wp-content\\\/uploads\\\/2023\\\/12\\\/alv-karta-comers-2023.jpg\",\"datePublished\":\"2024-03-25T14:44:39+00:00\",\"dateModified\":\"2025-08-21T12:31:04+00:00\",\"breadcrumb\":{\"@id\":\"https:\\\/\\\/astridlindgrensvarld.se\\\/de\\\/karten\\\/#breadcrumb\"},\"inLanguage\":\"de\",\"potentialAction\":[{\"@type\":\"ReadAction\",\"target\":[\"https:\\\/\\\/astridlindgrensvarld.se\\\/de\\\/karten\\\/\"]}]},{\"@type\":\"ImageObject\",\"inLanguage\":\"de\",\"@id\":\"https:\\\/\\\/astridlindgrensvarld.se\\\/de\\\/karten\\\/#primaryimage\",\"url\":\"https:\\\/\\\/astridlindgrensvarld.se\\\/wp-content\\\/uploads\\\/2023\\\/12\\\/alv-karta-comers-2023.jpg\",\"contentUrl\":\"https:\\\/\\\/astridlindgrensvarld.se\\\/wp-content\\\/uploads\\\/2023\\\/12\\\/alv-karta-comers-2023.jpg\",\"width\":2086,\"height\":1440},{\"@type\":\"BreadcrumbList\",\"@id\":\"https:\\\/\\\/astridlindgrensvarld.se\\\/de\\\/karten\\\/#breadcrumb\",\"itemListElement\":[{\"@type\":\"ListItem\",\"position\":1,\"name\":\"Home\",\"item\":\"https:\\\/\\\/astridlindgrensvarld.se\\\/de\\\/\"},{\"@type\":\"ListItem\",\"position\":2,\"name\":\"Karten\"}]},{\"@type\":\"WebSite\",\"@id\":\"https:\\\/\\\/astridlindgrensvarld.se\\\/#website\",\"url\":\"https:\\\/\\\/astridlindgrensvarld.se\\\/\",\"name\":\"Astrid Lindgrens V\u00e4rld\",\"description\":\"\",\"potentialAction\":[{\"@type\":\"SearchAction\",\"target\":{\"@type\":\"EntryPoint\",\"urlTemplate\":\"https:\\\/\\\/astridlindgrensvarld.se\\\/?s={search_term_string}\"},\"query-input\":{\"@type\":\"PropertyValueSpecification\",\"valueRequired\":true,\"valueName\":\"search_term_string\"}}],\"inLanguage\":\"de\"}]}<\/script>\n<!-- \/ Yoast SEO plugin. -->","yoast_head_json":{"title":"Karten | Astrid Lindgrens V\u00e4rld","robots":{"index":"index","follow":"follow","max-snippet":"max-snippet:-1","max-image-preview":"max-image-preview:large","max-video-preview":"max-video-preview:-1"},"canonical":"https:\/\/astridlindgrensvarld.se\/de\/karten\/","og_locale":"de_DE","og_type":"article","og_title":"Karten | Astrid Lindgrens V\u00e4rld","og_url":"https:\/\/astridlindgrensvarld.se\/de\/karten\/","og_site_name":"Astrid Lindgrens V\u00e4rld","article_modified_time":"2025-08-21T12:31:04+00:00","og_image":[{"width":2086,"height":1440,"url":"https:\/\/astridlindgrensvarld.se\/wp-content\/uploads\/2023\/12\/alv-karta-comers-2023.jpg","type":"image\/jpeg"}],"twitter_card":"summary_large_image","twitter_misc":{"Gesch\u00e4tzte Lesezeit":"1\u00a0Minute"},"schema":{"@context":"https:\/\/schema.org","@graph":[{"@type":"WebPage","@id":"https:\/\/astridlindgrensvarld.se\/de\/karten\/","url":"https:\/\/astridlindgrensvarld.se\/de\/karten\/","name":"Karten | Astrid Lindgrens V\u00e4rld","isPartOf":{"@id":"https:\/\/astridlindgrensvarld.se\/#website"},"primaryImageOfPage":{"@id":"https:\/\/astridlindgrensvarld.se\/de\/karten\/#primaryimage"},"image":{"@id":"https:\/\/astridlindgrensvarld.se\/de\/karten\/#primaryimage"},"thumbnailUrl":"https:\/\/astridlindgrensvarld.se\/wp-content\/uploads\/2023\/12\/alv-karta-comers-2023.jpg","datePublished":"2024-03-25T14:44:39+00:00","dateModified":"2025-08-21T12:31:04+00:00","breadcrumb":{"@id":"https:\/\/astridlindgrensvarld.se\/de\/karten\/#breadcrumb"},"inLanguage":"de","potentialAction":[{"@type":"ReadAction","target":["https:\/\/astridlindgrensvarld.se\/de\/karten\/"]}]},{"@type":"ImageObject","inLanguage":"de","@id":"https:\/\/astridlindgrensvarld.se\/de\/karten\/#primaryimage","url":"https:\/\/astridlindgrensvarld.se\/wp-content\/uploads\/2023\/12\/alv-karta-comers-2023.jpg","contentUrl":"https:\/\/astridlindgrensvarld.se\/wp-content\/uploads\/2023\/12\/alv-karta-comers-2023.jpg","width":2086,"height":1440},{"@type":"BreadcrumbList","@id":"https:\/\/astridlindgrensvarld.se\/de\/karten\/#breadcrumb","itemListElement":[{"@type":"ListItem","position":1,"name":"Home","item":"https:\/\/astridlindgrensvarld.se\/de\/"},{"@type":"ListItem","position":2,"name":"Karten"}]},{"@type":"WebSite","@id":"https:\/\/astridlindgrensvarld.se\/#website","url":"https:\/\/astridlindgrensvarld.se\/","name":"Astrid Lindgrens V\u00e4rld","description":"","potentialAction":[{"@type":"SearchAction","target":{"@type":"EntryPoint","urlTemplate":"https:\/\/astridlindgrensvarld.se\/?s={search_term_string}"},"query-input":{"@type":"PropertyValueSpecification","valueRequired":true,"valueName":"search_term_string"}}],"inLanguage":"de"}]}},"_links":{"self":[{"href":"https:\/\/astridlindgrensvarld.se\/de\/wp-json\/wp\/v2\/pages\/80965","targetHints":{"allow":["GET"]}}],"collection":[{"href":"https:\/\/astridlindgrensvarld.se\/de\/wp-json\/wp\/v2\/pages"}],"about":[{"href":"https:\/\/astridlindgrensvarld.se\/de\/wp-json\/wp\/v2\/types\/page"}],"author":[{"embeddable":true,"href":"https:\/\/astridlindgrensvarld.se\/de\/wp-json\/wp\/v2\/users\/8"}],"replies":[{"embeddable":true,"href":"https:\/\/astridlindgrensvarld.se\/de\/wp-json\/wp\/v2\/comments?post=80965"}],"version-history":[{"count":3,"href":"https:\/\/astridlindgrensvarld.se\/de\/wp-json\/wp\/v2\/pages\/80965\/revisions"}],"predecessor-version":[{"id":85154,"href":"https:\/\/astridlindgrensvarld.se\/de\/wp-json\/wp\/v2\/pages\/80965\/revisions\/85154"}],"wp:featuredmedia":[{"embeddable":true,"href":"https:\/\/astridlindgrensvarld.se\/de\/wp-json\/wp\/v2\/media\/74672"}],"wp:attachment":[{"href":"https:\/\/astridlindgrensvarld.se\/de\/wp-json\/wp\/v2\/media?parent=80965"}],"curies":[{"name":"wp","href":"https:\/\/api.w.org\/{rel}","templated":true}]}}