{"id":80963,"date":"2024-03-25T16:44:38","date_gmt":"2024-03-25T14:44:38","guid":{"rendered":"https:\/\/astridlindgrensvarld.se\/astrid-lindgrens-naes\/"},"modified":"2024-04-10T09:59:37","modified_gmt":"2024-04-10T07:59:37","slug":"astrid-lindgrens-naes","status":"publish","type":"page","link":"https:\/\/astridlindgrensvarld.se\/de\/astrid-lindgrens-naes\/","title":{"rendered":"Astrid Lindgrens N\u00e4s"},"content":{"rendered":"\n<div class=\"relative flex flex-col items-center  w-full h-screen max-h-[960px] mobile:mb-[200px] desktop:max-h-[780px] min-h-[700px] mobile:min-h-[500px] justify-start mobile:max-h-none mobile:h-full\">\n\t\t\t\t\t\t\t<img decoding=\"async\" class=\"top-0 object-cover w-full h-[60vh] max-h-[800px] min-h-[700px]  mobile:min-h-[540px]\" src=\"https:\/\/astridlindgrensvarld.se\/wp-content\/uploads\/2023\/06\/Nas-header.png\" alt=\"\">\n\t\t\t\t\t\t\t<div class=\"absolute bottom-0 mobile:bottom-[-200px] z-10 flex flex-col items-center w-full inner-contain gap-7 desktop-sm:px-4 mobile:px-2\">\n\t\t\t\t<div class=\"bg-whiteish px-[80px] py-6 mobile:p-2 flex flex-col items-center gap-4 mobile:gap-4 text-black text-center rounded-lg lg-shadow w-full\">\n\t\t\t\t\t<div class=\"flex flex-col items-center justify-start gap-1\">\n\n\t\t\t\t\t\t<h1 class=\"text-brightRed -hero\">Der Ursprung einer Erz\u00e4hlung<\/h1>\n\t\t\t\t\t\t\t\t\t\t\t<\/div>\n\n\t\t\t\t\t<p class=\"-large text-darkRed mobile:!text-[16px]\">Astrid Anna Emilia Ericsson wurde am 14. November 1907 hier auf dem Hof N\u00e4s als zweit\u00e4lteste von vier Geschwistern geboren. Sie und ihre Geschwister waren, zusammen mit den Kindern des Kuhbauern und den Kindern vom Pfarrhof nebenan, die wirklichen Kinder aus Bullerb\u00fc. Die Erz\u00e4hlungen \u00fcber ihre Spiele haben sich inzwischen \u00fcber die ganze Welt verbreitet.<\/p>\n\t\t\t\t\t\t\t\t\t\t\t\t\t\t<\/div>\n\t\t\t<\/div>\n\t\t\t<\/div>\n\n<div class=\"flex flex-col w-full m-auto py-7 fp-image-contain \">\n\t\t\t<div class=\"w-full min-h-[900px] mobile:min-h-[590px] overflow-hidden rounded-xl desktop-md:rounded-none flex justify-start items-center tablet:items-end mobile:px-0 fp-image-contain relative\">\n\t\t\t\t\t\t\t<img decoding=\"async\" data-aos=\"\" data-aos-duration=\"\" class=\"absolute object-cover w-full min-h-[900px] mobile:min-h-[590px] \" src=\"https:\/\/astridlindgrensvarld.se\/wp-content\/uploads\/2024\/01\/170707-orjan-17.jpg\" alt=\"\">\n\t\t\t\t\t\t<div class=\"relative z-10 flex items-center w-full h-full m-auto outer-contain tablet:max-w-[90%] mobile:max-w-none tablet:mb-7 mobile:mb-0\">\n\t\t\t\t<div class=\"flex  w-full\">\n\t\t\t\t\t<div class=\"flex flex-col items-center max-w-[50%] bg-whiteish lg-shadow p-6 mobile:px-4 mobile:mb-4 mobile:py-3 mobile:mx-4 rounded-lg gap-5 tablet:max-w-none mobile:w-full desktop-sm:mr-4 tablet:mr-0\">\n\t\t\t\t\t\t\t\t\t\t\t\t\t<h3 class=\"text-darkRed -demi mobile:text-center\">Astrid Lindgrens N\u00e4s ist ein Ort zum Spielen, jedoch auch um Ruhe zu finden<\/h3>\n\t\t\t\t\t\t\t\t\t\t\t\t<p class=\"text-blackish mobile:text-center\">Ein Besuch in Astrid Lindgrens N\u00e4s bringt Sie der beliebten Schriftstellerin n\u00e4her. Nehmen Sie an einer F\u00fchrung durch ihr Elternhaus teil, schauen Sie sich die Ausstellung \u00fcber das Leben von Astrid Lindgren an, bewundern Sie die G\u00e4rten und lassen Sie sich von Kunst und kreativen R\u00e4umen inspirieren. <\/p>\n\t\t\t\t\t\t\t\t\t\t\t\t\t<a class=\"text-brightRed group w-fit\" href=\"https:\/\/astridlindgrensnas.se\/de\/\" target=\"_blank\">\n\t\t\t\t\t\t\t\t<div class=\"flex items-center gap-5\">\n\t\t\t\t\t\t\t\t\t<p class=\"-pippi-poster\">Zu Astrid Lindgrens N\u00e4s<\/p>\n\t\t\t\t\t\t\t\t\t<img decoding=\"async\" class=\"hover-animation mobile:max-w-[2rem]\" src=\"https:\/\/astridlindgrensvarld.se\/wp-content\/uploads\/2023\/09\/alv-arrow.svg\" alt=\"\">\n\t\t\t\t\t\t\t\t<\/div>\n\t\t\t\t\t\t\t<\/a>\n\t\t\t\t\t\t\t\t\t\t\t<\/div>\n\t\t\t\t<\/div>\n\t\t\t<\/div>\n\t\t<\/div>\n\t\n<\/div>\n\n<div data-aos=\"\" data-aos-duration=\"\" class=\"flex flex-col items-start justify-center w-full mb-[-64px] tablet-lg:px-0 tablet-lg:mb-0 py-7\">\n\t<div class=\"relative z-0 items-center w-full m-auto inner-contain tablet-lg:max-w-none tablet-lg:px-0 tablet-lg:gap-4\">\n\t\t\t\t\t<div data-sliderid=\"barndomshem\" class=\"tablet-lg:px-4 mb-4 w-full rounded-lg tablet-lg:rounded-none justify-start flex overflow-hidden barndomshem tablet:mb-2 image-slider\">\n\t\t\t\t<div class=\"flex justify-center mobile:gap-0 swiper-wrapper tablet-lg:justify-start\">\n\t\t\t\t\t\t\t\t\t\t\t<img decoding=\"async\" src=\"https:\/\/astridlindgrensvarld.se\/wp-content\/uploads\/2024\/01\/nas-1799-idamagntorn.jpg\" alt=\"\" class=\"object-cover w-full rounded-lg mobile:max-w-full tablet-lg:mx-0 aspect-square swiper-slide\" \/>\n\t\t\t\t\t\t\t\t\t\t\t<img decoding=\"async\" src=\"https:\/\/astridlindgrensvarld.se\/wp-content\/uploads\/2024\/01\/vimmerby-40-b.jpg\" alt=\"\" class=\"object-cover w-full rounded-lg mobile:max-w-full tablet-lg:mx-0 aspect-square swiper-slide\" \/>\n\t\t\t\t\t\t\t\t\t\t\t<img decoding=\"async\" src=\"https:\/\/astridlindgrensvarld.se\/wp-content\/uploads\/2024\/01\/nas-1780-idamagntorn.jpg\" alt=\"\" class=\"object-cover w-full rounded-lg mobile:max-w-full tablet-lg:mx-0 aspect-square swiper-slide\" \/>\n\t\t\t\t\t\t\t\t\t<\/div>\n\t\t\t<\/div>\n\t\t\t<div class=\"!w-1\/2 !m-auto swiper-scrollbar barndomshem-scrollbar\"><\/div>\n\t\t\t<!-- <div class=\"swiper-pagination\"><\/div> -->\n\t\t\t\t\t\t\t<div class=\"flex justify-end tablet-lg:justify-center w-full relative top-[-64px] z-10 tablet-lg:top-4 tablet-lg:px-4\">\n\t\t\t\t<div class=\"flex flex-col items-start max-w-[50%] bg-whiteish p-6 mr-8 rounded-lg gap-5 mobile:px-4 mobile:py-5 tablet-lg:max-w-[90%] mobile:max-w-none mobile:w-full tablet-lg:mr-0 lg-shadow\">\n\t\t\t\t\t<h3 class=\"text-darkRed -demi\">Besuchen Sie das Elternhaus von Astrid Lindgren<\/h3>\n\t\t\t\t\t<p class=\"text-blackish text-[20px]\">Begleiten Sie uns auf einer F\u00fchrung und versetzen Sie sich in die Zeit, als Astrid Lindgren mit ihren drei Geschwistern, Eltern und vielen anderen, die auf dem Hof gearbeitet haben, aufwuchs. Das Haus sieht genauso aus wie damals, als Astrid ein kleines M\u00e4dchen war. Sie hat es in den 1960er Jahren selbst restauriert. <br \/>\n<\/p>\n\t\t\t\t\t\t\t\t\t<\/div>\n\t\t\t<\/div>\n\t\t\t<\/div>\n<\/div>\n\n<div class=\"flex flex-col w-full m-auto py-7 fp-image-contain mb-[-64px]\">\n\t\t\t\t\t\t<img decoding=\"async\" data-aos=\"\" data-aos-duration=\"\" class=\"top-0 object-cover w-full max-h-[900px] min-h-[600px] rounded-xl desktop-md:rounded-none\" src=\"https:\/\/astridlindgrensvarld.se\/wp-content\/uploads\/2024\/01\/astrid-lindgren-sagans-kraft-nas-006-lofi-fotograf-ristenstrand-norrkoping.jpg\" alt=\"\">\n\t\t\t\t<div class=\"flex\">\n\t\t\t<div class=\"flex  w-full relative top-[-64px] z-10 ml-8 tablet:w-[90%] tablet:m-auto\">\n\t\t\t\t<div class=\"flex flex-col items-start max-w-[50%] tablet:items-center bg-whiteish p-6 tablet:px-4 mr-8 rounded-lg gap-5 tablet:max-w-none mobile:w-full tablet:mr-0 lg-shadow\">\n\t\t\t\t\t\t\t\t\t\t\t<h3 class=\"text-darkRed mobile:text-center -demi\">Schauen Sie sich die Ausstellung \u00fcber Astrid Lindgren an<\/h3>\n\t\t\t\t\t\t\t\t\t\t<p class=\"text-blackish tablet:text-center\">Ein kleines M\u00e4dchen h\u00f6rt Anfang des 20. Jahrhunderts ihre erste Geschichte. Das versetzt ihre kindliche Seele in Schwingungen, die nie wieder wirklich zur Ruhe kommen werden. Das M\u00e4dchen hei\u00dft Astrid und wird zu Schwedens gr\u00f6\u00dfter Kinderbuchautorin heranwachsen. In der Ausstellung \u201eAstrid Lindgren und die Kraft des Erz\u00e4hlens\u201c lernen Sie das kleine M\u00e4dchen kennen, das auf dem Hof \u200b\u200bN\u00e4s aufw\u00e4chst, und Sie begleiten sie durch ihr Leben.<\/p>\n\t\t\t\t\t\t\t\t\t\t\t<a class=\"text-brightRed group w-fit\" href=\"https:\/\/astridlindgrensnas.se\/de\/\" target=\"_blank\">\n\t\t\t\t\t\t\t<div class=\"flex items-center gap-5\">\n\t\t\t\t\t\t\t\t<p class=\"-pippi-poster\">Mehr \u00fcber die Ausstellung erfahren<\/p>\n\t\t\t\t\t\t\t\t<img decoding=\"async\" class=\"hover-animation mobile:max-w-[2rem]\" src=\"https:\/\/astridlindgrensvarld.se\/wp-content\/uploads\/2023\/09\/alv-arrow.svg\" alt=\"\">\n\t\t\t\t\t\t\t<\/div>\n\t\t\t\t\t\t<\/a>\n\t\t\t\t\t\t\t\t\t<\/div>\n\t\t\t<\/div>\n\t\t<\/div>\n\t\n<\/div>\n\n<div data-aos=\"\" data-aos-duration=\"\" class=\"flex flex-col items-start justify-center w-full mb-[-64px] tablet-lg:px-0 tablet-lg:mb-0 py-7\">\n\t<div class=\"relative z-0 items-center w-full m-auto inner-contain tablet-lg:max-w-none tablet-lg:px-0 tablet-lg:gap-4\">\n\t\t\t\t\t<div data-sliderid=\"nas\" class=\"tablet-lg:px-4 mb-4 w-full rounded-lg tablet-lg:rounded-none justify-start flex overflow-hidden nas tablet:mb-2 image-slider\">\n\t\t\t\t<div class=\"flex justify-center mobile:gap-0 swiper-wrapper tablet-lg:justify-start\">\n\t\t\t\t\t\t\t\t\t\t\t<img decoding=\"async\" src=\"https:\/\/astridlindgrensvarld.se\/wp-content\/uploads\/2024\/01\/melankolin-1459-idamagntorn.jpg\" alt=\"\" class=\"object-cover w-full rounded-lg mobile:max-w-full tablet-lg:mx-0 aspect-square swiper-slide\" \/>\n\t\t\t\t\t\t\t\t\t\t\t<img decoding=\"async\" src=\"https:\/\/astridlindgrensvarld.se\/wp-content\/uploads\/2024\/01\/lovsalen-683-idamagntorn.jpg\" alt=\"\" class=\"object-cover w-full rounded-lg mobile:max-w-full tablet-lg:mx-0 aspect-square swiper-slide\" \/>\n\t\t\t\t\t\t\t\t\t\t\t<img decoding=\"async\" src=\"https:\/\/astridlindgrensvarld.se\/wp-content\/uploads\/2024\/01\/nas-342-idamagntorn.jpg\" alt=\"\" class=\"object-cover w-full rounded-lg mobile:max-w-full tablet-lg:mx-0 aspect-square swiper-slide\" \/>\n\t\t\t\t\t\t\t\t\t<\/div>\n\t\t\t<\/div>\n\t\t\t<div class=\"!w-1\/2 !m-auto swiper-scrollbar nas-scrollbar\"><\/div>\n\t\t\t<!-- <div class=\"swiper-pagination\"><\/div> -->\n\t\t\t\t\t\t\t<div class=\"flex justify-end tablet-lg:justify-center w-full relative top-[-64px] z-10 tablet-lg:top-4 tablet-lg:px-4\">\n\t\t\t\t<div class=\"flex flex-col items-start max-w-[50%] bg-whiteish p-6 mr-8 rounded-lg gap-5 mobile:px-4 mobile:py-5 tablet-lg:max-w-[90%] mobile:max-w-none mobile:w-full tablet-lg:mr-0 lg-shadow\">\n\t\t\t\t\t<h3 class=\"text-darkRed -demi\">Spazieren Sie durch die G\u00e4rten<\/h3>\n\t\t\t\t\t<p class=\"text-blackish text-[20px]\">Unsere G\u00e4rten sind ein erz\u00e4hlender Garten, der aus verschiedenen R\u00e4umen besteht, in denen jeder Teil ein spezielles Thema hat, das irgendwie mit Astrid Lindgren und ihrem Werk zusammenh\u00e4ngt. Hier mischen sich Laubs\u00e4le und Moosbeete mit verspielten Skulpturen und Nesselg\u00e4rten \u2013 alles mit einem Duft der sm\u00e5l\u00e4ndischen Natur, die Astrid Lindgren so am Herzen lag. <\/p>\n\t\t\t\t\t\t\t\t\t\t\t<a class=\"text-brightRed group\" href=\"https:\/\/astridlindgrensnas.se\/de\/die-gaerten\/\" target=\"_blank\">\n\t\t\t\t\t\t\t<div class=\"flex items-center gap-5\">\n\t\t\t\t\t\t\t\t<p class=\"-pippi-poster\">Mehr \u00fcber die G\u00e4rten erfahren<\/p>\n\t\t\t\t\t\t\t\t\t\t\t\t\t\t\t\t\t<img decoding=\"async\" class=\"hover-animation mobile:max-w-[2rem]\" src=\"https:\/\/astridlindgrensvarld.se\/wp-content\/uploads\/2023\/09\/alv-arrow.svg\" alt=\"\">\n\t\t\t\t\t\t\t\t\t\t\t\t\t\t\t<\/div>\n\t\t\t\t\t\t<\/a>\n\t\t\t\t\t\t\t\t\t<\/div>\n\t\t\t<\/div>\n\t\t\t<\/div>\n<\/div>","protected":false},"excerpt":{"rendered":"","protected":false},"author":5,"featured_media":78402,"parent":0,"menu_order":0,"comment_status":"closed","ping_status":"closed","template":"","meta":{"_acf_changed":false,"footnotes":""},"class_list":["post-80963","page","type-page","status-publish","has-post-thumbnail","hentry"],"acf":[],"yoast_head":"<!-- This site is optimized with the Yoast SEO plugin v27.4 - https:\/\/yoast.com\/product\/yoast-seo-wordpress\/ -->\n<title>Astrid Lindgrens N\u00e4s | Astrid Lindgrens V\u00e4rld<\/title>\n<meta name=\"robots\" content=\"index, follow, max-snippet:-1, max-image-preview:large, max-video-preview:-1\" \/>\n<link rel=\"canonical\" href=\"https:\/\/astridlindgrensvarld.se\/de\/astrid-lindgrens-naes\/\" \/>\n<meta property=\"og:locale\" content=\"de_DE\" \/>\n<meta property=\"og:type\" content=\"article\" \/>\n<meta property=\"og:title\" content=\"Astrid Lindgrens N\u00e4s | Astrid Lindgrens V\u00e4rld\" \/>\n<meta property=\"og:url\" content=\"https:\/\/astridlindgrensvarld.se\/de\/astrid-lindgrens-naes\/\" \/>\n<meta property=\"og:site_name\" content=\"Astrid Lindgrens V\u00e4rld\" \/>\n<meta property=\"article:modified_time\" content=\"2024-04-10T07:59:37+00:00\" \/>\n<meta property=\"og:image\" content=\"https:\/\/astridlindgrensvarld.se\/wp-content\/uploads\/2024\/01\/aln-2018-exterior-161-fullres.jpg\" \/>\n\t<meta property=\"og:image:width\" content=\"2435\" \/>\n\t<meta property=\"og:image:height\" content=\"1440\" \/>\n\t<meta property=\"og:image:type\" content=\"image\/jpeg\" \/>\n<meta name=\"twitter:card\" content=\"summary_large_image\" \/>\n<meta name=\"twitter:label1\" content=\"Gesch\u00e4tzte Lesezeit\" \/>\n\t<meta name=\"twitter:data1\" content=\"1\u00a0Minute\" \/>\n<script type=\"application\/ld+json\" class=\"yoast-schema-graph\">{\"@context\":\"https:\\\/\\\/schema.org\",\"@graph\":[{\"@type\":\"WebPage\",\"@id\":\"https:\\\/\\\/astridlindgrensvarld.se\\\/de\\\/astrid-lindgrens-naes\\\/\",\"url\":\"https:\\\/\\\/astridlindgrensvarld.se\\\/de\\\/astrid-lindgrens-naes\\\/\",\"name\":\"Astrid Lindgrens N\u00e4s | Astrid Lindgrens V\u00e4rld\",\"isPartOf\":{\"@id\":\"https:\\\/\\\/astridlindgrensvarld.se\\\/#website\"},\"primaryImageOfPage\":{\"@id\":\"https:\\\/\\\/astridlindgrensvarld.se\\\/de\\\/astrid-lindgrens-naes\\\/#primaryimage\"},\"image\":{\"@id\":\"https:\\\/\\\/astridlindgrensvarld.se\\\/de\\\/astrid-lindgrens-naes\\\/#primaryimage\"},\"thumbnailUrl\":\"https:\\\/\\\/astridlindgrensvarld.se\\\/wp-content\\\/uploads\\\/2024\\\/01\\\/aln-2018-exterior-161-fullres.jpg\",\"datePublished\":\"2024-03-25T14:44:38+00:00\",\"dateModified\":\"2024-04-10T07:59:37+00:00\",\"breadcrumb\":{\"@id\":\"https:\\\/\\\/astridlindgrensvarld.se\\\/de\\\/astrid-lindgrens-naes\\\/#breadcrumb\"},\"inLanguage\":\"de\",\"potentialAction\":[{\"@type\":\"ReadAction\",\"target\":[\"https:\\\/\\\/astridlindgrensvarld.se\\\/de\\\/astrid-lindgrens-naes\\\/\"]}]},{\"@type\":\"ImageObject\",\"inLanguage\":\"de\",\"@id\":\"https:\\\/\\\/astridlindgrensvarld.se\\\/de\\\/astrid-lindgrens-naes\\\/#primaryimage\",\"url\":\"https:\\\/\\\/astridlindgrensvarld.se\\\/wp-content\\\/uploads\\\/2024\\\/01\\\/aln-2018-exterior-161-fullres.jpg\",\"contentUrl\":\"https:\\\/\\\/astridlindgrensvarld.se\\\/wp-content\\\/uploads\\\/2024\\\/01\\\/aln-2018-exterior-161-fullres.jpg\",\"width\":2435,\"height\":1440},{\"@type\":\"BreadcrumbList\",\"@id\":\"https:\\\/\\\/astridlindgrensvarld.se\\\/de\\\/astrid-lindgrens-naes\\\/#breadcrumb\",\"itemListElement\":[{\"@type\":\"ListItem\",\"position\":1,\"name\":\"Home\",\"item\":\"https:\\\/\\\/astridlindgrensvarld.se\\\/de\\\/\"},{\"@type\":\"ListItem\",\"position\":2,\"name\":\"Astrid Lindgrens N\u00e4s\"}]},{\"@type\":\"WebSite\",\"@id\":\"https:\\\/\\\/astridlindgrensvarld.se\\\/#website\",\"url\":\"https:\\\/\\\/astridlindgrensvarld.se\\\/\",\"name\":\"Astrid Lindgrens V\u00e4rld\",\"description\":\"\",\"potentialAction\":[{\"@type\":\"SearchAction\",\"target\":{\"@type\":\"EntryPoint\",\"urlTemplate\":\"https:\\\/\\\/astridlindgrensvarld.se\\\/?s={search_term_string}\"},\"query-input\":{\"@type\":\"PropertyValueSpecification\",\"valueRequired\":true,\"valueName\":\"search_term_string\"}}],\"inLanguage\":\"de\"}]}<\/script>\n<!-- \/ Yoast SEO plugin. -->","yoast_head_json":{"title":"Astrid Lindgrens N\u00e4s | Astrid Lindgrens V\u00e4rld","robots":{"index":"index","follow":"follow","max-snippet":"max-snippet:-1","max-image-preview":"max-image-preview:large","max-video-preview":"max-video-preview:-1"},"canonical":"https:\/\/astridlindgrensvarld.se\/de\/astrid-lindgrens-naes\/","og_locale":"de_DE","og_type":"article","og_title":"Astrid Lindgrens N\u00e4s | Astrid Lindgrens V\u00e4rld","og_url":"https:\/\/astridlindgrensvarld.se\/de\/astrid-lindgrens-naes\/","og_site_name":"Astrid Lindgrens V\u00e4rld","article_modified_time":"2024-04-10T07:59:37+00:00","og_image":[{"width":2435,"height":1440,"url":"https:\/\/astridlindgrensvarld.se\/wp-content\/uploads\/2024\/01\/aln-2018-exterior-161-fullres.jpg","type":"image\/jpeg"}],"twitter_card":"summary_large_image","twitter_misc":{"Gesch\u00e4tzte Lesezeit":"1\u00a0Minute"},"schema":{"@context":"https:\/\/schema.org","@graph":[{"@type":"WebPage","@id":"https:\/\/astridlindgrensvarld.se\/de\/astrid-lindgrens-naes\/","url":"https:\/\/astridlindgrensvarld.se\/de\/astrid-lindgrens-naes\/","name":"Astrid Lindgrens N\u00e4s | Astrid Lindgrens V\u00e4rld","isPartOf":{"@id":"https:\/\/astridlindgrensvarld.se\/#website"},"primaryImageOfPage":{"@id":"https:\/\/astridlindgrensvarld.se\/de\/astrid-lindgrens-naes\/#primaryimage"},"image":{"@id":"https:\/\/astridlindgrensvarld.se\/de\/astrid-lindgrens-naes\/#primaryimage"},"thumbnailUrl":"https:\/\/astridlindgrensvarld.se\/wp-content\/uploads\/2024\/01\/aln-2018-exterior-161-fullres.jpg","datePublished":"2024-03-25T14:44:38+00:00","dateModified":"2024-04-10T07:59:37+00:00","breadcrumb":{"@id":"https:\/\/astridlindgrensvarld.se\/de\/astrid-lindgrens-naes\/#breadcrumb"},"inLanguage":"de","potentialAction":[{"@type":"ReadAction","target":["https:\/\/astridlindgrensvarld.se\/de\/astrid-lindgrens-naes\/"]}]},{"@type":"ImageObject","inLanguage":"de","@id":"https:\/\/astridlindgrensvarld.se\/de\/astrid-lindgrens-naes\/#primaryimage","url":"https:\/\/astridlindgrensvarld.se\/wp-content\/uploads\/2024\/01\/aln-2018-exterior-161-fullres.jpg","contentUrl":"https:\/\/astridlindgrensvarld.se\/wp-content\/uploads\/2024\/01\/aln-2018-exterior-161-fullres.jpg","width":2435,"height":1440},{"@type":"BreadcrumbList","@id":"https:\/\/astridlindgrensvarld.se\/de\/astrid-lindgrens-naes\/#breadcrumb","itemListElement":[{"@type":"ListItem","position":1,"name":"Home","item":"https:\/\/astridlindgrensvarld.se\/de\/"},{"@type":"ListItem","position":2,"name":"Astrid Lindgrens N\u00e4s"}]},{"@type":"WebSite","@id":"https:\/\/astridlindgrensvarld.se\/#website","url":"https:\/\/astridlindgrensvarld.se\/","name":"Astrid Lindgrens V\u00e4rld","description":"","potentialAction":[{"@type":"SearchAction","target":{"@type":"EntryPoint","urlTemplate":"https:\/\/astridlindgrensvarld.se\/?s={search_term_string}"},"query-input":{"@type":"PropertyValueSpecification","valueRequired":true,"valueName":"search_term_string"}}],"inLanguage":"de"}]}},"_links":{"self":[{"href":"https:\/\/astridlindgrensvarld.se\/de\/wp-json\/wp\/v2\/pages\/80963","targetHints":{"allow":["GET"]}}],"collection":[{"href":"https:\/\/astridlindgrensvarld.se\/de\/wp-json\/wp\/v2\/pages"}],"about":[{"href":"https:\/\/astridlindgrensvarld.se\/de\/wp-json\/wp\/v2\/types\/page"}],"author":[{"embeddable":true,"href":"https:\/\/astridlindgrensvarld.se\/de\/wp-json\/wp\/v2\/users\/5"}],"replies":[{"embeddable":true,"href":"https:\/\/astridlindgrensvarld.se\/de\/wp-json\/wp\/v2\/comments?post=80963"}],"version-history":[{"count":2,"href":"https:\/\/astridlindgrensvarld.se\/de\/wp-json\/wp\/v2\/pages\/80963\/revisions"}],"predecessor-version":[{"id":81935,"href":"https:\/\/astridlindgrensvarld.se\/de\/wp-json\/wp\/v2\/pages\/80963\/revisions\/81935"}],"wp:featuredmedia":[{"embeddable":true,"href":"https:\/\/astridlindgrensvarld.se\/de\/wp-json\/wp\/v2\/media\/78402"}],"wp:attachment":[{"href":"https:\/\/astridlindgrensvarld.se\/de\/wp-json\/wp\/v2\/media?parent=80963"}],"curies":[{"name":"wp","href":"https:\/\/api.w.org\/{rel}","templated":true}]}}