{"id":80959,"date":"2024-03-25T16:44:37","date_gmt":"2024-03-25T14:44:37","guid":{"rendered":"https:\/\/astridlindgrensvarld.se\/unterkunft\/"},"modified":"2024-11-22T11:59:17","modified_gmt":"2024-11-22T09:59:17","slug":"unterkunft","status":"publish","type":"page","link":"https:\/\/astridlindgrensvarld.se\/de\/unterkunft\/","title":{"rendered":"Unterkunft"},"content":{"rendered":"\n<div class=\"flex items-stretch min-h-[800px] h-[80dvh] desktop-sm:h-full bg-whiteish justify-center w-full\">\n\t<div class=\"flex items-end desktop-sm:items-stretch justify-center w-full desktop-sm:flex-col-reverse bg-[#dde2c4]\">\n\t\t<div class=\"flex items-center justify-center w-full h-full pt-7 pb-7 bg-whiteish\">\n\t\t\t<div class=\"grid w-full grid-cols-1 gap-6 max-w-[55rem] px-6 tablet:gap-6 tablet:px-4 desktop-sm:max-w-[50rem]\">\n\t\t\t\t\n\t\t\t\t\t\t\t\t\t\t\t<div class=\"flex items-center w-full gap-5 desktop-sm:flex-col\">\n\t\t\t\t\t\t\t<img decoding=\"async\" class=\"object-cover max-h-[12rem] tablet:w-full desktop-sm:max-h-[25rem] desktop-sm:aspect-video aspect-square rounded-lg\" src=\"https:\/\/astridlindgrensvarld.se\/wp-content\/uploads\/2023\/04\/lilla-staden.jpg\" alt=\"\">\n\t\t\t\t\t\t\t<div class=\"flex flex-col w-full gap-1\">\n\t\t\t\t\t\t\t\t<h3 class=\"-small text-darkRed\">H\u00e4user und H\u00fctten in der Kleinen Stadt<\/h3>\n\t\t\t\t\t\t\t\t\t\t\t\t\t\t\t\t\t<div class=\"flex flex-wrap items-center justify-start gap-x-4 gap-y-1\">\n\n\t\t\t\t\t\t\t\t\t\t\t\t\t\t\t\t\t\t\t\t\t<p class=\"text-base text-brightRed\">50 Meter zum Eingang<\/p>\n\t\t\t\t\t\t\t\t\t\t\t\t\t\t\t\t\t\t\t\t\t<p class=\"text-base text-brightRed\">Haus f\u00fcr 5-13 Personen<\/p>\n\t\t\t\t\t\t\t\t\t\t\t\t\t\t\t\t\t\t\t<\/div>\n\t\t\t\t\t\t\t\t\t\t\t\t\t\t\t\t<p class=\"w-3\/4 text-base text-darkRed mobile:w-full\">Direkt neben Astrid Lindgrens Welt liegt die G\u00e4steunterkunft \u201eDie Kleine Stadt\u201c, mit gem\u00fctlichen, thematisch gestalteten H\u00fctten und H\u00e4usern, die sich in Gassen und Innenh\u00f6fen befinden.<\/p>\n\t\t\t\t\t\t\t\t\t\t\t\t\t\t\t\t\t<div class=\"flex items-center justify-start gap-3 mt-2\">\n\n\t\t\t\t\t\t\t\t\t\t\t\t\t\t\t\t\t\t\t\t\t\t\t\t\t\t\t\t\t\t\t\t\t<a class=\"btn bg-brightRed \" href=\"https:\/\/astridlindgrensvarld.se\/de\/unterkunft\/bleiben\/der-kleinen-stadt\/\" target=\"\">\n\t\t\t\t\t\t\t\t\t\t\t\t\t<p class=\"-button\">\n\t\t\t\t\t\t\t\t\t\t\t\t\t\tMehr lesen und buchen\t\t\t\t\t\t\t\t\t\t\t\t\t<\/p>\n\t\t\t\t\t\t\t\t\t\t\t\t<\/a>\n\t\t\t\t\t\t\t\t\t\t\t\t\t\t\t\t\t\t\t\t\t\t\t\t\t\t\t\t\t\t<\/div>\n\t\t\t\t\t\t\t\t\n\t\t\t\t\t\t\t<\/div>\n\t\t\t\t\t\t<\/div>\n\t\t\t\t\t\t\t\t\t\t\t<div class=\"flex items-center w-full gap-5 desktop-sm:flex-col\">\n\t\t\t\t\t\t\t<img decoding=\"async\" class=\"object-cover max-h-[12rem] tablet:w-full desktop-sm:max-h-[25rem] desktop-sm:aspect-video aspect-square rounded-lg\" src=\"https:\/\/astridlindgrensvarld.se\/wp-content\/uploads\/2024\/11\/oxgarden-5.webp\" alt=\"\">\n\t\t\t\t\t\t\t<div class=\"flex flex-col w-full gap-1\">\n\t\t\t\t\t\t\t\t<h3 class=\"-small text-darkRed\">Wohnungen im Oxg\u00e5rden<\/h3>\n\t\t\t\t\t\t\t\t\t\t\t\t\t\t\t\t\t<div class=\"flex flex-wrap items-center justify-start gap-x-4 gap-y-1\">\n\n\t\t\t\t\t\t\t\t\t\t\t\t\t\t\t\t\t\t\t\t\t<p class=\"text-base text-brightRed\">700 Meter zum Park<\/p>\n\t\t\t\t\t\t\t\t\t\t\t\t\t\t\t\t\t\t\t\t\t<p class=\"text-base text-brightRed\">Wohnungen f\u00fcr 4-12 Personen<\/p>\n\t\t\t\t\t\t\t\t\t\t\t\t\t\t\t\t\t\t\t<\/div>\n\t\t\t\t\t\t\t\t\t\t\t\t\t\t\t\t<p class=\"w-3\/4 text-base text-darkRed mobile:w-full\">In bequemer Gehweite von Astrid Lindgrens Welt und in der N\u00e4he von Astrid Lindgrens N\u00e4s bietet Oxg\u00e5rden Wohnungen, die sowohl f\u00fcr kleinere als auch f\u00fcr gr\u00f6\u00dfere Gruppen geeignet sind.<\/p>\n\t\t\t\t\t\t\t\t\t\t\t\t\t\t\t\t\t<div class=\"flex items-center justify-start gap-3 mt-2\">\n\n\t\t\t\t\t\t\t\t\t\t\t\t\t\t\t\t\t\t\t\t\t\t\t\t\t\t\t\t\t\t\t\t\t<a class=\"btn bg-brightRed \" href=\"https:\/\/astridlindgrensvarld.se\/de\/unterkunft\/bleiben\/wohnungen\/\" target=\"\">\n\t\t\t\t\t\t\t\t\t\t\t\t\t<p class=\"-button\">\n\t\t\t\t\t\t\t\t\t\t\t\t\t\tMehr lesen und buchen\t\t\t\t\t\t\t\t\t\t\t\t\t<\/p>\n\t\t\t\t\t\t\t\t\t\t\t\t<\/a>\n\t\t\t\t\t\t\t\t\t\t\t\t\t\t\t\t\t\t\t\t\t\t\t\t\t\t\t\t\t\t<\/div>\n\t\t\t\t\t\t\t\t\n\t\t\t\t\t\t\t<\/div>\n\t\t\t\t\t\t<\/div>\n\t\t\t\t\t\t\t\t\t\t\t<div class=\"flex items-center w-full gap-5 desktop-sm:flex-col\">\n\t\t\t\t\t\t\t<img decoding=\"async\" class=\"object-cover max-h-[12rem] tablet:w-full desktop-sm:max-h-[25rem] desktop-sm:aspect-video aspect-square rounded-lg\" src=\"https:\/\/astridlindgrensvarld.se\/wp-content\/uploads\/2023\/04\/Stallplats.jpg\" alt=\"\">\n\t\t\t\t\t\t\t<div class=\"flex flex-col w-full gap-1\">\n\t\t\t\t\t\t\t\t<h3 class=\"-small text-darkRed\">Stellplatz f\u00fcr Wohnmobile und Wohnwagen<\/h3>\n\t\t\t\t\t\t\t\t\t\t\t\t\t\t\t\t\t<div class=\"flex flex-wrap items-center justify-start gap-x-4 gap-y-1\">\n\n\t\t\t\t\t\t\t\t\t\t\t\t\t\t\t\t\t\t\t\t\t<p class=\"text-base text-brightRed\">150 Meter zum Park<\/p>\n\t\t\t\t\t\t\t\t\t\t\t\t\t\t\t\t\t\t\t\t\t<p class=\"text-base text-brightRed\">Strom &#038; WLAN<\/p>\n\t\t\t\t\t\t\t\t\t\t\t\t\t\t\t\t\t\t\t<\/div>\n\t\t\t\t\t\t\t\t\t\t\t\t\t\t\t\t<p class=\"w-3\/4 text-base text-darkRed mobile:w-full\">Auf unserem Stellplatz f\u00fcr Wohnmobile und Wohnwagen k\u00f6nnen Sie in der N\u00e4he des Haupteingangs von Astrid Lindgrens Welt und dem Zentrum von Vimmerby \u00fcbernachten.<\/p>\n\t\t\t\t\t\t\t\t\t\t\t\t\t\t\t\t\t<div class=\"flex items-center justify-start gap-3 mt-2\">\n\n\t\t\t\t\t\t\t\t\t\t\t\t\t\t\t\t\t\t\t\t\t\t\t\t\t\t\t\t\t\t\t\t\t<a class=\"btn bg-brightRed \" href=\"https:\/\/astridlindgrensvarld.se\/de\/unterkunft\/bleiben\/stellplatz\/\" target=\"\">\n\t\t\t\t\t\t\t\t\t\t\t\t\t<p class=\"-button\">\n\t\t\t\t\t\t\t\t\t\t\t\t\t\tMehr lesen und buchen\t\t\t\t\t\t\t\t\t\t\t\t\t<\/p>\n\t\t\t\t\t\t\t\t\t\t\t\t<\/a>\n\t\t\t\t\t\t\t\t\t\t\t\t\t\t\t\t\t\t\t\t\t\t\t\t\t\t\t\t\t\t\t\t\t\t\t\t\t\t\t\t\t\t\t\t\t\t\t\t\t\t\t<\/div>\n\t\t\t\t\t\t\t\t\n\t\t\t\t\t\t\t<\/div>\n\t\t\t\t\t\t<\/div>\n\t\t\t\t\t\t\t\t\t\t\t\t<\/div>\n\t\t<\/div>\n\t\t\t\t\t<div class=\"h-full w-full flex items-end justify-center desktop:w-[90%] max-h-[80dvh] desktop-sm:w-full desktop-sm:max-h-[45rem] relative z-10 bg-[#dde2c4]\">\n\t\t\t\t<img decoding=\"async\" class=\"object-contain object-bottom w-full h-full\" src=\"https:\/\/astridlindgrensvarld.se\/wp-content\/uploads\/2024\/11\/image-7.jpg\" alt=\"\">\n\t\t\t<\/div>\n\t\t\t<\/div>\n<\/div>\n\n\n<div class=\"flex items-center justify-center w-full px-4 py-7\">\n\t<div data-aos=\"\" data-aos-duration=\"\" class=\"flex flex-col w-full gap-5 m-auto text-center inner-contain\">\n\t\t\t\t\t<h2 class=\"text-brightRed\">\u00dcbernachten in Astrid Lindgrens Welt<\/h2>\n\t\t\t\t<p class=\"-large text-red\">Neben Astrid Lindgrens Welt gibt es \u00dcbernachtungsm\u00f6glichkeiten f\u00fcr alle, die mehr erleben m\u00f6chten. Direkt neben dem Park liegt Die Kleine Stadt, wo Sie in einzigartigen H\u00fctten und H\u00e4usern oder in Standardh\u00fctten am Waldrand, \u201eSkogsgl\u00e4ntan\u201c, wohnen. In bequemer Gehweite (700 m) liegt Oxg\u00e5rden mit Wohnungen rund um drei verschiedene H\u00f6fe. F\u00fcr diejenigen mit Wohnwagen oder Wohnmobil gibt es einen Stellplatz nur 150 Meter vom Haupteingang zu Astrid Lindgrens Welt entfernt<\/p>\n\t\t\t<\/div>\n<\/div>\n\n\n<div class=\"flex flex-col items-center justify-center w-full gap-5 py-7 tablet:py-7 desktop:px-0 tablet-lg:px-0\">\n\t\t\t\t<div class=\"w-full h-full gap-5 m-auto inner-contain tablet-lg:max-w-none tablet-lg:px-0\">\n\t\t\t<div data-sliderid=\"booking-info\" class=\"overflow-hidden image-slider tablet-lg:px-4 booking-info\">\n\t\t\t\t<div class=\"swiper-wrapper tablet:justify-start\">\n\t\t\t\t\t\t\t\t\t\t\t\t\t\t\t\t\t\t<div class=\"swiper-slide\">\n\t\t\t\t\t\t\t\t\t\t\t\t\t\t\t\t\t<a href=\"https:\/\/astridlindgrensvarld.se\/de\/unterkunft\/angebote-und-pakete\/\" class=\"relative flex flex-col items-center justify-between group max-h-[40rem]\">\n\t\t\t\t\t\t\t\t\t\t<div class=\"mb-5 overflow-hidden rounded-lg\">\n\t\t\t\t\t\t\t\t\t\t\t<img decoding=\"async\" class=\"object-cover w-full transition-all duration-700 aspect-standing group-hover:scale-110\" src=\"https:\/\/astridlindgrensvarld.se\/wp-content\/uploads\/2024\/01\/tvatt-1-1440x1440px.jpg\" alt=\"\">\n\t\t\t\t\t\t\t\t\t\t<\/div>\n\t\t\t\t\t\t\t\t\t\t<div class=\"absolute bottom-0 flex flex-col gap-3 p-5 mx-4 rounded-lg bg-whiteish sm-shadow mobile:px-4 w-[90%]\">\n\t\t\t\t\t\t\t\t\t\t\t<h4 class=\"text-red mobile:text-[18px]\">Angebote und Pakete<\/h4>\n\t\t\t\t\t\t\t\t\t\t\t<p class=\"text-blackish\">Wenn Sie eines unserer Pakete buchen, erhalten Sie mehr Inhalt f\u00fcr Ihr Geld und unsere Unterk\u00fcnfte liegen direkt neben dem Park.<\/p>\n\t\t\t\t\t\t\t\t\t\t<\/div>\n\t\t\t\t\t\t\t\t\t<\/a>\n\t\t\t\t\t\t\t\t\t\t\t\t\t\t\t<\/div>\n\t\t\t\t\t\t\t\t\t\t\t\t\t<div class=\"swiper-slide\">\n\t\t\t\t\t\t\t\t\t\t\t\t\t\t\t\t\t<a href=\"https:\/\/astridlindgrensvarld.se\/de\/unterkunft\/unsere-haeuser-und-huetten\/\" class=\"relative flex flex-col items-center justify-between group max-h-[40rem]\">\n\t\t\t\t\t\t\t\t\t\t<div class=\"mb-5 overflow-hidden rounded-lg\">\n\t\t\t\t\t\t\t\t\t\t\t<img decoding=\"async\" class=\"object-cover w-full transition-all duration-700 aspect-standing group-hover:scale-110\" src=\"https:\/\/astridlindgrensvarld.se\/wp-content\/uploads\/2024\/01\/boende-ute-8-1440x1440px.jpg\" alt=\"\">\n\t\t\t\t\t\t\t\t\t\t<\/div>\n\t\t\t\t\t\t\t\t\t\t<div class=\"absolute bottom-0 flex flex-col gap-3 p-5 mx-4 rounded-lg bg-whiteish sm-shadow mobile:px-4 w-[90%]\">\n\t\t\t\t\t\t\t\t\t\t\t<h4 class=\"text-red mobile:text-[18px]\">Unsere H\u00e4user und H\u00fctten<\/h4>\n\t\t\t\t\t\t\t\t\t\t\t<p class=\"text-blackish\">Hier k\u00f6nnen Sie in Arbeiterh\u00e4usern, Dorfh\u00e4usern, H\u00fctten und gem\u00fctlichen kleinen H\u00f6fen oder warum nicht in einer stattlichen Direktorenvilla \u00fcbernachten.<\/p>\n\t\t\t\t\t\t\t\t\t\t<\/div>\n\t\t\t\t\t\t\t\t\t<\/a>\n\t\t\t\t\t\t\t\t\t\t\t\t\t\t\t<\/div>\n\t\t\t\t\t\t\t\t\t\t\t\t\t<div class=\"swiper-slide\">\n\t\t\t\t\t\t\t\t\n\t\t\t\t\t\t\t\t\t<a href=\"https:\/\/astridlindgrensvarld.se\/de\/unterkunft\/sonstige-unterkuenfte\/\" class=\"relative flex flex-col items-center justify-between group max-h-[40rem]\">\n\t\t\t\t\t\t\t\t\t\t<div class=\"mb-5 overflow-hidden rounded-lg\">\n\t\t\t\t\t\t\t\t\t\t\t<img decoding=\"async\" class=\"object-cover w-full transition-all duration-700 aspect-standing group-hover:scale-110\" src=\"https:\/\/astridlindgrensvarld.se\/wp-content\/uploads\/2024\/01\/ovrigaboenden.jpg\" alt=\"\">\n\t\t\t\t\t\t\t\t\t\t<\/div>\n\t\t\t\t\t\t\t\t\t\t<div class=\"absolute bottom-0 flex flex-col gap-3 p-5 mx-4 rounded-lg bg-whiteish sm-shadow mobile:px-4 w-[90%]\">\n\t\t\t\t\t\t\t\t\t\t\t<h4 class=\"text-red mobile:text-[18px]\">Sonstige Unterk\u00fcnfte<\/h4>\n\t\t\t\t\t\t\t\t\t\t\t<p class=\"text-blackish\">Abgesehen von unseren G\u00e4steunterk\u00fcnften k\u00f6nnen Sie auch aus einer gro\u00dfen Anzahl anderer netter Unterk\u00fcnfte in der n\u00e4heren Umgebung.<\/p>\n\t\t\t\t\t\t\t\t\t\t<\/div>\n\t\t\t\t\t\t\t\t\t<\/a>\n\t\t\t\t\t\t\t\t\t\t\t\t\t\t\t<\/div>\n\t\t\t\t\t\t\t\t\t\t\t\n\n\t\t\t\t<\/div>\n\t\t\t<\/div>\n\t\t\t<div class=\"!w-1\/2 !m-auto swiper-scrollbar !mt-4 booking-info-scrollbar\"><\/div>\n\t\t<\/div>\n\t<\/div>\n\n\n<div class=\"flex items-center justify-center w-full tablet:px-4 py-7\">\n\t<div class=\"flex flex-col items-center justify-center w-full h-full m-auto text-white inner-contain gap-7 mobile:gap-5 desktop-sm:px-5 mobile:px-0\">\n\t\t\t\t<div class=\"grid items-center grid-cols-4 gap-5 mobile:gap-3 desktop-sm:grid-cols-4 tablet:grid-cols-3 justify-stretch tablet:pb-6 tablet:pt-5 mobile:p-0 tablet-sm:grid-cols-2 justify-items-center\">\n\t\t\t\t\t\t\t\t\t\t\t\t\t\t<a data-aos=\"\" data-aos-duration=\"\" class=\"w-full h-fit aspect-square\" href=\"https:\/\/astridlindgrensvarld.se\/de\/unterkunft\/information\/eintrittskarten\/\" target=\"\">\n\t\t\t\t\t\t\t<div class=\"flex w-full aspect-square flex-col min-w-[10rem] gap-2 min-h-[12rem] tablet-sm:min-w-[8rem] mobile:min-w-[6rem] mobile:min-h-[10rem] flex-grow tablet-sm:min-h-[8rem] items-center justify-center mobile:p-2 p-4 bg-[#FEFCF0] hover:bg-white sm-shadow transition-all duration-150 ease-in-out rounded-xl\">\n\t\t\t\t\t\t\t\t<img decoding=\"async\" class=\"max-w-[100px]\" src=\"https:\/\/astridlindgrensvarld.se\/wp-content\/uploads\/2023\/11\/Biljetter.svg\" alt=\"\">\n\t\t\t\t\t\t\t\t<div class=\"w-full text-center\">\n\t\t\t\t\t\t\t\t\t<p class=\"!leading-none mobile:!text-[18px] mobile-sm:!text-[15px] text-red -medium\">Eintrittskarten<\/p>\n\t\t\t\t\t\t\t\t<\/div>\n\t\t\t\t\t\t\t<\/div>\n\t\t\t\t\t\t<\/a>\n\t\t\t\t\t\t\t\t\t\t\t\t\t\t\t\t\t\t\t\t<a data-aos=\"\" data-aos-duration=\"\" class=\"w-full h-fit aspect-square\" href=\"https:\/\/astridlindgrensvarld.se\/de\/unterkunft\/meine-buchung\/\" target=\"\">\n\t\t\t\t\t\t\t<div class=\"flex w-full aspect-square flex-col min-w-[10rem] gap-2 min-h-[12rem] tablet-sm:min-w-[8rem] mobile:min-w-[6rem] mobile:min-h-[10rem] flex-grow tablet-sm:min-h-[8rem] items-center justify-center mobile:p-2 p-4 bg-[#FEFCF0] hover:bg-white sm-shadow transition-all duration-150 ease-in-out rounded-xl\">\n\t\t\t\t\t\t\t\t<img decoding=\"async\" class=\"max-w-[100px]\" src=\"https:\/\/astridlindgrensvarld.se\/wp-content\/uploads\/2024\/02\/min-bokning2.svg\" alt=\"\">\n\t\t\t\t\t\t\t\t<div class=\"w-full text-center\">\n\t\t\t\t\t\t\t\t\t<p class=\"!leading-none mobile:!text-[18px] mobile-sm:!text-[15px] text-red -medium\">Meine Buchung<\/p>\n\t\t\t\t\t\t\t\t<\/div>\n\t\t\t\t\t\t\t<\/div>\n\t\t\t\t\t\t<\/a>\n\t\t\t\t\t\t\t\t\t\t\t\t\t\t\t\t\t\t\t\t<a data-aos=\"\" data-aos-duration=\"\" class=\"w-full h-fit aspect-square\" href=\"https:\/\/astridlindgrensvarld.se\/de\/unterkunft\/informationen-zu-den-unterkuenften\/\" target=\"\">\n\t\t\t\t\t\t\t<div class=\"flex w-full aspect-square flex-col min-w-[10rem] gap-2 min-h-[12rem] tablet-sm:min-w-[8rem] mobile:min-w-[6rem] mobile:min-h-[10rem] flex-grow tablet-sm:min-h-[8rem] items-center justify-center mobile:p-2 p-4 bg-[#FEFCF0] hover:bg-white sm-shadow transition-all duration-150 ease-in-out rounded-xl\">\n\t\t\t\t\t\t\t\t<img decoding=\"async\" class=\"max-w-[100px]\" src=\"https:\/\/astridlindgrensvarld.se\/wp-content\/uploads\/2024\/03\/information.svg\" alt=\"\">\n\t\t\t\t\t\t\t\t<div class=\"w-full text-center\">\n\t\t\t\t\t\t\t\t\t<p class=\"!leading-none mobile:!text-[18px] mobile-sm:!text-[15px] text-red -medium\">Informationen<\/p>\n\t\t\t\t\t\t\t\t<\/div>\n\t\t\t\t\t\t\t<\/div>\n\t\t\t\t\t\t<\/a>\n\t\t\t\t\t\t\t\t\t\t\t\t\t\t\t\t\t\t\t\t<a data-aos=\"\" data-aos-duration=\"\" class=\"w-full h-fit aspect-square\" href=\"https:\/\/astridlindgrensvarld.se\/de\/unterkunft\/information\/uebersichtskarte\/\" target=\"\">\n\t\t\t\t\t\t\t<div class=\"flex w-full aspect-square flex-col min-w-[10rem] gap-2 min-h-[12rem] tablet-sm:min-w-[8rem] mobile:min-w-[6rem] mobile:min-h-[10rem] flex-grow tablet-sm:min-h-[8rem] items-center justify-center mobile:p-2 p-4 bg-[#FEFCF0] hover:bg-white sm-shadow transition-all duration-150 ease-in-out rounded-xl\">\n\t\t\t\t\t\t\t\t<img decoding=\"async\" class=\"max-w-[100px]\" src=\"https:\/\/astridlindgrensvarld.se\/wp-content\/uploads\/2024\/02\/karta.svg\" alt=\"\">\n\t\t\t\t\t\t\t\t<div class=\"w-full text-center\">\n\t\t\t\t\t\t\t\t\t<p class=\"!leading-none mobile:!text-[18px] mobile-sm:!text-[15px] text-red -medium\">Karte<\/p>\n\t\t\t\t\t\t\t\t<\/div>\n\t\t\t\t\t\t\t<\/div>\n\t\t\t\t\t\t<\/a>\n\t\t\t\t\t\t\t\t\t\t\t\t\t\t<\/div>\n\t<\/div>\n<\/div>","protected":false},"excerpt":{"rendered":"","protected":false},"author":8,"featured_media":0,"parent":0,"menu_order":0,"comment_status":"closed","ping_status":"closed","template":"","meta":{"_acf_changed":false,"footnotes":""},"class_list":["post-80959","page","type-page","status-publish","hentry"],"acf":[],"yoast_head":"<!-- This site is optimized with the Yoast SEO plugin v27.4 - https:\/\/yoast.com\/product\/yoast-seo-wordpress\/ -->\n<title>Unterkunft | Astrid Lindgrens V\u00e4rld<\/title>\n<meta name=\"robots\" content=\"index, follow, max-snippet:-1, max-image-preview:large, max-video-preview:-1\" \/>\n<link rel=\"canonical\" href=\"https:\/\/astridlindgrensvarld.se\/de\/unterkunft\/\" \/>\n<meta property=\"og:locale\" content=\"de_DE\" \/>\n<meta property=\"og:type\" content=\"article\" \/>\n<meta property=\"og:title\" content=\"Unterkunft | Astrid Lindgrens V\u00e4rld\" \/>\n<meta property=\"og:url\" content=\"https:\/\/astridlindgrensvarld.se\/de\/unterkunft\/\" \/>\n<meta property=\"og:site_name\" content=\"Astrid Lindgrens V\u00e4rld\" \/>\n<meta property=\"article:modified_time\" content=\"2024-11-22T09:59:17+00:00\" \/>\n<meta name=\"twitter:card\" content=\"summary_large_image\" \/>\n<script type=\"application\/ld+json\" class=\"yoast-schema-graph\">{\"@context\":\"https:\\\/\\\/schema.org\",\"@graph\":[{\"@type\":\"WebPage\",\"@id\":\"https:\\\/\\\/astridlindgrensvarld.se\\\/de\\\/unterkunft\\\/\",\"url\":\"https:\\\/\\\/astridlindgrensvarld.se\\\/de\\\/unterkunft\\\/\",\"name\":\"Unterkunft | Astrid Lindgrens V\u00e4rld\",\"isPartOf\":{\"@id\":\"https:\\\/\\\/astridlindgrensvarld.se\\\/#website\"},\"datePublished\":\"2024-03-25T14:44:37+00:00\",\"dateModified\":\"2024-11-22T09:59:17+00:00\",\"breadcrumb\":{\"@id\":\"https:\\\/\\\/astridlindgrensvarld.se\\\/de\\\/unterkunft\\\/#breadcrumb\"},\"inLanguage\":\"de\",\"potentialAction\":[{\"@type\":\"ReadAction\",\"target\":[\"https:\\\/\\\/astridlindgrensvarld.se\\\/de\\\/unterkunft\\\/\"]}]},{\"@type\":\"BreadcrumbList\",\"@id\":\"https:\\\/\\\/astridlindgrensvarld.se\\\/de\\\/unterkunft\\\/#breadcrumb\",\"itemListElement\":[{\"@type\":\"ListItem\",\"position\":1,\"name\":\"Home\",\"item\":\"https:\\\/\\\/astridlindgrensvarld.se\\\/de\\\/\"},{\"@type\":\"ListItem\",\"position\":2,\"name\":\"Unterkunft\"}]},{\"@type\":\"WebSite\",\"@id\":\"https:\\\/\\\/astridlindgrensvarld.se\\\/#website\",\"url\":\"https:\\\/\\\/astridlindgrensvarld.se\\\/\",\"name\":\"Astrid Lindgrens V\u00e4rld\",\"description\":\"\",\"potentialAction\":[{\"@type\":\"SearchAction\",\"target\":{\"@type\":\"EntryPoint\",\"urlTemplate\":\"https:\\\/\\\/astridlindgrensvarld.se\\\/?s={search_term_string}\"},\"query-input\":{\"@type\":\"PropertyValueSpecification\",\"valueRequired\":true,\"valueName\":\"search_term_string\"}}],\"inLanguage\":\"de\"}]}<\/script>\n<!-- \/ Yoast SEO plugin. -->","yoast_head_json":{"title":"Unterkunft | Astrid Lindgrens V\u00e4rld","robots":{"index":"index","follow":"follow","max-snippet":"max-snippet:-1","max-image-preview":"max-image-preview:large","max-video-preview":"max-video-preview:-1"},"canonical":"https:\/\/astridlindgrensvarld.se\/de\/unterkunft\/","og_locale":"de_DE","og_type":"article","og_title":"Unterkunft | Astrid Lindgrens V\u00e4rld","og_url":"https:\/\/astridlindgrensvarld.se\/de\/unterkunft\/","og_site_name":"Astrid Lindgrens V\u00e4rld","article_modified_time":"2024-11-22T09:59:17+00:00","twitter_card":"summary_large_image","schema":{"@context":"https:\/\/schema.org","@graph":[{"@type":"WebPage","@id":"https:\/\/astridlindgrensvarld.se\/de\/unterkunft\/","url":"https:\/\/astridlindgrensvarld.se\/de\/unterkunft\/","name":"Unterkunft | Astrid Lindgrens V\u00e4rld","isPartOf":{"@id":"https:\/\/astridlindgrensvarld.se\/#website"},"datePublished":"2024-03-25T14:44:37+00:00","dateModified":"2024-11-22T09:59:17+00:00","breadcrumb":{"@id":"https:\/\/astridlindgrensvarld.se\/de\/unterkunft\/#breadcrumb"},"inLanguage":"de","potentialAction":[{"@type":"ReadAction","target":["https:\/\/astridlindgrensvarld.se\/de\/unterkunft\/"]}]},{"@type":"BreadcrumbList","@id":"https:\/\/astridlindgrensvarld.se\/de\/unterkunft\/#breadcrumb","itemListElement":[{"@type":"ListItem","position":1,"name":"Home","item":"https:\/\/astridlindgrensvarld.se\/de\/"},{"@type":"ListItem","position":2,"name":"Unterkunft"}]},{"@type":"WebSite","@id":"https:\/\/astridlindgrensvarld.se\/#website","url":"https:\/\/astridlindgrensvarld.se\/","name":"Astrid Lindgrens V\u00e4rld","description":"","potentialAction":[{"@type":"SearchAction","target":{"@type":"EntryPoint","urlTemplate":"https:\/\/astridlindgrensvarld.se\/?s={search_term_string}"},"query-input":{"@type":"PropertyValueSpecification","valueRequired":true,"valueName":"search_term_string"}}],"inLanguage":"de"}]}},"_links":{"self":[{"href":"https:\/\/astridlindgrensvarld.se\/de\/wp-json\/wp\/v2\/pages\/80959","targetHints":{"allow":["GET"]}}],"collection":[{"href":"https:\/\/astridlindgrensvarld.se\/de\/wp-json\/wp\/v2\/pages"}],"about":[{"href":"https:\/\/astridlindgrensvarld.se\/de\/wp-json\/wp\/v2\/types\/page"}],"author":[{"embeddable":true,"href":"https:\/\/astridlindgrensvarld.se\/de\/wp-json\/wp\/v2\/users\/8"}],"replies":[{"embeddable":true,"href":"https:\/\/astridlindgrensvarld.se\/de\/wp-json\/wp\/v2\/comments?post=80959"}],"version-history":[{"count":7,"href":"https:\/\/astridlindgrensvarld.se\/de\/wp-json\/wp\/v2\/pages\/80959\/revisions"}],"predecessor-version":[{"id":83751,"href":"https:\/\/astridlindgrensvarld.se\/de\/wp-json\/wp\/v2\/pages\/80959\/revisions\/83751"}],"wp:attachment":[{"href":"https:\/\/astridlindgrensvarld.se\/de\/wp-json\/wp\/v2\/media?parent=80959"}],"curies":[{"name":"wp","href":"https:\/\/api.w.org\/{rel}","templated":true}]}}