{"id":79282,"date":"2024-02-13T14:51:07","date_gmt":"2024-02-13T12:51:07","guid":{"rendered":"https:\/\/astridlindgrensvarld.se\/ueber-astrid-lindgrens-welt\/"},"modified":"2024-04-10T09:54:11","modified_gmt":"2024-04-10T07:54:11","slug":"ueber-astrid-lindgrens-welt","status":"publish","type":"page","link":"https:\/\/astridlindgrensvarld.se\/de\/ueber-astrid-lindgrens-welt\/","title":{"rendered":"\u00dcber Astrid Lindgrens Welt"},"content":{"rendered":"\n<div class=\"relative flex flex-col items-center  w-full h-screen max-h-[960px] mobile:mb-[200px] desktop:max-h-[780px] min-h-[700px] mobile:min-h-[500px] justify-start mobile:max-h-none mobile:h-full\">\n\t\t\t\t\t\t\t<img decoding=\"async\" class=\"top-0 object-cover w-full h-[60vh] max-h-[800px] min-h-[700px]  mobile:min-h-[540px]\" src=\"https:\/\/astridlindgrensvarld.se\/wp-content\/uploads\/2023\/09\/stridens-dagi-1-3200x1440px.jpg\" alt=\"\">\n\t\t\t\t\t\t\t<div class=\"absolute bottom-0 mobile:bottom-[-200px] z-10 flex flex-col items-center w-full inner-contain gap-7 desktop-sm:px-4 mobile:px-2\">\n\t\t\t\t<div class=\"bg-whiteish px-[80px] py-6 mobile:p-2 flex flex-col items-center gap-4 mobile:gap-4 text-black text-center rounded-lg lg-shadow w-full\">\n\t\t\t\t\t<div class=\"flex flex-col items-center justify-start gap-1\">\n\n\t\t\t\t\t\t<h1 class=\"text-brightRed -hero\">\u00dcber Astrid Lindgrens Welt<\/h1>\n\t\t\t\t\t\t\t\t\t\t\t<\/div>\n\n\t\t\t\t\t<p class=\"-large text-darkRed mobile:!text-[16px]\">Hier in Astrid Lindgrens Welt gibt es Katthult, Villa Kunterbunt, die Mattisburg und die Krachmacherstra\u00dfe in echt. Hier k\u00f6nnen Sie Michel, Pippi, Ronja und die meisten anderen treffen, \u00fcber die Astrid Lindgren erz\u00e4hlt hat. Der 1981 gegr\u00fcndete Themenpark befindet sich in Astrid Lindgrens Geburtsort Vimmerby, unweit ihres Elternhauses N\u00e4s. Jedes Jahr kommen rund 500.000 Besucher*innen in Astrid Lindgrens Welt \u2013 den Ort, an dem Erz\u00e4hlungen wahr werden.<\/p>\n\t\t\t\t\t\t\t\t\t\t\t\t\t\t<\/div>\n\t\t\t<\/div>\n\t\t\t<\/div>\n\n<div class=\"flex flex-col w-full m-auto py-7 fp-image-contain mb-[-64px]\">\n\t\t\t\t\t\t<img decoding=\"async\" data-aos=\"\" data-aos-duration=\"\" class=\"top-0 object-cover w-full max-h-[900px] min-h-[600px] rounded-xl desktop-md:rounded-none\" src=\"https:\/\/astridlindgrensvarld.se\/wp-content\/uploads\/2023\/11\/pippi-lek1-3200x1440px.jpg\" alt=\"\">\n\t\t\t\t<div class=\"flex\">\n\t\t\t<div class=\"flex  w-full relative top-[-64px] z-10 ml-8 tablet:w-[90%] tablet:m-auto\">\n\t\t\t\t<div class=\"flex flex-col items-start max-w-[50%] tablet:items-center bg-whiteish p-6 tablet:px-4 mr-8 rounded-lg gap-5 tablet:max-w-none mobile:w-full tablet:mr-0 lg-shadow\">\n\t\t\t\t\t\t\t\t\t\t\t<h3 class=\"text-darkRed mobile:text-center -demi\">Hereinspaziert in die Erz\u00e4hlungen! <\/h3>\n\t\t\t\t\t\t\t\t\t\t<p class=\"text-blackish tablet:text-center\">Es ist \u00fcber 40 Jahre her, seit mit dem Bau von Astrid Lindgrens Welt begonnen wurde. Im Laufe der Jahre hat das Interesse an dem Park zugenommen. Dazu beigetragen hat auch die Spielfreude unserer G\u00e4ste und das Interesse an den Erz\u00e4hlungen von Astrid Lindgren. \u201eSpielfreude\u201c und \u201eAstrid Lindgren\u201c sind zwei Begriffe, die eng miteinander verbunden sind. Astrid Lindgren unterst\u00fctzte die Arbeit mit dem Park unter der Bedingung, dass die Kinder dort Kinder sein, auf traditionelle Weise spielen und Figuren und Welten treffen und kennenlernen k\u00f6nnen, die in ihren B\u00fcchern vorkommen \u2013 ohne sich von den kommerziellen Interessen der Erwachsenenwelt beeinflussen zu lassen.<br \/>\r\n<br \/>\r\nUnser Ziel ist es, dass alles, worauf Sie im Park treffen, ihren Erz\u00e4hlungen treu bleibt. Mit Hilfe eines Programmrats, bestehend aus Astrid Lindgrens Familie und engen Freunden, lassen wir die Orte, die Ereignisse, die Stimmung, die Lieder, das Essen, die Streiche und alle Figuren, \u00fcber die Astrid Lindgren geschrieben hat, Wirklichkeit werden. So k\u00f6nnen sich unsere G\u00e4ste sicher sein, dass Astrid Lindgrens Geist \u00fcber allem ruht, was im Park passiert, und dass ihre Erz\u00e4hlungen immer an erster Stelle stehen. Genau so, wie es sein sollte.<\/p>\n\t\t\t\t\t\t\t\t\t\t\t<a class=\"text-brightRed group w-fit\" href=\"https:\/\/astridlindgrensvarld.se\/de\/das-unternehmen\/\" target=\"\">\n\t\t\t\t\t\t\t<div class=\"flex items-center gap-5\">\n\t\t\t\t\t\t\t\t<p class=\"-pippi-poster\">Das Unternehmen<\/p>\n\t\t\t\t\t\t\t\t<img decoding=\"async\" class=\"hover-animation mobile:max-w-[2rem]\" src=\"https:\/\/astridlindgrensvarld.se\/wp-content\/uploads\/2023\/09\/alv-arrow.svg\" alt=\"\">\n\t\t\t\t\t\t\t<\/div>\n\t\t\t\t\t\t<\/a>\n\t\t\t\t\t\t\t\t\t<\/div>\n\t\t\t<\/div>\n\t\t<\/div>\n\t\n<\/div>\n\n<div class=\"flex flex-col w-full m-auto py-7 fp-image-contain \">\n\t\t\t<div class=\"w-full min-h-[900px] mobile:min-h-[590px] overflow-hidden rounded-xl desktop-md:rounded-none flex justify-center items-center tablet:items-end tablet:px-4 mobile:px-0 fp-image-contain m-auto relative\">\n\t\t\t\t\t\t\t<img decoding=\"async\" data-aos=\"\" data-aos-duration=\"\" class=\"object-cover w-full max-h-[860px] min-h-[700px] mobile:min-h-[430px] rounded-xl desktop-md:rounded-none\" src=\"https:\/\/astridlindgrensvarld.se\/wp-content\/uploads\/2023\/10\/emil-mote1-3200x1440px.jpg\" alt=\"\">\n\t\t\t\t\t<\/div>\n\t\n<\/div>","protected":false},"excerpt":{"rendered":"","protected":false},"author":5,"featured_media":0,"parent":0,"menu_order":0,"comment_status":"closed","ping_status":"closed","template":"","meta":{"_acf_changed":false,"footnotes":""},"class_list":["post-79282","page","type-page","status-publish","hentry"],"acf":[],"yoast_head":"<!-- This site is optimized with the Yoast SEO plugin v27.4 - https:\/\/yoast.com\/product\/yoast-seo-wordpress\/ -->\n<title>\u00dcber Astrid Lindgrens Welt | Astrid Lindgrens V\u00e4rld<\/title>\n<meta name=\"robots\" content=\"index, follow, max-snippet:-1, max-image-preview:large, max-video-preview:-1\" \/>\n<link rel=\"canonical\" href=\"https:\/\/astridlindgrensvarld.se\/de\/ueber-astrid-lindgrens-welt\/\" \/>\n<meta property=\"og:locale\" content=\"de_DE\" \/>\n<meta property=\"og:type\" content=\"article\" \/>\n<meta property=\"og:title\" content=\"\u00dcber Astrid Lindgrens Welt | Astrid Lindgrens V\u00e4rld\" \/>\n<meta property=\"og:url\" content=\"https:\/\/astridlindgrensvarld.se\/de\/ueber-astrid-lindgrens-welt\/\" \/>\n<meta property=\"og:site_name\" content=\"Astrid Lindgrens V\u00e4rld\" \/>\n<meta property=\"article:modified_time\" content=\"2024-04-10T07:54:11+00:00\" \/>\n<meta name=\"twitter:card\" content=\"summary_large_image\" \/>\n<script type=\"application\/ld+json\" class=\"yoast-schema-graph\">{\"@context\":\"https:\\\/\\\/schema.org\",\"@graph\":[{\"@type\":\"WebPage\",\"@id\":\"https:\\\/\\\/astridlindgrensvarld.se\\\/de\\\/ueber-astrid-lindgrens-welt\\\/\",\"url\":\"https:\\\/\\\/astridlindgrensvarld.se\\\/de\\\/ueber-astrid-lindgrens-welt\\\/\",\"name\":\"\u00dcber Astrid Lindgrens Welt | Astrid Lindgrens V\u00e4rld\",\"isPartOf\":{\"@id\":\"https:\\\/\\\/astridlindgrensvarld.se\\\/#website\"},\"datePublished\":\"2024-02-13T12:51:07+00:00\",\"dateModified\":\"2024-04-10T07:54:11+00:00\",\"breadcrumb\":{\"@id\":\"https:\\\/\\\/astridlindgrensvarld.se\\\/de\\\/ueber-astrid-lindgrens-welt\\\/#breadcrumb\"},\"inLanguage\":\"de\",\"potentialAction\":[{\"@type\":\"ReadAction\",\"target\":[\"https:\\\/\\\/astridlindgrensvarld.se\\\/de\\\/ueber-astrid-lindgrens-welt\\\/\"]}]},{\"@type\":\"BreadcrumbList\",\"@id\":\"https:\\\/\\\/astridlindgrensvarld.se\\\/de\\\/ueber-astrid-lindgrens-welt\\\/#breadcrumb\",\"itemListElement\":[{\"@type\":\"ListItem\",\"position\":1,\"name\":\"Home\",\"item\":\"https:\\\/\\\/astridlindgrensvarld.se\\\/de\\\/\"},{\"@type\":\"ListItem\",\"position\":2,\"name\":\"\u00dcber Astrid Lindgrens Welt\"}]},{\"@type\":\"WebSite\",\"@id\":\"https:\\\/\\\/astridlindgrensvarld.se\\\/#website\",\"url\":\"https:\\\/\\\/astridlindgrensvarld.se\\\/\",\"name\":\"Astrid Lindgrens V\u00e4rld\",\"description\":\"\",\"potentialAction\":[{\"@type\":\"SearchAction\",\"target\":{\"@type\":\"EntryPoint\",\"urlTemplate\":\"https:\\\/\\\/astridlindgrensvarld.se\\\/?s={search_term_string}\"},\"query-input\":{\"@type\":\"PropertyValueSpecification\",\"valueRequired\":true,\"valueName\":\"search_term_string\"}}],\"inLanguage\":\"de\"}]}<\/script>\n<!-- \/ Yoast SEO plugin. -->","yoast_head_json":{"title":"\u00dcber Astrid Lindgrens Welt | Astrid Lindgrens V\u00e4rld","robots":{"index":"index","follow":"follow","max-snippet":"max-snippet:-1","max-image-preview":"max-image-preview:large","max-video-preview":"max-video-preview:-1"},"canonical":"https:\/\/astridlindgrensvarld.se\/de\/ueber-astrid-lindgrens-welt\/","og_locale":"de_DE","og_type":"article","og_title":"\u00dcber Astrid Lindgrens Welt | Astrid Lindgrens V\u00e4rld","og_url":"https:\/\/astridlindgrensvarld.se\/de\/ueber-astrid-lindgrens-welt\/","og_site_name":"Astrid Lindgrens V\u00e4rld","article_modified_time":"2024-04-10T07:54:11+00:00","twitter_card":"summary_large_image","schema":{"@context":"https:\/\/schema.org","@graph":[{"@type":"WebPage","@id":"https:\/\/astridlindgrensvarld.se\/de\/ueber-astrid-lindgrens-welt\/","url":"https:\/\/astridlindgrensvarld.se\/de\/ueber-astrid-lindgrens-welt\/","name":"\u00dcber Astrid Lindgrens Welt | Astrid Lindgrens V\u00e4rld","isPartOf":{"@id":"https:\/\/astridlindgrensvarld.se\/#website"},"datePublished":"2024-02-13T12:51:07+00:00","dateModified":"2024-04-10T07:54:11+00:00","breadcrumb":{"@id":"https:\/\/astridlindgrensvarld.se\/de\/ueber-astrid-lindgrens-welt\/#breadcrumb"},"inLanguage":"de","potentialAction":[{"@type":"ReadAction","target":["https:\/\/astridlindgrensvarld.se\/de\/ueber-astrid-lindgrens-welt\/"]}]},{"@type":"BreadcrumbList","@id":"https:\/\/astridlindgrensvarld.se\/de\/ueber-astrid-lindgrens-welt\/#breadcrumb","itemListElement":[{"@type":"ListItem","position":1,"name":"Home","item":"https:\/\/astridlindgrensvarld.se\/de\/"},{"@type":"ListItem","position":2,"name":"\u00dcber Astrid Lindgrens Welt"}]},{"@type":"WebSite","@id":"https:\/\/astridlindgrensvarld.se\/#website","url":"https:\/\/astridlindgrensvarld.se\/","name":"Astrid Lindgrens V\u00e4rld","description":"","potentialAction":[{"@type":"SearchAction","target":{"@type":"EntryPoint","urlTemplate":"https:\/\/astridlindgrensvarld.se\/?s={search_term_string}"},"query-input":{"@type":"PropertyValueSpecification","valueRequired":true,"valueName":"search_term_string"}}],"inLanguage":"de"}]}},"_links":{"self":[{"href":"https:\/\/astridlindgrensvarld.se\/de\/wp-json\/wp\/v2\/pages\/79282","targetHints":{"allow":["GET"]}}],"collection":[{"href":"https:\/\/astridlindgrensvarld.se\/de\/wp-json\/wp\/v2\/pages"}],"about":[{"href":"https:\/\/astridlindgrensvarld.se\/de\/wp-json\/wp\/v2\/types\/page"}],"author":[{"embeddable":true,"href":"https:\/\/astridlindgrensvarld.se\/de\/wp-json\/wp\/v2\/users\/5"}],"replies":[{"embeddable":true,"href":"https:\/\/astridlindgrensvarld.se\/de\/wp-json\/wp\/v2\/comments?post=79282"}],"version-history":[{"count":2,"href":"https:\/\/astridlindgrensvarld.se\/de\/wp-json\/wp\/v2\/pages\/79282\/revisions"}],"predecessor-version":[{"id":81921,"href":"https:\/\/astridlindgrensvarld.se\/de\/wp-json\/wp\/v2\/pages\/79282\/revisions\/81921"}],"wp:attachment":[{"href":"https:\/\/astridlindgrensvarld.se\/de\/wp-json\/wp\/v2\/media?parent=79282"}],"curies":[{"name":"wp","href":"https:\/\/api.w.org\/{rel}","templated":true}]}}