{"id":79274,"date":"2024-02-13T14:51:03","date_gmt":"2024-02-13T12:51:03","guid":{"rendered":"https:\/\/astridlindgrensvarld.se\/figuren\/"},"modified":"2024-04-09T19:44:22","modified_gmt":"2024-04-09T17:44:22","slug":"figuren","status":"publish","type":"page","link":"https:\/\/astridlindgrensvarld.se\/de\/figuren\/","title":{"rendered":"Figuren"},"content":{"rendered":"\n<div class=\"relative flex flex-col items-center  w-full justify-center\">\n\t\t<div class=\"w-full h-[60vh] min-h-[500px] tablet:max-h-[700px] bg-gradient-to-t opacity-60 from-blackish absolute bottom-0\">\n\n\t<\/div>\n\t\t\t\t<img decoding=\"async\" class=\"top-0 object-cover w-full h-[60vh]  max-h-[746px] desktop:max-h-[650px] min-h-[700px] mobile:min-h-[540px] mobile:hidden\" src=\"https:\/\/astridlindgrensvarld.se\/wp-content\/uploads\/2023\/11\/pippi-lek1-3200x1440px.jpg\" alt=\"\">\n\t<img decoding=\"async\" class=\"top-0 object-cover w-full h-[60vh] min-h-[700px] mobile:min-h-[540px] hidden mobile:block\" src=\"https:\/\/astridlindgrensvarld.se\/wp-content\/uploads\/2023\/11\/villekulla-1-810x1440-2.jpg\" alt=\"\">\n\t\t<div class=\"w-full m-auto text-center absolute bottom-[80px]\">\n\t\t<h1 class=\"text-darkWhite\">Hereinspaziert in die Erz\u00e4hlungen!<\/h1>\n\t<\/div>\n<\/div>\n\n\n<div class=\"flex flex-col items-center justify-center w-full gap-5 py-7 tablet:py-7  desktop-sm:px-4 tablet-lg:px-0\">\n\t\t\t<div class=\"flex flex-col w-full gap-3 px-5 pb-5 m-auto text-center mobile:pb-0 mobile:px-4 inner-contain\">\n\t\t\t<h2 class=\"text-red\"><\/h2>\n\t\t\t\t\t\t\t<p class=\"-large text-red\">Seien Sie dabei, wenn Michel aus L\u00f6nneberga die kleine Ida die Fahnenstange hochzieht, toben Sie mit Pippi Langstrumpf oder erkunden Sie die Mattisburg. In Astrid Lindgrens Welt werden Sie und Ihre Familie zu einem Teil der klassischen Erz\u00e4hlungen und die Grenzen zwischen Geschichte und Wirklichkeit, und zwischen Theater und Spiel, verschwimmen die ganze Zeit.  <\/p>\n\t\t\t\t\t<\/div>\n\t\t\t\t<div class=\"grid justify-center w-full h-full grid-cols-3 tablet-sm:grid-cols-1 desktop-sm:grid-cols-2 gap-5 m-auto mobile:pt-7 inner-contain desktop-sm:px-4 mobile:px-2\">\n\t\t\t\n\t\t\t\t\t\n\n<!-- now I am complete! -->\n\n\n\t<!-- \/\/MOBILE -->\n\t<a href=\"https:\/\/astridlindgrensvarld.se\/de\/figuren\/ronja-raeubertochter\/\" class=\"relative flex-col items-stretch justify-between hidden group sm-shadow tablet-sm:!flex\">\n\t\t<div class=\"flex items-center justify-center w-full\">\n\t\t\t<div class=\" max-w-[9rem] w-full h-full\">\n\t\t\t\t<img decoding=\"async\" class=\"object-cover w-full h-full rounded-l-md aspect-square\" src=\"https:\/\/astridlindgrensvarld.se\/wp-content\/uploads\/2023\/10\/ronja-1-1440x1440px2.jpg\" alt=\"\">\n\t\t\t<\/div>\n\t\t\t<div class=\"flex flex-col items-start justify-center w-full h-full gap-1 p-4 rounded-r-md bg-whiteish\">\n\t\t\t\t<div class=\"flex flex-col\">\n\t\t\t\t\t\t\t\t\t\t<h4 class=\"text-red text-[20px]\">Ronja R\u00e4ubertochter<\/h4>\n\t\t\t\t<\/div>\n\t\t\t\t<!-- <p class=\"text-blackish mobile:text-[14px]\">In der Nacht, als Ronja geboren wurde, rollte der Donner \u00fcber die Berge, der Blitz schlug in die Mattisburg ein und teilte die Mattisburg in zwei Teile. <\/p> -->\n\t\t\t\t<div class=\"flex flex-col items-start gap-1 pt-2\">\n\t\t\t\t\t\t\t\t\t\t\t\t\t\t<\/div>\n\t\t\t<\/div>\n\t\t<\/div>\n\t<\/a>\n\t<!-- DESKTOP -->\n\t<a href=\"https:\/\/astridlindgrensvarld.se\/de\/figuren\/ronja-raeubertochter\/\" class=\"relative flex flex-col items-center justify-between group max-h-[40rem] max-w-[38rem] tablet-sm:hidden\">\n\n\t\t<div class=\"mb-5 overflow-hidden rounded-lg\">\n\t\t\t<img decoding=\"async\" class=\"object-cover w-full transition-all duration-700 aspect-standing group-hover:scale-110\" src=\"https:\/\/astridlindgrensvarld.se\/wp-content\/uploads\/2023\/10\/ronja-1-1440x1440px2.jpg\" alt=\"\">\n\t\t<\/div>\n\t\t<div class=\"absolute bottom-0 flex flex-col gap-3 p-5 mx-4 rounded-lg bg-whiteish sm-shadow mobile:px-4 w-[90%]\">\n\t\t\t<div class=\"flex flex-col\">\n\t\t\t\t\t\t\t\t<h4 class=\"text-red\">Ronja R\u00e4ubertochter<\/h4>\n\t\t\t<\/div>\n\t\t\t<p class=\"text-blackish\">In der Nacht, als Ronja geboren wurde, rollte der Donner \u00fcber die Berge, der Blitz schlug in die Mattisburg ein und teilte die Mattisburg in zwei Teile. <\/p>\n\t\t\t<div class=\"flex items-start gap-3\">\n                \t\t\t\t\t\t\t<\/div>\n\t\t<\/div>\n\t<\/a>\n\n\t\t\t\t\n\t\t\t\t\t\n\n<!-- now I am complete! -->\n\n\n\t<!-- \/\/MOBILE -->\n\t<a href=\"https:\/\/astridlindgrensvarld.se\/de\/figuren\/rasmus-und-der-landstreicher\/\" class=\"relative flex-col items-stretch justify-between hidden group sm-shadow tablet-sm:!flex\">\n\t\t<div class=\"flex items-center justify-center w-full\">\n\t\t\t<div class=\" max-w-[9rem] w-full h-full\">\n\t\t\t\t<img decoding=\"async\" class=\"object-cover w-full h-full rounded-l-md aspect-square\" src=\"https:\/\/astridlindgrensvarld.se\/wp-content\/uploads\/2023\/11\/rasmus-1-1440x1440px.jpg\" alt=\"\">\n\t\t\t<\/div>\n\t\t\t<div class=\"flex flex-col items-start justify-center w-full h-full gap-1 p-4 rounded-r-md bg-whiteish\">\n\t\t\t\t<div class=\"flex flex-col\">\n\t\t\t\t\t\t\t\t\t\t<h4 class=\"text-red text-[20px]\">Rasmus und der Landstreicher<\/h4>\n\t\t\t\t<\/div>\n\t\t\t\t<!-- <p class=\"text-blackish mobile:text-[14px]\">Rasmus schlie\u00dft sich in seiner Suche nach einer eigenen Mutter und einem eigenen Vater dem Landstreicher Oskar an.<\/p> -->\n\t\t\t\t<div class=\"flex flex-col items-start gap-1 pt-2\">\n\t\t\t\t\t\t\t\t\t\t\t\t\t\t<\/div>\n\t\t\t<\/div>\n\t\t<\/div>\n\t<\/a>\n\t<!-- DESKTOP -->\n\t<a href=\"https:\/\/astridlindgrensvarld.se\/de\/figuren\/rasmus-und-der-landstreicher\/\" class=\"relative flex flex-col items-center justify-between group max-h-[40rem] max-w-[38rem] tablet-sm:hidden\">\n\n\t\t<div class=\"mb-5 overflow-hidden rounded-lg\">\n\t\t\t<img decoding=\"async\" class=\"object-cover w-full transition-all duration-700 aspect-standing group-hover:scale-110\" src=\"https:\/\/astridlindgrensvarld.se\/wp-content\/uploads\/2023\/11\/rasmus-1-1440x1440px.jpg\" alt=\"\">\n\t\t<\/div>\n\t\t<div class=\"absolute bottom-0 flex flex-col gap-3 p-5 mx-4 rounded-lg bg-whiteish sm-shadow mobile:px-4 w-[90%]\">\n\t\t\t<div class=\"flex flex-col\">\n\t\t\t\t\t\t\t\t<h4 class=\"text-red\">Rasmus und der Landstreicher<\/h4>\n\t\t\t<\/div>\n\t\t\t<p class=\"text-blackish\">Rasmus schlie\u00dft sich in seiner Suche nach einer eigenen Mutter und einem eigenen Vater dem Landstreicher Oskar an.<\/p>\n\t\t\t<div class=\"flex items-start gap-3\">\n                \t\t\t\t\t\t\t<\/div>\n\t\t<\/div>\n\t<\/a>\n\n\t\t\t\t\n\t\t\t\t\t\n\n<!-- now I am complete! -->\n\n\n\t<!-- \/\/MOBILE -->\n\t<a href=\"https:\/\/astridlindgrensvarld.se\/de\/figuren\/pippi-langstrumpf\/\" class=\"relative flex-col items-stretch justify-between hidden group sm-shadow tablet-sm:!flex\">\n\t\t<div class=\"flex items-center justify-center w-full\">\n\t\t\t<div class=\" max-w-[9rem] w-full h-full\">\n\t\t\t\t<img decoding=\"async\" class=\"object-cover w-full h-full rounded-l-md aspect-square\" src=\"https:\/\/astridlindgrensvarld.se\/wp-content\/uploads\/2023\/09\/pippi-1-1440x1440px-2.jpg\" alt=\"\">\n\t\t\t<\/div>\n\t\t\t<div class=\"flex flex-col items-start justify-center w-full h-full gap-1 p-4 rounded-r-md bg-whiteish\">\n\t\t\t\t<div class=\"flex flex-col\">\n\t\t\t\t\t\t\t\t\t\t<h4 class=\"text-red text-[20px]\">Pippi Langstrumpf<\/h4>\n\t\t\t\t<\/div>\n\t\t\t\t<!-- <p class=\"text-blackish mobile:text-[14px]\">Hier in der Villa Kunterbunt, am Rande der winzigen kleinen Stadt, wohnt Pippi Langstrumpf.<\/p> -->\n\t\t\t\t<div class=\"flex flex-col items-start gap-1 pt-2\">\n\t\t\t\t\t\t\t\t\t\t\t\t\t\t<\/div>\n\t\t\t<\/div>\n\t\t<\/div>\n\t<\/a>\n\t<!-- DESKTOP -->\n\t<a href=\"https:\/\/astridlindgrensvarld.se\/de\/figuren\/pippi-langstrumpf\/\" class=\"relative flex flex-col items-center justify-between group max-h-[40rem] max-w-[38rem] tablet-sm:hidden\">\n\n\t\t<div class=\"mb-5 overflow-hidden rounded-lg\">\n\t\t\t<img decoding=\"async\" class=\"object-cover w-full transition-all duration-700 aspect-standing group-hover:scale-110\" src=\"https:\/\/astridlindgrensvarld.se\/wp-content\/uploads\/2023\/09\/pippi-1-1440x1440px-2.jpg\" alt=\"\">\n\t\t<\/div>\n\t\t<div class=\"absolute bottom-0 flex flex-col gap-3 p-5 mx-4 rounded-lg bg-whiteish sm-shadow mobile:px-4 w-[90%]\">\n\t\t\t<div class=\"flex flex-col\">\n\t\t\t\t\t\t\t\t<h4 class=\"text-red\">Pippi Langstrumpf<\/h4>\n\t\t\t<\/div>\n\t\t\t<p class=\"text-blackish\">Hier in der Villa Kunterbunt, am Rande der winzigen kleinen Stadt, wohnt Pippi Langstrumpf.<\/p>\n\t\t\t<div class=\"flex items-start gap-3\">\n                \t\t\t\t\t\t\t<\/div>\n\t\t<\/div>\n\t<\/a>\n\n\t\t\t\t\n\t\t\t\t\t\n\n<!-- now I am complete! -->\n\n\n\t<!-- \/\/MOBILE -->\n\t<a href=\"https:\/\/astridlindgrensvarld.se\/de\/figuren\/michel-aus-loenneberga\/\" class=\"relative flex-col items-stretch justify-between hidden group sm-shadow tablet-sm:!flex\">\n\t\t<div class=\"flex items-center justify-center w-full\">\n\t\t\t<div class=\" max-w-[9rem] w-full h-full\">\n\t\t\t\t<img decoding=\"async\" class=\"object-cover w-full h-full rounded-l-md aspect-square\" src=\"https:\/\/astridlindgrensvarld.se\/wp-content\/uploads\/2023\/10\/emil-1-1440x1440px2.jpg\" alt=\"\">\n\t\t\t<\/div>\n\t\t\t<div class=\"flex flex-col items-start justify-center w-full h-full gap-1 p-4 rounded-r-md bg-whiteish\">\n\t\t\t\t<div class=\"flex flex-col\">\n\t\t\t\t\t\t\t\t\t\t<h4 class=\"text-red text-[20px]\">Michel aus L\u00f6nneberga<\/h4>\n\t\t\t\t<\/div>\n\t\t\t\t<!-- <p class=\"text-blackish mobile:text-[14px]\">Der f\u00fcnfj\u00e4hrige Michel sieht vielleicht aus, wie ein Engel, aber jeder wei\u00df, dass er wild und stur ist und mehr Unfug treibt, als es Tage im Jahr gibt.<\/p> -->\n\t\t\t\t<div class=\"flex flex-col items-start gap-1 pt-2\">\n\t\t\t\t\t\t\t\t\t\t\t\t\t\t<\/div>\n\t\t\t<\/div>\n\t\t<\/div>\n\t<\/a>\n\t<!-- DESKTOP -->\n\t<a href=\"https:\/\/astridlindgrensvarld.se\/de\/figuren\/michel-aus-loenneberga\/\" class=\"relative flex flex-col items-center justify-between group max-h-[40rem] max-w-[38rem] tablet-sm:hidden\">\n\n\t\t<div class=\"mb-5 overflow-hidden rounded-lg\">\n\t\t\t<img decoding=\"async\" class=\"object-cover w-full transition-all duration-700 aspect-standing group-hover:scale-110\" src=\"https:\/\/astridlindgrensvarld.se\/wp-content\/uploads\/2023\/10\/emil-1-1440x1440px2.jpg\" alt=\"\">\n\t\t<\/div>\n\t\t<div class=\"absolute bottom-0 flex flex-col gap-3 p-5 mx-4 rounded-lg bg-whiteish sm-shadow mobile:px-4 w-[90%]\">\n\t\t\t<div class=\"flex flex-col\">\n\t\t\t\t\t\t\t\t<h4 class=\"text-red\">Michel aus L\u00f6nneberga<\/h4>\n\t\t\t<\/div>\n\t\t\t<p class=\"text-blackish\">Der f\u00fcnfj\u00e4hrige Michel sieht vielleicht aus, wie ein Engel, aber jeder wei\u00df, dass er wild und stur ist und mehr Unfug treibt, als es Tage im Jahr gibt.<\/p>\n\t\t\t<div class=\"flex items-start gap-3\">\n                \t\t\t\t\t\t\t<\/div>\n\t\t<\/div>\n\t<\/a>\n\n\t\t\t\t\n\t\t\t\t\t\n\n<!-- now I am complete! -->\n\n\n\t<!-- \/\/MOBILE -->\n\t<a href=\"https:\/\/astridlindgrensvarld.se\/de\/figuren\/madita\/\" class=\"relative flex-col items-stretch justify-between hidden group sm-shadow tablet-sm:!flex\">\n\t\t<div class=\"flex items-center justify-center w-full\">\n\t\t\t<div class=\" max-w-[9rem] w-full h-full\">\n\t\t\t\t<img decoding=\"async\" class=\"object-cover w-full h-full rounded-l-md aspect-square\" src=\"https:\/\/astridlindgrensvarld.se\/wp-content\/uploads\/2023\/11\/madicken-4-1440x1440px.jpg\" alt=\"\">\n\t\t\t<\/div>\n\t\t\t<div class=\"flex flex-col items-start justify-center w-full h-full gap-1 p-4 rounded-r-md bg-whiteish\">\n\t\t\t\t<div class=\"flex flex-col\">\n\t\t\t\t\t\t\t\t\t\t<h4 class=\"text-red text-[20px]\">Madita<\/h4>\n\t\t\t\t<\/div>\n\t\t\t\t<!-- <p class=\"text-blackish mobile:text-[14px]\">Madita ist furchtlos und landet oft in Schwierigkeiten, die sie immer auf pfiffige Weise l\u00f6st. <\/p> -->\n\t\t\t\t<div class=\"flex flex-col items-start gap-1 pt-2\">\n\t\t\t\t\t\t\t\t\t\t\t\t\t\t<\/div>\n\t\t\t<\/div>\n\t\t<\/div>\n\t<\/a>\n\t<!-- DESKTOP -->\n\t<a href=\"https:\/\/astridlindgrensvarld.se\/de\/figuren\/madita\/\" class=\"relative flex flex-col items-center justify-between group max-h-[40rem] max-w-[38rem] tablet-sm:hidden\">\n\n\t\t<div class=\"mb-5 overflow-hidden rounded-lg\">\n\t\t\t<img decoding=\"async\" class=\"object-cover w-full transition-all duration-700 aspect-standing group-hover:scale-110\" src=\"https:\/\/astridlindgrensvarld.se\/wp-content\/uploads\/2023\/11\/madicken-4-1440x1440px.jpg\" alt=\"\">\n\t\t<\/div>\n\t\t<div class=\"absolute bottom-0 flex flex-col gap-3 p-5 mx-4 rounded-lg bg-whiteish sm-shadow mobile:px-4 w-[90%]\">\n\t\t\t<div class=\"flex flex-col\">\n\t\t\t\t\t\t\t\t<h4 class=\"text-red\">Madita<\/h4>\n\t\t\t<\/div>\n\t\t\t<p class=\"text-blackish\">Madita ist furchtlos und landet oft in Schwierigkeiten, die sie immer auf pfiffige Weise l\u00f6st. <\/p>\n\t\t\t<div class=\"flex items-start gap-3\">\n                \t\t\t\t\t\t\t<\/div>\n\t\t<\/div>\n\t<\/a>\n\n\t\t\t\t\n\t\t\t\t\t\n\n<!-- now I am complete! -->\n\n\n\t<!-- \/\/MOBILE -->\n\t<a href=\"https:\/\/astridlindgrensvarld.se\/de\/figuren\/karlsson-vom-dach\/\" class=\"relative flex-col items-stretch justify-between hidden group sm-shadow tablet-sm:!flex\">\n\t\t<div class=\"flex items-center justify-center w-full\">\n\t\t\t<div class=\" max-w-[9rem] w-full h-full\">\n\t\t\t\t<img decoding=\"async\" class=\"object-cover w-full h-full rounded-l-md aspect-square\" src=\"https:\/\/astridlindgrensvarld.se\/wp-content\/uploads\/2023\/10\/karlsson-2-1440x1440px.jpg\" alt=\"\">\n\t\t\t<\/div>\n\t\t\t<div class=\"flex flex-col items-start justify-center w-full h-full gap-1 p-4 rounded-r-md bg-whiteish\">\n\t\t\t\t<div class=\"flex flex-col\">\n\t\t\t\t\t\t\t\t\t\t<h4 class=\"text-red text-[20px]\">Karlsson vom Dach<\/h4>\n\t\t\t\t<\/div>\n\t\t\t\t<!-- <p class=\"text-blackish mobile:text-[14px]\">Karlsson ist eine ziemlich unertr\u00e4gliche und vorlaute Person, die alle S\u00fc\u00dfigkeiten alleine aufisst und am liebsten Leute \u201etirritiert\u201c.<\/p> -->\n\t\t\t\t<div class=\"flex flex-col items-start gap-1 pt-2\">\n\t\t\t\t\t\t\t\t\t\t\t\t\t\t<\/div>\n\t\t\t<\/div>\n\t\t<\/div>\n\t<\/a>\n\t<!-- DESKTOP -->\n\t<a href=\"https:\/\/astridlindgrensvarld.se\/de\/figuren\/karlsson-vom-dach\/\" class=\"relative flex flex-col items-center justify-between group max-h-[40rem] max-w-[38rem] tablet-sm:hidden\">\n\n\t\t<div class=\"mb-5 overflow-hidden rounded-lg\">\n\t\t\t<img decoding=\"async\" class=\"object-cover w-full transition-all duration-700 aspect-standing group-hover:scale-110\" src=\"https:\/\/astridlindgrensvarld.se\/wp-content\/uploads\/2023\/10\/karlsson-2-1440x1440px.jpg\" alt=\"\">\n\t\t<\/div>\n\t\t<div class=\"absolute bottom-0 flex flex-col gap-3 p-5 mx-4 rounded-lg bg-whiteish sm-shadow mobile:px-4 w-[90%]\">\n\t\t\t<div class=\"flex flex-col\">\n\t\t\t\t\t\t\t\t<h4 class=\"text-red\">Karlsson vom Dach<\/h4>\n\t\t\t<\/div>\n\t\t\t<p class=\"text-blackish\">Karlsson ist eine ziemlich unertr\u00e4gliche und vorlaute Person, die alle S\u00fc\u00dfigkeiten alleine aufisst und am liebsten Leute \u201etirritiert\u201c.<\/p>\n\t\t\t<div class=\"flex items-start gap-3\">\n                \t\t\t\t\t\t\t<\/div>\n\t\t<\/div>\n\t<\/a>\n\n\t\t\t\t\n\t\t\t\t\t\n\n<!-- now I am complete! -->\n\n\n\t<!-- \/\/MOBILE -->\n\t<a href=\"https:\/\/astridlindgrensvarld.se\/de\/figuren\/die-brueder-loewenherz\/\" class=\"relative flex-col items-stretch justify-between hidden group sm-shadow tablet-sm:!flex\">\n\t\t<div class=\"flex items-center justify-center w-full\">\n\t\t\t<div class=\" max-w-[9rem] w-full h-full\">\n\t\t\t\t<img decoding=\"async\" class=\"object-cover w-full h-full rounded-l-md aspect-square\" src=\"https:\/\/astridlindgrensvarld.se\/wp-content\/uploads\/2023\/09\/min-bror-jonatan-lejonhjarta-1-1440x1440px.jpg\" alt=\"\">\n\t\t\t<\/div>\n\t\t\t<div class=\"flex flex-col items-start justify-center w-full h-full gap-1 p-4 rounded-r-md bg-whiteish\">\n\t\t\t\t<div class=\"flex flex-col\">\n\t\t\t\t\t\t\t\t\t\t<h4 class=\"text-red text-[20px]\">Die Br\u00fcder L\u00f6wenherz<\/h4>\n\t\t\t\t<\/div>\n\t\t\t\t<!-- <p class=\"text-blackish mobile:text-[14px]\">\u201eDie Br\u00fcder L\u00f6wenherz\u201cist ein M\u00e4rchen \u00fcber eine Liebe, die so stark ist, dass sie den Tod \u00fcberwindet - nicht nur ein-, sondern zweimal. <\/p> -->\n\t\t\t\t<div class=\"flex flex-col items-start gap-1 pt-2\">\n\t\t\t\t\t\t\t\t\t\t\t\t\t\t<\/div>\n\t\t\t<\/div>\n\t\t<\/div>\n\t<\/a>\n\t<!-- DESKTOP -->\n\t<a href=\"https:\/\/astridlindgrensvarld.se\/de\/figuren\/die-brueder-loewenherz\/\" class=\"relative flex flex-col items-center justify-between group max-h-[40rem] max-w-[38rem] tablet-sm:hidden\">\n\n\t\t<div class=\"mb-5 overflow-hidden rounded-lg\">\n\t\t\t<img decoding=\"async\" class=\"object-cover w-full transition-all duration-700 aspect-standing group-hover:scale-110\" src=\"https:\/\/astridlindgrensvarld.se\/wp-content\/uploads\/2023\/09\/min-bror-jonatan-lejonhjarta-1-1440x1440px.jpg\" alt=\"\">\n\t\t<\/div>\n\t\t<div class=\"absolute bottom-0 flex flex-col gap-3 p-5 mx-4 rounded-lg bg-whiteish sm-shadow mobile:px-4 w-[90%]\">\n\t\t\t<div class=\"flex flex-col\">\n\t\t\t\t\t\t\t\t<h4 class=\"text-red\">Die Br\u00fcder L\u00f6wenherz<\/h4>\n\t\t\t<\/div>\n\t\t\t<p class=\"text-blackish\">\u201eDie Br\u00fcder L\u00f6wenherz\u201cist ein M\u00e4rchen \u00fcber eine Liebe, die so stark ist, dass sie den Tod \u00fcberwindet &#8211; nicht nur ein-, sondern zweimal. <\/p>\n\t\t\t<div class=\"flex items-start gap-3\">\n                \t\t\t\t\t\t\t<\/div>\n\t\t<\/div>\n\t<\/a>\n\n\t\t\t\t\t\t<\/div>\n\t<\/div>","protected":false},"excerpt":{"rendered":"","protected":false},"author":8,"featured_media":0,"parent":0,"menu_order":0,"comment_status":"closed","ping_status":"closed","template":"","meta":{"_acf_changed":false,"footnotes":""},"class_list":["post-79274","page","type-page","status-publish","hentry"],"acf":[],"yoast_head":"<!-- This site is optimized with the Yoast SEO plugin v27.4 - https:\/\/yoast.com\/product\/yoast-seo-wordpress\/ -->\n<title>Figuren | Astrid Lindgrens V\u00e4rld<\/title>\n<meta name=\"robots\" content=\"index, follow, max-snippet:-1, max-image-preview:large, max-video-preview:-1\" \/>\n<link rel=\"canonical\" href=\"https:\/\/astridlindgrensvarld.se\/de\/figuren\/\" \/>\n<meta property=\"og:locale\" content=\"de_DE\" \/>\n<meta property=\"og:type\" content=\"article\" \/>\n<meta property=\"og:title\" content=\"Figuren | Astrid Lindgrens V\u00e4rld\" \/>\n<meta property=\"og:url\" content=\"https:\/\/astridlindgrensvarld.se\/de\/figuren\/\" \/>\n<meta property=\"og:site_name\" content=\"Astrid Lindgrens V\u00e4rld\" \/>\n<meta property=\"article:modified_time\" content=\"2024-04-09T17:44:22+00:00\" \/>\n<meta name=\"twitter:card\" content=\"summary_large_image\" \/>\n<script type=\"application\/ld+json\" class=\"yoast-schema-graph\">{\"@context\":\"https:\\\/\\\/schema.org\",\"@graph\":[{\"@type\":\"WebPage\",\"@id\":\"https:\\\/\\\/astridlindgrensvarld.se\\\/de\\\/figuren\\\/\",\"url\":\"https:\\\/\\\/astridlindgrensvarld.se\\\/de\\\/figuren\\\/\",\"name\":\"Figuren | Astrid Lindgrens V\u00e4rld\",\"isPartOf\":{\"@id\":\"https:\\\/\\\/astridlindgrensvarld.se\\\/#website\"},\"datePublished\":\"2024-02-13T12:51:03+00:00\",\"dateModified\":\"2024-04-09T17:44:22+00:00\",\"breadcrumb\":{\"@id\":\"https:\\\/\\\/astridlindgrensvarld.se\\\/de\\\/figuren\\\/#breadcrumb\"},\"inLanguage\":\"de\",\"potentialAction\":[{\"@type\":\"ReadAction\",\"target\":[\"https:\\\/\\\/astridlindgrensvarld.se\\\/de\\\/figuren\\\/\"]}]},{\"@type\":\"BreadcrumbList\",\"@id\":\"https:\\\/\\\/astridlindgrensvarld.se\\\/de\\\/figuren\\\/#breadcrumb\",\"itemListElement\":[{\"@type\":\"ListItem\",\"position\":1,\"name\":\"Home\",\"item\":\"https:\\\/\\\/astridlindgrensvarld.se\\\/de\\\/\"},{\"@type\":\"ListItem\",\"position\":2,\"name\":\"Figuren\"}]},{\"@type\":\"WebSite\",\"@id\":\"https:\\\/\\\/astridlindgrensvarld.se\\\/#website\",\"url\":\"https:\\\/\\\/astridlindgrensvarld.se\\\/\",\"name\":\"Astrid Lindgrens V\u00e4rld\",\"description\":\"\",\"potentialAction\":[{\"@type\":\"SearchAction\",\"target\":{\"@type\":\"EntryPoint\",\"urlTemplate\":\"https:\\\/\\\/astridlindgrensvarld.se\\\/?s={search_term_string}\"},\"query-input\":{\"@type\":\"PropertyValueSpecification\",\"valueRequired\":true,\"valueName\":\"search_term_string\"}}],\"inLanguage\":\"de\"}]}<\/script>\n<!-- \/ Yoast SEO plugin. -->","yoast_head_json":{"title":"Figuren | Astrid Lindgrens V\u00e4rld","robots":{"index":"index","follow":"follow","max-snippet":"max-snippet:-1","max-image-preview":"max-image-preview:large","max-video-preview":"max-video-preview:-1"},"canonical":"https:\/\/astridlindgrensvarld.se\/de\/figuren\/","og_locale":"de_DE","og_type":"article","og_title":"Figuren | Astrid Lindgrens V\u00e4rld","og_url":"https:\/\/astridlindgrensvarld.se\/de\/figuren\/","og_site_name":"Astrid Lindgrens V\u00e4rld","article_modified_time":"2024-04-09T17:44:22+00:00","twitter_card":"summary_large_image","schema":{"@context":"https:\/\/schema.org","@graph":[{"@type":"WebPage","@id":"https:\/\/astridlindgrensvarld.se\/de\/figuren\/","url":"https:\/\/astridlindgrensvarld.se\/de\/figuren\/","name":"Figuren | Astrid Lindgrens V\u00e4rld","isPartOf":{"@id":"https:\/\/astridlindgrensvarld.se\/#website"},"datePublished":"2024-02-13T12:51:03+00:00","dateModified":"2024-04-09T17:44:22+00:00","breadcrumb":{"@id":"https:\/\/astridlindgrensvarld.se\/de\/figuren\/#breadcrumb"},"inLanguage":"de","potentialAction":[{"@type":"ReadAction","target":["https:\/\/astridlindgrensvarld.se\/de\/figuren\/"]}]},{"@type":"BreadcrumbList","@id":"https:\/\/astridlindgrensvarld.se\/de\/figuren\/#breadcrumb","itemListElement":[{"@type":"ListItem","position":1,"name":"Home","item":"https:\/\/astridlindgrensvarld.se\/de\/"},{"@type":"ListItem","position":2,"name":"Figuren"}]},{"@type":"WebSite","@id":"https:\/\/astridlindgrensvarld.se\/#website","url":"https:\/\/astridlindgrensvarld.se\/","name":"Astrid Lindgrens V\u00e4rld","description":"","potentialAction":[{"@type":"SearchAction","target":{"@type":"EntryPoint","urlTemplate":"https:\/\/astridlindgrensvarld.se\/?s={search_term_string}"},"query-input":{"@type":"PropertyValueSpecification","valueRequired":true,"valueName":"search_term_string"}}],"inLanguage":"de"}]}},"_links":{"self":[{"href":"https:\/\/astridlindgrensvarld.se\/de\/wp-json\/wp\/v2\/pages\/79274","targetHints":{"allow":["GET"]}}],"collection":[{"href":"https:\/\/astridlindgrensvarld.se\/de\/wp-json\/wp\/v2\/pages"}],"about":[{"href":"https:\/\/astridlindgrensvarld.se\/de\/wp-json\/wp\/v2\/types\/page"}],"author":[{"embeddable":true,"href":"https:\/\/astridlindgrensvarld.se\/de\/wp-json\/wp\/v2\/users\/8"}],"replies":[{"embeddable":true,"href":"https:\/\/astridlindgrensvarld.se\/de\/wp-json\/wp\/v2\/comments?post=79274"}],"version-history":[{"count":2,"href":"https:\/\/astridlindgrensvarld.se\/de\/wp-json\/wp\/v2\/pages\/79274\/revisions"}],"predecessor-version":[{"id":81888,"href":"https:\/\/astridlindgrensvarld.se\/de\/wp-json\/wp\/v2\/pages\/79274\/revisions\/81888"}],"wp:attachment":[{"href":"https:\/\/astridlindgrensvarld.se\/de\/wp-json\/wp\/v2\/media?parent=79274"}],"curies":[{"name":"wp","href":"https:\/\/api.w.org\/{rel}","templated":true}]}}