{"id":79268,"date":"2024-02-13T14:51:01","date_gmt":"2024-02-13T12:51:01","guid":{"rendered":"https:\/\/astridlindgrensvarld.se\/theater\/"},"modified":"2025-12-16T14:49:07","modified_gmt":"2025-12-16T12:49:07","slug":"theater","status":"publish","type":"page","link":"https:\/\/astridlindgrensvarld.se\/de\/theater\/","title":{"rendered":"Theater"},"content":{"rendered":"\n<div class=\"relative flex flex-col items-center  w-full justify-center\">\n\t\t<div class=\"w-full h-[60vh] min-h-[500px] tablet:max-h-[700px] bg-gradient-to-t opacity-60 from-blackish absolute bottom-0\">\n\n\t<\/div>\n\t\t\t\t<img decoding=\"async\" class=\"top-0 object-cover w-full h-[60vh]  max-h-[746px] desktop:max-h-[650px] min-h-[700px] mobile:min-h-[540px] mobile:hidden\" src=\"https:\/\/astridlindgrensvarld.se\/wp-content\/uploads\/2024\/01\/emil-3-3200x1440px.jpg\" alt=\"\">\n\t<img decoding=\"async\" class=\"top-0 object-cover w-full h-[60vh] min-h-[700px] mobile:min-h-[540px] hidden mobile:block\" src=\"https:\/\/astridlindgrensvarld.se\/wp-content\/uploads\/2023\/10\/emil-2-810x1440-1.jpg\" alt=\"\">\n\t\t<div class=\"w-full m-auto text-center absolute bottom-[80px]\">\n\t\t<h1 class=\"text-darkWhite\">Die gr\u00f6\u00dfte Freilichtb\u00fchne Schwedens<\/h1>\n\t<\/div>\n<\/div>\n\n\n<div class=\"flex items-center justify-center w-full px-4 py-7\">\n\t<div data-aos=\"\" data-aos-duration=\"\" class=\"flex flex-col w-full gap-5 m-auto text-center inner-contain\">\n\t\t\t\t<p class=\"-large text-red\">Hier bieten wir zauberhafte Theatererlebnisse f\u00fcr Gro\u00df und Klein. Jeden Tag spielen wir Vorstellungen, die alle auf Astrid Lindgrens Geschichten basieren, und viele davon beinhalten Gesang, Musik und Tanz als Teil der Handlung. Unser Programm variiert im Laufe des Jahres, und das aktuelle Programm finden Sie unten.<\/p>\n\t\t\t<\/div>\n<\/div>\n\n\n<div class=\"flex flex-col items-center justify-center w-full gap-5 px-8 py-7 desktop-sm:px-4\">\n\t\t<div class=\"flex flex-col w-full gap-5 m-auto inner-contain\">\n\t\t<div class=\"flex flex-col items-center w-full gap-5 mobile:items-start\">\n\t\t\t<h3 class=\"-demi -small text-darkRed tablet:text-center\"><\/h3>\n\t\t\t<div class=\"flex flex-wrap items-center justify-center w-full gap-3 px-8 mobile:px-0 mobile:justify-start\">\n\t\t\t\t<a href=\"#alla\" id=\"all-shows-btn\" data-slug=\"all\" class=\"px-5 py-2 text-center transition-all duration-150 ease-in-out rounded-lg mobile:px-2 mobile:py-1 cat-showslist_item active alla sm-shadow hover:bg-darkRed hover:text-whiteish\">\n\t\t\t\t\t<p class=\"-button\">Alle<\/p>\n\t\t\t\t<\/a>\n\t\t\t\t\t\t\t\t\n\t\t\t\t\t\t\t\t\t\t\t<a href=\"#die-bruder-lowenherz\" data-slug=\"die-bruder-lowenherz\" data-type=\"character\" class=\"cat-showslist_item die-bruder-lowenherz  mobile:px-2 mobile:py-1 text-center px-5 py-2 rounded-lg sm-shadow transition-all duration-150 ease-in-out hover:bg-darkRed hover:text-whiteish\">\n\t\t\t\t\t\t\t<p class=\"-button\">Die Br\u00fcder L\u00f6wenherz<\/p>\n\t\t\t\t\t\t<\/a>\n\t\t\t\t\t\t\t\t\t\t\t<a href=\"#karlsson-vom-dach\" data-slug=\"karlsson-vom-dach\" data-type=\"character\" class=\"cat-showslist_item karlsson-vom-dach  mobile:px-2 mobile:py-1 text-center px-5 py-2 rounded-lg sm-shadow transition-all duration-150 ease-in-out hover:bg-darkRed hover:text-whiteish\">\n\t\t\t\t\t\t\t<p class=\"-button\">Karlsson vom Dach<\/p>\n\t\t\t\t\t\t<\/a>\n\t\t\t\t\t\t\t\t\t\t\t<a href=\"#madita\" data-slug=\"madita\" data-type=\"character\" class=\"cat-showslist_item madita  mobile:px-2 mobile:py-1 text-center px-5 py-2 rounded-lg sm-shadow transition-all duration-150 ease-in-out hover:bg-darkRed hover:text-whiteish\">\n\t\t\t\t\t\t\t<p class=\"-button\">Madita<\/p>\n\t\t\t\t\t\t<\/a>\n\t\t\t\t\t\t\t\t\t\t\t<a href=\"#michel-aus-lonneberga\" data-slug=\"michel-aus-lonneberga\" data-type=\"character\" class=\"cat-showslist_item michel-aus-lonneberga  mobile:px-2 mobile:py-1 text-center px-5 py-2 rounded-lg sm-shadow transition-all duration-150 ease-in-out hover:bg-darkRed hover:text-whiteish\">\n\t\t\t\t\t\t\t<p class=\"-button\">Michel aus L\u00f6nneberga<\/p>\n\t\t\t\t\t\t<\/a>\n\t\t\t\t\t\t\t\t\t\t\t<a href=\"#mio-mein-mio\" data-slug=\"mio-mein-mio\" data-type=\"character\" class=\"cat-showslist_item mio-mein-mio  mobile:px-2 mobile:py-1 text-center px-5 py-2 rounded-lg sm-shadow transition-all duration-150 ease-in-out hover:bg-darkRed hover:text-whiteish\">\n\t\t\t\t\t\t\t<p class=\"-button\">Mio<\/p>\n\t\t\t\t\t\t<\/a>\n\t\t\t\t\t\t\t\t\t\t\t<a href=\"#pippi-langstrumpf\" data-slug=\"pippi-langstrumpf\" data-type=\"character\" class=\"cat-showslist_item pippi-langstrumpf  mobile:px-2 mobile:py-1 text-center px-5 py-2 rounded-lg sm-shadow transition-all duration-150 ease-in-out hover:bg-darkRed hover:text-whiteish\">\n\t\t\t\t\t\t\t<p class=\"-button\">Pippi Langstrumpf<\/p>\n\t\t\t\t\t\t<\/a>\n\t\t\t\t\t\t\t\t\t\t\t<a href=\"#rasmus-und-der-landstreicher\" data-slug=\"rasmus-und-der-landstreicher\" data-type=\"character\" class=\"cat-showslist_item rasmus-und-der-landstreicher  mobile:px-2 mobile:py-1 text-center px-5 py-2 rounded-lg sm-shadow transition-all duration-150 ease-in-out hover:bg-darkRed hover:text-whiteish\">\n\t\t\t\t\t\t\t<p class=\"-button\">Rasmus und der Landstreicher<\/p>\n\t\t\t\t\t\t<\/a>\n\t\t\t\t\t\t\t\t\t\t\t<a href=\"#ronja-raubertochter\" data-slug=\"ronja-raubertochter\" data-type=\"character\" class=\"cat-showslist_item ronja-raubertochter  mobile:px-2 mobile:py-1 text-center px-5 py-2 rounded-lg sm-shadow transition-all duration-150 ease-in-out hover:bg-darkRed hover:text-whiteish\">\n\t\t\t\t\t\t\t<p class=\"-button\">Ronja R\u00e4ubertochter<\/p>\n\t\t\t\t\t\t<\/a>\n\t\t\t\t\t\t\t\t<\/div>\n\t\t<\/div>\n\n\t\t\n\n\n\t\t<div class=\"grid w-full h-full grid-cols-3 gap-5 m-auto pt-7 tablet:px-8 shows-tiles mobile:pt-5 tablet-sm:grid-cols-1 desktop-sm:grid-cols-2 inner-contain desktop-sm:px-4 mobile:px-0\">\n\n\t<\/div>\n\t<\/div>\n<\/div>","protected":false},"excerpt":{"rendered":"","protected":false},"author":9,"featured_media":0,"parent":0,"menu_order":0,"comment_status":"closed","ping_status":"closed","template":"","meta":{"_acf_changed":false,"footnotes":""},"class_list":["post-79268","page","type-page","status-publish","hentry"],"acf":[],"yoast_head":"<!-- This site is optimized with the Yoast SEO plugin v27.3 - https:\/\/yoast.com\/product\/yoast-seo-wordpress\/ -->\n<title>Theater | Astrid Lindgrens V\u00e4rld<\/title>\n<meta name=\"robots\" content=\"index, follow, max-snippet:-1, max-image-preview:large, max-video-preview:-1\" \/>\n<link rel=\"canonical\" href=\"https:\/\/astridlindgrensvarld.se\/de\/theater\/\" \/>\n<meta property=\"og:locale\" content=\"de_DE\" \/>\n<meta property=\"og:type\" content=\"article\" \/>\n<meta property=\"og:title\" content=\"Theater | Astrid Lindgrens V\u00e4rld\" \/>\n<meta property=\"og:url\" content=\"https:\/\/astridlindgrensvarld.se\/de\/theater\/\" \/>\n<meta property=\"og:site_name\" content=\"Astrid Lindgrens V\u00e4rld\" \/>\n<meta property=\"article:modified_time\" content=\"2025-12-16T12:49:07+00:00\" \/>\n<meta name=\"twitter:card\" content=\"summary_large_image\" \/>\n<script type=\"application\/ld+json\" class=\"yoast-schema-graph\">{\"@context\":\"https:\\\/\\\/schema.org\",\"@graph\":[{\"@type\":\"WebPage\",\"@id\":\"https:\\\/\\\/astridlindgrensvarld.se\\\/de\\\/theater\\\/\",\"url\":\"https:\\\/\\\/astridlindgrensvarld.se\\\/de\\\/theater\\\/\",\"name\":\"Theater | Astrid Lindgrens V\u00e4rld\",\"isPartOf\":{\"@id\":\"https:\\\/\\\/astridlindgrensvarld.se\\\/#website\"},\"datePublished\":\"2024-02-13T12:51:01+00:00\",\"dateModified\":\"2025-12-16T12:49:07+00:00\",\"breadcrumb\":{\"@id\":\"https:\\\/\\\/astridlindgrensvarld.se\\\/de\\\/theater\\\/#breadcrumb\"},\"inLanguage\":\"de\",\"potentialAction\":[{\"@type\":\"ReadAction\",\"target\":[\"https:\\\/\\\/astridlindgrensvarld.se\\\/de\\\/theater\\\/\"]}]},{\"@type\":\"BreadcrumbList\",\"@id\":\"https:\\\/\\\/astridlindgrensvarld.se\\\/de\\\/theater\\\/#breadcrumb\",\"itemListElement\":[{\"@type\":\"ListItem\",\"position\":1,\"name\":\"Home\",\"item\":\"https:\\\/\\\/astridlindgrensvarld.se\\\/de\\\/\"},{\"@type\":\"ListItem\",\"position\":2,\"name\":\"Theater\"}]},{\"@type\":\"WebSite\",\"@id\":\"https:\\\/\\\/astridlindgrensvarld.se\\\/#website\",\"url\":\"https:\\\/\\\/astridlindgrensvarld.se\\\/\",\"name\":\"Astrid Lindgrens V\u00e4rld\",\"description\":\"\",\"potentialAction\":[{\"@type\":\"SearchAction\",\"target\":{\"@type\":\"EntryPoint\",\"urlTemplate\":\"https:\\\/\\\/astridlindgrensvarld.se\\\/?s={search_term_string}\"},\"query-input\":{\"@type\":\"PropertyValueSpecification\",\"valueRequired\":true,\"valueName\":\"search_term_string\"}}],\"inLanguage\":\"de\"}]}<\/script>\n<!-- \/ Yoast SEO plugin. -->","yoast_head_json":{"title":"Theater | Astrid Lindgrens V\u00e4rld","robots":{"index":"index","follow":"follow","max-snippet":"max-snippet:-1","max-image-preview":"max-image-preview:large","max-video-preview":"max-video-preview:-1"},"canonical":"https:\/\/astridlindgrensvarld.se\/de\/theater\/","og_locale":"de_DE","og_type":"article","og_title":"Theater | Astrid Lindgrens V\u00e4rld","og_url":"https:\/\/astridlindgrensvarld.se\/de\/theater\/","og_site_name":"Astrid Lindgrens V\u00e4rld","article_modified_time":"2025-12-16T12:49:07+00:00","twitter_card":"summary_large_image","schema":{"@context":"https:\/\/schema.org","@graph":[{"@type":"WebPage","@id":"https:\/\/astridlindgrensvarld.se\/de\/theater\/","url":"https:\/\/astridlindgrensvarld.se\/de\/theater\/","name":"Theater | Astrid Lindgrens V\u00e4rld","isPartOf":{"@id":"https:\/\/astridlindgrensvarld.se\/#website"},"datePublished":"2024-02-13T12:51:01+00:00","dateModified":"2025-12-16T12:49:07+00:00","breadcrumb":{"@id":"https:\/\/astridlindgrensvarld.se\/de\/theater\/#breadcrumb"},"inLanguage":"de","potentialAction":[{"@type":"ReadAction","target":["https:\/\/astridlindgrensvarld.se\/de\/theater\/"]}]},{"@type":"BreadcrumbList","@id":"https:\/\/astridlindgrensvarld.se\/de\/theater\/#breadcrumb","itemListElement":[{"@type":"ListItem","position":1,"name":"Home","item":"https:\/\/astridlindgrensvarld.se\/de\/"},{"@type":"ListItem","position":2,"name":"Theater"}]},{"@type":"WebSite","@id":"https:\/\/astridlindgrensvarld.se\/#website","url":"https:\/\/astridlindgrensvarld.se\/","name":"Astrid Lindgrens V\u00e4rld","description":"","potentialAction":[{"@type":"SearchAction","target":{"@type":"EntryPoint","urlTemplate":"https:\/\/astridlindgrensvarld.se\/?s={search_term_string}"},"query-input":{"@type":"PropertyValueSpecification","valueRequired":true,"valueName":"search_term_string"}}],"inLanguage":"de"}]}},"_links":{"self":[{"href":"https:\/\/astridlindgrensvarld.se\/de\/wp-json\/wp\/v2\/pages\/79268","targetHints":{"allow":["GET"]}}],"collection":[{"href":"https:\/\/astridlindgrensvarld.se\/de\/wp-json\/wp\/v2\/pages"}],"about":[{"href":"https:\/\/astridlindgrensvarld.se\/de\/wp-json\/wp\/v2\/types\/page"}],"author":[{"embeddable":true,"href":"https:\/\/astridlindgrensvarld.se\/de\/wp-json\/wp\/v2\/users\/9"}],"replies":[{"embeddable":true,"href":"https:\/\/astridlindgrensvarld.se\/de\/wp-json\/wp\/v2\/comments?post=79268"}],"version-history":[{"count":10,"href":"https:\/\/astridlindgrensvarld.se\/de\/wp-json\/wp\/v2\/pages\/79268\/revisions"}],"predecessor-version":[{"id":85529,"href":"https:\/\/astridlindgrensvarld.se\/de\/wp-json\/wp\/v2\/pages\/79268\/revisions\/85529"}],"wp:attachment":[{"href":"https:\/\/astridlindgrensvarld.se\/de\/wp-json\/wp\/v2\/media?parent=79268"}],"curies":[{"name":"wp","href":"https:\/\/api.w.org\/{rel}","templated":true}]}}