{"id":79262,"date":"2024-02-13T14:50:59","date_gmt":"2024-02-13T12:50:59","guid":{"rendered":"https:\/\/astridlindgrensvarld.se\/speisen-und-getraenke\/"},"modified":"2024-10-18T09:16:08","modified_gmt":"2024-10-18T07:16:08","slug":"speisen-und-getraenke","status":"publish","type":"page","link":"https:\/\/astridlindgrensvarld.se\/de\/speisen-und-getraenke\/","title":{"rendered":"Speisen und Getr\u00e4nke"},"content":{"rendered":"\n<div class=\"relative flex flex-col items-center  w-full h-screen max-h-[960px] mobile:mb-[200px] desktop:max-h-[780px] min-h-[700px] mobile:min-h-[500px] justify-start mobile:max-h-none mobile:h-full\">\n\t\t\t\t\t\t\t<img decoding=\"async\" class=\"top-0 object-cover w-full h-[60vh]  max-h-[746px] desktop:max-h-[650px] min-h-[700px] mobile:min-h-[540px] mobile:hidden\" src=\"https:\/\/astridlindgrensvarld.se\/wp-content\/uploads\/2023\/12\/kottbullar-1-3200x1440px.jpg\" alt=\"\">\n\t<img decoding=\"async\" class=\"top-0 object-cover w-full h-[60vh] min-h-[700px] mobile:min-h-[540px] hidden mobile:block\" src=\"https:\/\/astridlindgrensvarld.se\/wp-content\/uploads\/2023\/11\/smg-mat2-1440x1440px.jpg\" alt=\"\">\n\t\t\t\t\t\t\t<div class=\"absolute bottom-0 mobile:bottom-[-200px] z-10 flex flex-col items-center w-full inner-contain gap-7 desktop-sm:px-4 mobile:px-2\">\n\t\t\t\t<div class=\"bg-whiteish px-[80px] py-6 mobile:p-2 flex flex-col items-center gap-4 mobile:gap-4 text-black text-center rounded-lg lg-shadow w-full\">\n\t\t\t\t\t<div class=\"flex flex-col items-center justify-start gap-1\">\n\n\t\t\t\t\t\t<h1 class=\"text-brightRed -hero\">Speisen und Getr\u00e4nke<\/h1>\n\t\t\t\t\t\t\t\t\t\t\t<\/div>\n\n\t\t\t\t\t<p class=\"-large text-darkRed mobile:!text-[16px]\">In unseren Restaurants bereiten wir alles von Grund auf in unseren eigenen K\u00fcchen zu, meistens aus Zutaten aus der Region. Hier gibt es herzhafte, sm\u00e5l\u00e4ndische Hausmannskost, wie Reibekuchen mit Speck. Aber es gibt auch Hackb\u00e4llchen mit Kartoffelp\u00fcree, Pfannkuchen und vieles mehr. Falls jemand in der Familie eine Allergie hat oder aus einem anderen Grund eine spezielle Di\u00e4t einhalten muss, haben wir mindestens eine Allergiealternative.<\/p>\n\t\t\t\t\t\t\t\t\t\t\t\t\t\t<\/div>\n\t\t\t<\/div>\n\t\t\t<\/div>\n\n\n<div class=\"flex flex-col items-center justify-center w-full gap-5 px-8 py-7 desktop-sm:px-4\">\n\t\t\t<div class=\"w-full p-5 m-auto text-center tablet:p-0 inner-contain\">\n\t\t\t<p class=\"-large text-red\">Hier gibt es herzhafte, sm\u00e5l\u00e4ndische Hausmannskost, wie Reibekuchen mit Speck. Aber es gibt auch Hackb\u00e4llchen mit Kartoffelp\u00fcree, Pfannkuchen und vieles mehr. Falls jemand in der Familie eine Allergie hat oder aus einem anderen Grund eine spezielle Di\u00e4t einhalten muss, haben wir mindestens eine Allergiealternative.<\/p>\n\t\t<\/div>\n\t\t<div class=\"flex flex-col w-full gap-5 m-auto inner-contain\">\n\t\t<div class=\"flex flex-col items-center w-full gap-5 mobile:items-start\">\n\t\t\t<h3 class=\"-demi -small text-darkRed tablet:text-center\">Restaurants, Caf\u00e9s und Imbisse<\/h3>\n\t\t\t<div class=\"flex flex-wrap items-center justify-center w-full gap-3 px-8 mobile:px-0 mobile:justify-start\">\n\t\t\t\t<a href=\"#alla\" id=\"food-all-btn\" data-slug=\"all\" class=\"px-5 py-2 text-center transition-all duration-150 ease-in-out rounded-lg mobile:px-2 mobile:py-1 cat-foodlist_item active alla sm-shadow hover:bg-darkRed hover:text-whiteish\">\n\t\t\t\t\t<p class=\"-button\">Alle<\/p>\n\t\t\t\t<\/a>\n\t\t\t\t\t\t\t\t\n\t\t\t\t\t\t\t\t\t\t\t<a href=\"#cafes\" data-slug=\"cafes\" data-type=\"foodtype\" class=\"cat-foodlist_item cafes mobile:px-2 mobile:py-1 text-center px-5 py-2 rounded-lg sm-shadow transition-all duration-150 ease-in-out hover:bg-darkRed hover:text-whiteish\">\n\t\t\t\t\t\t\t<p class=\"-button\">Caf\u00e9s<\/p>\n\t\t\t\t\t\t<\/a>\n\t\t\t\t\t\t\t\t\t\t\t<a href=\"#einfachere-speisen\" data-slug=\"einfachere-speisen\" data-type=\"foodtype\" class=\"cat-foodlist_item einfachere-speisen mobile:px-2 mobile:py-1 text-center px-5 py-2 rounded-lg sm-shadow transition-all duration-150 ease-in-out hover:bg-darkRed hover:text-whiteish\">\n\t\t\t\t\t\t\t<p class=\"-button\">Einfachere Speisen<\/p>\n\t\t\t\t\t\t<\/a>\n\t\t\t\t\t\t\t\t\t\t\t<a href=\"#restaurants\" data-slug=\"restaurants\" data-type=\"foodtype\" class=\"cat-foodlist_item restaurants mobile:px-2 mobile:py-1 text-center px-5 py-2 rounded-lg sm-shadow transition-all duration-150 ease-in-out hover:bg-darkRed hover:text-whiteish\">\n\t\t\t\t\t\t\t<p class=\"-button\">Restaurants<\/p>\n\t\t\t\t\t\t<\/a>\n\t\t\t\t\t\t\t\t\t\t\t\t<\/div>\n\t\t<\/div>\n\n\t\t\n\n\n\t\t<div class=\"grid w-full h-full grid-cols-3 gap-5 m-auto pt-7 tablet:px-8 food-tiles mobile:pt-5 tablet-sm:grid-cols-1 desktop-sm:grid-cols-2 inner-contain desktop-sm:px-4 mobile:px-0\">\n\n\t\t<\/div>\n\t<\/div>\n<\/div>","protected":false},"excerpt":{"rendered":"","protected":false},"author":8,"featured_media":0,"parent":0,"menu_order":0,"comment_status":"closed","ping_status":"closed","template":"","meta":{"_acf_changed":false,"footnotes":""},"class_list":["post-79262","page","type-page","status-publish","hentry"],"acf":[],"yoast_head":"<!-- This site is optimized with the Yoast SEO plugin v27.3 - https:\/\/yoast.com\/product\/yoast-seo-wordpress\/ -->\n<title>Speisen und Getr\u00e4nke | Astrid Lindgrens V\u00e4rld<\/title>\n<meta name=\"robots\" content=\"index, follow, max-snippet:-1, max-image-preview:large, max-video-preview:-1\" \/>\n<link rel=\"canonical\" href=\"https:\/\/astridlindgrensvarld.se\/de\/speisen-und-getraenke\/\" \/>\n<meta property=\"og:locale\" content=\"de_DE\" \/>\n<meta property=\"og:type\" content=\"article\" \/>\n<meta property=\"og:title\" content=\"Speisen und Getr\u00e4nke | Astrid Lindgrens V\u00e4rld\" \/>\n<meta property=\"og:url\" content=\"https:\/\/astridlindgrensvarld.se\/de\/speisen-und-getraenke\/\" \/>\n<meta property=\"og:site_name\" content=\"Astrid Lindgrens V\u00e4rld\" \/>\n<meta property=\"article:modified_time\" content=\"2024-10-18T07:16:08+00:00\" \/>\n<meta name=\"twitter:card\" content=\"summary_large_image\" \/>\n<script type=\"application\/ld+json\" class=\"yoast-schema-graph\">{\"@context\":\"https:\\\/\\\/schema.org\",\"@graph\":[{\"@type\":\"WebPage\",\"@id\":\"https:\\\/\\\/astridlindgrensvarld.se\\\/de\\\/speisen-und-getraenke\\\/\",\"url\":\"https:\\\/\\\/astridlindgrensvarld.se\\\/de\\\/speisen-und-getraenke\\\/\",\"name\":\"Speisen und Getr\u00e4nke | Astrid Lindgrens V\u00e4rld\",\"isPartOf\":{\"@id\":\"https:\\\/\\\/astridlindgrensvarld.se\\\/#website\"},\"datePublished\":\"2024-02-13T12:50:59+00:00\",\"dateModified\":\"2024-10-18T07:16:08+00:00\",\"breadcrumb\":{\"@id\":\"https:\\\/\\\/astridlindgrensvarld.se\\\/de\\\/speisen-und-getraenke\\\/#breadcrumb\"},\"inLanguage\":\"de\",\"potentialAction\":[{\"@type\":\"ReadAction\",\"target\":[\"https:\\\/\\\/astridlindgrensvarld.se\\\/de\\\/speisen-und-getraenke\\\/\"]}]},{\"@type\":\"BreadcrumbList\",\"@id\":\"https:\\\/\\\/astridlindgrensvarld.se\\\/de\\\/speisen-und-getraenke\\\/#breadcrumb\",\"itemListElement\":[{\"@type\":\"ListItem\",\"position\":1,\"name\":\"Home\",\"item\":\"https:\\\/\\\/astridlindgrensvarld.se\\\/de\\\/\"},{\"@type\":\"ListItem\",\"position\":2,\"name\":\"Speisen und Getr\u00e4nke\"}]},{\"@type\":\"WebSite\",\"@id\":\"https:\\\/\\\/astridlindgrensvarld.se\\\/#website\",\"url\":\"https:\\\/\\\/astridlindgrensvarld.se\\\/\",\"name\":\"Astrid Lindgrens V\u00e4rld\",\"description\":\"\",\"potentialAction\":[{\"@type\":\"SearchAction\",\"target\":{\"@type\":\"EntryPoint\",\"urlTemplate\":\"https:\\\/\\\/astridlindgrensvarld.se\\\/?s={search_term_string}\"},\"query-input\":{\"@type\":\"PropertyValueSpecification\",\"valueRequired\":true,\"valueName\":\"search_term_string\"}}],\"inLanguage\":\"de\"}]}<\/script>\n<!-- \/ Yoast SEO plugin. -->","yoast_head_json":{"title":"Speisen und Getr\u00e4nke | Astrid Lindgrens V\u00e4rld","robots":{"index":"index","follow":"follow","max-snippet":"max-snippet:-1","max-image-preview":"max-image-preview:large","max-video-preview":"max-video-preview:-1"},"canonical":"https:\/\/astridlindgrensvarld.se\/de\/speisen-und-getraenke\/","og_locale":"de_DE","og_type":"article","og_title":"Speisen und Getr\u00e4nke | Astrid Lindgrens V\u00e4rld","og_url":"https:\/\/astridlindgrensvarld.se\/de\/speisen-und-getraenke\/","og_site_name":"Astrid Lindgrens V\u00e4rld","article_modified_time":"2024-10-18T07:16:08+00:00","twitter_card":"summary_large_image","schema":{"@context":"https:\/\/schema.org","@graph":[{"@type":"WebPage","@id":"https:\/\/astridlindgrensvarld.se\/de\/speisen-und-getraenke\/","url":"https:\/\/astridlindgrensvarld.se\/de\/speisen-und-getraenke\/","name":"Speisen und Getr\u00e4nke | Astrid Lindgrens V\u00e4rld","isPartOf":{"@id":"https:\/\/astridlindgrensvarld.se\/#website"},"datePublished":"2024-02-13T12:50:59+00:00","dateModified":"2024-10-18T07:16:08+00:00","breadcrumb":{"@id":"https:\/\/astridlindgrensvarld.se\/de\/speisen-und-getraenke\/#breadcrumb"},"inLanguage":"de","potentialAction":[{"@type":"ReadAction","target":["https:\/\/astridlindgrensvarld.se\/de\/speisen-und-getraenke\/"]}]},{"@type":"BreadcrumbList","@id":"https:\/\/astridlindgrensvarld.se\/de\/speisen-und-getraenke\/#breadcrumb","itemListElement":[{"@type":"ListItem","position":1,"name":"Home","item":"https:\/\/astridlindgrensvarld.se\/de\/"},{"@type":"ListItem","position":2,"name":"Speisen und Getr\u00e4nke"}]},{"@type":"WebSite","@id":"https:\/\/astridlindgrensvarld.se\/#website","url":"https:\/\/astridlindgrensvarld.se\/","name":"Astrid Lindgrens V\u00e4rld","description":"","potentialAction":[{"@type":"SearchAction","target":{"@type":"EntryPoint","urlTemplate":"https:\/\/astridlindgrensvarld.se\/?s={search_term_string}"},"query-input":{"@type":"PropertyValueSpecification","valueRequired":true,"valueName":"search_term_string"}}],"inLanguage":"de"}]}},"_links":{"self":[{"href":"https:\/\/astridlindgrensvarld.se\/de\/wp-json\/wp\/v2\/pages\/79262","targetHints":{"allow":["GET"]}}],"collection":[{"href":"https:\/\/astridlindgrensvarld.se\/de\/wp-json\/wp\/v2\/pages"}],"about":[{"href":"https:\/\/astridlindgrensvarld.se\/de\/wp-json\/wp\/v2\/types\/page"}],"author":[{"embeddable":true,"href":"https:\/\/astridlindgrensvarld.se\/de\/wp-json\/wp\/v2\/users\/8"}],"replies":[{"embeddable":true,"href":"https:\/\/astridlindgrensvarld.se\/de\/wp-json\/wp\/v2\/comments?post=79262"}],"version-history":[{"count":4,"href":"https:\/\/astridlindgrensvarld.se\/de\/wp-json\/wp\/v2\/pages\/79262\/revisions"}],"predecessor-version":[{"id":83375,"href":"https:\/\/astridlindgrensvarld.se\/de\/wp-json\/wp\/v2\/pages\/79262\/revisions\/83375"}],"wp:attachment":[{"href":"https:\/\/astridlindgrensvarld.se\/de\/wp-json\/wp\/v2\/media?parent=79262"}],"curies":[{"name":"wp","href":"https:\/\/api.w.org\/{rel}","templated":true}]}}