{"id":79254,"date":"2024-02-13T14:50:56","date_gmt":"2024-02-13T12:50:56","guid":{"rendered":"https:\/\/astridlindgrensvarld.se\/ueber-astrid-lindgren\/"},"modified":"2024-04-10T09:53:24","modified_gmt":"2024-04-10T07:53:24","slug":"ueber-astrid-lindgren","status":"publish","type":"page","link":"https:\/\/astridlindgrensvarld.se\/de\/ueber-astrid-lindgren\/","title":{"rendered":"\u00dcber Astrid Lindgren"},"content":{"rendered":"\n<div class=\"relative flex flex-col items-center  w-full h-screen max-h-[960px] mobile:mb-[200px] desktop:max-h-[780px] min-h-[700px] mobile:min-h-[500px] justify-start mobile:max-h-none mobile:h-full\">\n\t\t\t\t\t\t\t<img decoding=\"async\" class=\"top-0 object-cover w-full h-[60vh]  max-h-[746px] desktop:max-h-[650px] min-h-[700px] mobile:min-h-[540px] mobile:hidden\" src=\"https:\/\/astridlindgrensvarld.se\/wp-content\/uploads\/2024\/01\/astrid-lindgren.jpg\" alt=\"\">\n\t<img decoding=\"async\" class=\"top-0 object-cover w-full h-[60vh] min-h-[700px] mobile:min-h-[540px] hidden mobile:block\" src=\"https:\/\/astridlindgrensvarld.se\/wp-content\/uploads\/2023\/12\/astrid-duvan-1.jpg\" alt=\"\">\n\t\t\t\t\t\t\t<div class=\"absolute bottom-0 mobile:bottom-[-200px] z-10 flex flex-col items-center w-full inner-contain gap-7 desktop-sm:px-4 mobile:px-2\">\n\t\t\t\t<div class=\"bg-whiteish px-[80px] py-6 mobile:p-2 flex flex-col items-center gap-4 mobile:gap-4 text-black text-center rounded-lg lg-shadow w-full\">\n\t\t\t\t\t<div class=\"flex flex-col items-center justify-start gap-1\">\n\n\t\t\t\t\t\t<h1 class=\"text-brightRed -hero\">\u00dcber Astrid Lindgren<\/h1>\n\t\t\t\t\t\t\t\t\t\t\t<\/div>\n\n\t\t\t\t\t<p class=\"-large text-darkRed mobile:!text-[16px]\">Pippi Langstrumpf, Michel aus L\u00f6nneberga, die Br\u00fcder L\u00f6wenherz, Tjorven und Skrollan, die Kinder aus Bullerb\u00fc, Madita, Ronja &#8230; <\/p>\n\t\t\t\t\t\t\t\t\t\t\t\t\t\t\t\t<div class=\"flex items-center justify-center w-full gap-3\">\n\n\t\t\t\t\t\t\t\t\t\t\t\t\t\t\t<a class=\"btn\" href=\"https:\/\/www.astridlindgren.com\/de\/uber-astrid-lindgren\" target=\"_blank\">\n\t\t\t\t\t\t\t\t\t<p class=\"-button\">\n\t\t\t\t\t\t\t\t\t\tMehr \u00fcber Astrid Lindgren erfahren\t\t\t\t\t\t\t\t\t<\/p>\n\t\t\t\t\t\t\t\t<\/a>\n\t\t\t\t\t\t\t\t\t\t\t\t\t\t\t\t\t\t\t\t<\/div>\n\t\t\t\t\t\t\t\t\t<\/div>\n\t\t\t<\/div>\n\t\t\t<\/div>\n\n\n<div class=\"flex items-center justify-center w-full px-4 py-7\">\n\t<div data-aos=\"\" data-aos-duration=\"\" class=\"flex flex-col w-full gap-5 m-auto text-center inner-contain\">\n\t\t\t\t<p class=\"-large text-red\">Millionen Kinder und Erwachsene auf der ganzen Welt lieben diese Figuren und f\u00fchlen sich richtig zu Hause in der Villa Kunterbunt, im Kirschbl\u00fctental, im Tischlerschuppen, in Birkenlund und auf Saltkrokan. Alle diese Welten sind Sch\u00f6pfungen von Astrid Lindgren &#8211; der meistgelesenen Kinderbuchautorin der Welt.<\/p>\n\t\t\t<\/div>\n<\/div>\n\n<div class=\"flex flex-col w-full m-auto py-7 fp-image-contain \">\n\t\t\t<div class=\"relative w-full min-h-[988px] mobile:min-h-[640px] m-auto flex align-center justify-start flex-col fp-image-contain\">\n\t\t\t\t\t\t\t<img decoding=\"async\" data-aos=\"\" data-aos-duration=\"\" class=\"object-cover w-full max-h-[860px] rounded-xl desktop-md:rounded-none min-h-[700px] mobile:min-h-[490px]\" src=\"https:\/\/astridlindgrensvarld.se\/wp-content\/uploads\/2023\/06\/Nas-header.png\" alt=\"\">\n\t\t\t\t\t\t<div class=\"absolute bottom-[-64px] flex flex-col items-center w-full m-auto gap-7 mobile:px-4 pb-7\">\n\t\t\t\t<div class=\"bg-whiteish lg-shadow p-[80px] mobile:p-4 flex flex-col tablet:w-[90%] mobile:w-full text-black text-center inner-contain rounded-lg w-full items-center\">\n\t\t\t\t\t<div class=\"flex flex-col max-w-[760px] gap-5 items-center\">\n\t\t\t\t\t\t\t\t\t\t\t\t\t<h2 class=\"text-brightRed mobile:text-[22px]\">Der Ursprung einer Erz\u00e4hlung<\/h2>\n\t\t\t\t\t\t\t\t\t\t\t\t<p class=\"-medium text-darkRed mobile:!text-[16px]\">Astrid Anna Emilia wurde am 14. November 1907 auf dem Bauernhof N\u00e4s, am Rande der Kleinstadt Vimmerby, geboren. Astrid war die zweit\u00e4lteste von vier Geschwistern. Sie und ihre Geschwister waren, zusammen mit den Kindern des Kuhbauern und den Kindern vom Pfarrhof nebenan, in Wirklichkeit die Kinder aus Bullerb\u00fc. Die Erz\u00e4hlungen \u00fcber ihre Spiele haben sich inzwischen \u00fcber die ganze Welt verbreitet.<\/p>\n\t\t\t\t\t\t\t\t\t\t\t\t\t<a class=\"text-brightRed group w-fit\" href=\"https:\/\/astridlindgrensnas.se\/de\/\" target=\"_blank\">\n\t\t\t\t\t\t\t\t<div class=\"flex items-center justify-center gap-5\">\n\t\t\t\t\t\t\t\t\t<p class=\"-pippi-poster\">Mehr \u00fcber Astrid Lindgrens N\u00e4s erfahren<\/p>\n\t\t\t\t\t\t\t\t\t<img decoding=\"async\" class=\"hover-animation mobile:max-w-[2rem]\" src=\"https:\/\/astridlindgrensvarld.se\/wp-content\/uploads\/2023\/09\/alv-arrow.svg\" alt=\"\">\n\t\t\t\t\t\t\t\t<\/div>\n\t\t\t\t\t\t\t<\/a>\n\t\t\t\t\t\t\t\t\t\t\t<\/div>\n\t\t\t\t<\/div>\n\t\t\t<\/div>\n\t\t<\/div>\n\t\n<\/div>\n\n\n<div class=\"flex items-center justify-center w-full px-4 py-7\">\n\t<div data-aos=\"\" data-aos-duration=\"\" class=\"flex flex-col w-full gap-5 m-auto text-center inner-contain\">\n\t\t\t\t<p class=\"-large text-red\">Astrid Lindgren ist in Vimmerby zur Schule gegangen und daher entspringen ihre Welten sowohl der l\u00e4ndlichen Umgebung als auch der Kleinstadt. Bereits in jungen Jahren zog sie nach Stockholm. Und so kam es, dass schlie\u00dflich ein gewisser Karlsson durch Vasastan, wo Astrid selbst lebte, flog und ein einsamer Junge namens Bo Vilhelm Olsson auf einer Bank im Tegn\u00e9rlunden, an der sie jeden Tag auf dem Weg zur Arbeit vorbeikam, sa\u00df und tr\u00e4umte.<br \/>\n<\/p>\n\t\t\t<\/div>\n<\/div>\n\n<div class=\"flex flex-col w-full m-auto py-7 fp-image-contain \">\n\t\t\t<div class=\"relative w-full min-h-[988px] mobile:min-h-[640px] m-auto flex align-center justify-start flex-col fp-image-contain\">\n\t\t\t\t\t\t\t<img decoding=\"async\" data-aos=\"\" data-aos-duration=\"\" class=\"object-cover w-full max-h-[860px] rounded-xl desktop-md:rounded-none min-h-[700px] mobile:min-h-[490px]\" src=\"https:\/\/astridlindgrensvarld.se\/wp-content\/uploads\/2023\/11\/dsc-6423.jpg\" alt=\"\">\n\t\t\t\t\t\t<div class=\"absolute bottom-[-64px] flex flex-col items-center w-full m-auto gap-7 mobile:px-4 pb-7\">\n\t\t\t\t<div class=\"bg-whiteish lg-shadow p-[80px] mobile:p-4 flex flex-col tablet:w-[90%] mobile:w-full text-black text-center inner-contain rounded-lg w-full items-center\">\n\t\t\t\t\t<div class=\"flex flex-col max-w-[760px] gap-5 items-center\">\n\t\t\t\t\t\t\t\t\t\t\t\t\t<h2 class=\"text-brightRed mobile:text-[22px]\">Die Kraft der Fantasie<\/h2>\n\t\t\t\t\t\t\t\t\t\t\t\t<p class=\"-medium text-darkRed mobile:!text-[16px]\">Aber die Erz\u00e4hlungen k\u00f6nnen sich \u00fcberall dort abspielen, wo es Kinder gibt, die lesen und an die Wunder der Fantasie glauben. Alle Kinder der Welt haben Zugang zum Land in der Ferne und zum Land der D\u00e4mmerung. Inzwischen ist es \u00fcber 20 Jahre her, seit Astrid Lindgren gestorben ist, aber ihre Geschichten leben weiter. Nicht zuletzt hier in Astrid Lindgrens Welt, wo Verspieltheit und ein kindliches Gem\u00fct vielleicht am allerwichtigsten sind.<\/p>\n\t\t\t\t\t\t\t\t\t\t\t\t\t<a class=\"text-brightRed group w-fit\" href=\"https:\/\/astridlindgrensvarld.se\/de\/ueber-astrid-lindgrens-welt\/\" target=\"\">\n\t\t\t\t\t\t\t\t<div class=\"flex items-center justify-center gap-5\">\n\t\t\t\t\t\t\t\t\t<p class=\"-pippi-poster\">Mehr \u00fcber Astrid Lindgrens Welt erfahren<\/p>\n\t\t\t\t\t\t\t\t\t<img decoding=\"async\" class=\"hover-animation mobile:max-w-[2rem]\" src=\"https:\/\/astridlindgrensvarld.se\/wp-content\/uploads\/2023\/09\/alv-arrow.svg\" alt=\"\">\n\t\t\t\t\t\t\t\t<\/div>\n\t\t\t\t\t\t\t<\/a>\n\t\t\t\t\t\t\t\t\t\t\t<\/div>\n\t\t\t\t<\/div>\n\t\t\t<\/div>\n\t\t<\/div>\n\t\n<\/div>","protected":false},"excerpt":{"rendered":"","protected":false},"author":5,"featured_media":0,"parent":0,"menu_order":0,"comment_status":"closed","ping_status":"closed","template":"","meta":{"_acf_changed":false,"footnotes":""},"class_list":["post-79254","page","type-page","status-publish","hentry"],"acf":[],"yoast_head":"<!-- This site is optimized with the Yoast SEO plugin v27.3 - https:\/\/yoast.com\/product\/yoast-seo-wordpress\/ -->\n<title>\u00dcber Astrid Lindgren | Astrid Lindgrens V\u00e4rld<\/title>\n<meta name=\"robots\" content=\"index, follow, max-snippet:-1, max-image-preview:large, max-video-preview:-1\" \/>\n<link rel=\"canonical\" href=\"https:\/\/astridlindgrensvarld.se\/de\/ueber-astrid-lindgren\/\" \/>\n<meta property=\"og:locale\" content=\"de_DE\" \/>\n<meta property=\"og:type\" content=\"article\" \/>\n<meta property=\"og:title\" content=\"\u00dcber Astrid Lindgren | Astrid Lindgrens V\u00e4rld\" \/>\n<meta property=\"og:url\" content=\"https:\/\/astridlindgrensvarld.se\/de\/ueber-astrid-lindgren\/\" \/>\n<meta property=\"og:site_name\" content=\"Astrid Lindgrens V\u00e4rld\" \/>\n<meta property=\"article:modified_time\" content=\"2024-04-10T07:53:24+00:00\" \/>\n<meta name=\"twitter:card\" content=\"summary_large_image\" \/>\n<script type=\"application\/ld+json\" class=\"yoast-schema-graph\">{\"@context\":\"https:\\\/\\\/schema.org\",\"@graph\":[{\"@type\":\"WebPage\",\"@id\":\"https:\\\/\\\/astridlindgrensvarld.se\\\/de\\\/ueber-astrid-lindgren\\\/\",\"url\":\"https:\\\/\\\/astridlindgrensvarld.se\\\/de\\\/ueber-astrid-lindgren\\\/\",\"name\":\"\u00dcber Astrid Lindgren | Astrid Lindgrens V\u00e4rld\",\"isPartOf\":{\"@id\":\"https:\\\/\\\/astridlindgrensvarld.se\\\/#website\"},\"datePublished\":\"2024-02-13T12:50:56+00:00\",\"dateModified\":\"2024-04-10T07:53:24+00:00\",\"breadcrumb\":{\"@id\":\"https:\\\/\\\/astridlindgrensvarld.se\\\/de\\\/ueber-astrid-lindgren\\\/#breadcrumb\"},\"inLanguage\":\"de\",\"potentialAction\":[{\"@type\":\"ReadAction\",\"target\":[\"https:\\\/\\\/astridlindgrensvarld.se\\\/de\\\/ueber-astrid-lindgren\\\/\"]}]},{\"@type\":\"BreadcrumbList\",\"@id\":\"https:\\\/\\\/astridlindgrensvarld.se\\\/de\\\/ueber-astrid-lindgren\\\/#breadcrumb\",\"itemListElement\":[{\"@type\":\"ListItem\",\"position\":1,\"name\":\"Home\",\"item\":\"https:\\\/\\\/astridlindgrensvarld.se\\\/de\\\/\"},{\"@type\":\"ListItem\",\"position\":2,\"name\":\"\u00dcber Astrid Lindgren\"}]},{\"@type\":\"WebSite\",\"@id\":\"https:\\\/\\\/astridlindgrensvarld.se\\\/#website\",\"url\":\"https:\\\/\\\/astridlindgrensvarld.se\\\/\",\"name\":\"Astrid Lindgrens V\u00e4rld\",\"description\":\"\",\"potentialAction\":[{\"@type\":\"SearchAction\",\"target\":{\"@type\":\"EntryPoint\",\"urlTemplate\":\"https:\\\/\\\/astridlindgrensvarld.se\\\/?s={search_term_string}\"},\"query-input\":{\"@type\":\"PropertyValueSpecification\",\"valueRequired\":true,\"valueName\":\"search_term_string\"}}],\"inLanguage\":\"de\"}]}<\/script>\n<!-- \/ Yoast SEO plugin. -->","yoast_head_json":{"title":"\u00dcber Astrid Lindgren | Astrid Lindgrens V\u00e4rld","robots":{"index":"index","follow":"follow","max-snippet":"max-snippet:-1","max-image-preview":"max-image-preview:large","max-video-preview":"max-video-preview:-1"},"canonical":"https:\/\/astridlindgrensvarld.se\/de\/ueber-astrid-lindgren\/","og_locale":"de_DE","og_type":"article","og_title":"\u00dcber Astrid Lindgren | Astrid Lindgrens V\u00e4rld","og_url":"https:\/\/astridlindgrensvarld.se\/de\/ueber-astrid-lindgren\/","og_site_name":"Astrid Lindgrens V\u00e4rld","article_modified_time":"2024-04-10T07:53:24+00:00","twitter_card":"summary_large_image","schema":{"@context":"https:\/\/schema.org","@graph":[{"@type":"WebPage","@id":"https:\/\/astridlindgrensvarld.se\/de\/ueber-astrid-lindgren\/","url":"https:\/\/astridlindgrensvarld.se\/de\/ueber-astrid-lindgren\/","name":"\u00dcber Astrid Lindgren | Astrid Lindgrens V\u00e4rld","isPartOf":{"@id":"https:\/\/astridlindgrensvarld.se\/#website"},"datePublished":"2024-02-13T12:50:56+00:00","dateModified":"2024-04-10T07:53:24+00:00","breadcrumb":{"@id":"https:\/\/astridlindgrensvarld.se\/de\/ueber-astrid-lindgren\/#breadcrumb"},"inLanguage":"de","potentialAction":[{"@type":"ReadAction","target":["https:\/\/astridlindgrensvarld.se\/de\/ueber-astrid-lindgren\/"]}]},{"@type":"BreadcrumbList","@id":"https:\/\/astridlindgrensvarld.se\/de\/ueber-astrid-lindgren\/#breadcrumb","itemListElement":[{"@type":"ListItem","position":1,"name":"Home","item":"https:\/\/astridlindgrensvarld.se\/de\/"},{"@type":"ListItem","position":2,"name":"\u00dcber Astrid Lindgren"}]},{"@type":"WebSite","@id":"https:\/\/astridlindgrensvarld.se\/#website","url":"https:\/\/astridlindgrensvarld.se\/","name":"Astrid Lindgrens V\u00e4rld","description":"","potentialAction":[{"@type":"SearchAction","target":{"@type":"EntryPoint","urlTemplate":"https:\/\/astridlindgrensvarld.se\/?s={search_term_string}"},"query-input":{"@type":"PropertyValueSpecification","valueRequired":true,"valueName":"search_term_string"}}],"inLanguage":"de"}]}},"_links":{"self":[{"href":"https:\/\/astridlindgrensvarld.se\/de\/wp-json\/wp\/v2\/pages\/79254","targetHints":{"allow":["GET"]}}],"collection":[{"href":"https:\/\/astridlindgrensvarld.se\/de\/wp-json\/wp\/v2\/pages"}],"about":[{"href":"https:\/\/astridlindgrensvarld.se\/de\/wp-json\/wp\/v2\/types\/page"}],"author":[{"embeddable":true,"href":"https:\/\/astridlindgrensvarld.se\/de\/wp-json\/wp\/v2\/users\/5"}],"replies":[{"embeddable":true,"href":"https:\/\/astridlindgrensvarld.se\/de\/wp-json\/wp\/v2\/comments?post=79254"}],"version-history":[{"count":4,"href":"https:\/\/astridlindgrensvarld.se\/de\/wp-json\/wp\/v2\/pages\/79254\/revisions"}],"predecessor-version":[{"id":81919,"href":"https:\/\/astridlindgrensvarld.se\/de\/wp-json\/wp\/v2\/pages\/79254\/revisions\/81919"}],"wp:attachment":[{"href":"https:\/\/astridlindgrensvarld.se\/de\/wp-json\/wp\/v2\/media?parent=79254"}],"curies":[{"name":"wp","href":"https:\/\/api.w.org\/{rel}","templated":true}]}}